{"id":771,"date":"2022-11-19T17:14:08","date_gmt":"2022-11-19T15:14:08","guid":{"rendered":"https:\/\/blog.uclm.es\/luismariaromero\/?page_id=771"},"modified":"2022-11-19T17:14:08","modified_gmt":"2022-11-19T15:14:08","slug":"coordinacion-de-postgrados-oficiales","status":"publish","type":"page","link":"https:\/\/blog.uclm.es\/luismariaromero\/coordinacion-de-postgrados-oficiales\/","title":{"rendered":"Coordinaci\u00f3n de Postgrados Oficiales"},"content":{"rendered":"\n<p><strong>Responsable del M\u00f3dulo \u201cMetodolog\u00eda\u201d del M\u00e1ster Universitario en Fiscalidad Internacional y Comunitaria<\/strong>, t\u00edtulo oficial de postgrado adaptado al Espacio Europeo de Educaci\u00f3n Superior, verificado por el Consejo de Universidades. 01\/07\/2009 &#8211; actualidad.<\/p>\n\n\n\n<p><strong>Vocal <\/strong>del <strong>Sistema Interno de Garant\u00eda de Calidad en el Programa de Doctorado Fiscalidad Internacional y Comunitaria<\/strong>, t\u00edtulo oficial de postgrado adaptado al Espacio Europeo de Educaci\u00f3n Superior. 01\/05\/2011 &#8211; actualidad.<\/p>\n\n\n\n<p><strong>Coordinador del Campus de Cuenca <\/strong>del <strong>M\u00e1ster Oficial en Acceso a la Abogac\u00eda<\/strong>, t\u00edtulo oficial de postgrado adaptado al Espacio Europeo de Educaci\u00f3n Superior. 13\/07\/2016 &#8211; 01\/09\/2017.<\/p>\n","protected":false},"excerpt":{"rendered":"<p>Responsable del M\u00f3dulo \u201cMetodolog\u00eda\u201d del M\u00e1ster Universitario en Fiscalidad Internacional y Comunitaria, t\u00edtulo oficial de postgrado adaptado al Espacio Europeo de Educaci\u00f3n Superior, verificado por el Consejo de Universidades. 01\/07\/2009 &#8211; actualidad. Vocal del Sistema Interno de Garant\u00eda de Calidad en el Programa de Doctorado Fiscalidad Internacional y Comunitaria, t\u00edtulo oficial de postgrado adaptado al [&hellip;]<\/p>\n","protected":false},"author":51,"featured_media":0,"parent":0,"menu_order":0,"comment_status":"closed","ping_status":"closed","template":"","meta":{"footnotes":""},"class_list":["post-771","page","type-page","status-publish","hentry"],"_links":{"self":[{"href":"https:\/\/blog.uclm.es\/luismariaromero\/wp-json\/wp\/v2\/pages\/771","targetHints":{"allow":["GET"]}}],"collection":[{"href":"https:\/\/blog.uclm.es\/luismariaromero\/wp-json\/wp\/v2\/pages"}],"about":[{"href":"https:\/\/blog.uclm.es\/luismariaromero\/wp-json\/wp\/v2\/types\/page"}],"author":[{"embeddable":true,"href":"https:\/\/blog.uclm.es\/luismariaromero\/wp-json\/wp\/v2\/users\/51"}],"replies":[{"embeddable":true,"href":"https:\/\/blog.uclm.es\/luismariaromero\/wp-json\/wp\/v2\/comments?post=771"}],"version-history":[{"count":1,"href":"https:\/\/blog.uclm.es\/luismariaromero\/wp-json\/wp\/v2\/pages\/771\/revisions"}],"predecessor-version":[{"id":772,"href":"https:\/\/blog.uclm.es\/luismariaromero\/wp-json\/wp\/v2\/pages\/771\/revisions\/772"}],"wp:attachment":[{"href":"https:\/\/blog.uclm.es\/luismariaromero\/wp-json\/wp\/v2\/media?parent=771"}],"curies":[{"name":"wp","href":"https:\/\/api.w.org\/{rel}","templated":true}]}}