{"id":769,"date":"2022-11-19T17:10:28","date_gmt":"2022-11-19T15:10:28","guid":{"rendered":"https:\/\/blog.uclm.es\/luismariaromero\/?page_id=769"},"modified":"2025-06-24T11:17:21","modified_gmt":"2025-06-24T09:17:21","slug":"cargos-unipersonales-de-responsabilidad","status":"publish","type":"page","link":"https:\/\/blog.uclm.es\/luismariaromero\/cargos-unipersonales-de-responsabilidad\/","title":{"rendered":"Cargos Unipersonales de Responsabilidad"},"content":{"rendered":"\n<p><strong>Secretario <\/strong>de la<strong> Comisi\u00f3n de Actividades Acad\u00e9micas y de Investigaci\u00f3n <\/strong>de la Facultad de Ciencias Jur\u00eddicas y Sociales de Toledo. 19\/06\/2007 &#8211; 22\/09\/2010.<\/p>\n\n\n\n<p><strong>Miembro del Departamento de Derecho P\u00fablico y de la Empresa<\/strong>. 01\/09\/2010 &#8211; actualidad.<\/p>\n\n\n\n<p><strong>Responsable del \u00c1rea de Derecho Financiero y Tributario<\/strong> en la Facultad de Ciencias Sociales de Cuenca. 01\/09\/2010 &#8211; 01\/09\/2017.<\/p>\n\n\n\n<p><strong>Miembro <\/strong>de la<strong> Comisi\u00f3n para el Premio Extraordinario <\/strong>de la Facultad de Ciencias Sociales de Cuenca. 10\/11\/2010 &#8211; 09\/07\/2012.<\/p>\n\n\n\n<p><strong>Miembro <\/strong>de la<strong> Comisi\u00f3n para Tribunales de Revisi\u00f3n de Ex\u00e1menes <\/strong>de la Facultad de Ciencias Sociales de Cuenca. 11\/10\/2011 &#8211; 09\/07\/2012.<\/p>\n\n\n\n<p><strong>Miembro <\/strong>de la<strong> Junta de Centro <\/strong>de la Facultad de Ciencias Sociales de Cuenca. 01\/09\/2010 &#8211; 01\/09\/2017.<\/p>\n\n\n\n<p><strong>Coordinador <\/strong>de <strong>Relaciones Internacionales en Derecho <\/strong>de la Facultad de Ciencias Sociales de Cuenca. 01\/04\/2012 &#8211; 16\/12\/2014.<\/p>\n\n\n\n<p><strong>Coordinador <\/strong>de la<strong> Comisi\u00f3n \u201cMujer y Universidad\u201d <\/strong>de la Facultad de Ciencias Sociales de Cuenca. 09\/07\/2012 &#8211; 31\/08\/2017.<\/p>\n\n\n\n<p><strong>Miembro <\/strong>de la<strong> Comisi\u00f3n Relaciones Internacionales <\/strong>de la Facultad de Ciencias Sociales de Cuenca. 02\/07\/2013 &#8211; 16\/12\/2014.<\/p>\n\n\n\n<p><strong>Miembro <\/strong>de la<strong> Comisi\u00f3n de Garant\u00eda y Calidad <\/strong>de la Facultad de Ciencias Sociales de Cuenca.12\/12\/2013 &#8211; 01\/09\/2017.<\/p>\n\n\n\n<p><strong>Coordinador <\/strong>de <strong>4\u00ba Curso del Grado en Derecho <\/strong>de la Facultad de Ciencias Sociales de Cuenca. 08\/10\/2014 &#8211; 04\/07\/2016.<\/p>\n\n\n\n<p><strong>Vicedecano de Ordenaci\u00f3n Acad\u00e9mica y Comunicaci\u00f3n <\/strong>de la Facultad de Ciencias Sociales de Cuenca. 05\/07\/2016 &#8211; 31\/08\/2017.<\/p>\n\n\n\n<p><strong>Presidente <\/strong>de la <strong>Comisi\u00f3n de Relaciones Internacionales <\/strong>de la Facultad de Ciencias Sociales de Cuenca.13\/10\/2016 &#8211; 01\/09\/2017.<\/p>\n\n\n\n<p><strong>Miembro <\/strong>de la<strong> Comisi\u00f3n de Calidad e Innovaci\u00f3n Educativa <\/strong>como evaluador de la X Convocatoria de Proyectos de Innovaci\u00f3n y Mejora Docente de la Universidad de Castilla-La Mancha 2017\/2019, Vicerrectorado de Docencia, 2017.<\/p>\n\n\n\n<p><strong>Subdirector <\/strong>del<strong> Centro de Estudios de Posgrado (CEP) <\/strong>de la Universidad de Castilla-La Mancha.15\/02\/2019 &#8211; actualidad.<\/p>\n\n\n\n<p><strong>Secretario <\/strong>de la<strong> Comisi\u00f3n de Cultura <\/strong>de la Facultad de Ciencias Jur\u00eddicas y Sociales de Toledo. 17\/02\/2021 &#8211; 20\/03\/2023.<\/p>\n","protected":false},"excerpt":{"rendered":"<p>Secretario de la Comisi\u00f3n de Actividades Acad\u00e9micas y de Investigaci\u00f3n de la Facultad de Ciencias Jur\u00eddicas y Sociales de Toledo. 19\/06\/2007 &#8211; 22\/09\/2010. Miembro del Departamento de Derecho P\u00fablico y de la Empresa. 01\/09\/2010 &#8211; actualidad. Responsable del \u00c1rea de Derecho Financiero y Tributario en la Facultad de Ciencias Sociales de Cuenca. 01\/09\/2010 &#8211; 01\/09\/2017. [&hellip;]<\/p>\n","protected":false},"author":51,"featured_media":0,"parent":0,"menu_order":0,"comment_status":"closed","ping_status":"closed","template":"","meta":{"footnotes":""},"class_list":["post-769","page","type-page","status-publish","hentry"],"_links":{"self":[{"href":"https:\/\/blog.uclm.es\/luismariaromero\/wp-json\/wp\/v2\/pages\/769","targetHints":{"allow":["GET"]}}],"collection":[{"href":"https:\/\/blog.uclm.es\/luismariaromero\/wp-json\/wp\/v2\/pages"}],"about":[{"href":"https:\/\/blog.uclm.es\/luismariaromero\/wp-json\/wp\/v2\/types\/page"}],"author":[{"embeddable":true,"href":"https:\/\/blog.uclm.es\/luismariaromero\/wp-json\/wp\/v2\/users\/51"}],"replies":[{"embeddable":true,"href":"https:\/\/blog.uclm.es\/luismariaromero\/wp-json\/wp\/v2\/comments?post=769"}],"version-history":[{"count":2,"href":"https:\/\/blog.uclm.es\/luismariaromero\/wp-json\/wp\/v2\/pages\/769\/revisions"}],"predecessor-version":[{"id":875,"href":"https:\/\/blog.uclm.es\/luismariaromero\/wp-json\/wp\/v2\/pages\/769\/revisions\/875"}],"wp:attachment":[{"href":"https:\/\/blog.uclm.es\/luismariaromero\/wp-json\/wp\/v2\/media?parent=769"}],"curies":[{"name":"wp","href":"https:\/\/api.w.org\/{rel}","templated":true}]}}