{"id":763,"date":"2022-11-19T17:06:59","date_gmt":"2022-11-19T15:06:59","guid":{"rendered":"https:\/\/blog.uclm.es\/luismariaromero\/?page_id=763"},"modified":"2022-11-19T17:06:59","modified_gmt":"2022-11-19T15:06:59","slug":"estancias-en-centros-idi-2","status":"publish","type":"page","link":"https:\/\/blog.uclm.es\/luismariaromero\/estancias-en-centros-idi-2\/","title":{"rendered":"Estancias en Centros I+D+i"},"content":{"rendered":"\n<p>Universidad de M\u00f3dena e Reggio Emilia. Facolt\u00e0 di Giurisprudenza. M\u00f3dena (Italia). DURACI\u00d3N: 6 meses (Del 1 de octubre de 2004 al 31 de marzo de 2005). Programa S\u00f3crates-Erasmus. Universidad de Castilla-La Mancha. Predoctoral.<\/p>\n\n\n\n<p>Universidad de Bolonia. Scuola Europea di Alti Studi Tributari. Bolonia (Italia). 3 meses (Del 1 de junio al 31 de agosto de 2009). Ayudas para estancias en otras Universidades y centros de investigaci\u00f3n. Vicerrectorado de Profesorado de la Universidad de Castilla-La Mancha. Predoctoral.<\/p>\n\n\n\n<p>Universidad Ju\u00e1rez del Estado de Durango. Instituto de Investigaciones Jur\u00eddicas. Durango (M\u00e9xico). 1 mes (Del 12 de julio al 17 de agosto de 2014). Ayudas para estancias en otras Universidades y centros de investigaci\u00f3n. Vicerrectorado de Profesorado de la Universidad de Castilla-La Mancha. Postdoctoral.<\/p>\n\n\n\n<p>Universidad de Bolonia. Scuola Europea di Alti Studi Tributari. Bolonia (Italia). 3 meses (Del 1 de junio al 31 de agosto de 2015). Estancias de movilidad en el extranjero \u201cJos\u00e9 Castillejo\u201d para j\u00f3venes doctores. Ministerio de Educaci\u00f3n, Cultura y Deporte. Postdoctoral.<\/p>\n\n\n\n<p>Universidad Nacional Aut\u00f3noma de M\u00e9xico. Instituto de Investigaciones Jur\u00eddicas. Ciudad de M\u00e9xico (M\u00e9xico). 3 meses (Del 1 de mayo al 31de julio de 2021). Ayudas para estancias en otras Universidades y centros de investigaci\u00f3n. Vicerrectorado de Profesorado y Desarrollo Profesional de la Universidad de Castilla-La Mancha. Postdoctoral.<\/p>\n","protected":false},"excerpt":{"rendered":"<p>Universidad de M\u00f3dena e Reggio Emilia. Facolt\u00e0 di Giurisprudenza. M\u00f3dena (Italia). DURACI\u00d3N: 6 meses (Del 1 de octubre de 2004 al 31 de marzo de 2005). Programa S\u00f3crates-Erasmus. Universidad de Castilla-La Mancha. Predoctoral. Universidad de Bolonia. Scuola Europea di Alti Studi Tributari. Bolonia (Italia). 3 meses (Del 1 de junio al 31 de agosto de [&hellip;]<\/p>\n","protected":false},"author":51,"featured_media":0,"parent":0,"menu_order":0,"comment_status":"closed","ping_status":"closed","template":"","meta":{"footnotes":""},"class_list":["post-763","page","type-page","status-publish","hentry"],"_links":{"self":[{"href":"https:\/\/blog.uclm.es\/luismariaromero\/wp-json\/wp\/v2\/pages\/763","targetHints":{"allow":["GET"]}}],"collection":[{"href":"https:\/\/blog.uclm.es\/luismariaromero\/wp-json\/wp\/v2\/pages"}],"about":[{"href":"https:\/\/blog.uclm.es\/luismariaromero\/wp-json\/wp\/v2\/types\/page"}],"author":[{"embeddable":true,"href":"https:\/\/blog.uclm.es\/luismariaromero\/wp-json\/wp\/v2\/users\/51"}],"replies":[{"embeddable":true,"href":"https:\/\/blog.uclm.es\/luismariaromero\/wp-json\/wp\/v2\/comments?post=763"}],"version-history":[{"count":1,"href":"https:\/\/blog.uclm.es\/luismariaromero\/wp-json\/wp\/v2\/pages\/763\/revisions"}],"predecessor-version":[{"id":764,"href":"https:\/\/blog.uclm.es\/luismariaromero\/wp-json\/wp\/v2\/pages\/763\/revisions\/764"}],"wp:attachment":[{"href":"https:\/\/blog.uclm.es\/luismariaromero\/wp-json\/wp\/v2\/media?parent=763"}],"curies":[{"name":"wp","href":"https:\/\/api.w.org\/{rel}","templated":true}]}}