{"id":755,"date":"2022-11-19T02:05:55","date_gmt":"2022-11-19T00:05:55","guid":{"rendered":"https:\/\/blog.uclm.es\/luismariaromero\/?page_id=755"},"modified":"2022-11-19T02:05:55","modified_gmt":"2022-11-19T00:05:55","slug":"formacion-cientifica-y-tecnica-recibida","status":"publish","type":"page","link":"https:\/\/blog.uclm.es\/luismariaromero\/formacion-cientifica-y-tecnica-recibida\/","title":{"rendered":"Formaci\u00f3n cient\u00edfica y t\u00e9cnica recibida"},"content":{"rendered":"\n<p><em>II Jornadas sobre las Reformas Fiscales en Europa<\/em>, Centro Internacional de Estudios Fiscales (CIEF), Universidad de Castilla-La Mancha, 2004.<\/p>\n\n\n\n<p><em>III Jornadas sobre las Reformas Fiscales en Europa: T\u00e9cnicas Convencionales en el Derecho Tributario<\/em>, Centro Internacional de Estudios Fiscales (CIEF), Universidad de Castilla-La Mancha, 2005.<\/p>\n\n\n\n<p><em>Encuentro Hispano-Brasile\u00f1o de Derecho Tributario: Procesos de armonizaci\u00f3n fiscal<\/em>, Centro Internacional de Estudios Fiscales (CIEF), Universidad de Castilla-La Mancha, 2005.<\/p>\n\n\n\n<p><em>Principios de Derecho Tributario Internacional y Comunitario<\/em>, Universidad de Santiago de Compostela, 2006.<\/p>\n\n\n\n<p><em>Los nuevos retos de la financiaci\u00f3n de las Comunidades y Ciudades Auton\u00f3micas<\/em>, Fundaci\u00f3n Universidad de Verano de Castilla y Le\u00f3n, 2006.<\/p>\n\n\n\n<p><em>Jornada Latinoamericana en Derecho Tributario: La imposici\u00f3n sobre la Renta. Situaci\u00f3n actual y perspectiva de futuro<\/em>, Centro Internacional de Estudios Fiscales (CIEF), Universidad de Castilla-La Mancha, 2006.<\/p>\n\n\n\n<p><em>IV Jornadas sobre las Reformas Fiscales en Europa: Principios constitucionales y principios comunitarios<\/em>, Centro Internacional de Estudios Fiscales (CIEF), Universidad de Castilla-La Mancha, 2006.<\/p>\n\n\n\n<p><em>Las Reformas Fiscales en Europa<\/em>, Universidad Santiago de Compostela, 2006.<\/p>\n\n\n\n<p><em>La fiscalidad internacional en un escenario de convergencia y competencia fiscal: incidencia sobre las estrategias internacionales de las empresas<\/em>, Universidad Complutense de Madrid, 2006.<\/p>\n\n\n\n<p><em>II Jornadas Latinoamericanas de Derecho Tributario<\/em>, Centro Internacional de Estudios Fiscales (CIEF), Universidad de Castilla-La Mancha, 2007.<\/p>\n\n\n\n<p><em>Principios de Derecho Tributario Internacional y Comunitario<\/em>, Centro Internacional de Estudios Fiscales (CIEF), Universidad de Castilla-La Mancha, 2007.<\/p>\n\n\n\n<p><em>V Jornadas sobre las Reformas Fiscales en Europa: la lucha contra el fraude fiscal<\/em>, Centro Internacional de Estudios Fiscales (CIEF), Universidad de Castilla-La Mancha, 2007.<\/p>\n\n\n\n<p><em>Remuneraciones del trabajo vinculadas al valor de las acciones y r\u00e9gimen fiscal en el IRPF<\/em>, Centro Internacional de Estudios Fiscales (CIEF), Universidad de Castilla-La Mancha, 2007.<\/p>\n\n\n\n<p><em>Derecho Tributario Europeo<\/em>, Universidad de Santiago de Compostela, 2007.<\/p>\n\n\n\n<p><em>La Fiscalidad Internacional espa\u00f1ola tras la reforma del Impuesto sobre Sociedades y las nuevas medidas de prevenci\u00f3n del fraude fiscal<\/em>, Universidad Complutense de Madrid, 2007.<\/p>\n\n\n\n<p><em>Principios de Derecho Tributario Internacional y Comunitario<\/em>, Centro Internacional de Estudios Fiscales (CIEF), Universidad de Castilla-La Mancha, 2008.<\/p>\n\n\n\n<p><em>VI Jornadas sobre las Reformas Fiscales en Europa: La distribuci\u00f3n del poder tributario en Europa: Aspectos comunitarios y constitucionales<\/em>, Centro Internacional de Estudios Fiscales (CIEF), Universidad de Castilla-La Mancha, 2008.<\/p>\n\n\n\n<p><em>Fiscalidad Internacional, Derecho Comunitario y Reformas Fiscales,<\/em> Universidad Complutense de Madrid, 2008.<\/p>\n\n\n\n<p><em>XI Jornadas de Estudios Tributarios: Procedimientos Tributarios Nacionales y Tutela Comunitaria del Contribuyente<\/em>, Universidad de Almer\u00eda, 2008.<\/p>\n\n\n\n<p><em>La reforma de la financiaci\u00f3n auton\u00f3mica en Espa\u00f1a. Las modificaciones estatutarias: problemas y perspectivas<\/em>, Centro Internacional de Estudios Fiscales (CIEF), Universidad de Castilla-La Mancha, 2008.<\/p>\n\n\n\n<p><em>VII Jornadas sobre las Reformas Fiscales en Europa: El futuro del Impuesto sobre Sociedades en la Uni\u00f3n Europea<\/em>, Centro Internacional de Estudios Fiscales (CIEF), Universidad de Castilla-La Mancha, 2009.<\/p>\n\n\n\n<p><em>Las normas CFC y los para\u00edsos fiscales: la perspectiva del Derecho Tributario Europeo<\/em>, Scuola Europea di Alti Studi Tributari (SEAT), Universidad de Bolonia (Italia), 2009.<\/p>\n\n\n\n<p><em>Il ruolo dell\u2019Amministrazione Finanziaria e la tutela del contribuente europeo,<\/em> Scuola Europea di Alti Studi Tributari (SEAT), Universidad de Bolonia (Italia), 2009.<\/p>\n\n\n\n<p><em>El Derecho ante la crisis econ\u00f3mica y financiera<\/em>, Departamento de Derecho P\u00fablico y de la Empresa, Universidad de Castilla-La Mancha, 2009.<\/p>\n\n\n\n<p><em>Jornada sobre Derivaci\u00f3n de Responsabilidad Tributaria<\/em>, Asociaci\u00f3n Espa\u00f1ola de Asesores Fiscales (AEDAF), 2010.<\/p>\n\n\n\n<p><em>Aspectos conflictivos en el Impuesto sobre el Valor A\u00f1adido<\/em>, Asociaci\u00f3n Espa\u00f1ola de Asesores Fiscales (AEDAF), 2010.<\/p>\n\n\n\n<p><em>F\u00f3rmulas de retribuci\u00f3n flexible en el IRPF<\/em>, Asociaci\u00f3n Espa\u00f1ola de Asesores Fiscales (AEDAF), 2010.<\/p>\n\n\n\n<p><em>An\u00e1lisis del art\u00edculo 108 de la Ley de Mercado de Valores a la luz de la reciente doctrina del Tribunal de Justicia de las Comunidades Europeas. Luces y sombras sobre su aplicaci\u00f3n futura<\/em>, Asociaci\u00f3n Espa\u00f1ola de Asesores Fiscales (AEDAF), 2010.<\/p>\n\n\n\n<p><em>La ejecuci\u00f3n de resoluciones y sentencias en materia tributaria<\/em>, Asociaci\u00f3n Espa\u00f1ola de Asesores Fiscales (AEDAF), 2010.<\/p>\n\n\n\n<p><em>Jornadas sobre el impacto del Derecho de la Uni\u00f3n Europea en el poder tributario de las Comunidades Aut\u00f3nomas y en su sistema de financiaci\u00f3n<\/em>, Universidad de Sevilla, 2011.<\/p>\n\n\n\n<p><em>Novedades en el IRPF. Cierre 2010 y Avance 2011<\/em>, Asociaci\u00f3n Espa\u00f1ola de Asesores Fiscales (AEDAF), 2011.<\/p>\n\n\n\n<p><em>Nuevas tendencias de la OCDE: Modelos de Convenio y Directrices sobre Precios de Transferencia<\/em>, Instituto de Estudios Fiscales (IEF), 2011.<\/p>\n\n\n\n<p><em>Jornada de Estudios Tributarios Europeos: Crisis econ\u00f3mica y fiscalidad: la perspectiva europea<\/em>, Centro Internacional de Estudios Fiscales (CIEF), Universidad de Castilla-La Mancha, 2012.<\/p>\n\n\n\n<p><em>Cuestiones procedimentales en las notificaciones de la AEAT<\/em>, Asociaci\u00f3n Espa\u00f1ola de Asesores Fiscales (AEDAF), 2012.<\/p>\n\n\n\n<p><em>Asistencia Mutua. Modificaciones de la LGT<\/em>, Asociaci\u00f3n Espa\u00f1ola de Asesores Fiscales (AEDAF), 2012.<\/p>\n\n\n\n<p><em>Fiscalidad Internacional de los instrumentos financieros h\u00edbridos<\/em>, Asociaci\u00f3n Espa\u00f1ola de Asesores Fiscales (AEDAF), 2012.<\/p>\n\n\n\n<p><em>Encuentro asociados de la demarcaci\u00f3n Madrid \u2013 Zona Centro en Castilla-La Mancha<\/em>, Asociaci\u00f3n Espa\u00f1ola de Asesores Fiscales (AEDAF), 2012.<\/p>\n\n\n\n<p><em>IVA. Operaciones exteriores: inversi\u00f3n del sujeto pasivo, localizaci\u00f3n del hecho imponible<\/em>, Asociaci\u00f3n Espa\u00f1ola de Asesores Fiscales (AEDAF), 2012.<\/p>\n\n\n\n<p><em>Nuevos retos de la contrataci\u00f3n p\u00fablica<\/em>, Facultad de Ciencias Sociales de Cuenca, Universidad de Castilla-La Mancha, 2013.<\/p>\n\n\n\n<p><em>La violencia contra las mujeres ind\u00edgenas en M\u00e9xico a m\u00e1s de cien a\u00f1os de la revoluci\u00f3n Mexicana. Paradojas de la primera revoluci\u00f3n del siglo XX<\/em>, Vicerrectorado de Cultura y Extensi\u00f3n Universitaria, Universidad de Castilla-La Mancha, 2013.<\/p>\n\n\n\n<p><em>Mercado interior y aplicaci\u00f3n del Derecho de la UE<\/em>, Centro Internacional de Estudios Fiscales (CIEF), Universidad de Castilla-La Mancha, 2013.<\/p>\n\n\n\n<p><em>La Constituci\u00f3n fiscal en Espa\u00f1a: tres lecciones sobre los fundamentos constitucionales del Derecho Financiero y Tributario<\/em>, Catedra la Caixa, 2013.<\/p>\n\n\n\n<p><em>Mercato europeo e fiscalit\u00e0: un\u2019esperienza per il latino america<\/em>, Scuola Europea di Alti Studi Tributari (SEAT), Universidad de Bolonia (Italia), 2013.<\/p>\n\n\n\n<p><em>Intercambio de Informaci\u00f3n, Delito Fiscal y Blanqueo de Capitales<\/em>, Jean Monnet Chair \u201cEU Law and Taxation\u201d, Universidad de Valencia, 2013.<\/p>\n\n\n\n<p><em>Libertades Comunitarias y autonom\u00eda financiera<\/em>, Facultad de Derecho y Ciencia Sociales de Ciudad Real, Universidad de Castilla-La Mancha, 2014.<\/p>\n\n\n\n<p><em>Derivaci\u00f3n de la Responsabilidad y An\u00e1lisis de las \u00faltimas resoluciones del TEAR de CLM<\/em>, Asociaci\u00f3n Espa\u00f1ola de Asesores Fiscales (AEDAF), 2014.<\/p>\n\n\n\n<p><em>La violencia pol\u00edtica hacia la mujer en M\u00e9xico<\/em>, Vicerrectorado de Cultura y Extensi\u00f3n Universitaria del Campus de Cuenca. Universidad de Castilla-La Mancha, 2014.<\/p>\n\n\n\n<p><em>Jornada sobre la Ley de Emprendedores desde la \u00f3ptica jur\u00eddica<\/em>, Facultad de Ciencias Sociales de Cuenca. Universidad de Castilla-La Mancha, 2014.<\/p>\n\n\n\n<p><em>El Tiempo de los Derechos. Los Derechos Humanos en el siglo XXI<\/em>, HURI-AGE. Consolider-Ingenio 2010, Universidad de C\u00e1diz, 2014.<\/p>\n\n\n\n<p><em>High Level Course on ECJ Case Law in Direct Tax Matters<\/em>, Jean Monnet Chair \u201cEU Law and Taxation\u201d, Universidad de Valencia, 2014.<\/p>\n\n\n\n<p><em>III Encuentro de Derecho Financiero y Tributario: la reforma del sistema tributario espa\u00f1ol,<\/em> Instituto de Estudios Fiscales (IEF), 2014.<\/p>\n\n\n\n<p><em>Tributaci\u00f3n, Derechos Humanos y Fraude Fiscal,<\/em> Jean Monnet Chair \u201cEU Law and Taxation\u201d, Universidad de Valencia, 2014.<\/p>\n\n\n\n<p><em>Norme tributarie e loro interpretazione nel confronto tra diritto internazionale ed europeo<\/em>, Scuola Europea di Alti Studi Tributari (SEAT), Universidad de Bolonia (Italia), 2015.<\/p>\n\n\n\n<p><em>La politica della Sivezzera in materia di scambio di informazioni con particolare riferimento alle relazioni con l\u2019Italia<\/em>, Scuola Europea di Alti Studi Tributari (SEAT), Universidad de Bolonia (Italia), 2015.<\/p>\n\n\n\n<p><em>Clausola generale antiabuso e certezza tributaria tra riforma tributaria e diritto vivente<\/em>, Scuola Europea di Alti Studi Tributari (SEAT), Universidad de Bolonia (Italia), 2015.<\/p>\n\n\n\n<p><em>I rapporti interordinamentali tra fonti del diritto e norme poste a sistema dalla giurisprudenza domestica e dalle due corti europee: forma e sostanza nel prisma della massima valorizzazzione dei diritti fondamentali<\/em>, Scuola Europea di Alti Studi Tributari (SEAT), Universidad de Bolonia (Italia), 2015.<\/p>\n\n\n\n<p><em>Conti in ordine e diritti senza fine. Dialettica costituzionale per l\u2019art. 81<\/em>, Scuola Europea di Alti Studi Tributari (SEAT), Universidad de Bolonia (Italia), 2015.<\/p>\n\n\n\n<p><em>La tutela del contribuente nelle riforme europee. Italia e Spagna a confronto<\/em>, Scuola Europea di Alti Studi Tributari (SEAT), Universidad de Bolonia (Italia), 2015.<\/p>\n\n\n\n<p><em>XXIV Conferencia de Decanas y Decanos de Facultades de Derecho en Espa\u00f1a<\/em>, Facultad de Derecho de la Universidad de Zaragoza, 2016.<\/p>\n\n\n\n<p><em>XXIVI Conferencia de Decanas y Decanos de Facultades de Derecho en Espa\u00f1a<\/em>, Facultad de Derecho de la Universidad del Pa\u00eds Vasco, 2017.<\/p>\n\n\n\n<p><em>VI Encuentro de Derecho Financiero y Tributario. Tendencias y retos del Derecho Financiero<\/em>, Instituto de Estudios Fiscales (IEF), 2018.<\/p>\n\n\n\n<p><em>El Impuesto sobre el Incremento de Valor de los Terrenos de Naturaleza Urbana,<\/em> Asociaci\u00f3n Espa\u00f1ola de Asesores Fiscales (AEDAF) y Centro Internacional de Estudios Fiscales (CIEF), 2018.<\/p>\n\n\n\n<p><em>Oportunidades de Negocio en China<\/em>, UCLM-International Business School (IBS), 2019.<\/p>\n\n\n\n<p><em>La imposici\u00f3n sobre las transacciones financieras y sobre los servicios digitales en Europa<\/em>, Centro Internacional de Estudios Fiscales (CIEF), 2019.<\/p>\n\n\n\n<p><em>Los efectos de las declaraciones de inconstitucionalidad de las normas tributarias<\/em>, Instituto de Estudios Fiscales (IEF), 2019.<\/p>\n\n\n\n<p><em>XVII F\u00f3rum CESCAS \u201cParamos el tiempo para hablar de futuro\u201d<\/em>, Centro de Estudios del Consejo General de los Colegios de Mediadores de Seguros (CECAS), 2019.<\/p>\n\n\n\n<p><em>VI Seminario Internacional de derechos humanos y cultura constitucional \u201cen el contexto de la pandemia COVID-19\u201d<\/em>, Instituto de Investigaciones Jur\u00eddicas de la Universidad Ju\u00e1rez del Estado de Durango (M\u00e9xico), 2020.<\/p>\n\n\n\n<p><em>Las relaciones entre Administraci\u00f3n tributaria y contribuyentes desde la \u00f3ptica del cumplimiento cooperativo de las obligaciones tributarias<\/em>, Curso de Verano, Vicerrectorado de Cultura, Deporte y Extensi\u00f3n Universitaria de la Universidad de Castilla-La Mancha, 2020.<\/p>\n\n\n\n<p><em>Fiscalidad e inteligencia artificial. Incidencia en el sistema fiscal y en los procedimientos tributarios<\/em>, Fundaci\u00f3n General de la Universidad Complutense de Madrid, 2021.<\/p>\n\n\n\n<p><em>El libro blanco para la reforma tributaria<\/em>, Instituto de Estudios Fiscales (IEF), 2022.<\/p>\n\n\n\n<p><em>El Estado actual del Derecho Financiero y Tributario. Perspectivas de futuro (an\u00e1lisis de cuestiones pol\u00e9micas sobre los procedimientos tributarios<\/em>, Universidad de Granada, 2022.<\/p>\n\n\n\n<p><em>La seguridad jur\u00eddica en la contribuci\u00f3n al gasto p\u00fablico<\/em>, Cursos de Verano Complutense, San Lorenzo de El Escorial, 2022.<\/p>\n","protected":false},"excerpt":{"rendered":"<p>II Jornadas sobre las Reformas Fiscales en Europa, Centro Internacional de Estudios Fiscales (CIEF), Universidad de Castilla-La Mancha, 2004. III Jornadas sobre las Reformas Fiscales en Europa: T\u00e9cnicas Convencionales en el Derecho Tributario, Centro Internacional de Estudios Fiscales (CIEF), Universidad de Castilla-La Mancha, 2005. Encuentro Hispano-Brasile\u00f1o de Derecho Tributario: Procesos de armonizaci\u00f3n fiscal, Centro Internacional [&hellip;]<\/p>\n","protected":false},"author":51,"featured_media":0,"parent":0,"menu_order":0,"comment_status":"closed","ping_status":"closed","template":"","meta":{"footnotes":""},"class_list":["post-755","page","type-page","status-publish","hentry"],"_links":{"self":[{"href":"https:\/\/blog.uclm.es\/luismariaromero\/wp-json\/wp\/v2\/pages\/755","targetHints":{"allow":["GET"]}}],"collection":[{"href":"https:\/\/blog.uclm.es\/luismariaromero\/wp-json\/wp\/v2\/pages"}],"about":[{"href":"https:\/\/blog.uclm.es\/luismariaromero\/wp-json\/wp\/v2\/types\/page"}],"author":[{"embeddable":true,"href":"https:\/\/blog.uclm.es\/luismariaromero\/wp-json\/wp\/v2\/users\/51"}],"replies":[{"embeddable":true,"href":"https:\/\/blog.uclm.es\/luismariaromero\/wp-json\/wp\/v2\/comments?post=755"}],"version-history":[{"count":1,"href":"https:\/\/blog.uclm.es\/luismariaromero\/wp-json\/wp\/v2\/pages\/755\/revisions"}],"predecessor-version":[{"id":756,"href":"https:\/\/blog.uclm.es\/luismariaromero\/wp-json\/wp\/v2\/pages\/755\/revisions\/756"}],"wp:attachment":[{"href":"https:\/\/blog.uclm.es\/luismariaromero\/wp-json\/wp\/v2\/media?parent=755"}],"curies":[{"name":"wp","href":"https:\/\/api.w.org\/{rel}","templated":true}]}}