{"id":745,"date":"2022-11-19T01:59:23","date_gmt":"2022-11-18T23:59:23","guid":{"rendered":"https:\/\/blog.uclm.es\/luismariaromero\/?page_id=745"},"modified":"2022-11-19T01:59:23","modified_gmt":"2022-11-18T23:59:23","slug":"proyectos-idi","status":"publish","type":"page","link":"https:\/\/blog.uclm.es\/luismariaromero\/proyectos-idi\/","title":{"rendered":"Proyectos I+D+i"},"content":{"rendered":"\n<p><strong>\u201cLas medidas antielusi\u00f3n fiscal en el ordenamiento espa\u00f1ol y en los convenios para evitar la doble imposici\u00f3n internacional: an\u00e1lisis y compatibilidad con el Derecho comunitario\u201d<\/strong> (PAI-05-056). Viceconsejer\u00eda de Universidades, Investigaci\u00f3n e Innovaci\u00f3n, Junta de Comunidades de Castilla-La Mancha, FEDER y FSE. 01\/01\/2005 &#8211; 31\/12\/2007. Personal Investigador en Formaci\u00f3n.<\/p>\n\n\n\n<p><strong>\u201c\u00daltimas tendencias en la lucha contra el fraude fiscal: perspectivas de Derecho interno, comparado y comunitario\u201d<\/strong> (PCI-08-0119-8309). Viceconsejer\u00eda de Ciencia y Tecnolog\u00eda, Junta de Comunidades de Castilla-La Mancha. 01\/01\/2008 &#8211; 31\/12\/2010. Investigador colaborador.<\/p>\n\n\n\n<p><strong>\u201cLos mecanismos de intercambio de informaci\u00f3n tributaria: su regulaci\u00f3n y operatividad en la fiscalidad internacional y comunitaria\u201d<\/strong> (DER2009-10199\/JURI). Ministerio de Ciencia e Innovaci\u00f3n. 01\/01\/2010 -31\/12\/2012. Investigador colaborador.<\/p>\n\n\n\n<p><strong>\u201cLa tutela del contribuyente en el Derecho comunitario\u201d<\/strong> (PEII-2014-009-P). Viceconsejer\u00eda de educaci\u00f3n, universidades e investigaci\u00f3n, Junta de Comunidades de Castilla-La Mancha. 27\/09\/2014 &#8211; 31\/12\/2016. Investigador colaborador.<\/p>\n\n\n\n<p><strong>\u201cFiscalidad y nuevas tecnolog\u00edas en el comercio de la informaci\u00f3n. Propuesta para la adaptaci\u00f3n del sistema a las exigencias de la econom\u00eda y sociedad digitales\u201d<\/strong> (DER2014-55677-R). Ministerio de Econom\u00eda y Competitividad. Secretar\u00eda de Estado e Investigaci\u00f3n, Desarrollo e Innovaci\u00f3n. Programa Estatal de I+D+i orientada a los Retos de la Sociedad 2013-2016.30\/06\/2015 &#8211; 30\/06\/2019. Investigador colaborador.<\/p>\n\n\n\n<p><strong>\u201cLos derechos de los contribuyentes y la lucha contra el fraude fiscal en los diferentes niveles de Hacienda\u201d<\/strong> (SBPLY\/17\/180501\/000166). Consejer\u00eda de educaci\u00f3n, cultura y deporte, Junta de Comunidades de Castilla-La Mancha, FEDER.1\/09\/2018 &#8211; 31\/11\/2021. Investigador colaborador.<\/p>\n","protected":false},"excerpt":{"rendered":"<p>\u201cLas medidas antielusi\u00f3n fiscal en el ordenamiento espa\u00f1ol y en los convenios para evitar la doble imposici\u00f3n internacional: an\u00e1lisis y compatibilidad con el Derecho comunitario\u201d (PAI-05-056). Viceconsejer\u00eda de Universidades, Investigaci\u00f3n e Innovaci\u00f3n, Junta de Comunidades de Castilla-La Mancha, FEDER y FSE. 01\/01\/2005 &#8211; 31\/12\/2007. Personal Investigador en Formaci\u00f3n. \u201c\u00daltimas tendencias en la lucha contra el [&hellip;]<\/p>\n","protected":false},"author":51,"featured_media":0,"parent":0,"menu_order":0,"comment_status":"closed","ping_status":"closed","template":"","meta":{"footnotes":""},"class_list":["post-745","page","type-page","status-publish","hentry"],"_links":{"self":[{"href":"https:\/\/blog.uclm.es\/luismariaromero\/wp-json\/wp\/v2\/pages\/745","targetHints":{"allow":["GET"]}}],"collection":[{"href":"https:\/\/blog.uclm.es\/luismariaromero\/wp-json\/wp\/v2\/pages"}],"about":[{"href":"https:\/\/blog.uclm.es\/luismariaromero\/wp-json\/wp\/v2\/types\/page"}],"author":[{"embeddable":true,"href":"https:\/\/blog.uclm.es\/luismariaromero\/wp-json\/wp\/v2\/users\/51"}],"replies":[{"embeddable":true,"href":"https:\/\/blog.uclm.es\/luismariaromero\/wp-json\/wp\/v2\/comments?post=745"}],"version-history":[{"count":1,"href":"https:\/\/blog.uclm.es\/luismariaromero\/wp-json\/wp\/v2\/pages\/745\/revisions"}],"predecessor-version":[{"id":753,"href":"https:\/\/blog.uclm.es\/luismariaromero\/wp-json\/wp\/v2\/pages\/745\/revisions\/753"}],"wp:attachment":[{"href":"https:\/\/blog.uclm.es\/luismariaromero\/wp-json\/wp\/v2\/media?parent=745"}],"curies":[{"name":"wp","href":"https:\/\/api.w.org\/{rel}","templated":true}]}}