{"id":736,"date":"2022-11-19T01:48:33","date_gmt":"2022-11-18T23:48:33","guid":{"rendered":"https:\/\/blog.uclm.es\/luismariaromero\/?page_id=736"},"modified":"2025-06-24T11:11:14","modified_gmt":"2025-06-24T09:11:14","slug":"articulos-doctrinales-2","status":"publish","type":"page","link":"https:\/\/blog.uclm.es\/luismariaromero\/articulos-doctrinales-2\/","title":{"rendered":"Art\u00edculos doctrinales"},"content":{"rendered":"\n<p>ROMERO FLOR, L.M.: \u201cEl problema de la doble imposici\u00f3n y los m\u00e9todos para su eliminaci\u00f3n en el Impuesto sobre Sociedades Espa\u00f1ol\u201d, <em>Revista Jur\u00eddica de Castilla-La Mancha<\/em>, n\u00ba 40, 2006, pp. 217 a 256, ISSN: 0213-9995. <\/p>\n\n\n\n<p>ROMERO FLOR, L.M.: \u201cR\u00e9gimen Fiscal de las Entidades de Tenencia de Valores Extranjeros (Primera Parte)\u201d, <em>An\u00e1lisis Tributario<\/em>, n\u00ba 223, 2006, pp. 32 a 35, ISSN: 2074-1103, (Per\u00fa). <\/p>\n\n\n\n<p>ROMERO FLOR, L.M.: \u201cR\u00e9gimen Fiscal de las Entidades de Tenencia de Valores Extranjeros (Segunda Parte)\u201d, <em>An\u00e1lisis Tributario<\/em>, n\u00ba 224, 2006, pp. 28 a 30, ISSN: 2074-1103, (Per\u00fa). <\/p>\n\n\n\n<p>ROMERO FLOR, L.M.: \u201cSoluciones empleadas para tratar de eliminar la doble imposici\u00f3n internacional\u201d, <em>La Ley Paraguaya<\/em>, n\u00ba 5, 2007, pp. 559 a 570, ISSN: 2074-1103, (Paraguay).<\/p>\n\n\n\n<p>ROMERO FLOR, L.M.: \u201cLa Sociedad Holding Espa\u00f1ola: Breves consideraciones a su r\u00e9gimen fiscal\u201d, <em>Revista Internacional Legis de Contabilidad y Auditor\u00eda<\/em>, n\u00ba 30, 2007, pp. 127 a 146, ISSN: 1692-2913, (Colombia). <\/p>\n\n\n\n<p>ROMERO FLOR, L.M.: \u201cAlgunas reflexiones sobre el r\u00e9gimen tributario especial de las Entidades de Tenencia de Valores Extranjeros\u201d, <em>Bolet\u00edn del Instituto Universitario de Estudios Fiscales y Financieros (BInUEFF)<\/em>, n\u00ba 7, 2007, pp. 41 a 52, ISSN: 1885-2762. <\/p>\n\n\n\n<p>ROMERO FLOR, L.M. \/ ZU\u00d1IGA OLIVARES, W. E.: \u201cSociedades Plataforma de Negocio Chilenas y Entidades de Tenencia de Valores Extranjeros\u201d, <em>Enfoque Internacional<\/em>, n\u00ba 4, 2008, pp. 34 a 39, ISSN: 2074-1111, (Per\u00fa). <\/p>\n\n\n\n<p>ROMERO FLOR, L.M.: \u201cEl problema de la doble imposici\u00f3n: m\u00e9todos para su eliminaci\u00f3n\u201d, <em>Revista da Faculdade de Direito de Caruaru (ASCES)<\/em>, n\u00ba 39, 2008, pp. 195 a 224, ISSN: 1519-4809 (Brasil).<\/p>\n\n\n\n<p>ROMERO FLOR, L.M. \/ ZU\u00d1IGA OLIVARES, W. E.: \u201cAspectos jur\u00eddico-dogm\u00e1ticos de la inversi\u00f3n extranjera: an\u00e1lisis comparativo de las sociedades holding chilenas y espa\u00f1olas\u201d, <em>Revista Internacional de Direito Tributario<\/em>, n\u00ba 9, 2008, pp. 333 a 349, ISSN: 1806-583X, (Brasil).<\/p>\n\n\n\n<p>ROMERO FLOR, L.M.: \u201cLa sociedad holding espa\u00f1ola: breves consideraciones al r\u00e9gimen fiscal de las ETVE\u201d, <em>Scientia Ivdirica. Revista de Direito Comparado Portugu\u00eas e Brasileiro<\/em>, n\u00ba 317, 2009, pp. 105 a 128, ISSN: 0870-8185, (Portugal). <\/p>\n\n\n\n<p>ROMERO FLOR, L.M. \/ CARRASCO PARRILLA, P. J. \/ NOCETE CORREA, F. J.: \u201cDoble imposici\u00f3n y m\u00e9todos para su eliminaci\u00f3n\u201d, <em>Revista Internacional Legis de Contabilidad y Auditar\u00eda<\/em>, n\u00ba 39, 2009, pp. 179 a 204, ISSN: 1692-2913, (Colombia).<\/p>\n\n\n\n<p>ROMERO FLOR, L.M.: \u201cUn breve apunte a los mecanismos consensuales de resoluci\u00f3n de controversias en los ordenamientos tributarios anglosajones\u201d, <em>Enfoque Internacional<\/em>, n\u00ba 8, 2010, pp. 26 a 32, ISSN: 2074-1111, (Per\u00fa).<\/p>\n\n\n\n<p>ROMERO FLOR, L.M.: \u201cLas ETVE: un m\u00e9todo para eliminar la doble imposici\u00f3n internacional\u201d, <em>Revista T\u00e9cnica Tributaria<\/em>, n\u00ba 90, 2010, pp. 35 a 100, ISSN: 0214-6010. <\/p>\n\n\n\n<p>ROMERO FLOR, L.M.: \u201cConciliaciones en la Ley General Tributaria\u201d, <em>Impuestos<\/em>, n\u00ba 161, 2010, pp. 20 a 24, ISSN: 0120-5358, (Colombia).<\/p>\n\n\n\n<p>ROMERO FLOR, L.M.: \u201cSoluciones alternativas tendentes a la disminuci\u00f3n de la litigiosidad tributaria\u201d: las actas con acuerdo y el Derecho comparado, <em>Cr\u00f3nica Tributaria. Bolet\u00edn de Actualidad<\/em>, n\u00ba 138, 2011, pp. 39 a 52, ISSN: 0210-2919.<\/p>\n\n\n\n<p>ROMERO FLOR, L.M.: \u201cLos denominados tax agreements como resoluci\u00f3n alternativa de conflictos tributarios en los ordenamientos anglosajones\u201d, <em>Nueva Fiscalidad<\/em>, n\u00ba 4, 2011, pp. 99 a 122, ISSN: 1696-0173. <\/p>\n\n\n\n<p>ROMERO FLOR, L.M.: \u201cSoluciones convencionales de resoluci\u00f3n de conflictos tributarios en la rep\u00fablica italiana\u201d: el accertamento con adesione, <em>Carta Tributaria. Monograf\u00edas<\/em>, n\u00ba 15\/16, 2012, pp. 13 a 30, ISSN: 1133-794X. <\/p>\n\n\n\n<p>ROMERO FLOR, L.M.: \u201cPerspectiva general sobre los presupuestos \u00bfhabilitantes? de las actas con acuerdo\u201d, <em>Revista T\u00e9cnica Tributaria<\/em>, n\u00ba 97, 2012, pp. 43 a 60, ISSN: 0214-6010. <\/p>\n\n\n\n<p>ROMERO FLOR, L.M.: \u201cLa daci\u00f3n en pago, un mal menor. Tratamiento fiscal de la daci\u00f3n en pago\u201d, <em>Revista CESCO de Derecho de Consumo<\/em>, n\u00ba 4, 2012, pp. 13 a 16, ISSN: 2254-2582. <\/p>\n\n\n\n<p>ROMERO FLOR, L.M.: \u201cEl intercambio de informaci\u00f3n como instrumento de colaboraci\u00f3n entre las distintas administraciones tributarias: breves reflexiones\u201d, <em>Revista JUS. Derecho, Sociedad, Estado<\/em>, n\u00ba 19, 2012, pp. 13 a 19, ISSN: 0187-8883, Durango (M\u00e9xico).<\/p>\n\n\n\n<p>ROMERO FLOR, L.M.: \u201c\u00c1mbito objetivo en las actas con acuerdo: un intento por esclarecer los supuestos en los que procede su formalizaci\u00f3n\u201d, <em>Revista Contabilidad y Tributaci\u00f3n. Comentarios y Casos Pr\u00e1cticos<\/em>, n\u00ba 351, 2012, pp. 39 a 66, ISSN: 1138-9540. <\/p>\n\n\n\n<p>ROMERO FLOR, L.M.: \u201cResoluci\u00f3n convencional de controversias tributarias en el marco de la experiencia del derecho comparado\u201d, <em>Revista T\u00e9cnica Tributaria<\/em>, n\u00ba 102, 2013, pp. 37 a 61, ISSN: 0214-6010. <\/p>\n\n\n\n<p>ROMERO FLOR, L.M.: \u201cLa reserva de ley como principio fundamental del derecho tributario\u201d, <em>Revista Dixi<\/em>, n\u00ba 15\/18, 2013, pp. 51 a 61, ISSN: 0124-7255, (Colombia).<\/p>\n\n\n\n<p>ROMERO FLOR, L.M.: \u201cLa daci\u00f3n en pago y sus consecuencias fiscales no deseadas\u201d, <em>Diario La Ley<\/em>, n\u00ba 8022, 2013, pp. 10 a 12, ISSN: 1989-6913.<\/p>\n\n\n\n<p>ROMERO FLOR, L.M. \/ ALAMO CERRILLO, R.: \u201cAn\u00e1lisis de los incentivos fiscales introducidos en el \u00e1mbito del Impuesto sobre la Renta de las Personas F\u00edsicas y Jur\u00eddicas para el fomento del emprendimiento\u201d, <em>Revista Jur\u00eddica de Castilla-La Mancha<\/em>, n\u00ba 55, 2014, pp. 139 a 164, ISSN: 0213-9995. <\/p>\n\n\n\n<p>ROMERO FLOR, L.M.: \u201cReflexi\u00f3n sobre la licitud de la terminaci\u00f3n convencional en los procedimientos de aplicaci\u00f3n de los tributos\u201d, <em>Revista Quincena Fiscal<\/em>, n\u00ba 10, 2014, pp. 69 a 82, ISSN: 1132-8576. <\/p>\n\n\n\n<p>ROMERO FLOR, L.M.: \u201cLos acuerdos tendentes a la determinaci\u00f3n de la obligaci\u00f3n tributaria en el marco de la experiencia del derecho comparado\u201d, <em>Gaceta Fiscal<\/em>, n\u00ba 338, 2014, pp. 109 a 135, ISSN: 0212-6591. <\/p>\n\n\n\n<p>ROMERO FLOR, L.M. \/ ALAMO CERRILLO, R.: \u201cIncentivos fiscales al emprendimiento\u201d, <em>Revista Quincena Fiscal<\/em>, n\u00ba 17, 2014, pp. 89 a 107, ISSN: 1132-8576.<\/p>\n\n\n\n<p>ROMERO FLOR, L.M.: \u201cEl uso del tributo al servicio de las pol\u00edticas del medio ambiente en el ordenamiento jur\u00eddico espa\u00f1ol\u201d, <em>Revista JUS. <\/em><em>Derecho, Sociedad, Estado<\/em>, n\u00ba 21\/22, 2014, pp. 27 a 34, ISSN: 0187-8883, Durango (M\u00e9xico).<\/p>\n\n\n\n<p>ROMERO FLOR, L.M.: \u201cA sociedade holding espa\u00f1ola: breves considera\u00e7oes sobre o regime fiscal das Entidades Detentoras de Valores Estrangeiros (EDVEs)\u201d, <em>Revista Direito e Desenvolvimento<\/em>, n\u00ba 5, 2014, pp. 289 a 306, ISSN: 2236-0859, (Brasil). <\/p>\n\n\n\n<p>ROMERO FLOR, L.M.: \u201cR\u00e9gimen fiscal de las entidades en atribuci\u00f3n de rentas\u201d, <em>Revista Jur\u00eddica de Castilla-La Mancha<\/em>, n\u00ba 57, 2015, pp. 243 a 277, ISSN: 0213-995. <\/p>\n\n\n\n<p>ROMERO FLOR, L.M. \/ \u00c1LAMO CERRILLO, R.: \u201cLa Ley de Emprendedores y su efectividad\u201d, <em>Bolet\u00edn Econ\u00f3mico de Informaci\u00f3n Comercial Espa\u00f1ola (BICE)<\/em>, n\u00ba 3059, 2015, pp. 51 a 59, ISSN: 0214-8307. <\/p>\n\n\n\n<p>ROMERO FLOR, L.M.: \u201cBreves reflexiones al instituto de la reclamaci\u00f3n y mediaci\u00f3n tributaria en el ordenamiento italiano\u201d, <em>Cr\u00f3nica Tributaria<\/em>, n\u00ba 156, 2015, pp. 193 a 201, ISSN: 0210-2919. <\/p>\n\n\n\n<p>ROMERO FLOR, L.M.: \u201cReclamaci\u00f3n y mediaci\u00f3n en el proceso tributario italiano\u201d, <em>Revista T\u00e9cnica Tributaria<\/em>, n\u00ba 111, 2015, pp. 65 a 90, ISSN: 0214-6010. <\/p>\n\n\n\n<p>ROMERO FLOR, L.M.: \u201cObservaciones cr\u00edticas al instituto de la mediaci\u00f3n tributaria italiana\u201d, <em>Nueva Fiscalidad,<\/em> n\u00ba 4, 2015, pp. 69 a 86, ISSN:1696-0173. <\/p>\n\n\n\n<p>ROMERO FLOR, L.M.: \u201cLa protecci\u00f3n del domicilio como derecho fundamental frente a un procedimiento de inspecci\u00f3n tributaria\u201d, <em>Revista Iberoamericana de Derecho Procesal Constitucional<\/em>, n\u00ba 24, 2015, pp. 109 a 141, ISSN: 1870-8390, (M\u00e9xico). <\/p>\n\n\n\n<p>ROMERO FLOR, L.M.: \u201cDeberes tributarios vs derechos humanos: el derecho a no autoincriminarse en el procedimiento tributario\u201d, <em>Revista Parlamento y Constituci\u00f3n<\/em>, n\u00ba 17, 2015, pp. 255 a 276, ISSN: 1139-0026. <\/p>\n\n\n\n<p>ROMERO FLOR, L.M.: \u201cEn busca de la naturaleza olvidada de las actas con acuerdo\u201d, <em>Revista Contabilidad y Tributaci\u00f3n. Comentarios y Casos Pr\u00e1cticos<\/em>, n\u00ba 410, 2017, pp. 5 a 22, ISSN: 1138-9540. <\/p>\n\n\n\n<p>ROMERO FLOR, L.M.: \u201cEl nuevo procedimiento de Suministro Inmediato de Informaci\u00f3n (SII)\u201d, <em>Revista Quincena Fiscal<\/em>, n\u00ba 18, 2017, pp. 117 a 134, ISSN: 1132-8576. <\/p>\n\n\n\n<p>ROMERO FLOR, L.M.: \u201cEl nuevo criterio jurisprudencial de aplicaci\u00f3n de sanciones en el indebido disfrute del incentivo fiscal en las operaciones de reestructuraci\u00f3n: an\u00e1lisis de la Sentencia del Tribunal Supremo 2589\/2016, de 13 de diciembre\u201d, <em>Nueva Fiscalidad,<\/em> n\u00ba 1, 2017, pp. 255 a 265, ISSN:1696-0173. <\/p>\n\n\n\n<p>ROMERO FLOR, L.M.: \u201cThe New Spanish Immediate Information Supply System\u201d, <em>International Vat Monitor<\/em>, n\u00ba 29-6, 2018, ISSN: 0925-0832. <\/p>\n\n\n\n<p>ROMERO FLOR, L.M.: \u201cThe electronic management system of th VAT to avoid tax fraud\u201d, <em>Revista de Fiscalidad Internacional y Negocios Transnacionales<\/em>, n\u00ba 10, 2019, pp. 91 a 100, ISSN: 2445-2165. <\/p>\n\n\n\n<p>ROMERO FLOR, L.M.: \u201cEn busca de una presencia digital significativa en el impuesto sobre Sociedades. La propuesta europea\u201d, <em>Impuestos<\/em>, n\u00ba 217, 2020, pp. 10 a 16, ISSN: 0120-5358, Bogot\u00e1 (Colombia).<\/p>\n\n\n\n<p>ROMERO FLOR, L.M. \/ SANTOS FLORES, I.: \u201cLos acuerdos conclusivos en M\u00e9xico\u201d, <em>Revista Quincena Fiscal<\/em>, n\u00ba 19, 2021, pp. 107 a 123, ISSN: 1132-8576. <\/p>\n\n\n\n<p>ROMERO FLOR, L.M.: \u201cLa tributaci\u00f3n del Bitcoin\u201d, <em>Revista Quincena Fiscal<\/em>, n\u00ba 1-2, 2022, pp. 83 a 104, ISSN: 1132-8576. <\/p>\n\n\n\n<p>ROMERO FLOR, L.M.: \u201cTributaci\u00f3n y control de las monedas virtuales\u201d,\u00a0<em>Revista de Fiscalidad Internacional y Negocios Transnacionales<\/em>, n\u00ba 24, 2023, pp. 107 a 144, ISSN: 2445-2165.\u00a0<\/p>\n","protected":false},"excerpt":{"rendered":"<p>ROMERO FLOR, L.M.: \u201cEl problema de la doble imposici\u00f3n y los m\u00e9todos para su eliminaci\u00f3n en el Impuesto sobre Sociedades Espa\u00f1ol\u201d, Revista Jur\u00eddica de Castilla-La Mancha, n\u00ba 40, 2006, pp. 217 a 256, ISSN: 0213-9995. ROMERO FLOR, L.M.: \u201cR\u00e9gimen Fiscal de las Entidades de Tenencia de Valores Extranjeros (Primera Parte)\u201d, An\u00e1lisis Tributario, n\u00ba 223, 2006, [&hellip;]<\/p>\n","protected":false},"author":51,"featured_media":0,"parent":0,"menu_order":0,"comment_status":"closed","ping_status":"closed","template":"","meta":{"footnotes":""},"class_list":["post-736","page","type-page","status-publish","hentry"],"_links":{"self":[{"href":"https:\/\/blog.uclm.es\/luismariaromero\/wp-json\/wp\/v2\/pages\/736","targetHints":{"allow":["GET"]}}],"collection":[{"href":"https:\/\/blog.uclm.es\/luismariaromero\/wp-json\/wp\/v2\/pages"}],"about":[{"href":"https:\/\/blog.uclm.es\/luismariaromero\/wp-json\/wp\/v2\/types\/page"}],"author":[{"embeddable":true,"href":"https:\/\/blog.uclm.es\/luismariaromero\/wp-json\/wp\/v2\/users\/51"}],"replies":[{"embeddable":true,"href":"https:\/\/blog.uclm.es\/luismariaromero\/wp-json\/wp\/v2\/comments?post=736"}],"version-history":[{"count":2,"href":"https:\/\/blog.uclm.es\/luismariaromero\/wp-json\/wp\/v2\/pages\/736\/revisions"}],"predecessor-version":[{"id":870,"href":"https:\/\/blog.uclm.es\/luismariaromero\/wp-json\/wp\/v2\/pages\/736\/revisions\/870"}],"wp:attachment":[{"href":"https:\/\/blog.uclm.es\/luismariaromero\/wp-json\/wp\/v2\/media?parent=736"}],"curies":[{"name":"wp","href":"https:\/\/api.w.org\/{rel}","templated":true}]}}