{"id":732,"date":"2022-11-19T01:44:46","date_gmt":"2022-11-18T23:44:46","guid":{"rendered":"https:\/\/blog.uclm.es\/luismariaromero\/?page_id=732"},"modified":"2022-11-19T01:44:46","modified_gmt":"2022-11-18T23:44:46","slug":"monografias-2","status":"publish","type":"page","link":"https:\/\/blog.uclm.es\/luismariaromero\/monografias-2\/","title":{"rendered":"Monograf\u00edas"},"content":{"rendered":"\n<p>ROMERO FLOR, L.M.:&nbsp;<em>Las actas con acuerdo en la Ley General Tributaria y en el Derecho Comparado<\/em>, Tesis Doctorales, n\u00ba 292, Ediciones de la Universidad de Castilla-La Mancha, 2010, ISBN: 978-84-8427-799-6.<\/p>\n\n\n\n<p>ROMERO FLOR, L.M.,&nbsp;<em>Principios Constitucionales en la Tributaci\u00f3n Espa\u00f1ola: Breve An\u00e1lisis Jur\u00eddico-Doctrinal<\/em>, Editorial Acad\u00e9mica Espa\u00f1ola, 2011, ISBN: 978-3-8473-5219-8.<\/p>\n\n\n\n<p>ROMERO FLOR, L.M.,&nbsp;<em>Las actas con acuerdo en el procedimiento de inspecci\u00f3n tributaria<\/em>, CISS, 2012, ISBN: 978-84-9954-398-7.<\/p>\n\n\n\n<p>ROMERO FLOR, L.M.,&nbsp;<em>El r\u00e9gimen fiscal de las entidades holding<\/em>, Bosch, 2012, ISBN: 978-84-9790-950-1.<\/p>\n\n\n\n<p>ROMERO FLOR, L.M.,&nbsp;<em>La liquidaci\u00f3n de los tributos locales<\/em>, Wolters Kluwer, 2016, ISBN: 978-84-7052-722-7.<\/p>\n\n\n\n<p>ROMERO FLOR, L.M.:&nbsp;<em>El Suministro Inmediato de Informaci\u00f3n en la gesti\u00f3n del IVA<\/em>, Atelier, Barcelona, 2022, ISBN: 978-84-18780-60-0.<\/p>\n","protected":false},"excerpt":{"rendered":"<p>ROMERO FLOR, L.M.:&nbsp;Las actas con acuerdo en la Ley General Tributaria y en el Derecho Comparado, Tesis Doctorales, n\u00ba 292, Ediciones de la Universidad de Castilla-La Mancha, 2010, ISBN: 978-84-8427-799-6. ROMERO FLOR, L.M.,&nbsp;Principios Constitucionales en la Tributaci\u00f3n Espa\u00f1ola: Breve An\u00e1lisis Jur\u00eddico-Doctrinal, Editorial Acad\u00e9mica Espa\u00f1ola, 2011, ISBN: 978-3-8473-5219-8. ROMERO FLOR, L.M.,&nbsp;Las actas con acuerdo en el [&hellip;]<\/p>\n","protected":false},"author":51,"featured_media":0,"parent":0,"menu_order":0,"comment_status":"closed","ping_status":"closed","template":"","meta":{"footnotes":""},"class_list":["post-732","page","type-page","status-publish","hentry"],"_links":{"self":[{"href":"https:\/\/blog.uclm.es\/luismariaromero\/wp-json\/wp\/v2\/pages\/732","targetHints":{"allow":["GET"]}}],"collection":[{"href":"https:\/\/blog.uclm.es\/luismariaromero\/wp-json\/wp\/v2\/pages"}],"about":[{"href":"https:\/\/blog.uclm.es\/luismariaromero\/wp-json\/wp\/v2\/types\/page"}],"author":[{"embeddable":true,"href":"https:\/\/blog.uclm.es\/luismariaromero\/wp-json\/wp\/v2\/users\/51"}],"replies":[{"embeddable":true,"href":"https:\/\/blog.uclm.es\/luismariaromero\/wp-json\/wp\/v2\/comments?post=732"}],"version-history":[{"count":1,"href":"https:\/\/blog.uclm.es\/luismariaromero\/wp-json\/wp\/v2\/pages\/732\/revisions"}],"predecessor-version":[{"id":733,"href":"https:\/\/blog.uclm.es\/luismariaromero\/wp-json\/wp\/v2\/pages\/732\/revisions\/733"}],"wp:attachment":[{"href":"https:\/\/blog.uclm.es\/luismariaromero\/wp-json\/wp\/v2\/media?parent=732"}],"curies":[{"name":"wp","href":"https:\/\/api.w.org\/{rel}","templated":true}]}}