{"id":721,"date":"2022-11-19T01:31:23","date_gmt":"2022-11-18T23:31:23","guid":{"rendered":"https:\/\/blog.uclm.es\/luismariaromero\/?page_id=721"},"modified":"2022-11-19T02:18:17","modified_gmt":"2022-11-19T00:18:17","slug":"trabajos-presentados-en-congresos-jornadas-y-seminarios","status":"publish","type":"page","link":"https:\/\/blog.uclm.es\/luismariaromero\/trabajos-presentados-en-congresos-jornadas-y-seminarios\/","title":{"rendered":"Trabajos presentados en Congresos, Jornadas y Seminarios"},"content":{"rendered":"\n<p><strong>\u201cLlamadas y notas a pie de p\u00e1gina\u201d<\/strong><em>,<\/em> Ponencia en el Taller <em>Elaboraci\u00f3n, presentaci\u00f3n y defensa del Trabajo Fin de Grado<\/em>, Facultad de Ciencias Sociales de Cuenca, Universidad de Castilla-La Mancha, 2013.<\/p>\n\n\n\n<p><strong>\u201cLa internacionalizaci\u00f3n de los estudiantes universitarios y su importancia en los estudios de Grado en Derecho\u201d<\/strong><em>,<\/em> Ponencia en las <em>Jornadas de Bienvenida<\/em>, Facultad de Ciencias Sociales de Cuenca, Universidad de Castilla-La Mancha, 2013.<\/p>\n\n\n\n<p><strong>\u201c\u00bfC\u00f3mo elaborar el borrador del TFG?\u201d<\/strong><em>,<\/em> Ponencia en el Taller <em>Elaboraci\u00f3n, presentaci\u00f3n y defensa del Trabajo Fin de Grado<\/em>, Facultad de Ciencias Sociales de Cuenca, Universidad de Castilla-La Mancha, 2014.<\/p>\n\n\n\n<p><strong>\u201cLas desigualdades de g\u00e9nero y edad dentro del Espacio Europeo de Educaci\u00f3n Superior y de su modelo de Universidad en el aprendizaje\u201d<\/strong>, Comunicaci\u00f3n y exposici\u00f3n oral presentada en la Jornada <em>El proyecto de innovaci\u00f3n docente como herramienta de incorporaci\u00f3n de las cuestiones de g\u00e9nero al \u00e1mbito docente y acad\u00e9mico en los estudios de grado<\/em>, Facultad de Derecho y Ciencias Sociales de Ciudad Real, 2014.<\/p>\n\n\n\n<p><strong>\u201cLa introducci\u00f3n de lenguas extranjeras, en especial del ingl\u00e9s, en asignaturas de contenido jur\u00eddico, y en particular, en la asignatura de Derecho Financiero y Tributario\u201d<\/strong>, Comunicaci\u00f3n y exposici\u00f3n oral presentada en la <em>I Jornada de Experiencias Educativas en la Universidad \u201cInnovar en tiempo de crisis\u201d<\/em>, Facultad de Ciencias Sociales de Cuenca, 2014.<\/p>\n\n\n\n<p><strong>\u00abLa introducci\u00f3n de lenguas extranjeras, en especia del ingl\u00e9s, en asignaturas de contenido jur\u00eddico, y en particular en la asignatura en la asignatura de Derecho Financiero y Tributario\u00bb<\/strong>.\u00a0<em>I Jornada de Experiencias Educativas en la Universidad \u00abInnovar en tiempo de crisis\u00bb.<\/em>\u00a0Facultad de Ciencias Sociales de Cuenca, 2014.<\/p>\n\n\n\n<p><strong>\u00abLas desigualdades de genero y edad dentro del Espacio Europeo de Educaci\u00f3n Superior y de su modelo de Universidad en el aprendizaje\u00bb<\/strong>. <em>El proyecto de innovaci\u00f3n docente como herramienta de incorporaci\u00f3n de las cuestiones de g\u00e9nero al \u00e1mbito docente y acad\u00e9mico en los estudios de grado.<\/em>\u00a0Facultad de Derecho y Ciencias Sociales de Ciudad Real, 2014.<\/p>\n\n\n\n<p><strong>\u201c\u00bfC\u00f3mo elaborar el borrador del TFG?\u201d<\/strong><em>,<\/em> Ponencia en el Taller <em>Elaboraci\u00f3n, presentaci\u00f3n y defensa del Trabajo Fin de Grado<\/em>, Facultad de Ciencias Sociales de Cuenca, Universidad de Castilla-La Mancha, 2015.<\/p>\n\n\n\n<p><strong>\u201c\u00bfC\u00f3mo elaborar el borrador del TFG?\u201d<\/strong><em>,<\/em> Ponencia en el Taller <em>Elaboraci\u00f3n, presentaci\u00f3n y defensa del Trabajo Fin de Grado (RR.LL.-RR.HH. y Derecho)<\/em>, Facultad de Ciencias Sociales de Cuenca, Universidad de Castilla-La Mancha, 2016.<\/p>\n\n\n\n<p><strong>\u201c\u00bfC\u00f3mo elaborar el borrador del TFG?\u201d<\/strong><em>,<\/em> Ponencia en el Taller <em>Elaboraci\u00f3n, presentaci\u00f3n y defensa del Trabajo Fin de Grado (ADE)<\/em>, Facultad de Ciencias Sociales de Cuenca, Universidad de Castilla-La Mancha, 2016.<\/p>\n\n\n\n<p><strong>\u201cLas desigualdades de g\u00e9nero y edad dentro del Espacio Europeo de Educaci\u00f3n Superior y de su modelo de Universidad en el aprendizaje\u201d<\/strong>, Ponencia en las <em>IX Jornadas Cient\u00edficas de Difusi\u00f3n de la Investigaci\u00f3n<\/em>, Facultad de Ciencias Sociales de Cuenca, 2016.<\/p>\n\n\n\n<p><strong>\u201cLas fuentes del Trabajo Fin de Grado, referencias bibliogr\u00e1ficas y la inicial consulta bibliogr\u00e1fica\u201d<\/strong><em>,<\/em> Ponencia en el <em>Taller de apoyo al Trabajo Fin de Grado<\/em>, Facultad de Ciencias Sociales de Cuenca, Universidad de Castilla-La Mancha, 2016.<\/p>\n\n\n\n<p><strong>\u201cPlan de trabajo: t\u00e9cnicas de an\u00e1lisis, esquemas y res\u00famenes\u201d<\/strong><em>,<\/em> Ponencia en el <em>Taller de apoyo al Trabajo Fin de Grado<\/em>, Facultad de Ciencias Sociales de Cuenca, Universidad de Castilla-La Mancha, 2016.<\/p>\n\n\n\n<p><strong>\u201cLas fichas bibliogr\u00e1ficas y de trabajo\u201d<\/strong><em>,<\/em> Ponencia en el <em>Taller de apoyo al Trabajo Fin de Grado<\/em>, Facultad de Ciencias Sociales de Cuenca, Universidad de Castilla-La Mancha, 2016.<\/p>\n\n\n\n<p><strong>\u00abLas desigualdades de g\u00e9nero y edad dentro del Espacio Europeo de Educaci\u00f3n Superior y de su modelo de Universidad en el aprendizaje\u00bb<\/strong>. <em>IX Jornadas Cient\u00edficas de Difusi\u00f3n de la Investigaci\u00f3n.<\/em>\u00a0Facultad de Ciencias Sociales de Cuenca, 2016.<\/p>\n\n\n\n<p><strong>\u201c\u00bfQu\u00e9 elegir: M\u00e1ster Oficial o M\u00e1ster T\u00edtulo Propio de las Universidades?\u201d<\/strong>, Ponencia en la <em>I Jornada sobre Salidas Profesionales<\/em>, Facultad de Ciencias Sociales de Cuenca, 2017.<\/p>\n\n\n\n<p><strong>\u201cLa docencia jur\u00eddica a juicio de un docente\u201d<\/strong>, Comunicaci\u00f3n y exposici\u00f3n oral presentada en la Jornada <em>Experiencias educativas en la Universidad<\/em>, Facultad de Ciencias Sociales de Cuenca, 2017.<\/p>\n\n\n\n<p><strong>\u00abAdministraci\u00f3n tributaria electr\u00f3nica 4.0: El Suministro Inmediato de Informaci\u00f3n (SII) en el IVA\u00bb<\/strong>.\u00a0<em>X Jornadas Cient\u00edficas de Difusi\u00f3n de la Investigaci\u00f3n.<\/em> Facultad de Ciencias Sociales de Cuenca, 2017.<\/p>\n\n\n\n<p><strong>\u00abEl sistema de resoluci\u00f3n de controversias tributarias en el ordenamiento federal americano\u00bb<\/strong>.<em>X Jornadas Cient\u00edficas de Difusi\u00f3n de la Investigaci\u00f3n.<\/em> Facultad de Ciencias Sociales de Cuenca, 2017.<\/p>\n\n\n\n<p><strong>\u00ab\u00bfQu\u00e9 elegir: M\u00e1ster Oficial o M\u00e1ster T\u00edtulo Propio de las Universidades?\u00bb<\/strong>.\u00a0<em>I Jornadas sobre Salidas Profesionales. <\/em>Facultad de Ciencias Sociales de Cuenca, 2017.<\/p>\n\n\n\n<p><strong>\u201cLa docencia jur\u00eddica a juicio de un docente\u201d<\/strong>, Comunicaci\u00f3n y exposici\u00f3n oral presentada en la Jornada <em>Implementaci\u00f3n de la educaci\u00f3n para el desarrollo sostenible en titulaciones jur\u00eddicas y sociales<\/em>, Facultad de Ciencias Jur\u00eddicas y Sociales de Toledo, 2018.<\/p>\n","protected":false},"excerpt":{"rendered":"<p>\u201cLlamadas y notas a pie de p\u00e1gina\u201d, Ponencia en el Taller Elaboraci\u00f3n, presentaci\u00f3n y defensa del Trabajo Fin de Grado, Facultad de Ciencias Sociales de Cuenca, Universidad de Castilla-La Mancha, 2013. \u201cLa internacionalizaci\u00f3n de los estudiantes universitarios y su importancia en los estudios de Grado en Derecho\u201d, Ponencia en las Jornadas de Bienvenida, Facultad de [&hellip;]<\/p>\n","protected":false},"author":51,"featured_media":0,"parent":0,"menu_order":0,"comment_status":"closed","ping_status":"closed","template":"","meta":{"footnotes":""},"class_list":["post-721","page","type-page","status-publish","hentry"],"_links":{"self":[{"href":"https:\/\/blog.uclm.es\/luismariaromero\/wp-json\/wp\/v2\/pages\/721","targetHints":{"allow":["GET"]}}],"collection":[{"href":"https:\/\/blog.uclm.es\/luismariaromero\/wp-json\/wp\/v2\/pages"}],"about":[{"href":"https:\/\/blog.uclm.es\/luismariaromero\/wp-json\/wp\/v2\/types\/page"}],"author":[{"embeddable":true,"href":"https:\/\/blog.uclm.es\/luismariaromero\/wp-json\/wp\/v2\/users\/51"}],"replies":[{"embeddable":true,"href":"https:\/\/blog.uclm.es\/luismariaromero\/wp-json\/wp\/v2\/comments?post=721"}],"version-history":[{"count":3,"href":"https:\/\/blog.uclm.es\/luismariaromero\/wp-json\/wp\/v2\/pages\/721\/revisions"}],"predecessor-version":[{"id":762,"href":"https:\/\/blog.uclm.es\/luismariaromero\/wp-json\/wp\/v2\/pages\/721\/revisions\/762"}],"wp:attachment":[{"href":"https:\/\/blog.uclm.es\/luismariaromero\/wp-json\/wp\/v2\/media?parent=721"}],"curies":[{"name":"wp","href":"https:\/\/api.w.org\/{rel}","templated":true}]}}