{"id":716,"date":"2022-11-19T01:22:35","date_gmt":"2022-11-18T23:22:35","guid":{"rendered":"https:\/\/blog.uclm.es\/luismariaromero\/?page_id=716"},"modified":"2022-11-19T01:38:23","modified_gmt":"2022-11-18T23:38:23","slug":"formacion-recibida","status":"publish","type":"page","link":"https:\/\/blog.uclm.es\/luismariaromero\/formacion-recibida\/","title":{"rendered":"Formaci\u00f3n recibida"},"content":{"rendered":"\n<p><em>IV Curso pr\u00e1ctico: T\u00e9cnica de investigaci\u00f3n<\/em>, Facultad de Derecho y Ciencias Sociales de Ciudad Real, Universidad de Castilla-La Mancha, 2004.<\/p>\n\n\n\n<p><em>Campus Virtual I<\/em>, \u00c1rea de Inform\u00e1tica y Comunicaciones, Universidad de Castilla-La Mancha, 2005.<\/p>\n\n\n\n<p><em>I Jornada de acogida para profesorado universitario de nueva incorporaci\u00f3n<\/em>, Unidad de Innovaci\u00f3n Educativa (UIE), Universidad de Castilla-La Mancha, 2009.<\/p>\n\n\n\n<p><em>Elaboraci\u00f3n de Gu\u00edas Docentes,&nbsp;<\/em>Unidad de Innovaci\u00f3n Educativa (UIE), Universidad de Castilla-La Mancha, 2010.<\/p>\n\n\n\n<p><em>El futuro del doctorado en el Espacio Europeo,<\/em>&nbsp;Vicerrectorado de Grado, M\u00e1ster y Doctorado, Universidad de Castilla-La Mancha, 2010.<\/p>\n\n\n\n<p><em>Jurisprudencia Constitucional, Innovaci\u00f3n Docente y Carrera Universitaria<\/em>, Universidad Aut\u00f3noma, Universidad Complutense y Universidad Carlos III, 2010.<\/p>\n\n\n\n<p><em>VI Encuentro de Intercambio de Experiencias de Innovaci\u00f3n Docente: evaluaci\u00f3n de competencias en los nuevos grados<\/em>, Unidad de Innovaci\u00f3n Educativa (UIE), Universidad de Castilla-La Mancha, 2010.<\/p>\n\n\n\n<p><em>I Jornadas Cient\u00edficas de Difusi\u00f3n de la Investigaci\u00f3n<\/em>, Facultad de Ciencias Sociales de Cuenca, Universidad de Castilla-La Mancha, 2010.<\/p>\n\n\n\n<p><em>Interpretaci\u00f3n del Derecho Financiero y Tributario. La asignatura del Derecho Financiero y Tributario en los nuevos planes de estudio<\/em>, Instituto de Estudios Fiscales (IEF), 2010.<\/p>\n\n\n\n<p><em>Evaluaci\u00f3n por competencias,<\/em>&nbsp;Unidad de Innovaci\u00f3n Educativa (UIE), Universidad de Castilla-La Mancha, 2011.<\/p>\n\n\n\n<p><em>Gesti\u00f3n de la coordinaci\u00f3n: c\u00f3mo dirigir y dinamizar las reuniones<\/em>, Facultad de Ciencias Jur\u00eddicas y Sociales de Toledo, Universidad de Castilla-La Mancha, 2011.<\/p>\n\n\n\n<p><em>La formaci\u00f3n permanente en el marco del EEES<\/em>, Ministerio de Educaci\u00f3n y Universidad de Castilla-La Mancha, 2011.<\/p>\n\n\n\n<p><em>Taller de gu\u00edas docentes electr\u00f3nicas,<\/em>&nbsp;Unidad de Innovaci\u00f3n Educativa (UIE), Universidad de Castilla-La Mancha, 2011.<\/p>\n\n\n\n<p><em>Congreso sobre la Internacionalizaci\u00f3n de la Educaci\u00f3n Superior en Derecho: Campus Universitarios Internacionales y Programas de Educaci\u00f3n Superior en Derecho Transfronterizo<\/em>, Universidad de Alicante, Universitat de Barcelona, Universitat Rovira I Virgili y Universidad de Castilla-La Mancha, 2011.<\/p>\n\n\n\n<p><em>III Jornadas Cient\u00edficas de la Difusi\u00f3n de la Investigaci\u00f3n<\/em>, Facultad de Ciencias Sociales de Cuenca, Universidad de Castilla-La Mancha, 2011.<\/p>\n\n\n\n<p><em>IV Jornadas Cient\u00edficas de la Difusi\u00f3n de la Investigaci\u00f3n<\/em>, Facultad de Ciencias Sociales de Cuenca, Universidad de Castilla-La Mancha, 2012.<\/p>\n\n\n\n<p><em>V Jornadas Cient\u00edficas de la Difusi\u00f3n de la Investigaci\u00f3n<\/em>, Facultad de Ciencias Sociales de Cuenca, Universidad de Castilla-La Mancha, 2012.<\/p>\n\n\n\n<p><em>VI Jornadas Cient\u00edficas de la Difusi\u00f3n de la Investigaci\u00f3n<\/em>, Facultad de Ciencias Sociales de Cuenca, Universidad de Castilla-La Mancha, 2013.<\/p>\n\n\n\n<p><em>Scopus. Nivel avanzado<\/em>, Fundaci\u00f3n Espa\u00f1ola para la Ciencia y la Tecnolog\u00eda (FECYT), Ministerio de Econom\u00eda y Competitividad, 2013.<\/p>\n\n\n\n<p><em>Jornada de orientaci\u00f3n sobre cualidades y habilidades de doctorandos y directores de tesis doctorales<\/em>, Escuela Internacional de Doctorado (EID), Universidad de Castilla-La Mancha, 2014.<\/p>\n\n\n\n<p><em>VII Jornadas Cient\u00edficas de Difusi\u00f3n de la Investigaci\u00f3n<\/em>, Facultad de Ciencias Sociales de Cuenca, Universidad de Castilla-La Mancha, 2014.<\/p>\n\n\n\n<p><em>El proyecto de innovaci\u00f3n docente como herramienta de incorporaci\u00f3n de las cuestiones de g\u00e9nero al \u00e1mbito docente y acad\u00e9mico en los estudios de grado<\/em>, Facultad de Derecho y Ciencias Sociales de Ciudad Real, Universidad de Castilla-La Mancha, 2014.<\/p>\n\n\n\n<p><em>I Jornada de Experiencias Educativas en la Universidad \u201cInnovar en tempo de crisis\u201d<\/em>, Facultad de Ciencias Sociales de Cuenca, Universidad de Castilla-La Mancha, 2014.<\/p>\n\n\n\n<p><em>IV Jornadas Doctorales de la Universidad de Castilla-La Mancha,<\/em>&nbsp;Escuela Internacional de Doctorado (EID), Universidad de Castilla-La Mancha, 2014.<\/p>\n\n\n\n<p><em>Moodle: Nivel Medio<\/em>, Vicerrectorado de Docencia, Universidad de Castilla-La Mancha, 2014.<\/p>\n\n\n\n<p><em>La UCLM en el ranking de Shangai<\/em>, Vicerrectorado de Econom\u00eda y Planificaci\u00f3n, Universidad de Castilla-La Mancha, 2015.<\/p>\n\n\n\n<p><em>Prevenci\u00f3n de RR.LL. Personal Docente y Escuela de Voz<\/em>, Vicerrectorado de Docencia, Universidad de Castilla-La Mancha, 2015.<\/p>\n\n\n\n<p><em>Recursos educativos en internet<\/em>, Centro de Apoyo Tecnol\u00f3gico a Emprendedores, Junta de Comunidades de Castilla-La Mancha, 2015.<\/p>\n\n\n\n<p><em>Organizaci\u00f3n de la Informaci\u00f3n<\/em>, Centro de Apoyo Tecnol\u00f3gico a Emprendedores, Junta de Comunidades de Castilla-La Mancha, 2015.<\/p>\n\n\n\n<p><em>II Encuentro Estrategia UCLM 2020: La innovaci\u00f3n en las Universidades P\u00fablicas<\/em>, Vicerrectorado de Econom\u00eda y Planificaci\u00f3n, Universidad de Castilla-La Mancha, 2015.<\/p>\n\n\n\n<p><em>Nuevos servicios para la producci\u00f3n de contenidos docentes para t\u00edtulos oficiales y propios<\/em>, Secretar\u00eda General, Universidad de Castilla-La Mancha, 2015.<\/p>\n\n\n\n<p><em>Curso de Formaci\u00f3n Online Scopus-Admintool<\/em>, Fundaci\u00f3n Espa\u00f1ola para la Ciencia y la Tecnolog\u00eda (FECYT), Ministerio de Econom\u00eda y Competitividad, 2016.<\/p>\n\n\n\n<p><em>Curso de Formaci\u00f3n Online Scopus-Apis (Application Programming Interfaces)<\/em>, Fundaci\u00f3n Espa\u00f1ola para la Ciencia y la Tecnolog\u00eda (FECYT), Ministerio de Econom\u00eda y Competitividad, 2016.<\/p>\n\n\n\n<p><em>IX Jornadas Cient\u00edficas de Difusi\u00f3n de la Investigaci\u00f3n<\/em>, Facultad de Ciencias Sociales de Cuenca, Universidad de Castilla-La Mancha, 2016.<\/p>\n\n\n\n<p><em>Introducci\u00f3n al ingl\u00e9s jur\u00eddico online<\/em>, Vicerrectorado de Docencia, Universidad de Castilla-La Mancha, 2016.<\/p>\n\n\n\n<p><em>Coaching para docentes universitarios<\/em>, Grupo G9 de Universidades, 2016.<\/p>\n\n\n\n<p><em>Coaching acad\u00e9mico<\/em>, Vicerrectorado de Docencia, Universidad de Castilla-La Mancha, 2016.<\/p>\n\n\n\n<p><em>Mendeley como herramienta de seguimiento y tutorizaci\u00f3n en TFG\u2019s y otros trabajos acad\u00e9micos dirigidos<\/em>, Vicerrectorado de Docencia, Universidad de Castilla-La Mancha, 2016.<\/p>\n\n\n\n<p><em>La evaluaci\u00f3n de la investigaci\u00f3n en Derecho<\/em>, Conferencia de Decanas y Decanos de Derecho de Espa\u00f1a, Agencia de Calidad y Prospectiva Universitaria de Arag\u00f3n, 2016.<\/p>\n\n\n\n<p><em>Jornada sobre Investigaci\u00f3n en Educaci\u00f3n<\/em>, Universidad de Castilla-La Mancha, 2016.<\/p>\n\n\n\n<p><em>Acces inicial 2013,<\/em>&nbsp;Vicerrectorado de Docencia, Universidad de Castilla-La Mancha, 2017.<\/p>\n\n\n\n<p><em>Sing in. Buscar la producci\u00f3n cient\u00edfica de autores y la evaluaci\u00f3n con m\u00e9tricos de cita,<\/em>&nbsp;Fundaci\u00f3n Espa\u00f1ola para la Ciencia y la Tecnolog\u00eda (FECY), Ministerio de Econom\u00eda y Competitividad, 2017.<\/p>\n\n\n\n<p><em>Divulgaci\u00f3n y marca personal del investigador en la era 2.0,<\/em>&nbsp;Vicerrectorado de Docencia, Universidad de Castilla-La Mancha, 2017.<\/p>\n\n\n\n<p><em>I Jornada de Innovaci\u00f3n Educativa,<\/em>&nbsp;Universidad de Castilla-La Mancha, 2017.<\/p>\n\n\n\n<p><em>X Jornadas Cient\u00edficas de Difusi\u00f3n de la Investigaci\u00f3n<\/em>, Facultad de Ciencias Sociales de Cuenca, Universidad de Castilla-La Mancha, 2017.<\/p>\n\n\n\n<p><em>Curso de formaci\u00f3n online SCOPUS: nivel b\u00e1sico<\/em>, Fundaci\u00f3n Espa\u00f1ola para la Ciencia y la Tecnolog\u00eda (FECY), Ministerio de Econom\u00eda y Competitividad, 2017.<\/p>\n\n\n\n<p><em>Curso de formaci\u00f3n online SCOPUS: nivel avanzado,<\/em>&nbsp;Fundaci\u00f3n Espa\u00f1ola para la Ciencia y la Tecnolog\u00eda (FECY), Ministerio de Econom\u00eda y Competitividad, 2017.<\/p>\n\n\n\n<p><em>Creaci\u00f3n de entornos virtuales de aprendizaje<\/em>, Vicerrectorado de Docencia, Universidad de Castilla-La Mancha, 2017.<\/p>\n\n\n\n<p><em>Experiencias educativas en la Universidad<\/em>, Facultad de Ciencias Sociales de Cuenca, Universidad de Castilla-La Mancha, 2017.<\/p>\n\n\n\n<p><em>Power Point Avanzado 2013,<\/em>&nbsp;Vicerrectorado de Docencia, Universidad de Castilla-La Mancha, 2018.<\/p>\n\n\n\n<p><em>Introducci\u00f3n a la ciberseguridad<\/em>, Vicerrectorado de Docencia, Universidad de Castilla-La Mancha, 2018.<\/p>\n\n\n\n<p><em>Otras formas de evaluaci\u00f3n con Moodle: portafolio digital de los estudiantes (Mahara) y evaluaci\u00f3n de competencias<\/em>, Grupo G9 de Universidades, 2018.<\/p>\n\n\n\n<p><em>Presentaciones Cloud con Prezi<\/em>, Vicerrectorado de Docencia, Universidad de Castilla-La Mancha, 2018.<\/p>\n\n\n\n<p><em>Implementaci\u00f3n de la educaci\u00f3n para el desarrollo sostenible en titulaciones jur\u00eddicas y sociales<\/em>, Facultad de Ciencias Jur\u00eddicas y Sociales de Toledo, Universidad de Castilla-La Mancha, 2018.<\/p>\n\n\n\n<p><em>\u00bfC\u00f3mo meterse la audiencia en el bolsillo al hablar en p\u00fablico?<\/em>, Grupo G9 de Universidades, 2018.<\/p>\n\n\n\n<p><em>Redes Sociales para la Investigaci\u00f3n y Docencia #resido,<\/em>&nbsp;Universidad Polit\u00e9cnica de Madrid, Redes Sociales para Investigaci\u00f3n y Docencia, 2018.<\/p>\n\n\n\n<p><em>Ense\u00f1anza abierta y aprendizaje online. Redes Sociales para la innovaci\u00f3n docente<\/em>, Grupo G9 de Universidades, 2020.<\/p>\n\n\n\n<p><em>Buenas pr\u00e1cticas preventivas: gesti\u00f3n de la reincorporaci\u00f3n al trabajo presencial tras el estado de alarma sanitaria por Sars-CoV-2<\/em>, Servicio de prevenci\u00f3n y medio ambiente, Universidad de Castilla-La Mancha, 2020.<\/p>\n\n\n\n<p><em>Creaci\u00f3n y uso de WordPress y de Twitter. Blogs, p\u00e1ginas web y microblogging en el \u00e1mbito educativo<\/em>, Grupo G9 de Universidades, 2020.<\/p>\n\n\n\n<p><em>Herramientas para la preparaci\u00f3n de ex\u00e1menes en Campus Virtual<\/em>, Vicerrectorado de Profesorado y Desarrollo Profesional, Universidad de Castilla-La Mancha, 2020.<\/p>\n\n\n\n<p><em>Resoluci\u00f3n de conflictos<\/em>, Vicerrectorado de Profesorado y Desarrollo Profesional, Universidad de Castilla-La Mancha, 2021.<\/p>\n\n\n\n<p><em>Comunicaci\u00f3n con perspectiva de g\u00e9nero y para la igualdad<\/em>, Vicerrectorado de Profesorado y Desarrollo Profesional, Universidad de Castilla-La Mancha, 2022.<\/p>\n\n\n\n<p><em>Jornada Formativa para la promoci\u00f3n de ense\u00f1anzas propias<\/em>, Vicerrectorado de Postgrado y Formaci\u00f3n Continua, Universidad de Castilla-La Mancha, 2022.<\/p>\n","protected":false},"excerpt":{"rendered":"<p>IV Curso pr\u00e1ctico: T\u00e9cnica de investigaci\u00f3n, Facultad de Derecho y Ciencias Sociales de Ciudad Real, Universidad de Castilla-La Mancha, 2004. Campus Virtual I, \u00c1rea de Inform\u00e1tica y Comunicaciones, Universidad de Castilla-La Mancha, 2005. I Jornada de acogida para profesorado universitario de nueva incorporaci\u00f3n, Unidad de Innovaci\u00f3n Educativa (UIE), Universidad de Castilla-La Mancha, 2009. Elaboraci\u00f3n de [&hellip;]<\/p>\n","protected":false},"author":51,"featured_media":0,"parent":0,"menu_order":0,"comment_status":"closed","ping_status":"closed","template":"","meta":{"footnotes":""},"class_list":["post-716","page","type-page","status-publish","hentry"],"_links":{"self":[{"href":"https:\/\/blog.uclm.es\/luismariaromero\/wp-json\/wp\/v2\/pages\/716","targetHints":{"allow":["GET"]}}],"collection":[{"href":"https:\/\/blog.uclm.es\/luismariaromero\/wp-json\/wp\/v2\/pages"}],"about":[{"href":"https:\/\/blog.uclm.es\/luismariaromero\/wp-json\/wp\/v2\/types\/page"}],"author":[{"embeddable":true,"href":"https:\/\/blog.uclm.es\/luismariaromero\/wp-json\/wp\/v2\/users\/51"}],"replies":[{"embeddable":true,"href":"https:\/\/blog.uclm.es\/luismariaromero\/wp-json\/wp\/v2\/comments?post=716"}],"version-history":[{"count":3,"href":"https:\/\/blog.uclm.es\/luismariaromero\/wp-json\/wp\/v2\/pages\/716\/revisions"}],"predecessor-version":[{"id":727,"href":"https:\/\/blog.uclm.es\/luismariaromero\/wp-json\/wp\/v2\/pages\/716\/revisions\/727"}],"wp:attachment":[{"href":"https:\/\/blog.uclm.es\/luismariaromero\/wp-json\/wp\/v2\/media?parent=716"}],"curies":[{"name":"wp","href":"https:\/\/api.w.org\/{rel}","templated":true}]}}