{"id":713,"date":"2022-11-19T01:18:25","date_gmt":"2022-11-18T23:18:25","guid":{"rendered":"https:\/\/blog.uclm.es\/luismariaromero\/?page_id=713"},"modified":"2022-11-19T01:18:25","modified_gmt":"2022-11-18T23:18:25","slug":"manuales","status":"publish","type":"page","link":"https:\/\/blog.uclm.es\/luismariaromero\/manuales\/","title":{"rendered":"Manuales"},"content":{"rendered":"\n<p>ROMERO FLOR, L.M., <em>Elaborar y preparar Trabajos Fin de Grado, M\u00e1ster y Tesis Doctorales<\/em>, Editorial Acad\u00e9mica Espa\u00f1ola, 2013, ISBN: 978-3-6590-8497-3.<\/p>\n\n\n\n<p>ROMERO FLOR, L.M., <em>Manual de Derecho Financiero y Tributario: parte general<\/em>, Ediciones de la Universidad de Castilla-La Mancha, 2014, ISBN: 978-84-9044-086-5.<\/p>\n\n\n\n<p>ROMERO FLOR, L.M., <em>Manual de Derecho Financiero y Tributario: parte especial<\/em>, Ediciones de la Universidad de Castilla-La Mancha, 2015, ISBN: 978-84-9044-125-1.<\/p>\n\n\n\n<p>ROMERO FLOR, L.M., <em>Manual de Derecho Financiero Auton\u00f3mico y Local<\/em>, Ediciones de la Universidad de Castilla-La Mancha, 2015, ISBN: 978-84-9044-142-8.<\/p>\n\n\n\n<p>ROMERO FLOR, L.M., <em>Manual de R\u00e9gimen Fiscal de la Empresa<\/em>, Ediciones de la Universidad de Castilla-La Mancha, 2016, ISBN: 978-84-9044-249-4.<\/p>\n\n\n\n<p>ROMERO FLOR, L.M., <em>Metodolog\u00eda de la investigaci\u00f3n jur\u00eddica<\/em>, Ediciones de la Universidad de Castilla-La Mancha, 2016, ISBN: 978-84-9044-213-5.<\/p>\n\n\n\n<p>ROMERO FLOR, L.M., <em>Gu\u00eda pr\u00e1ctica para la realizaci\u00f3n de Tesis y Trabajos de Investigaci\u00f3n en materia jur\u00eddica<\/em>, 2018, ISBN: 9781980585305.<\/p>\n","protected":false},"excerpt":{"rendered":"<p>ROMERO FLOR, L.M., Elaborar y preparar Trabajos Fin de Grado, M\u00e1ster y Tesis Doctorales, Editorial Acad\u00e9mica Espa\u00f1ola, 2013, ISBN: 978-3-6590-8497-3. ROMERO FLOR, L.M., Manual de Derecho Financiero y Tributario: parte general, Ediciones de la Universidad de Castilla-La Mancha, 2014, ISBN: 978-84-9044-086-5. ROMERO FLOR, L.M., Manual de Derecho Financiero y Tributario: parte especial, Ediciones de la [&hellip;]<\/p>\n","protected":false},"author":51,"featured_media":0,"parent":0,"menu_order":0,"comment_status":"closed","ping_status":"closed","template":"","meta":{"footnotes":""},"class_list":["post-713","page","type-page","status-publish","hentry"],"_links":{"self":[{"href":"https:\/\/blog.uclm.es\/luismariaromero\/wp-json\/wp\/v2\/pages\/713","targetHints":{"allow":["GET"]}}],"collection":[{"href":"https:\/\/blog.uclm.es\/luismariaromero\/wp-json\/wp\/v2\/pages"}],"about":[{"href":"https:\/\/blog.uclm.es\/luismariaromero\/wp-json\/wp\/v2\/types\/page"}],"author":[{"embeddable":true,"href":"https:\/\/blog.uclm.es\/luismariaromero\/wp-json\/wp\/v2\/users\/51"}],"replies":[{"embeddable":true,"href":"https:\/\/blog.uclm.es\/luismariaromero\/wp-json\/wp\/v2\/comments?post=713"}],"version-history":[{"count":1,"href":"https:\/\/blog.uclm.es\/luismariaromero\/wp-json\/wp\/v2\/pages\/713\/revisions"}],"predecessor-version":[{"id":714,"href":"https:\/\/blog.uclm.es\/luismariaromero\/wp-json\/wp\/v2\/pages\/713\/revisions\/714"}],"wp:attachment":[{"href":"https:\/\/blog.uclm.es\/luismariaromero\/wp-json\/wp\/v2\/media?parent=713"}],"curies":[{"name":"wp","href":"https:\/\/api.w.org\/{rel}","templated":true}]}}