{"id":706,"date":"2022-11-19T01:16:23","date_gmt":"2022-11-18T23:16:23","guid":{"rendered":"https:\/\/blog.uclm.es\/luismariaromero\/?page_id=706"},"modified":"2025-06-24T11:15:00","modified_gmt":"2025-06-24T09:15:00","slug":"capitulos","status":"publish","type":"page","link":"https:\/\/blog.uclm.es\/luismariaromero\/capitulos\/","title":{"rendered":"Cap\u00edtulos"},"content":{"rendered":"\n<p>ROMERO FLOR, L.M. \/ COLLADO YURRITA, M.A.: \u201cEl Sistema Tributario Espa\u00f1ol\u201d, <em>Manual de Derecho Tributario. Parte Especial, <\/em>1\u00aa edici\u00f3n, Atelier, Barcelona, 2012, pp. 31 a 53, ISBN: 978-84-92788-96-5.<\/p>\n\n\n\n<p>ROMERO FLOR, L.M. \/ COLLADO YURRITA, M.A.: \u201cEl Sistema Tributario Espa\u00f1ol\u201d, <em>Manual de Derecho Tributario. Parte Especial, <\/em>2\u00aa edici\u00f3n, Atelier, Barcelona, 2013, pp. 31 a 53, ISBN: 978-84-15690-31-3.<\/p>\n\n\n\n<p>ROMERO FLOR, L.M. \/ COLLADO YURRITA, M.A.: \u201cPrincipios constitucionales de derecho tributario: principios formales\u201d, <em>Derecho Financiero y Tributario. Parte General, <\/em>3\u00aa edici\u00f3n, Atelier, Barcelona, 2013, pp. 137 a 153, ISBN: 978-84-15690-30-6.<\/p>\n\n\n\n<p>ROMERO FLOR, L.M.: \u201cDerecho Financiero y Tributario\u201d, <em>Lecciones introductorias al Derecho<\/em>, Ediciones de la Universidad de Castilla-La Mancha, 2014, pp. 197 a 215, ISBN: 978-84-9044-085-8.<\/p>\n\n\n\n<p>ROMERO FLOR, L.M. \/ COLLADO YURRITA, M.A.: \u201cEl Sistema Tributario Espa\u00f1ol\u201d, <em>Manual de Derecho Tributario. Parte Especial, <\/em>3\u00aa edici\u00f3n, Atelier, Barcelona, 2015, pp. 31 a 52, ISBN: 978-84-15690-86-3.<\/p>\n\n\n\n<p>ROMERO FLOR, L.M. \/ COLLADO YURRITA, M.A.: \u201cPrincipios constitucionales de derecho tributario: principios formales\u201d, <em>Derecho Financiero y Tributario. Parte General, <\/em>4\u00aa edici\u00f3n, Atelier, Barcelona, 2015, pp. 139 a 155, ISBN: 978-84-15690-88-7.<\/p>\n\n\n\n<p>ROMERO FLOR, L.M.: \u201cLas desigualdades de g\u00e9nero y edad dentro del EEES y de su modelo de Universidad en el aprendizaje\u201d, <em>Experiencias de Innovaci\u00f3n Docente en Ense\u00f1anza Superior de Castilla-La Mancha<\/em>, Ediciones de la Universidad de Castilla-La Mancha, 2015, pp. 223 a 225, ISBN: 978-84-9044-147-3.<\/p>\n\n\n\n<p>ROMERO FLOR, L.M.: \u201cLa introducci\u00f3n de la lengua inglesa en asignaturas de contenido jur\u00eddico\u201d, <em>Innovar en tiempo de crisis. I Jornadas de Experiencias Educativas en la Universidad<\/em>, Ediciones de la Universidad de Castilla-La Mancha, 2015, pp. 143 a 148, ISBN: 978-84-9044-117-6.<\/p>\n\n\n\n<p>ROMERO FLOR, L.M. \/ COLLADO YURRITA, M.A.: \u201cEl Sistema Tributario Espa\u00f1ol\u201d, <em>Manual de Derecho Tributario. Parte Especial, <\/em>4\u00aa edici\u00f3n, Atelier, Barcelona, 2017, pp. 31 a 52, ISBN: 978-84-16652-68-6.<\/p>\n\n\n\n<p>ROMERO FLOR, L.M. \/ COLLADO YURRITA, M.A.: \u201cEl Sistema Tributario Espa\u00f1ol\u201d, <em>Manual de Derecho Tributario. Parte Especial, <\/em>5\u00aa edici\u00f3n, Atelier, Barcelona, 2018, pp. 31 a 52, ISBN: 978-84-17466-11-4.<\/p>\n\n\n\n<p>ROMERO FLOR, L.M. \/ COLLADO YURRITA, M.A.: \u201cPrincipios constitucionales de derecho tributario: principios formales\u201d, <em>Derecho Financiero y Tributario. Parte General, <\/em>5\u00aa edici\u00f3n, Atelier, Barcelona, 2018, pp. 141 a 157, ISBN: 978-84-17466-10-7.<\/p>\n\n\n\n<p>ROMERO FLOR, L.M.: \u201cLa docencia jur\u00eddica a \u00abjuicio\u00bb de un docente\u201d, <em>Implementaci\u00f3n de la educaci\u00f3n para el desarrollo sostenible en titulaciones jur\u00eddicas y sociales,<\/em> Tirant Humanidades, 2020, Valencia, pp. 95 a 102, ISBN: 978-84-17973-40-7.<\/p>\n\n\n\n<p>ROMERO FLOR, L.M. \/ COLLADO YURRITA, M.A.: \u201cEl Sistema Tributario Espa\u00f1ol\u201d, <em>Manual de Derecho Tributario. Parte Especial, <\/em>6\u00aa edici\u00f3n, Atelier, Barcelona, 2021, pp. 31 a 53, ISBN: 978-84-17466-11-4.<\/p>\n\n\n\n<p>ROMERO FLOR, L.M. \/ COLLADO YURRITA, M.A.: \u201cPrincipios constitucionales de derecho tributario: principios formales\u201d, <em>Derecho Financiero y Tributario. Parte General, <\/em>6\u00aa edici\u00f3n, Atelier, Barcelona, 2021, pp. 141 a 158, ISBN: 978-84-18244-54-4.<\/p>\n\n\n\n<p>ROMERO FLOR, L.M.: \u201cIntroducci\u00f3n a la fiscalidad internacional\u201d, <em>Derecho Financiero y Tributario. Parte General, <\/em>6\u00aa edici\u00f3n, Atelier, Barcelona, 2021, pp. 617 a 631, ISBN: 978-84-18244-54-4.<\/p>\n\n\n\n<p>ROMERO FLOR, L.M.: \u201cConcepto y contenido del Derecho Financiero\u201d, <em>Manual de Derecho Financiero y Tributario<\/em>, Delta Publicaciones, 2021, pp. 3 a 8, ISBN: 978-84-17526-45-0.<\/p>\n\n\n\n<p>ROMERO FLOR, L.M.: \u201cImpuestos especiales\u201d, <em>Manual de Derecho Financiero y Tributario<\/em>, Delta Publicaciones, 2021, pp. 283 a 301, ISBN: 978-84-17526-45-0.<\/p>\n\n\n\n<p>ROMERO FLOR, L.M.: \u201cImpuestos aduaneros\u201d, <em>Manual de Derecho Financiero y Tributario<\/em>, Delta Publicaciones, 2021, pp. 303 a 317, ISBN: 978-84-17526-45-0.<\/p>\n\n\n\n<p>ROMERO FLOR, L.M.: \u201cClases y elementos del tributo\u201d, <em>Manual de Casos Pr\u00e1cticos de Derecho Financiero y Tributario.<\/em> Atelier, Barcelona, 2022, pp. 33 a 56, ISBN: 978-84-18780-40-0. <\/p>\n\n\n\n<p>ROMERO FLOR, L.M.: \u201cImpuesto sobre Sociedades\u201d, <em>Manual de Casos Pr\u00e1cticos de Derecho Financiero y Tributario.<\/em> Atelier, Barcelona, 2022, pp. 137 a 168, ISBN: 978-84-18780-40-0. <\/p>\n\n\n\n<p>P\u00c9REZ DEL CASTILLO, R. \/ GUTI\u00c9RREZ BRONCANO, S. \/ VILLALUENGA DE GRACIA, S. \/ ROMERO FLOR, L.M. \/ ALFONSO GONZ\u00c1LEZ, M.E.: \u201cLa calidad en formaci\u00f3n continua para satisfacer las necesidades de una sociedad en constante cambio\u201d,&nbsp;<em>Avances en Educaci\u00f3n Superior e Investigaci\u00f3n<\/em>, Dykinson, Madrid, 2023, pp. 55, ISBN: 978-84-1170-268-3.<\/p>\n\n\n\n<p>ROMERO FLOR, L.M.: \u201cEl m\u00e9todo del caso y la flipped classrroom aplicados a la ense\u00f1anza del Derecho Financiero y Tributario en la UCLM\u201d,&nbsp;<em>Libro de Actas del Congreso CUICIID 2023<\/em>,&nbsp;F\u00f3rum Internacional de Comunicaci\u00f3n y Relaciones p\u00fablicas (F\u00f3rum XXI), Madrid, 2023, pp. 522, ISBN: 978-84-09-48185-9.<\/p>\n\n\n\n<p>ROMERO FLOR, L.M. \/ COLLADO YURRITA, M.A.: \u201cEl Sistema Tributario Espa\u00f1ol\u201d,\u00a0<em>Manual de Derecho Tributario. Parte Especial,\u00a0<\/em>7\u00aa edici\u00f3n, Atelier, Barcelona, 2023, pp. 31 a 55, ISBN: 978-84-19773-29-6.<\/p>\n\n\n\n<p>ROMERO FLOR, L.M. \/ COLLADO YURRITA, M.A.: \u201cPrincipios constitucionales de derecho tributario: principios formales\u201d,\u00a0<em>Derecho Financiero y Tributario. Parte General,\u00a0<\/em>7\u00aa edici\u00f3n, Atelier, Barcelona, 2023, pp. 141 a 157, ISBN: 978-84-19773-30-2.<\/p>\n\n\n\n<p>ROMERO FLOR, L.M.: \u201cIntroducci\u00f3n a la fiscalidad internacional\u201d,\u00a0<em>Derecho Financiero y Tributario. Parte General,\u00a0<\/em>7\u00aa edici\u00f3n, Atelier, Barcelona, 2023, pp. 619 a 633, ISBN: 978-84-19773-30-2.<\/p>\n\n\n\n<p>ROMERO FLOR, L.M.: \u201cEl m\u00e9todo del caso y la\u00a0<em>flipped clasroom<\/em>\u00a0aplicados a la ense\u00f1anza del Derecho Financiero y Tributario en la UCLM\u201d,\u00a0<em>Experiencias de Innovaci\u00f3n Docente en Ense\u00f1anza Superior de Castilla-La Mancha<\/em>, Ediciones de la Universidad de Castilla-La Mancha, 2023, pp. 157 a 159, ISSN: 2697-049X.<\/p>\n\n\n\n<p>ROMERO FLOR, L.M. \/ COLLADO YURRITA, M.A.: \u201cEl Sistema Tributario Espa\u00f1ol\u201d,\u00a0<em>Manual de Derecho Tributario. Parte Especial,\u00a0<\/em>8\u00aa edici\u00f3n, Atelier, Barcelona, 2024, pp. 31 a 55, ISBN: 978-84-10174-76-4.<\/p>\n\n\n\n<p>ROMERO FLOR, L.M.: \u201cLa lesi\u00f3n al derecho fundamental sustantivo de inviolabilidad del domicilio no supone la vulneraci\u00f3n autom\u00e1tica del derecho a un proceso con todas las garant\u00edas a la luz de la STS de 9 de junio de 2023\u201d,\u00a0<em>Jurisprudencia tributaria pr\u00e1ctica para la ense\u00f1anza del Derecho Financiero y Tributario<\/em>, Atelier, Barcelona, 2024, pp. 67 a 87, ISBN: 978-84-10174-78-8.<\/p>\n\n\n\n<p>ROMERO FLOR, L.M.: \u201cLa ense\u00f1anza del derecho financiero y tributario en la Universidad de Castilla-La Mancha a trav\u00e9s del m\u00e9todo del caso y la flipped classroom\u201d,\u00a0<em>Legalidad, derecho y pol\u00edtica. Marcos jur\u00eddicos para un nuevo contrato social<\/em>, Editoral Peter Lang, 2024, pp. 363 a 372, ISBN: 978-3-631-91599-8.<\/p>\n","protected":false},"excerpt":{"rendered":"<p>ROMERO FLOR, L.M. \/ COLLADO YURRITA, M.A.: \u201cEl Sistema Tributario Espa\u00f1ol\u201d, Manual de Derecho Tributario. Parte Especial, 1\u00aa edici\u00f3n, Atelier, Barcelona, 2012, pp. 31 a 53, ISBN: 978-84-92788-96-5. ROMERO FLOR, L.M. \/ COLLADO YURRITA, M.A.: \u201cEl Sistema Tributario Espa\u00f1ol\u201d, Manual de Derecho Tributario. Parte Especial, 2\u00aa edici\u00f3n, Atelier, Barcelona, 2013, pp. 31 a 53, ISBN: [&hellip;]<\/p>\n","protected":false},"author":51,"featured_media":0,"parent":0,"menu_order":0,"comment_status":"closed","ping_status":"closed","template":"","meta":{"footnotes":""},"class_list":["post-706","page","type-page","status-publish","hentry"],"_links":{"self":[{"href":"https:\/\/blog.uclm.es\/luismariaromero\/wp-json\/wp\/v2\/pages\/706","targetHints":{"allow":["GET"]}}],"collection":[{"href":"https:\/\/blog.uclm.es\/luismariaromero\/wp-json\/wp\/v2\/pages"}],"about":[{"href":"https:\/\/blog.uclm.es\/luismariaromero\/wp-json\/wp\/v2\/types\/page"}],"author":[{"embeddable":true,"href":"https:\/\/blog.uclm.es\/luismariaromero\/wp-json\/wp\/v2\/users\/51"}],"replies":[{"embeddable":true,"href":"https:\/\/blog.uclm.es\/luismariaromero\/wp-json\/wp\/v2\/comments?post=706"}],"version-history":[{"count":3,"href":"https:\/\/blog.uclm.es\/luismariaromero\/wp-json\/wp\/v2\/pages\/706\/revisions"}],"predecessor-version":[{"id":872,"href":"https:\/\/blog.uclm.es\/luismariaromero\/wp-json\/wp\/v2\/pages\/706\/revisions\/872"}],"wp:attachment":[{"href":"https:\/\/blog.uclm.es\/luismariaromero\/wp-json\/wp\/v2\/media?parent=706"}],"curies":[{"name":"wp","href":"https:\/\/api.w.org\/{rel}","templated":true}]}}