{"id":692,"date":"2022-11-18T19:20:55","date_gmt":"2022-11-18T17:20:55","guid":{"rendered":"https:\/\/blog.uclm.es\/luismariaromero\/?page_id=692"},"modified":"2023-01-20T21:48:29","modified_gmt":"2023-01-20T19:48:29","slug":"titulos-de-postgrado-2","status":"publish","type":"page","link":"https:\/\/blog.uclm.es\/luismariaromero\/titulos-de-postgrado-2\/","title":{"rendered":"T\u00edtulos de Postgrado"},"content":{"rendered":"\n<p><strong>Conceptos y Procedimientos Tributarios<\/strong>. Maestr\u00eda en Asesor\u00eda en Tributaci\u00f3n. Universidad Rafael Landivar (<strong>Guatemala<\/strong>). Del 27 de septiembre al 1 de octubre de 2010. Carga lectiva 25 horas.<\/p>\n\n\n\n<p><strong>Actuaciones y procedimientos de inspecci\u00f3n: en especial, la conformidad y el acuerdo con el contribuyente. <\/strong>Curso de Postgrado para Juristas Latinoamericanos sobre <em>Gesti\u00f3n Tributaria<\/em>. XI Edici\u00f3n de los Cursos de Postgrado en Derecho de la Universidad de Castilla-La Mancha. 17 de enero de 2011. Carga lectiva 2 horas 15 minutos.<\/p>\n\n\n\n<p><strong>Imposici\u00f3n sobre la Renta de no Residentes<\/strong>. M\u00e1ster en Fiscalidad Internacional y Tributaci\u00f3n. Universidad San Mart\u00edn de Porres (<strong>Per\u00fa<\/strong>). Del 13 al 15 de octubre de 2011. Carga lectiva 10 ECTS.<\/p>\n\n\n\n<p><strong>Tributos Internos en Guatemala III<\/strong>. Maestr\u00eda en Asesor\u00eda en Tributaci\u00f3n. Universidad Rafael Landivar (<strong>Guatemala<\/strong>). Del 21 al 25 de octubre de 2011. Carga lectiva 25 horas.<\/p>\n\n\n\n<p><strong>Tratamiento fiscal de las entidades holding. <\/strong>Curso de Postgrado para Juristas Latinoamericanos sobre <em>Fiscalidad Internacional y Europea<\/em>. XII Edici\u00f3n de los Cursos de Postgrado en Derecho de la Universidad de Castilla-La Mancha. 19 de enero de 2012. Carga lectiva 2 horas 15 minutos.<\/p>\n\n\n\n<p><strong>Derecho Financiero<\/strong>. VIII Edici\u00f3n de la Escuela del Derecho Espa\u00f1ol y Europeo. Universidad de Varsovia (<strong>Polonia<\/strong>). Del 22 al 24 de marzo de 2012. Carga lectiva 15 horas.<\/p>\n\n\n\n<p><strong>Tributos Internos en Guatemala III<\/strong>. Maestr\u00eda en Asesor\u00eda en Tributaci\u00f3n. Universidad Rafael Landivar (<strong>Guatemala<\/strong>). Del 15 al 19 de octubre de 2012. Carga lectiva 25 horas.<\/p>\n\n\n\n<p><strong>Estructura del Tributo<\/strong>. M\u00e1ster en Derecho Tributario. Universidad Tecnol\u00f3gica Centroamericana (<strong>Honduras<\/strong>). 2011\/12. Carga lectiva 4 ECTS.<\/p>\n\n\n\n<p><strong>La protecci\u00f3n comunitaria del contribuyente nacional: cuestiones abiertas en los ordenamientos espa\u00f1ol e italiano<\/strong>. Dottorato di Ricerca in Diritto Tributario Europeo. Universidad de Bolonia (<strong>Italia<\/strong>). 2012.<\/p>\n\n\n\n<p><strong>Derecho Financiero<\/strong>. IX Edici\u00f3n de la Escuela del Derecho Espa\u00f1ol y Europeo. Universidad de Varsovia (<strong>Polonia<\/strong>). Del 25 al 27 de octubre de 2013. Carga lectiva 15 horas.<\/p>\n\n\n\n<p><strong>Derecho Tributario Local<\/strong>. M\u00e1ster en Derecho Tributario. Universidad Tecnol\u00f3gica Centroamericana (<strong>Honduras<\/strong>). 2012\/2013. Carga lectiva 4 ECTS.<\/p>\n\n\n\n<p><strong>Metodolog\u00eda de la Investigaci\u00f3n Jur\u00eddico-Tributaria<\/strong>. M\u00e1ster en Derecho Tributario. Universidad Tecnol\u00f3gica Centroamericana (<strong>Honduras<\/strong>). 2012\/2013. Carga lectiva 4 ECTS.<\/p>\n\n\n\n<p><strong>Introducci\u00f3n al sistema tributario local: principios y reglas de establecimiento y ordenaci\u00f3n<\/strong>. M\u00e1ster en Tributaci\u00f3n y Gesti\u00f3n Presupuestaria Local. Universidad de Castilla-La Mancha. 2013\/14 a 2022\/23. Carga lectiva 4 ECTS.<\/p>\n\n\n\n<p><strong>La inspecci\u00f3n de los tributos: algunas cuestiones problem\u00e1ticas. <\/strong>Curso de Postgrado para Juristas Latinoamericanos sobre <em>Gesti\u00f3n Tributaria y Globalizaci\u00f3n: Potestades de la Administraci\u00f3n y Derecho del Contribuyente<\/em>. XIII Edici\u00f3n de los Cursos de Postgrado en Derecho de la Universidad de Castilla-La Mancha. 2013. Carga lectiva 2 horas 15 minutos.<\/p>\n\n\n\n<p><strong>Actuaciones y procedimientos de inspecci\u00f3n: en especial, la conformidad y el acuerdo con el contribuyente. <\/strong>Curso de Postgrado para Juristas Latinoamericanos sobre <em>Gesti\u00f3n Tributaria y Globalizaci\u00f3n: Potestades de la Administraci\u00f3n y Derecho del Contribuyente<\/em>. XIV Edici\u00f3n de los Cursos de Postgrado en Derecho de la Universidad de Castilla-La Mancha. 20 de enero de 2014. Carga lectiva 2 horas 15 minutos.<\/p>\n\n\n\n<p><strong>Derecho Financiero<\/strong>. X Edici\u00f3n de la Escuela del Derecho Espa\u00f1ol y Europeo. Universidad de Varsovia (<strong>Polonia<\/strong>). Del 30 de enero al 1 de febrero de 2014. Carga lectiva 15 horas.<\/p>\n\n\n\n<p><strong>La igualdad de g\u00e9nero y el Derecho Tributario<\/strong>. M\u00e1ster en Prevenci\u00f3n y Tratamiento de la Violencia Dom\u00e9stica (un enfoque intrafamiliar). Universidad de Castilla-La Mancha. 2013\/14 a 2022\/23. Carga lectiva 2 ECTS.<\/p>\n\n\n\n<p><strong>El procedimiento de inspecci\u00f3n tributaria frente al fraude fiscal. <\/strong>Curso de Postgrado para Juristas Latinoamericanos sobre <em>Control del fraude fiscal y prevenci\u00f3n del blanqueo de capitales<\/em>. XV Edici\u00f3n de los Cursos de Postgrado en Derecho de la Universidad de Castilla-La Mancha. 14 de enero de 2015. Carga lectiva 2 horas 15 minutos.<\/p>\n\n\n\n<p><strong>Derecho Financiero<\/strong>. XII Edici\u00f3n de la Escuela del Derecho Espa\u00f1ol y Europeo. Universidad de Varsovia (<strong>Polonia<\/strong>). Del 5 al 7 de noviembre de 2015. Carga lectiva 15 horas.<\/p>\n\n\n\n<p><strong>Fiscalidad ambiental<\/strong>. M\u00e1ster en Derecho Medioambiental y Sostenibilidad. Universidad de Castilla-La Mancha. 2014\/15 a 2022\/23. Carga lectiva 2 ECTS.<\/p>\n\n\n\n<p><strong>El procedimiento de inspecci\u00f3n tributaria frente al fraude fiscal. <\/strong>Curso de Postgrado para Juristas Latinoamericanos sobre <em>Prevenci\u00f3n y represi\u00f3n del fraude fiscal y medidas para la regularizaci\u00f3n de capitales ocultos<\/em>. XVI Edici\u00f3n de los Cursos de Postgrado en Derecho de la Universidad de Castilla-La Mancha. 13 de enero de 2016. Carga lectiva 2 horas 15 minutos.<\/p>\n\n\n\n<p><strong>Los derechos del contribuyente ante la Inspecci\u00f3n de los tributos: el domicilio constitucionalmente protegido. <\/strong>Curso de Postgrado para Juristas Latinoamericanos sobre <em>Control del fraude fiscal y prevenci\u00f3n del blanqueo de capitales<\/em>. XVII Edici\u00f3n de los Cursos de Postgrado en Derecho de la Universidad de Castilla-La Mancha. 16 de enero de 2017. Carga lectiva 2 horas 15 minutos.<\/p>\n\n\n\n<p><strong>La entrada en el domicilio constitucionalmente protegido por la Inspecci\u00f3n de los Tributos. <\/strong>Curso de Postgrado para Juristas Latinoamericanos sobre <em>Derechos Fundamentales y Hacienda P\u00fablica (Perspectiva Internacional, Europea y Nacional)<\/em>. XVIII Edici\u00f3n de los Cursos de Postgrado en Derecho de la Universidad de Castilla-La Mancha. 22 de enero de 2018. Carga lectiva 2 horas 15 minutos.<\/p>\n\n\n\n<p><strong>Aspectos fundamentales de la fiscalidad internacional. <\/strong>Study aboard <em>Maestr\u00eda en Derecho P\u00fablico y Privado<\/em>. Universidad de Castilla-La Mancha. 11 de enero de 2019. Carga lectiva 4 horas.<\/p>\n\n\n\n<p><strong>Derechos Humanos vs Obligaciones tributarias: la entrada domiciliaria. <\/strong>Curso de Postgrado para Juristas Latinoamericanos sobre <em>Tributos y Derechos Humanos de los Contribuyentes<\/em>. XX Edici\u00f3n de los Cursos de Postgrado en Derecho de la Universidad de Castilla-La Mancha. 21 de enero de 2020. Carga lectiva 2 horas 15 minutos.<\/p>\n\n\n\n<p><strong>Sistemas alternativos de resoluci\u00f3n de conflictos tributarios en el derecho comparado. <\/strong>Curso de Postgrado para Juristas Latinoamericanos sobre <em>Tax Compliance<\/em>. XXI Edici\u00f3n de los Cursos de Postgrado en Derecho de la Universidad de Castilla-La Mancha. 21 de enero de 2021. Carga lectiva 2 horas 15 minutos.<\/p>\n\n\n\n<p><strong>La tributaci\u00f3n laber\u00edntica de las criptomonedas. <\/strong>Curso de Postgrado para Juristas Latinoamericanos sobre <em>Fiscalidad, Digitalizaci\u00f3n e Inteligencia Artificial<\/em>. XXII Edici\u00f3n de los Cursos de Postgrado en Derecho de la Universidad de Castilla-La Mancha. 11 de enero de 2022. Carga lectiva 2 horas 15 minutos.<\/p>\n\n\n\n<p><strong>Tributaci\u00f3n de las criptomonedas. <\/strong>Curso de Postgrado para Juristas Latinoamericanos sobre <em>Gesti\u00f3n tributaria y nuevos modelos de negocios<\/em>. XXIII Edici\u00f3n de los Cursos de Postgrado en Derecho de la Universidad de Castilla-La Mancha. 20 de enero de 2023. Carga lectiva 2 horas 15 minutos.<\/p>\n","protected":false},"excerpt":{"rendered":"<p>Conceptos y Procedimientos Tributarios. Maestr\u00eda en Asesor\u00eda en Tributaci\u00f3n. Universidad Rafael Landivar (Guatemala). Del 27 de septiembre al 1 de octubre de 2010. Carga lectiva 25 horas. Actuaciones y procedimientos de inspecci\u00f3n: en especial, la conformidad y el acuerdo con el contribuyente. Curso de Postgrado para Juristas Latinoamericanos sobre Gesti\u00f3n Tributaria. XI Edici\u00f3n de los [&hellip;]<\/p>\n","protected":false},"author":51,"featured_media":0,"parent":0,"menu_order":0,"comment_status":"closed","ping_status":"closed","template":"","meta":{"footnotes":""},"class_list":["post-692","page","type-page","status-publish","hentry"],"_links":{"self":[{"href":"https:\/\/blog.uclm.es\/luismariaromero\/wp-json\/wp\/v2\/pages\/692","targetHints":{"allow":["GET"]}}],"collection":[{"href":"https:\/\/blog.uclm.es\/luismariaromero\/wp-json\/wp\/v2\/pages"}],"about":[{"href":"https:\/\/blog.uclm.es\/luismariaromero\/wp-json\/wp\/v2\/types\/page"}],"author":[{"embeddable":true,"href":"https:\/\/blog.uclm.es\/luismariaromero\/wp-json\/wp\/v2\/users\/51"}],"replies":[{"embeddable":true,"href":"https:\/\/blog.uclm.es\/luismariaromero\/wp-json\/wp\/v2\/comments?post=692"}],"version-history":[{"count":4,"href":"https:\/\/blog.uclm.es\/luismariaromero\/wp-json\/wp\/v2\/pages\/692\/revisions"}],"predecessor-version":[{"id":855,"href":"https:\/\/blog.uclm.es\/luismariaromero\/wp-json\/wp\/v2\/pages\/692\/revisions\/855"}],"wp:attachment":[{"href":"https:\/\/blog.uclm.es\/luismariaromero\/wp-json\/wp\/v2\/media?parent=692"}],"curies":[{"name":"wp","href":"https:\/\/api.w.org\/{rel}","templated":true}]}}