{"id":689,"date":"2022-11-18T19:19:00","date_gmt":"2022-11-18T17:19:00","guid":{"rendered":"https:\/\/blog.uclm.es\/luismariaromero\/?page_id=689"},"modified":"2024-03-03T12:30:54","modified_gmt":"2024-03-03T10:30:54","slug":"master-universitarios-oficiales","status":"publish","type":"page","link":"https:\/\/blog.uclm.es\/luismariaromero\/master-universitarios-oficiales\/","title":{"rendered":"M\u00e1ster Universitarios Oficiales"},"content":{"rendered":"\n<p><strong>Metodolog\u00eda<\/strong>. M\u00e1ster Universitario en Fiscalidad Internacional y Comunitaria. Universidad de Castilla-La Mancha. 6 ECTS. 2009\/10 a 2019\/20.<\/p>\n\n\n\n<p><strong>Principios Constitucionales de la Tributaci\u00f3n<\/strong>. M\u00e1ster Universitario en Derechos Fundamentales y Libertades P\u00fablicas. Universidad de Castilla-La Mancha. 4,5 ECTS. 2010\/11 a 2011\/12.<\/p>\n\n\n\n<p><strong>Problemas y tendencias actuales en la Fiscalidad Internacional<\/strong>. M\u00e1ster Universitario en Fiscalidad Internacional y Comunitaria. Universidad de Castilla-La Mancha. 2 ECTS. 2010\/11.<\/p>\n\n\n\n<p><strong>Fiscalidad de la inversi\u00f3n exterior en Espa\u00f1a<\/strong>. M\u00e1ster Universitario en Fiscalidad Internacional y Comunitaria. Universidad de Castilla-La Mancha. 2 ECTS. 2011\/12 a 2019\/20.<\/p>\n\n\n\n<p><strong>Pr\u00e1ctica Jurisdiccional Administrativa: Derecho Financiero<\/strong>. M\u00e1ster Universitario en Acceso a la Abogac\u00eda. Universidad de Castilla-La Mancha. 2 ECTS. 2014\/15 a 2016\/17.<\/p>\n\n\n\n<p><strong>Metodolog\u00eda<\/strong>. M\u00e1ster Universitario en Fiscalidad Internacional y Europea. Universidad de Castilla-La Mancha. 6 ECTS. 2020\/21 a 2023\/24.<\/p>\n\n\n\n<p><strong>Fiscalidad de la inversi\u00f3n exterior en Espa\u00f1a<\/strong>. M\u00e1ster Universitario en Fiscalidad Internacional y Europea. Universidad de Castilla-La Mancha. 2 ECTS. 2020\/21 a 2023\/24.<\/p>\n","protected":false},"excerpt":{"rendered":"<p>Metodolog\u00eda. M\u00e1ster Universitario en Fiscalidad Internacional y Comunitaria. Universidad de Castilla-La Mancha. 6 ECTS. 2009\/10 a 2019\/20. Principios Constitucionales de la Tributaci\u00f3n. M\u00e1ster Universitario en Derechos Fundamentales y Libertades P\u00fablicas. Universidad de Castilla-La Mancha. 4,5 ECTS. 2010\/11 a 2011\/12. Problemas y tendencias actuales en la Fiscalidad Internacional. M\u00e1ster Universitario en Fiscalidad Internacional y Comunitaria. Universidad [&hellip;]<\/p>\n","protected":false},"author":51,"featured_media":0,"parent":0,"menu_order":0,"comment_status":"closed","ping_status":"closed","template":"","meta":{"footnotes":""},"class_list":["post-689","page","type-page","status-publish","hentry"],"_links":{"self":[{"href":"https:\/\/blog.uclm.es\/luismariaromero\/wp-json\/wp\/v2\/pages\/689","targetHints":{"allow":["GET"]}}],"collection":[{"href":"https:\/\/blog.uclm.es\/luismariaromero\/wp-json\/wp\/v2\/pages"}],"about":[{"href":"https:\/\/blog.uclm.es\/luismariaromero\/wp-json\/wp\/v2\/types\/page"}],"author":[{"embeddable":true,"href":"https:\/\/blog.uclm.es\/luismariaromero\/wp-json\/wp\/v2\/users\/51"}],"replies":[{"embeddable":true,"href":"https:\/\/blog.uclm.es\/luismariaromero\/wp-json\/wp\/v2\/comments?post=689"}],"version-history":[{"count":2,"href":"https:\/\/blog.uclm.es\/luismariaromero\/wp-json\/wp\/v2\/pages\/689\/revisions"}],"predecessor-version":[{"id":867,"href":"https:\/\/blog.uclm.es\/luismariaromero\/wp-json\/wp\/v2\/pages\/689\/revisions\/867"}],"wp:attachment":[{"href":"https:\/\/blog.uclm.es\/luismariaromero\/wp-json\/wp\/v2\/media?parent=689"}],"curies":[{"name":"wp","href":"https:\/\/api.w.org\/{rel}","templated":true}]}}