{"id":686,"date":"2022-11-18T19:16:44","date_gmt":"2022-11-18T17:16:44","guid":{"rendered":"https:\/\/blog.uclm.es\/luismariaromero\/?page_id=686"},"modified":"2024-03-03T12:30:11","modified_gmt":"2024-03-03T10:30:11","slug":"doctorado-2","status":"publish","type":"page","link":"https:\/\/blog.uclm.es\/luismariaromero\/doctorado-2\/","title":{"rendered":"Doctorado"},"content":{"rendered":"\n<p><strong>Metodolog\u00eda de la Investigaci\u00f3n Jur\u00eddica<\/strong>. Programa Oficial de Doctorado en Derecho. Escuela Internacional de Doctorado. Universidad de Castilla-La Mancha. 6 ECTS. 2014\/15 a 2023\/24<\/p>\n","protected":false},"excerpt":{"rendered":"<p>Metodolog\u00eda de la Investigaci\u00f3n Jur\u00eddica. Programa Oficial de Doctorado en Derecho. Escuela Internacional de Doctorado. Universidad de Castilla-La Mancha. 6 ECTS. 2014\/15 a 2023\/24<\/p>\n","protected":false},"author":51,"featured_media":0,"parent":0,"menu_order":0,"comment_status":"closed","ping_status":"closed","template":"","meta":{"footnotes":""},"class_list":["post-686","page","type-page","status-publish","hentry"],"_links":{"self":[{"href":"https:\/\/blog.uclm.es\/luismariaromero\/wp-json\/wp\/v2\/pages\/686","targetHints":{"allow":["GET"]}}],"collection":[{"href":"https:\/\/blog.uclm.es\/luismariaromero\/wp-json\/wp\/v2\/pages"}],"about":[{"href":"https:\/\/blog.uclm.es\/luismariaromero\/wp-json\/wp\/v2\/types\/page"}],"author":[{"embeddable":true,"href":"https:\/\/blog.uclm.es\/luismariaromero\/wp-json\/wp\/v2\/users\/51"}],"replies":[{"embeddable":true,"href":"https:\/\/blog.uclm.es\/luismariaromero\/wp-json\/wp\/v2\/comments?post=686"}],"version-history":[{"count":2,"href":"https:\/\/blog.uclm.es\/luismariaromero\/wp-json\/wp\/v2\/pages\/686\/revisions"}],"predecessor-version":[{"id":866,"href":"https:\/\/blog.uclm.es\/luismariaromero\/wp-json\/wp\/v2\/pages\/686\/revisions\/866"}],"wp:attachment":[{"href":"https:\/\/blog.uclm.es\/luismariaromero\/wp-json\/wp\/v2\/media?parent=686"}],"curies":[{"name":"wp","href":"https:\/\/api.w.org\/{rel}","templated":true}]}}