{"id":308,"date":"2018-03-09T21:04:08","date_gmt":"2018-03-09T20:04:08","guid":{"rendered":"http:\/\/blog.uclm.es\/luismariaromero\/?page_id=308"},"modified":"2022-11-18T19:04:58","modified_gmt":"2022-11-18T17:04:58","slug":"breve-curriculum","status":"publish","type":"page","link":"https:\/\/blog.uclm.es\/luismariaromero\/breve-curriculum\/","title":{"rendered":"Breve Curr\u00edculum"},"content":{"rendered":"<p>Licenciado en Derecho por la Universidad de Castilla-La Mancha (2003) y Doctor en Derecho por esta misma Universidad y Doctor en Derecho Tributario por la Universidad de Bolonia (2010). Actualmente Profesor Titular de Derecho Financiero y Tributario en la Facultad de Ciencias Jur\u00eddica y Sociales de Toledo.<\/p>\n<p>Entre los campos de investigaci\u00f3n destacan estudios sobre los medios alternativos (arbitraje, mediaci\u00f3n, conciliaci\u00f3n) de resoluci\u00f3n de conflictos en materia tributaria, la tributaci\u00f3n nacional e internacional de Entidades de Tenencia de Valores Extranjeros, Entidades en R\u00e9gimen de Atribuci\u00f3n de Rentas, Trust, Partnership y Holding, medios y mecanismos para evitar o paliar la doble imposici\u00f3n interna e internacional, intercambio de informaci\u00f3n, tributaci\u00f3n local, derechos y garant\u00edas de los contribuyentes frente a la Administraci\u00f3n Tributaria (en especial ante una inspecci\u00f3n tributaria y la posible vulneraci\u00f3n del domicilio constitucionalmente protegido, o el derecho a no declarar contra s\u00ed mismo en el \u00e1mbito tributario), suministro inmediato de informaci\u00f3n en el IVA y, junto a ello, tambi\u00e9n he trabajado sobre diversos \u00e1mbitos sociales, como la fiscalidad de la daci\u00f3n en pago o de las personas con discapacidad, o la igualdad de g\u00e9nero en el \u00e1mbito tributario. Todos estos estudios han sido objeto de diversas monograf\u00edas, participaci\u00f3n en libros colectivos y art\u00edculos en revistas especializadas.<\/p>\n<p>Investigador en proyectos relativos a la fiscalidad y nuevas tecnolog\u00edas en el comercio y de la informaci\u00f3n, tutela del contribuyente en el Derecho comunitario, mecanismos de intercambio de informaci\u00f3n tributaria, lucha contra el fraude fiscal y medidas antielusi\u00f3n fiscal en el ordenamiento espa\u00f1ol y en los Convenios para evitar la Doble Imposici\u00f3n Internacional.<\/p>\n<p>Ha ejercido diversas funciones relacionadas con la gesti\u00f3n, entre las que destaca, entre otras, ser actualmente Subdirector del Centro de Estudios de Posgrado (CEP), as\u00ed como haber sido Vicedecano de Ordenaci\u00f3n Acad\u00e9mica y Comunicaci\u00f3n, Coordinador de Campus del M\u00e1ster Oficial de Acceso a la Abogac\u00eda, Secretario de la Revista Jur\u00eddica de Castilla-La Mancha, Coordinador de Curso del Grado en Derecho, Coordinador Internacional de Movilidad Estudiantil, as\u00ed como secretario de diversos t\u00edtulos de Postgrado con Universidades Latinoamericanas.<\/p>\n","protected":false},"excerpt":{"rendered":"<p>Licenciado en Derecho por la Universidad de Castilla-La Mancha (2003) y Doctor en Derecho por esta misma Universidad y Doctor en Derecho Tributario por la Universidad de Bolonia (2010). Actualmente Profesor Titular de Derecho Financiero y Tributario en la Facultad de Ciencias Jur\u00eddica y Sociales de Toledo. Entre los campos de investigaci\u00f3n destacan estudios sobre [&hellip;]<\/p>\n","protected":false},"author":51,"featured_media":0,"parent":0,"menu_order":0,"comment_status":"closed","ping_status":"closed","template":"","meta":{"footnotes":""},"class_list":["post-308","page","type-page","status-publish","hentry"],"_links":{"self":[{"href":"https:\/\/blog.uclm.es\/luismariaromero\/wp-json\/wp\/v2\/pages\/308","targetHints":{"allow":["GET"]}}],"collection":[{"href":"https:\/\/blog.uclm.es\/luismariaromero\/wp-json\/wp\/v2\/pages"}],"about":[{"href":"https:\/\/blog.uclm.es\/luismariaromero\/wp-json\/wp\/v2\/types\/page"}],"author":[{"embeddable":true,"href":"https:\/\/blog.uclm.es\/luismariaromero\/wp-json\/wp\/v2\/users\/51"}],"replies":[{"embeddable":true,"href":"https:\/\/blog.uclm.es\/luismariaromero\/wp-json\/wp\/v2\/comments?post=308"}],"version-history":[{"count":4,"href":"https:\/\/blog.uclm.es\/luismariaromero\/wp-json\/wp\/v2\/pages\/308\/revisions"}],"predecessor-version":[{"id":676,"href":"https:\/\/blog.uclm.es\/luismariaromero\/wp-json\/wp\/v2\/pages\/308\/revisions\/676"}],"wp:attachment":[{"href":"https:\/\/blog.uclm.es\/luismariaromero\/wp-json\/wp\/v2\/media?parent=308"}],"curies":[{"name":"wp","href":"https:\/\/api.w.org\/{rel}","templated":true}]}}