{"id":46,"date":"2013-01-12T16:25:44","date_gmt":"2013-01-12T15:25:44","guid":{"rendered":"http:\/\/blog.uclm.es\/luisarroyozapatero\/?page_id=46"},"modified":"2022-11-09T18:44:24","modified_gmt":"2022-11-09T18:44:24","slug":"breve-cv-2","status":"publish","type":"page","link":"https:\/\/blog.uclm.es\/luisarroyozapatero\/breve-cv-2\/","title":{"rendered":""},"content":{"rendered":"<p><img loading=\"lazy\" decoding=\"async\" class=\"alignleft wp-image-115\" src=\"https:\/\/blog.uclm.es\/luisarroyozapatero\/wp-content\/uploads\/sites\/188\/2013\/07\/FOTO-BODA-LUIS2-scaled.jpg\" alt=\"\" width=\"284\" height=\"189\" srcset=\"https:\/\/blog.uclm.es\/luisarroyozapatero\/wp-content\/uploads\/sites\/188\/2013\/07\/FOTO-BODA-LUIS2-scaled.jpg 2560w, https:\/\/blog.uclm.es\/luisarroyozapatero\/wp-content\/uploads\/sites\/188\/2013\/07\/FOTO-BODA-LUIS2-300x199.jpg 300w, https:\/\/blog.uclm.es\/luisarroyozapatero\/wp-content\/uploads\/sites\/188\/2013\/07\/FOTO-BODA-LUIS2-1024x681.jpg 1024w, https:\/\/blog.uclm.es\/luisarroyozapatero\/wp-content\/uploads\/sites\/188\/2013\/07\/FOTO-BODA-LUIS2-768x511.jpg 768w, https:\/\/blog.uclm.es\/luisarroyozapatero\/wp-content\/uploads\/sites\/188\/2013\/07\/FOTO-BODA-LUIS2-1536x1021.jpg 1536w, https:\/\/blog.uclm.es\/luisarroyozapatero\/wp-content\/uploads\/sites\/188\/2013\/07\/FOTO-BODA-LUIS2-2048x1362.jpg 2048w\" sizes=\"auto, (max-width: 284px) 100vw, 284px\" \/>Catedr\u00e1tico de Derecho penal y director del Instituto de Derecho penal europeo e internacional de la Universidad de Castilla\u2010La Mancha, de la que es Rector em\u00e9rito. Desde 2002 es presidente de <em>Soci\u00e9t\u00e9 Internationale de D\u00e9fense Sociale<\/em> y miembro correspondiente de la <em>Acad\u00e9mie de Sciences Morales et Politiques<\/em> de Francia desde 2019. Desde 2006 miembro del Consejo cient\u00edfico asesor del Instituto Max-Plank de Derecho penal extranjero e internacional de Friburgo de Brisgovia y vicepresidente del mismo desde 2009 a 2018. Miembro desde enero de 2021 del Consejo cient\u00edfico del Institut for Criminal Law and Criminal Justice of the European Public Law Organization.<\/p>\n<p>Nacido en Valladolid en 1951, estudi\u00f3 en la Facultad de Derecho de la Universidad de Valladolid y concluye en 1974 con sobresaliente y premio extraordinario. Como becario del DAAD realiza estudios de Doctorado en el Instituto de Ciencias Penales de la Universidad de Colonia de 1975 a 1977, junto al Prof H. J. Hirsch. Desde 1977 Ayudante de Derecho penal en la C\u00e1tedra del Prof. Marino Barbero Santos en la Universidad Complutense de Madrid, en la que se doctora en 1980 con sobresaliente <em>cum laude <\/em>con una tesis sobre <em>La Responsabilidad en los delitos imprudentes de comisi\u00f3n por omisi\u00f3n en accidentes de trabajo<\/em>, que merece el premio de la Fundaci\u00f3n Universidad\u2010Empresa de la C\u00e1mara de Comercio y de las Universidades de Madrid. Profesor Titular de Derecho penal en la Universidad Complutense desde 1982. Desde 1983, investigador invitado en el Instituto de Criminolog\u00eda y Derecho penal econ\u00f3mico de la Universidad de Friburgo, junto al Profesor Tiedemann. Catedr\u00e1tico y Decano Fundador de la Facultad de Derecho de la Universidad de Castilla La Mancha en Albacete, 1985. Rector de la Universidad de Castilla\u2010 La Mancha, cargo que desempe\u00f1a tras sucesivas elecciones desde 1988 hasta el a\u00f1o 2003.<\/p>\n<p>Las publicaciones se han centrado fundamentalmente en cuatro campos: La protecci\u00f3n penal del ser humano en el trabajo, el Derecho penal econ\u00f3mico, el Derecho penal europeo y las relaciones entre el Derecho penal y Constituci\u00f3n, siempre con una especial preocupaci\u00f3n por el Derecho comparado y del Derecho comparado de los pa\u00edses europeos y latinoamericanos. Entre ellas se encuentran: \u201cLa protecci\u00f3n penal de la seguridad en el Trabajo\u201d. Ministerio de Trabajo. Madrid. 1981.; \u201cDelitos contra la hacienda p\u00fablica en materia de subvenciones\u201d. Ministerio de Justicia. Madrid. 1987; \u201cManual de Derecho Penal del Trabajo\u201d. Editorial Praxis S.A. Barcelona. 1988; \u201cEstudios de Derecho Penal Econ\u00f3mico\u201d. Universidad de Castilla\u2010La Mancha. Cuenca. 1994; \u201cLecciones de Derecho Penal. Parte General\u201d. Editorial Praxis, S. A. Barcelona. 1996; C\u00f3digo de Derecho Penal Europeo e internacional, Ministerio de Justicia. Madrid 2008; \u201cHacia la abolici\u00f3n universal de la pena capital\u201d. Tirant lo Blanch. Valencia. 2010. d As\u00ed como una treintena de art\u00edculos cient\u00edficos, algunos de ellos en alem\u00e1n, franc\u00e9s, italiano, portugu\u00e9s, ingl\u00e9s, japon\u00e9s y rumano que pueden verse en lista anexa.<\/p>\n<p>Presidente de la <em>Soci\u00e9t\u00e9 Internationale de D\u00e9fense Sociale (2003)<\/em>. Vicepresidente de la <em>Asociation Internationale de Droit P\u00e9nal <\/em>(2007), de cuyo grupo nacional espa\u00f1ol fue Presidente. Miembro del Consejo de Direcci\u00f3n de la <em>International Society of Criminology <\/em>(2005). Desde 2004 es Vocal permanente de la Comisi\u00f3n General de Codificaci\u00f3n del Ministerio de Justicia. Desde 2006 miembro del Consejo cient\u00edfico asesor del <em>Instituto MaxPlank <\/em>de Derecho penal extranjero e internacional de Friburgo de Brisgovia y Vicepresidente del mismo desde 2009. Presidente del Comit\u00e9 Acad\u00e9mico del Portal Iberoamericano de las Ciencias Penales. Miembro del <em>International Scientific and Professional Advisory Council of the United Nations Crime Prevention and Criminal Justice Programme <\/em>(ISPAC).<\/p>\n<p>Medalla de Honor de la Universidad Complutense. 1995; Medalla de Oro de Castilla\u2010La Mancha. 2006; Cruz de Honor de San Raimundo de Pe\u00f1afort del Ministerio de Justicia en 2007. Becario y e insignia de oro de la Fundaci\u00f3n Alexander von Humboldt 2010. Doctor Honoris Causa por la Universidad de San Crist\u00f3bal de las Casas, Chiapas, M\u00e9xico, Enero 2000; por la Universidad Federal del Estado de R\u00edo de Janeiro, Abril 2004; por la Universidad Argentina Kennedy de Buenos Aires, Agosto 2005; por la Universidad de Mor\u00f3n, Argentina, Abril de 2008 y por la de Valahia en Targoviste, Ruman\u00eda, Abril 2009. Es miembro del Patronato de la Fundaci\u00f3n Ortega y Gasset\u2010Mara\u00f1on, de la Fundaci\u00f3n Patrimonio Natural, y de la Real Fundaci\u00f3n Toledo. Ha sido Presidente del Patronato del Parque Nacional de las Tablas de Daimiel, 2007\u20102011.<\/p>\n<p><a href=\"http:\/\/uclm.academia.edu\/LuisArroyoZapatero\">http:\/\/uclm.academia.edu\/LuisArroyoZapatero<\/a><\/p>\n<p><a href=\"http:\/\/www.academicsforabolition.net\/\">http:\/\/www.academicsforabolition.net\/<\/a><\/p>\n<p><a href=\"https:\/\/defensesociale.org\/\">https:\/\/defensesociale.org\/<\/a><\/p>\n","protected":false},"excerpt":{"rendered":"<p>Catedr\u00e1tico de Derecho penal y director del Instituto de Derecho penal europeo e internacional de la Universidad de Castilla\u2010La Mancha, de la que es Rector em\u00e9rito. Desde 2002 es presidente de Soci\u00e9t\u00e9 Internationale de D\u00e9fense Sociale y miembro correspondiente de la Acad\u00e9mie de Sciences Morales et Politiques de Francia desde 2019. Desde 2006 miembro del &hellip; <\/p>\n<p class=\"link-more\"><a href=\"https:\/\/blog.uclm.es\/luisarroyozapatero\/breve-cv-2\/\" class=\"more-link\">Continuar leyendo<span class=\"screen-reader-text\"> \u00ab\u00bb<\/span><\/a><\/p>\n","protected":false},"author":265,"featured_media":0,"parent":0,"menu_order":0,"comment_status":"closed","ping_status":"closed","template":"","meta":{"footnotes":""},"class_list":["post-46","page","type-page","status-publish","hentry"],"_links":{"self":[{"href":"https:\/\/blog.uclm.es\/luisarroyozapatero\/wp-json\/wp\/v2\/pages\/46","targetHints":{"allow":["GET"]}}],"collection":[{"href":"https:\/\/blog.uclm.es\/luisarroyozapatero\/wp-json\/wp\/v2\/pages"}],"about":[{"href":"https:\/\/blog.uclm.es\/luisarroyozapatero\/wp-json\/wp\/v2\/types\/page"}],"author":[{"embeddable":true,"href":"https:\/\/blog.uclm.es\/luisarroyozapatero\/wp-json\/wp\/v2\/users\/265"}],"replies":[{"embeddable":true,"href":"https:\/\/blog.uclm.es\/luisarroyozapatero\/wp-json\/wp\/v2\/comments?post=46"}],"version-history":[{"count":2,"href":"https:\/\/blog.uclm.es\/luisarroyozapatero\/wp-json\/wp\/v2\/pages\/46\/revisions"}],"predecessor-version":[{"id":1539,"href":"https:\/\/blog.uclm.es\/luisarroyozapatero\/wp-json\/wp\/v2\/pages\/46\/revisions\/1539"}],"wp:attachment":[{"href":"https:\/\/blog.uclm.es\/luisarroyozapatero\/wp-json\/wp\/v2\/media?parent=46"}],"curies":[{"name":"wp","href":"https:\/\/api.w.org\/{rel}","templated":true}]}}