{"id":1485,"date":"2013-01-12T16:25:24","date_gmt":"2013-01-12T15:25:24","guid":{"rendered":"http:\/\/blog.uclm.es\/luisarroyozapatero\/?page_id=44"},"modified":"2022-11-09T18:35:37","modified_gmt":"2022-11-09T18:35:37","slug":"proyectos-de-investigacion","status":"publish","type":"page","link":"https:\/\/blog.uclm.es\/luisarroyozapatero\/proyectos-de-investigacion\/","title":{"rendered":""},"content":{"rendered":"<ul>\n<li>La abolici\u00f3n de la pena de muerte en el Derecho penal. DER2012-31589.(2013-2016) Ministerio de Econom\u00eda y Competitividad. Investigados principal: Luis Arroyo Zapatero. Duraci\u00f3n: 3 a\u00f1os.<\/li>\n<li>Hacia una evaluaci\u00f3n racional de las leyes penales europeas\/ Towards a rational assessment of the European criminal laws (Ref. DER2011-28225). Ministerio de Ciencia e Innovaci\u00f3n. Investigador principal: Ad\u00e1n Nieto Mart\u00edn. Duraci\u00f3n: 36 meses.<\/li>\n<li>Good citizens corporations: Programas de cumplimiento normativo en entidades p\u00fablicas y privadas y derecho sancionador\/ Good citizens corporations: compliance programs in public and private entities (Ref. POII10-0105-6140). Consejer\u00eda de Educaci\u00f3n y Ciencia. Junta de Comunidades de Castilla-La Mancha. Investigador principal: Ad\u00e1n Nieto Mart\u00edn. Duraci\u00f3n: 36<\/li>\n<li>Corporate criminal liability and compliance programs, Proyecto coordinado europeo (Ref. JLS\/2008\/JPEN\/009). Comisi\u00f3n europea. Investigadores principales: Alfonso Stile, Stefano Manacorda, Genevi\u00e8ve Giudicelli-Delage, Ad\u00e1n Nieto, Luis Arroyo Zapatero. Duraci\u00f3n: 36 meses (de 01\/04\/2010 al 31\/03\/2013).<\/li>\n<li>El principio de legalidad supranacional \/ The supranacional rule of law. (Ref. PPII10-0218-0479). Consejer\u00eda de Educaci\u00f3n y Ciencia. Junta de Comunidades de Castilla-La Mancha. Investigador principal: Nicol\u00e1s Garc\u00eda Rivas. Duraci\u00f3n: 36 meses (del 01-04-2010 al 31-03-2013).<\/li>\n<li>\u00ab Cartographie juridique et peine de mort \u00bb(Coll\u00e8ge de France \u2013 Ecole Normale Sup\u00e9rieure) \u00bb. Investigadores principales : Mireille Delmas-Marty; Stefano Manacorda; Jean Louis Halperin.<\/li>\n<\/ul>\n","protected":false},"excerpt":{"rendered":"<p>La abolici\u00f3n de la pena de muerte en el Derecho penal. DER2012-31589.(2013-2016) Ministerio de Econom\u00eda y Competitividad. Investigados principal: Luis Arroyo Zapatero. Duraci\u00f3n: 3 a\u00f1os. Hacia una evaluaci\u00f3n racional de las leyes penales europeas\/ Towards a rational assessment of the European criminal laws (Ref. DER2011-28225). Ministerio de Ciencia e Innovaci\u00f3n. Investigador principal: Ad\u00e1n Nieto Mart\u00edn. &hellip; <\/p>\n<p class=\"link-more\"><a href=\"https:\/\/blog.uclm.es\/luisarroyozapatero\/proyectos-de-investigacion\/\" class=\"more-link\">Continuar leyendo<span class=\"screen-reader-text\"> \u00ab\u00bb<\/span><\/a><\/p>\n","protected":false},"author":265,"featured_media":0,"parent":0,"menu_order":0,"comment_status":"closed","ping_status":"open","template":"","meta":{"footnotes":""},"class_list":["post-1485","page","type-page","status-publish","hentry"],"_links":{"self":[{"href":"https:\/\/blog.uclm.es\/luisarroyozapatero\/wp-json\/wp\/v2\/pages\/1485","targetHints":{"allow":["GET"]}}],"collection":[{"href":"https:\/\/blog.uclm.es\/luisarroyozapatero\/wp-json\/wp\/v2\/pages"}],"about":[{"href":"https:\/\/blog.uclm.es\/luisarroyozapatero\/wp-json\/wp\/v2\/types\/page"}],"author":[{"embeddable":true,"href":"https:\/\/blog.uclm.es\/luisarroyozapatero\/wp-json\/wp\/v2\/users\/265"}],"replies":[{"embeddable":true,"href":"https:\/\/blog.uclm.es\/luisarroyozapatero\/wp-json\/wp\/v2\/comments?post=1485"}],"version-history":[{"count":2,"href":"https:\/\/blog.uclm.es\/luisarroyozapatero\/wp-json\/wp\/v2\/pages\/1485\/revisions"}],"predecessor-version":[{"id":1522,"href":"https:\/\/blog.uclm.es\/luisarroyozapatero\/wp-json\/wp\/v2\/pages\/1485\/revisions\/1522"}],"wp:attachment":[{"href":"https:\/\/blog.uclm.es\/luisarroyozapatero\/wp-json\/wp\/v2\/media?parent=1485"}],"curies":[{"name":"wp","href":"https:\/\/api.w.org\/{rel}","templated":true}]}}