{"id":1484,"date":"2013-01-12T16:24:32","date_gmt":"2013-01-12T15:24:32","guid":{"rendered":"http:\/\/blog.uclm.es\/luisarroyozapatero\/?page_id=41"},"modified":"2022-11-14T14:53:22","modified_gmt":"2022-11-14T14:53:22","slug":"breve-cv","status":"publish","type":"page","link":"https:\/\/blog.uclm.es\/luisarroyozapatero\/breve-cv\/","title":{"rendered":""},"content":{"rendered":"<p><strong>Publicaciones \u00faltimos 10 a\u00f1os 2019-2008.<\/strong><\/p>\n<ul>\n<li><em>Rebelion and Treason: The family Demons of Europe and the European Arrest Warrant<\/em>, en \u201cEuropean Criminal Law Review EuCLR 2, vol. 8 2018, Beck &amp;Nomos, Bonn. ISSN 2191-7442, p. 146-151. En espa\u00f1ol en Luis Arroyo Zapatero\/Adan Nieto\/Marta Mu\u00f1oz, <em>Cooperar y castigar: el caso Puigdemont<\/em>, Ediciones UCLM, Cuenca 2018, p. 13-20. En alem\u00e1n e italiano en www.voicesofspain.com.<\/li>\n<li><em>Narrar el mal para prevenirlo<\/em>, en <em>Sin Literatura no hay Derecho<\/em>, coord. Gerardo Laveaga, Tirant lo Blanch, M\u00e9xico 2017, p. 36-58.<\/li>\n<li><em>Sobre la utilidad de narrar el mal para mejor prevenirlo<\/em>, en Libro Homenaje a Santiago Mir Puig, BdeF, Montevideo y Buenos Aires, 2017, p. 15 a 28.<\/li>\n<li>Luis Arroyo Zapatero, <em>Presentaci\u00f3n<\/em> a la edici\u00f3n espa\u00f1ola de Roger Hood y Carolyn Hoyle, <em>La pena de muerte. Una perspectiva mundial. <\/em>Traducci\u00f3n coordinada por Antonio Mu\u00f1oz Auni\u00f3n y Beatriz Garc\u00eda de la Galana, Editorial Tirant lo Blanch, Valencia 2017.\u00a0 p. III-VI.<\/li>\n<li><a href=\"https:\/\/blog.uclm.es\/luisarroyozapatero\/wp-content\/uploads\/sites\/188\/2019\/06\/De-los-delitos-y-las-penas.2018.Def_.pdf\"><em>De los delitos y de las penas entre Espa\u00f1a y M\u00e9xico<\/em>. Miguel \u00c1ngel Porr\u00faa editor, Ciudad de M\u00e9xico, 2018. ISBN 978-607-524-209-5<\/a><\/li>\n<li><em>Ius cogens y salvaguardias de los procesados y condenados a pena de muerte<\/em>, en Luis Arroyo Zapatero, Adan Nieto Rafael Estrada (editores), Met\u00e1fora de la crueldad. La pena de muerte desde el Marqu\u00e9s de Beccaria al tiempo presente. UCLM, Cuenca, 2017.<\/li>\n<li>Luis Arroyo Zapatero, Adan Nieto Rafael Estrada (editores), Presentaci\u00f3n. <em>\u00a0Met\u00e1fora de la crueldad. La pena de muerte desde el Marqu\u00e9s de Beccaria al tiempo presente<\/em>, UCLM, Cuenca, 2017.<\/li>\n<li>Luis Arroyo y otros, <em>Curso de Derecho Penal<\/em>, Editorial Experiencia. 3\u00aaed. Barcelona 2016. 826 p\u00e1gs.<\/li>\n<li>Luis Arroyo Zapatero<em>,<\/em> <em>Hans-Heinrich Jescheck: \u00a0Br\u00fccken mit Spanien<\/em> en U. Sieber (Hrsg.) Strafrecht in einer globalen Welt, Dunker &amp; Humblot, Berlin 2016, p\u00e1gs.121-127.<\/li>\n<li>Luis Arroyo Zapatero, <em>Hans-Heinrich Jescheck: Die Bildung eines Charakters<\/em>, en U. Sieber (Hrsg.) Strafrecht in einer globalen Welt, Dunker &amp; Humblot, Berlin 2016, p\u00e1gs.108-115.<\/li>\n<li><em>Le recours \u00e0 la force arm\u00e9e dans la lutte contre le crime organis\u00e9: juges, policiers et militaires<\/em>. M\u00e9langes en Honneur de Genevieve Giudicelli-Delage, Dalloz, Paris 2016, p. \u00a0\u00a0243-257.<\/li>\n<li><em>Les chemins de l\u2019abolition de la peine de mort. Acteurs, facteurs et processus<\/em>, en La Peine de mort. Vers l\u2019abolition absolue ?. Un dialogue entre juristes, philosophes et cartographes, Cr\u00e9pon\/Halp\u00e9rin\/Manacorda, Ed. Rue D\u2019Ulm, Paris 2016, p. 69-80.<\/li>\n<li>La responsabilit\u00e0 penale delle persone giuridiche nella penisola iberica en Corporate criminal liability and compliance programs JLS\/2008\/JPEN\/009, Edit. Antonio\u00a0 Fiorella y Alfonso Stile , Jovene\u00a0 Editore. Napoli 2012, pp. 105-119.<\/li>\n<li>Francisco de Goya contra la crueldad de del sistema penal y la pena de muerte, en L. Arroyo y J. Bordes, Francisco de Goya. Contra la crueldad de la pena de muerte\/ Against the cruelty of capital punishment, Universidad de Castilla-La Mancha y Real Academia de Bellas Artes, Madrid 2013, p\u00e1gs. 27-48. On line http:\/\/www.inacipe.gob.mx\/publicaciones\/Goya.php )<\/li>\n<li>La pena de muerte como trato cruel, inhumano y degradante, en Revista Brasilera de Direito Penal, vol. 100, 2013;<\/li>\n<li>La prohibici\u00f3n de las penas crueles e inhumanas y la abolici\u00f3n universal de la pena de muerte. En Revista de Occidente, n\u00ba 385, junio 2013, p. 5-24.<\/li>\n<li>Pena de muerte y tr\u00e1fico de drogas, en Tiempo de Paz: la abolici\u00f3n universal de la pena de muerte, n\u00ba 108, primavera 2013, p. 20-28, tambi\u00e9n en Arroyo, Nieto y Schabas, La pena de muerte: Una pena cruel e inhumana y no especialmente disuasoria, Coord. Beatriz Garc\u00eda Moreno, UCLM\/Tirant lo Blanch, Cuenca Valencia 2014, Versi\u00f3n reducida en Arroyo\/ Schabas\/ Takayama, Death penalty: A cruel and inhuman Punishment, UCLM\/Tirant, Cuenca\/Valencia 2013.<\/li>\n<li>Arroyo Zapatero L.; Mu\u00f1oz Morales M. Le droit p\u00e9nal de l&#8217;Union europ\u00e9ene au lendemain du Trait\u00e9 de Lisbonne, G. Giudicelli-Delage, S. Manacorda (dirs.). L&#8217;harmonisation autonome. Pp. 113-139. (Francia): Soci\u00e9t\u00e9 de L\u00e9gislation Compar\u00e9, 2012. ISBN: 978-2-36517-011-6.<\/li>\n<li><em>El camino hacia la moratoria universal de la pena de muerte.<\/em> En Un Derecho penal comprometido. Libro homenaje a Gerardo Landrove. Pp. 93-105. Tirant lo Blanch, 2011. ISBN 978.4.9004.215-1; tambi\u00e9n en Arroyo, Biglino y Schabas, Contra el espanto, Tirant 2012, p. 81 a 100; Die Todesstrafe. Pladoyer f\u00fcr ein weltweites Moratorium, en Strafrecht als Scientia Universalis: Festschrift f\u00fcr Claus Roxin zum 80. Geburstag am 15. 2. pp. 1147-1159. (Alemania): Gruyter Verlag, 2011. ISBN 978-3-11-025528-7<\/li>\n<li>L&#8217;harmonisation internationale du droit p\u00e9nal, en \u201cRevue de Science Criminelle et de Droit p\u00e9nal compar\u00e9\u201d, 2011, 3, pp.\u00a0 557-574.<\/li>\n<li>ARROYO, Luis, BIGLINO, Paloma, SCHABAS, William (edit.) Presentaci\u00f3n de Jos\u00e9 Luis Rodr\u00edguez Zapatero, <em>Towards a universal moratorium on the death penalty<\/em>, Valencia. Ed. Tirant lo Blanch 2010.<\/li>\n<li>ARROYO, Luis, BIGLINO, Paloma, SCHABAS, William (edit.) Presentaci\u00f3n de Jose Luis Rodr\u00edguez Zapatero, <em>Hacia la abolici\u00f3n universal de la pena capital<\/em>, Valencia: Ed. Tirant lo Blanch 2010.<\/li>\n<li>Soixanti\u00e8me anniversaire de la Soci\u00e9t\u00e9 Internationale de D\u00e9fense Sociale, 1949-2009: L\u2019esprit des temps\u00bb, en Cahiers de D\u00e9fense Sociale, 2009-2010.<\/li>\n<li>El esp\u00edritu de los tiempos: Sesenta a\u00f1os de la Sociedad Internacional de Defensa Social. 1949-2009, Revista Penal, enero 2010, n\u00ba 25, p. 230 y ss.<\/li>\n<li>Arroyo Zapatero, L. \/Mu\u00f1oz de Morales Romero, M.: \u201cLe contr\u00f4le des choix de p\u00e9nalisation: effets directs et indirects\u201d, en GIUDICELLI-DELAGE, G.\/MANACORDA, S. (dirs.)\/eTRICOT, J. (coord.): Cour de Justice et Justice p\u00e9nale en Europe, UMR de Droit Compar\u00e9 de Paris, Volume 19, Soci\u00e9t\u00e9 de L\u00e9gislation Compar\u00e9e, 2010.<\/li>\n<li>Los Juristas de la Junta de ampliaci\u00f3n de Estudios, en Traspasar Fronteras. Editorial: CSIC y DAAD: Madrid 2010, En espa\u00f1ol y alem\u00e1n. ISBN. 978-84-00-09105-7<\/li>\n<li>Kriminalpolitik und Rechtstaat in der heutigen Welt, en: Festschrift f\u00fcr Klaus Tidemann zum 70. Geburstag, 2008, Carl Heymanns Verlag, p\u00e1ginas 3-14, ISBN: 978-3-452-26628-6.<\/li>\n<li>La experiencia de la abolici\u00f3n de la pena de muerte en Gran Breta\u00f1a, en Cl\u00e1sicos espa\u00f1oles contra la pena de muerte, Cristina Rodr\u00edguez Yag\u00fce (edit.) UCLM Ciudad Real 2013, pp. 471-502, primera versi\u00f3n en Revista de la Facultad de Derecho de la Universidad Complutense de Madrid, 62, Madrid 1981, p\u00e1ginas 47-66.<\/li>\n<li>La violencia de g\u00e9nero en la pareja en el Derecho penal espa\u00f1ol, en \u201cLibro Homenaje a Maria del Mar D\u00edaz Pita\u201d, Tirant lo Blanch, Valencia. 2008 p. 709-736, ISBN: 978-84-9876-136-8<\/li>\n<li>De la lutte contre l\u2019esclavage et la traite des blanches \u00e0 la proscription du trafic d`\u00eatres humanis, en Delmas Marty\/ Mark Pieth\/ U. Sieber, Les chemins de l`harmonisation p\u00e9nale.Harmonising criminal law, Soci\u00e9t\u00e9 de Legislation Compar\u00e9e, Paris 2008, p. 105-126, ISBN; 978-2-908199-63-5<\/li>\n<\/ul>\n<p><a href=\"https:\/\/blog.uclm.es\/luisarroyozapatero\/wp-content\/uploads\/sites\/188\/2019\/06\/PUBLICACIONES_Completo_22.5.-2019.pdf\">Listado de publicaciones completo<\/a><\/p>\n","protected":false},"excerpt":{"rendered":"<p>Publicaciones \u00faltimos 10 a\u00f1os 2019-2008. Rebelion and Treason: The family Demons of Europe and the European Arrest Warrant, en \u201cEuropean Criminal Law Review EuCLR 2, vol. 8 2018, Beck &amp;Nomos, Bonn. ISSN 2191-7442, p. 146-151. En espa\u00f1ol en Luis Arroyo Zapatero\/Adan Nieto\/Marta Mu\u00f1oz, Cooperar y castigar: el caso Puigdemont, Ediciones UCLM, Cuenca 2018, p. 13-20. &hellip; <\/p>\n<p class=\"link-more\"><a href=\"https:\/\/blog.uclm.es\/luisarroyozapatero\/breve-cv\/\" class=\"more-link\">Continuar leyendo<span class=\"screen-reader-text\"> \u00ab\u00bb<\/span><\/a><\/p>\n","protected":false},"author":265,"featured_media":0,"parent":0,"menu_order":0,"comment_status":"closed","ping_status":"open","template":"","meta":{"footnotes":""},"class_list":["post-1484","page","type-page","status-publish","hentry"],"_links":{"self":[{"href":"https:\/\/blog.uclm.es\/luisarroyozapatero\/wp-json\/wp\/v2\/pages\/1484","targetHints":{"allow":["GET"]}}],"collection":[{"href":"https:\/\/blog.uclm.es\/luisarroyozapatero\/wp-json\/wp\/v2\/pages"}],"about":[{"href":"https:\/\/blog.uclm.es\/luisarroyozapatero\/wp-json\/wp\/v2\/types\/page"}],"author":[{"embeddable":true,"href":"https:\/\/blog.uclm.es\/luisarroyozapatero\/wp-json\/wp\/v2\/users\/265"}],"replies":[{"embeddable":true,"href":"https:\/\/blog.uclm.es\/luisarroyozapatero\/wp-json\/wp\/v2\/comments?post=1484"}],"version-history":[{"count":2,"href":"https:\/\/blog.uclm.es\/luisarroyozapatero\/wp-json\/wp\/v2\/pages\/1484\/revisions"}],"predecessor-version":[{"id":1553,"href":"https:\/\/blog.uclm.es\/luisarroyozapatero\/wp-json\/wp\/v2\/pages\/1484\/revisions\/1553"}],"wp:attachment":[{"href":"https:\/\/blog.uclm.es\/luisarroyozapatero\/wp-json\/wp\/v2\/media?parent=1484"}],"curies":[{"name":"wp","href":"https:\/\/api.w.org\/{rel}","templated":true}]}}