{"id":117,"date":"2013-07-08T12:19:32","date_gmt":"2013-07-08T11:19:32","guid":{"rendered":"http:\/\/blog.uclm.es\/luisarroyozapatero\/?page_id=117"},"modified":"2022-11-11T09:22:54","modified_gmt":"2022-11-11T09:22:54","slug":"cv-2","status":"publish","type":"page","link":"https:\/\/blog.uclm.es\/luisarroyozapatero\/cv-2\/","title":{"rendered":""},"content":{"rendered":"<p><img loading=\"lazy\" decoding=\"async\" class=\"wp-image-115 alignleft\" src=\"https:\/\/blog.uclm.es\/luisarroyozapatero\/wp-content\/uploads\/sites\/188\/2013\/07\/FOTO-BODA-LUIS2-scaled.jpg\" alt=\"\" width=\"284\" height=\"189\" srcset=\"https:\/\/blog.uclm.es\/luisarroyozapatero\/wp-content\/uploads\/sites\/188\/2013\/07\/FOTO-BODA-LUIS2-scaled.jpg 2560w, https:\/\/blog.uclm.es\/luisarroyozapatero\/wp-content\/uploads\/sites\/188\/2013\/07\/FOTO-BODA-LUIS2-300x199.jpg 300w, https:\/\/blog.uclm.es\/luisarroyozapatero\/wp-content\/uploads\/sites\/188\/2013\/07\/FOTO-BODA-LUIS2-1024x681.jpg 1024w, https:\/\/blog.uclm.es\/luisarroyozapatero\/wp-content\/uploads\/sites\/188\/2013\/07\/FOTO-BODA-LUIS2-768x511.jpg 768w, https:\/\/blog.uclm.es\/luisarroyozapatero\/wp-content\/uploads\/sites\/188\/2013\/07\/FOTO-BODA-LUIS2-1536x1021.jpg 1536w, https:\/\/blog.uclm.es\/luisarroyozapatero\/wp-content\/uploads\/sites\/188\/2013\/07\/FOTO-BODA-LUIS2-2048x1362.jpg 2048w\" sizes=\"auto, (max-width: 284px) 100vw, 284px\" \/>N\u00e9 \u00e0 Valladolid en 1951. Suit ses \u00e9tudes \u00e0 la Facult\u00e9 de Droit de l\u2019Universit\u00e9 de Valladolid qu\u2019il conclut en 1974 avec mention tr\u00e8s bien et prix extraordinaire. Titulaire d\u2019une bourse du DAAD, il poursuit des \u00e9tudes de Doctorat aupr\u00e8s de l\u2019Institut de Sciences P\u00e9nales de l\u2019Universit\u00e9 de Cologne de 1975 \u00e0 1977. 1977, Assistant en Droit p\u00e9nal au sein de l\u2019Universit\u00e9 Complutense de Madrid. 1980, Doctorat (Tr\u00e8s honorable, <i>Cum Laude<\/i>) avec une Th\u00e8se sur <i>La Responsabilit\u00e9 dans les d\u00e9lits d\u2019imprudence de commission par omission en mati\u00e8re d\u2019accidents du travail<\/i>, laur\u00e9at du prix de la Fondation de la Chambre du commerce de Madrid.<\/p>\n<p>1982 Chercheur invit\u00e9 (DAAD) pendant 3 mois \u00e0 l\u2019Universit\u00e9 de Cologne. 1983 S\u00e9jour de recherche, gr\u00e2ce \u00e0 une bourse du Conseil de l\u2019Europe, au sein de l\u2019Institut de Criminologie et de Droit P\u00e9nal \u00e9conomique de l\u2019Universit\u00e9 de Fribourg pr\u00e8s du Professeur Tiedemann. 1983 Ma\u00eetre de conf\u00e9rences en droit p\u00e9nal \u00e0 l\u2019Universit\u00e9 Complutense. 1985. Professeur et Doyen Fondateur de la Facult\u00e9 de Droit de l\u2019Universit\u00e9 de Castilla-La-Mancha \u00e0 Albacete. 1988. Recteur de l\u2019Universit\u00e9 de Castilla-La-Mancha, charge dont il s\u2019acquitte durant trois mandats successifs jusqu\u2019en 2003. Actuellement Directeur de l\u2019Institut de droit p\u00e9nal europ\u00e9en et international et, depuis 2002, Pr\u00e9sident de la Soci\u00e9t\u00e9 Internationale de D\u00e9fense Sociale.<\/p>\n<p>Les publications du Professeur Luis Arroyo Zapatero se sont centr\u00e9es fondamentalement sur quatre domaines : La protection p\u00e9nale de la personne au travail, le droit p\u00e9nal \u00e9conomique, le droit p\u00e9nal europ\u00e9en et les relations entre droit p\u00e9nal et Constitution, avec toujours une attention toute particuli\u00e8re pour le droit compar\u00e9 et la comparaison entre les pays europ\u00e9ens et latino-am\u00e9ricains. Parmi celles-ci : \u201cLa protection p\u00e9nale de la s\u00e9curit\u00e9 au travail\u201d, Minist\u00e8re du Travail, Madrid, 1981\u00a0; \u00abD\u00e9lits contre les finances publiques en mati\u00e8re de subventions \u00ab, Minist\u00e8re de la Justice, Madrid, 1987\u00a0;\u00a0 \u00abManuel de Droit P\u00e9nal du Travail\u00bb, Editorial Praxis S.A. Barcelona, 1988\u00a0;\u00a0 \u00ab\u00e9tudes de Droit P\u00e9nal \u00e9conomique\u00bb, Universit\u00e9 de Castilla-La-Mancha, Cuenca, 1994\u00a0;\u00a0 \u00abLe\u00e7ons de Droit P\u00e9nal. Partie G\u00e9n\u00e9rale\u00bb, Editorial Praxis, S. A. Barcelona, 1996\u00a0; Code de Droit P\u00e9nal Europ\u00e9en et international, Minist\u00e8re de la Justice, Madrid, 2008\u00a0; S\u2019y ajoute une trentaine d\u2019articles scientifiques, dont certains en allemand, en fran\u00e7ais, en italien, en portugais, en anglais et en roumain.<\/p>\n<p>Soci\u00e9t\u00e9s scientifiques et Institutions acad\u00e9miques ou \u00e9ditoriales auxquelles il appartient: Outre la <i>Soci\u00e9t\u00e9 Internationale de D\u00e9fense Sociale<\/i> qu\u2019il pr\u00e9side, il appartient au Conseil de Direction de l\u2019<i>Association Internationale de Droit p\u00e9nal<\/i> (2004), dont il fut Pr\u00e9sident du groupe national espagnol, ainsi qu\u2019\u00e0 celui de la Soci\u00e9t\u00e9 Internationale de Criminologie (2005). Depuis 2004, il est membre permanent de la Commission G\u00e9n\u00e9rale de Codification du Minist\u00e8re de la Justice et Rapporteur de la R\u00e9forme p\u00e9nale. Depuis 2006, il est membre du Conseil scientifique consultatif de l\u2019Institut Max Plank de Droit p\u00e9nal \u00e9tranger et international de Fribourg\u2013en-Brisgau.\u00a0 Il est \u00e9galement Pr\u00e9sident du Comit\u00e9 Acad\u00e9mique du Portail Ib\u00e9ro-am\u00e9ricain de Sciences P\u00e9nales.<\/p>\n<p>M\u00e9daille d\u2019Honneur de l\u2019Universit\u00e9 Complutense. 1995. M\u00e9daille d\u2019Or de l\u2019Universit\u00e9 Castilla-La Mancha. 2006 Croix d\u2019Honneur de San Raimundo de Pe\u00f1afort, Minist\u00e8re de la Justice. 2007. <i>Doctor Honoris Causa<\/i> de l\u2019Universit\u00e9 de San Crist\u00f3bal de las Casas, Chiapas, M\u00e9xico, janvier 2000\u00a0; de l\u2019Universit\u00e9 F\u00e9d\u00e9rale de l\u2019\u00e9tat de R\u00edo de Janeiro, Avril 2004\u00a0; de l\u2019Universit\u00e9 Argentine Kennedy de Buenos Aires, Ao\u00fbt 2005\u00a0;\u00a0 de l\u2019Universit\u00e9 de Mor\u00f3n, Argentine, Avril 2008 et de l\u2019Universit\u00e9 Valachia \u00e0 Tergoviste en Rumanie, en abril 2009.<\/p>\n<p>Il est, en outre, membre du Comit\u00e9 de Patronage de la Fondation Ortega y Gasset-Gregorio Mara\u00f1\u00f3n, de la Fondation Patrimoine Naturel, et de la Fondation Royale de Tol\u00e8de. Ancien Pr\u00e9sident du Comit\u00e9 de Patronage du Parc National de las Tablas de Daimiel.<\/p>\n","protected":false},"excerpt":{"rendered":"<p>N\u00e9 \u00e0 Valladolid en 1951. Suit ses \u00e9tudes \u00e0 la Facult\u00e9 de Droit de l\u2019Universit\u00e9 de Valladolid qu\u2019il conclut en 1974 avec mention tr\u00e8s bien et prix extraordinaire. Titulaire d\u2019une bourse du DAAD, il poursuit des \u00e9tudes de Doctorat aupr\u00e8s de l\u2019Institut de Sciences P\u00e9nales de l\u2019Universit\u00e9 de Cologne de 1975 \u00e0 1977. 1977, Assistant &hellip; <\/p>\n<p class=\"link-more\"><a href=\"https:\/\/blog.uclm.es\/luisarroyozapatero\/cv-2\/\" class=\"more-link\">Continuar leyendo<span class=\"screen-reader-text\"> \u00ab\u00bb<\/span><\/a><\/p>\n","protected":false},"author":265,"featured_media":0,"parent":0,"menu_order":0,"comment_status":"closed","ping_status":"closed","template":"","meta":{"footnotes":""},"class_list":["post-117","page","type-page","status-publish","hentry"],"_links":{"self":[{"href":"https:\/\/blog.uclm.es\/luisarroyozapatero\/wp-json\/wp\/v2\/pages\/117","targetHints":{"allow":["GET"]}}],"collection":[{"href":"https:\/\/blog.uclm.es\/luisarroyozapatero\/wp-json\/wp\/v2\/pages"}],"about":[{"href":"https:\/\/blog.uclm.es\/luisarroyozapatero\/wp-json\/wp\/v2\/types\/page"}],"author":[{"embeddable":true,"href":"https:\/\/blog.uclm.es\/luisarroyozapatero\/wp-json\/wp\/v2\/users\/265"}],"replies":[{"embeddable":true,"href":"https:\/\/blog.uclm.es\/luisarroyozapatero\/wp-json\/wp\/v2\/comments?post=117"}],"version-history":[{"count":5,"href":"https:\/\/blog.uclm.es\/luisarroyozapatero\/wp-json\/wp\/v2\/pages\/117\/revisions"}],"predecessor-version":[{"id":1548,"href":"https:\/\/blog.uclm.es\/luisarroyozapatero\/wp-json\/wp\/v2\/pages\/117\/revisions\/1548"}],"wp:attachment":[{"href":"https:\/\/blog.uclm.es\/luisarroyozapatero\/wp-json\/wp\/v2\/media?parent=117"}],"curies":[{"name":"wp","href":"https:\/\/api.w.org\/{rel}","templated":true}]}}