{"id":414,"date":"2014-12-11T16:31:47","date_gmt":"2014-12-11T16:31:47","guid":{"rendered":"http:\/\/blog.uclm.es\/luisarroyo\/?page_id=414"},"modified":"2022-11-28T13:31:22","modified_gmt":"2022-11-28T11:31:22","slug":"conferencias","status":"publish","type":"page","link":"https:\/\/blog.uclm.es\/luisarroyo\/conferencias\/","title":{"rendered":"Conferencias \/ Lectures"},"content":{"rendered":"<p><strong>2022<\/strong><\/p>\n<p><em>El soft law en el Derecho ambiental de la Uni\u00f3n Europea, seminario organizado por el Centro de Excelencia Europeo Jean Monnet de la Universidad Federal de Minas Gerais, el 21 de noviembre de 2022.<\/em><\/p>\n<p><em>The faces of transnationality<\/em>, seminario organizado por la <em>Transnational Administrative Law Network<\/em>, Bayonne, el 9 de noviembre de 2022.<\/p>\n<p><em style=\"font-size: revert\">La transformaci\u00f3n del poder del Estado<\/em><span style=\"font-size: revert\">, mesa redonde organizada en el marco de la actividad <\/span><em style=\"font-size: revert\">Los mi\u00e9rcoles de Le Grand Continent<\/em><span style=\"font-size: revert\">, el 13 de abril de 2022.<\/span><\/p>\n<p><em>Transnational Judicial Review of Administrative Action \u2013 Law, Fact, Discretion<\/em>, ponencia impartida en el <em>Transnational Law Colloqium<\/em>, Center for Transnational Legal Studies, London, el 6 de abril de 2022.<\/p>\n<p><em>Transnational Judicial Review of Administrative Action \u2013 Law, Fact, Discretion<\/em>, ponencia impartida en el Seminario Internacional <em>Challenges of Judicial Control in the European Administrative<\/em> Space, celebrado en el Center for Advanced Studies, Ludwig-Maximilians-University Munich, el 24 y 25 de marzo de 2022.<\/p>\n<p><strong>2021<\/strong><\/p>\n<p><em>Procedimientos administrativos y situaciones de emergencia<\/em>, ponencia presentada en el <em>IX Semin\u00e1rio Internacional: A Fundamentalidade Dos Direitos Processuais No Contexto Pand\u00eamico<\/em>,\u00a0Universidade de Ita\u00fana, 19 de noviembre de 2021.<\/p>\n<p><em>Procedimientos administrativos y situaciones de emergencia<\/em>, I Congreso de la <em>Asociaci\u00f3n Latinoam\u00e9rica de Derecho Administrativo<\/em>, Universidad del CLAEH de la Rep\u00fablica Oriental del Uruguay,\u00a03 de noviembre de 2021.<\/p>\n<p><em>Technological Innovation and EU Law Enforcement<\/em>, Online Workshop on <em>Artificial Intelligence Systems and EU law Enforcement<\/em>, 14 May 2021, Workshop of the <em>Jean Monnet Network on European Law Enforcement<\/em>.<\/p>\n<p><em>Beyond Bindingness. A Typology of Soft Law\u2019s Legal Effects<\/em>, paper of the <em>International Conference on EU Soft Law Bindingness<\/em>, 9 April 2021, Ereky Public Law Research Centre, Universidad de Castilla-La Mancha and University of Porstmouth.<\/p>\n<p><strong>2020<\/strong><\/p>\n<p><em>Cuesti\u00f3n prejudicial y debido proceso<\/em>, seminario organizado en el marco del proyecto Jean Monnet <em>EuCons<\/em> y celebrado telem\u00e1ticamente el 10 de diciembre de 2020.<\/p>\n<p><em>La respuesta de la UE a la epidemia de COVID-19<\/em>, conferencia impartida en las XXIII Jornadas sobre la Uni\u00f3n Europea, organizadas por el Centro de Estudios Europeos de la Universidad de Castilla-La Mancha, y celebrado telep\u00e1ticamente el 5 de noviembre de 2020.<\/p>\n<p><em>Las competencias sanitarias de la UE y de los Estados miembros: la crisis del COVID-19<\/em>, seminario organizado por el Centro de Estudios Pol\u00edticos y Constitucionales y celebrado telem\u00e1ticamente el d\u00eda 15 de mayo de 2020.<\/p>\n<p><em>El Derecho p\u00fablico en situaciones de emergencia<\/em>, seminario organizado por la Universidad Antonio Jos\u00e9 de Sucre, Colombia, y celebrado telem\u00e1ticamente el d\u00eda 30 de abril de 2020.<\/p>\n<p><i>La respuesta europea a la crisis del COVID-19<\/i>, mesa redonda celebrada en el ciclo\u00a0<i>El Derecho p\u00fablico ante la crisis del COVID-19<\/i>, organizada por la Universidad de Valencia en abril de 2020, y celebrada telem\u00e1ticamente el d\u00eda 14 de abril de 2020 [<a href=\"https:\/\/www.youtube.com\/watch?v=iRvXsu2rotk\" target=\"_blank\" rel=\"noopener noreferrer\">+<\/a>].<\/p>\n<p><em>What are the challenges of EU law enforcement and how to go about them?<\/em>, mesa redonda celebrada en el congreso <em>EU law enforcement: past, present and future<\/em>, celebrado en la Universidad de Utrecht, los d\u00edas 16 y 17 de enero de 2019.<\/p>\n<p><strong>2019<\/strong><\/p>\n<p><em>La nueva doctrina constitucional sobre propiedad y libre empresa<\/em>, seminario impartido en la Facultad de Derecho de la Universidad de Valencia, el 20 de diciembre de 2019.<\/p>\n<p><em>The Europeanisation of Spanish Administrative Law<\/em>, ponencia impartida en el\u00a0congreso <em>The Modernization of European Administrative Law<\/em>, celebrado en el Instituto Nacional de Administraci\u00f3n P\u00fablica, Madrid, el 13 de diciembre de 2019.<\/p>\n<p><em>EU and National Soft Law in Spanish Administrative Law<\/em>, ponencia presentada en la <em>Final Coneference of the SoLaR Jean Monnet Network<\/em>, celebrada en la Aix-Marseille Universit\u00e9, 17 octubre de 2019.<\/p>\n<p><em>The Europeanisation of Spanish Administrative Law: The case of Legitimate Expectations<\/em>, ponencia impartida junto a Gabriel Dom\u00e9nech en el congreso <em>Europeanisation of national administrative law through general principles of law: from resistance to voluntary adoption<\/em>. Leiden Law School, 2 de septiembre de 2019.<\/p>\n<p><em>Judicial Challenges arising from the Principle of Mutual Recognition<\/em>, ponencia presentada en el Seminario sobre <em>Judicial and extra-judicial challenges in the EU multi- and cross-level administrative framework<\/em>, organizado por Maastricht University, Campus Brussels, 8 de julio de 2019<em>.<\/em><\/p>\n<p><em>La Uni\u00f3n Europea: instituciones, desaf\u00edos y proyecci\u00f3n<\/em>, conferencia impartida en el seminario <em>Sapere Aude: Freedom, Legal Consciousness, Ethics<\/em>, organizado por The Council of Europe Schools of Political Studies, en Segovia, el 29 de mayo de 2019. [<a href=\"https:\/\/www.youtube.com\/watch?v=9cwi-ad4ixI&amp;feature=youtu.be\" target=\"_blank\" rel=\"noopener noreferrer\">+<\/a>]<\/p>\n<p><em>Challenges and transformations of European Administrative Law<\/em>, ponencia impartida en las <em>XXII Jornadas sobre la Uni\u00f3n Europea<\/em>, celebradas en Toledo, el 10 de mayo de 2019. [<a href=\"https:\/\/www.youtube.com\/watch?v=ddYa1GEAmjQ\" target=\"_blank\" rel=\"noopener noreferrer\">+<\/a>]<\/p>\n<p><em>Ponderaci\u00f3n y proporcionalidad<\/em>, ponencia impartida en la Facultad de Derecho de la Universidad de Valparaiso, Chile, el 22 de marzo de 2019.<\/p>\n<p><em>La adjudicaci\u00f3n administrativa de recursos escasos<\/em>, ponencia impartida en el seminario <em>Teor\u00eda de juegos y derecho administrativo<\/em>, dirigido por Ra\u00fal Letelier en la Facultad de Derecho de la Universidad de Chile, Santiago de Chile, el 21 de marzo de 2019.<\/p>\n<p><em>Problemas de legitimaci\u00f3n en el Derecho p\u00fablico global<\/em>, ponencia impartida en el M\u00f3dulo Jean Monnet, dirigido por Alberto Ruiz-Ojeda, en la Facultad de Derecho de la Universidad de M\u00e1laga, el 14 de marzo de 2019.<\/p>\n<p><strong>2018<\/strong><\/p>\n<p><em>Mutual Recognition in Spain<\/em>, ponencia impartida en el Seminario sobre <em>The principle of mutual recognition in national, European and international law<\/em>, organizado por la Transnational Administrative Law Network, en la Maastricht University, Campus Brussels, 7 de diciembre de 2018.<\/p>\n<p><em>Private Enforcement of State Aids in Spain<\/em>, conferencia impartida en el congreso internacional sobre <em>Private Enforcement of European Competition and State Aid Law: Current Challenges and the Way Forward<\/em>, celebrado en la Augsburg Universit\u00e4t, los d\u00edas 22 y 23 de noviembre de 2018.<\/p>\n<p><em>Constitutional Empathy and Judicial Dialogue in the EU<\/em>, conferencia ompartida en el Transnational Law Colloqium, Center for Transnational Legal Studies, London, el 30 de octubre de 2018.<\/p>\n<p><em>La jurisprudencia constitucional de septiembre de 2017 a septiembre de 2018<\/em>, Conferencia impartida en las XXIV Jornadas de la Asociaci\u00f3n de Letrados del Tribunal Constitucional, celebradas en Santander, el d\u00eda 25 de octubre de 2018.<\/p>\n<p><em>The identity of Public Law in view of the Constitutionalisation, Deconstitutionalisation and Europeanisation of Spanish Administrative Law<\/em>, Ponencia presentada en el Congreso Anual de la <em>International Society of Public Law<\/em> (ICON-S), Hong Kong, 26 de junio de 2018.<\/p>\n<p><em>Renta b\u00e1sica y Constituci\u00f3n<\/em>, Ponencia presentada en el <em>Seminario sobre Renta B\u00e1sica: Deseabilidad y Aplicabilidad en Espa\u00f1<\/em>a, Universidad Polit\u00e9cnica de Madrid, 8 de junio de 2018.<\/p>\n<p><em>La adjudicaci\u00f3n administrativa de recursos escasos<\/em>, Facultat de Dret, Univerist\u00e0t de Girona, Girona, 23 de abril de 2018.<\/p>\n<p><em>La adjudicaci\u00f3n administrativa de recursos escasos<\/em>, Ponencia presentada en el Seminario de profesores de Derecho administrativo, Univerist\u00e0t Pompeu Fabra, Barcelona, 7 de febrero de 2018.<\/p>\n<p><em>La regulaci\u00f3n en sistemas multinivel<\/em>, Ponencia presentada en el Curso de Postgrado sobre Derecho p\u00fablico global, Facultad de Ciencias Jur\u00eddicas y Sociales, UCLM, Toledo, 17 de enero de 2018.<\/p>\n<p><strong>2017<\/strong><\/p>\n<p><em>Pobreza energ\u00e9tica y regulaci\u00f3n<\/em>, Ponencia presentada en la Jornadas sobre la Pobreza, Facultad de Derecho y Ciencias Sociales, UCLM, Ciudad Real, 9 de noviembre, 2017. [<a href=\"https:\/\/youtu.be\/WSpvKzPxeds?t=34\">+<\/a>]<\/p>\n<p><em>Los principios del Derecho administrativo global<\/em>, Mesa redonda sobre <em>El Derecho administrativo global: sujetos, procesos, principios<\/em>, Facultad de Derecho y Ciencias Sociales, UCLM, Ciudad Real,\u00a0 3 de noviembre, 2017.<\/p>\n<p><em>Derecho de defensa y procedimientos administrativos compuestos<\/em>, Seminario sobre <em>Los procedimientos compuestos en la Uni\u00f3n Europea<\/em>, Centro de Estudios Europeos, UCLM, Toledo, 23 de octubre, 2017. [<a href=\"https:\/\/www.youtube.com\/watch?v=0jfxT0Swjkg&amp;feature=youtu.be\" target=\"_blank\" rel=\"noopener noreferrer\">+<\/a>]<\/p>\n<p><em>La administraci\u00f3n de los recursos escasos<\/em>, UIMP-Fundaci\u00f3n Caminos, M\u00e1ster Internacional en Empresas y Pol\u00edticas P\u00fablicas, Madrid, 28 junio 2017. [<a href=\"https:\/\/vimeo.com\/224912158\" target=\"_blank\" rel=\"noopener noreferrer\">+<\/a>]<\/p>\n<p><em>The Europeanization of Spanish Administrative Law<\/em>, University of Leiden Law School, 26 junio, 2017.<\/p>\n<p><em>Constitutional Empathy and Judicial Dialogue in the European Union.<\/em> Universit\u00e0 degli Studi di Bolonia, 7 de abril de 2017.<\/p>\n<p><strong>2016<\/strong><\/p>\n<p><em>El di\u00e1logo judicial y la protecci\u00f3n de los derechos fundamentales<\/em>. Universit\u00e0 degli Studi \u201cRoma Tre\u201d. Roma, 2 de diciembre de 2016.<\/p>\n<p><em>Europa, Rusia y los Balcanes: relaciones y conflictos<\/em>. Mesa redonda organizada en el marco del ciclo de conferencias <em>Europa en crisis<\/em>. Ciudad Real, 3 de noviembre de 2016.<\/p>\n<p><strong>2015<\/strong><\/p>\n<p style=\"text-align: justify\"><em>Banco Central Europeo y deuda soberana. A prop\u00f3sito del asunto Gauweiler<\/em>. Toledo, 7 de mayo de 2015.<\/p>\n<p style=\"text-align: justify\"><em>El control judicial de la planificaci\u00f3n: el caso del dragado del Guadalquivir<\/em>. Valencia, 24 de abril de 2015.<\/p>\n<p style=\"text-align: justify\">Mesa redonda sobre\u00a0<em>Da\u00f1os punitivos, indemnizaciones y sanciones<\/em>, en el <em>III Seminario sobre Derecho de da\u00f1os: los da\u00f1os punitivos<\/em>, Ciudad Real, 13 de febrero de 2015.<\/p>\n<p><strong style=\"line-height: 1.714285714;font-size: 1rem\">2014<\/strong><\/p>\n<p style=\"text-align: justify\">Mesa redonda sobre <em>La Planta Local<\/em>, en el <em>II F\u00f3rum Local. La implantaci\u00f3n del nuevo r\u00e9gimen local<\/em>, organizado por la Fundaci\u00f3n Democracia y Gobierno Local y la Asociaci\u00f3n Espa\u00f1ola de Profesores de Derecho Administrativo, Toledo, 12 de diciembre de 2014.<\/p>\n<p style=\"text-align: justify\">Mesa redonda sobre <em>Derechos fundamentales y Uni\u00f3n Europea<\/em>, organizado por el\u00a0Centro de Estudios Europeos, Universidad de Castilla-La Mancha, Toledo, 15 de diciembre de 2014.<\/p>\n<p style=\"text-align: justify\"><em>La actividad administrativa de adjudicaci\u00f3n de recursos escasos<\/em>, Ponencia presentada en el III Seminario de Teor\u00eda y M\u00e9todo del Derecho Administrativo, dirigido por Juli Ponce y Luis Arroyo, que tuvo lugar en la Universidad de Castilla-La Mancha el 30 de mayo de 2014.<\/p>\n<p style=\"text-align: justify\"><em>La aplicaci\u00f3n judicial del Derecho de la Uni\u00f3n Europea y la tutela judicial efectiva<\/em>, Ponencia impartida en el Seminario de profesores de Derecho Administrativo de la Universidad de Alcal\u00e1 de Henares, el d\u00eda 26 de marzo de 2014.<\/p>\n<p style=\"text-align: justify\"><em>Public participation in infrastructure planning in Spain<\/em>, Ponencia impartida en el Seminario sobre <em>Public participation in infrastructure planning in Europe<\/em> en la Universidad de Osnabr\u00fcck, los d\u00edas 25 y 26 de febrero de 2014.<\/p>\n<p style=\"text-align: justify\"><strong><span style=\"font-size: 1rem;line-height: 1.714285714\">2013<\/span><\/strong><\/p>\n<p style=\"text-align: justify\"><em><em>Transparencia, buen gobierno y lucha contra la corrupci\u00f3n<\/em>, Mesa redonda del <em>Congreso Internacional sobre Transparencia<\/em><\/em>, organizado en la Facultad Jur\u00eddico-Social de la Universidad de Castilla-La Mancha, el 11 y 12 de noviembre de 2013.<\/p>\n<p style=\"text-align: justify\"><em>Servicios p\u00fablicos y Derecho europeo<\/em>, Ponencia impartida en el <em>Master de Derecho Constitucional Europeo<\/em>, Facultad de Derecho de la Universidad de Granada, el 18 de abril de 2013.<\/p>\n<p style=\"text-align: justify\"><em>Modelos de regulaci\u00f3n econ\u00f3mica en la Uni\u00f3n Europea<\/em>, Ponencia impartida en el <em>Master de Derecho Constitucional Europeo<\/em>, Facultad de Derecho de la Universidad de Granada, el 17 de abril de 2013.<\/p>\n<p style=\"text-align: justify\"><strong>2012<\/strong><\/p>\n<p style=\"text-align: justify\"><em>Tribunal Constitucional y Uni\u00f3n Europea<\/em>, Conferencia impartida en las <em>XV Jornadas sobre la Uni\u00f3n Europea<\/em>, organizadas por la Universidad de Castilla-La Mancha el 11 de mayo de 2012.<\/p>\n<p style=\"text-align: justify\"><em>La admisi\u00f3n del recurso de amparo: la especial trascendencia constitucional<\/em>, Conferencia impartida en la <em>Jornada sobre el Recurso de Amparo<\/em>, organizada por el Consejo General de la Abogac\u00eda Espa\u00f1ola en Madrid, el 11 de mayo de 2012.<\/p>\n<p style=\"text-align: justify\"><em>Estabilidad presupuestaria y control sobre las Comunidades Aut\u00f3nomas<\/em>. Conferencia impartida en el <em>XXII Seminario de Estudios Auton\u00f3micos<\/em>, celebrado en la Facultad Jur\u00eddico-Social de Toledo, UCLM, el 23 de marzo de 2012.<\/p>\n","protected":false},"excerpt":{"rendered":"<p>2022 El soft law en el Derecho ambiental de la Uni\u00f3n Europea, seminario organizado por el Centro de Excelencia Europeo Jean Monnet de la Universidad Federal de Minas Gerais, el 21 de noviembre de 2022. The faces of transnationality, seminario organizado por la Transnational Administrative Law Network, Bayonne, el 9 de noviembre de 2022. La [&hellip;]<\/p>\n","protected":false},"author":11,"featured_media":0,"parent":0,"menu_order":4,"comment_status":"closed","ping_status":"open","template":"","meta":{"footnotes":""},"class_list":["post-414","page","type-page","status-publish","hentry"],"_links":{"self":[{"href":"https:\/\/blog.uclm.es\/luisarroyo\/wp-json\/wp\/v2\/pages\/414","targetHints":{"allow":["GET"]}}],"collection":[{"href":"https:\/\/blog.uclm.es\/luisarroyo\/wp-json\/wp\/v2\/pages"}],"about":[{"href":"https:\/\/blog.uclm.es\/luisarroyo\/wp-json\/wp\/v2\/types\/page"}],"author":[{"embeddable":true,"href":"https:\/\/blog.uclm.es\/luisarroyo\/wp-json\/wp\/v2\/users\/11"}],"replies":[{"embeddable":true,"href":"https:\/\/blog.uclm.es\/luisarroyo\/wp-json\/wp\/v2\/comments?post=414"}],"version-history":[{"count":2,"href":"https:\/\/blog.uclm.es\/luisarroyo\/wp-json\/wp\/v2\/pages\/414\/revisions"}],"predecessor-version":[{"id":829,"href":"https:\/\/blog.uclm.es\/luisarroyo\/wp-json\/wp\/v2\/pages\/414\/revisions\/829"}],"wp:attachment":[{"href":"https:\/\/blog.uclm.es\/luisarroyo\/wp-json\/wp\/v2\/media?parent=414"}],"curies":[{"name":"wp","href":"https:\/\/api.w.org\/{rel}","templated":true}]}}