{"id":116,"date":"2013-06-04T09:24:42","date_gmt":"2013-06-04T09:24:42","guid":{"rendered":"http:\/\/blog.uclm.es\/luisarroyo\/?page_id=116"},"modified":"2025-11-27T11:25:37","modified_gmt":"2025-11-27T09:25:37","slug":"breve-cv-short-cv","status":"publish","type":"page","link":"https:\/\/blog.uclm.es\/luisarroyo\/breve-cv-short-cv\/","title":{"rendered":"CV"},"content":{"rendered":"<p style=\"text-align: justify\"><a href=\"https:\/\/blog.uclm.es\/luisarroyo\/wp-content\/uploads\/sites\/90\/2019\/02\/20180509_DeCastro-607.jpg\"><img loading=\"lazy\" decoding=\"async\" class=\"alignleft wp-image-705 size-medium\" src=\"https:\/\/blog.uclm.es\/luisarroyo\/wp-content\/uploads\/sites\/90\/2019\/02\/20180509_DeCastro-607-200x300.jpg\" alt=\"\" width=\"200\" height=\"300\" srcset=\"https:\/\/blog.uclm.es\/luisarroyo\/wp-content\/uploads\/sites\/90\/2019\/02\/20180509_DeCastro-607-200x300.jpg 200w, https:\/\/blog.uclm.es\/luisarroyo\/wp-content\/uploads\/sites\/90\/2019\/02\/20180509_DeCastro-607-684x1024.jpg 684w, https:\/\/blog.uclm.es\/luisarroyo\/wp-content\/uploads\/sites\/90\/2019\/02\/20180509_DeCastro-607-768x1151.jpg 768w, https:\/\/blog.uclm.es\/luisarroyo\/wp-content\/uploads\/sites\/90\/2019\/02\/20180509_DeCastro-607-1025x1536.jpg 1025w, https:\/\/blog.uclm.es\/luisarroyo\/wp-content\/uploads\/sites\/90\/2019\/02\/20180509_DeCastro-607-624x935.jpg 624w, https:\/\/blog.uclm.es\/luisarroyo\/wp-content\/uploads\/sites\/90\/2019\/02\/20180509_DeCastro-607.jpg 1367w\" sizes=\"auto, (max-width: 200px) 100vw, 200px\" \/><\/a><\/p>\n<p>Catedr\u00e1tico de Derecho administrativo en la Universidad de Castilla-La Mancha, Luis ha sido Letrado del Tribunal Constitucional espa\u00f1ol (2008-2011),\u00a0titular de una C\u00e1tedra <em>Jean Monnet <\/em><span lang=\"ES-TRAD\">de Derecho administrativo europeo y global otorgada por la Uni\u00f3n Europea<\/span><em>, <\/em>as\u00ed como investigador invitado en varias Universidades europeas (Oxford, K\u00f6ln, Bochum, Lisbon, Torino) y americanas (American University, Georgetown). Tambi\u00e9n ha sido miembro del comit\u00e9 editorial de <em>Review of European Administrative Law<\/em>, y del comit\u00e9 de direcci\u00f3n de <em>Revista de Derecho P\u00fablico: Teor\u00eda y M\u00e9todo<\/em>. <span lang=\"ES-TRAD\">En la actualidad es miembro de la Comisi\u00f3n de acreditaci\u00f3n de catedr\u00e1ticos y profesores titulares de Derecho p\u00fablico de la agencia nacional ANECA y su investigaci\u00f3n se centra en el Derecho administrativo transnacional y en en la intensidad del control judicial.<\/span><\/p>\n<p>Ha impartido docencia en grado y posgrado sobre Derecho administrativo, Derecho de la Uni\u00f3n Europea, Derecho p\u00fablico global, Derecho p\u00fablico econ\u00f3mico y Derecho local. Actualmente dirige tesis de M\u00e1ster y Doctorado sobre actuaci\u00f3n administrativa material, adjudicaci\u00f3n de recursos escasos, buena administraci\u00f3n y renta b\u00e1sica.\u00a0<\/p>\n<p>Luis ha sido investigador principal de dos proyectos competitivos del Plan Nacional de Investigaci\u00f3n sobre <em>Competencia entre normas <\/em>(2015-2019) y <em>Derecho administrativo m\u00e1s all\u00e1 del Estado <\/em>(2019-2021) y ha obtenido una <a href=\"https:\/\/blog.uclm.es\/catedrajeanmonnet\/\">C\u00e1tedra Jean Monnet sobre <em>Derecho administrativo europeo en perspectiva global<\/em><\/a> en dos convocatorias competitivas sucesivas (2016-2019, 2019-2021). Su investigaci\u00f3n se ha publicado en revistas como <em>German Law Journal<\/em>, <em>Review of\u00a0European Administrative Law<\/em>, <em>European Journal of Risk Regulation<\/em>, <em>European Public Law<\/em>, <em>Journal on European Environmental and Planning Law<\/em>, <em>Revista de Administraci\u00f3n P\u00fablica<\/em>, <em>Revista de Derecho P\u00fablico<\/em> y <em>Revista Espa\u00f1ola de Derecho Constitucional<\/em>.<\/p>\n<h1>EN<\/h1>\n<p>Professor of Administrative Law at the University of Castilla-La Mancha. Luis has been Law clerk at the Spanish Constitutional Court (2008-2011),\u00a0<em>Jean Monnet<\/em> Chair on EU Administrative Law and visiting researcher at various European (Oxford, K\u00f6ln, Bochum, Lisbon, Torino) and American (American University, Georgetown) Universities. He has been a member of the board of editors of <em>Review of European Administrative Law<\/em>, and of the board of directors of <em>Revista de Derecho P\u00fablico: Teor\u00eda y M\u00e9todo<\/em>. He is currently a member of the national commission for the accreditation of public law professors, and his research focuses on transnational administrative action and on the intensity of judicial review.<\/p>\n<p>He has taught undergraduate and postgraduate courses on administrative law, EU law, global public law, regulation, and local governments. He is currently supervising LLM and PhD thesis on factual administrative action, scarce rights allocation, good administration, and basic income.\u00a0<\/p>\n<p>Luis has been PI of two highly competitive grants of the Spanish National Research Plan on <em>Competition among rules<\/em> (2015-2019) and <em>Administrative Law beyond the State<\/em> (2019-2021) and has been awarded a <a href=\"https:\/\/blog.uclm.es\/catedrajeanmonnet\/\">Jean Monnet Chair on <em>European Administrative Law in Global Perspective<\/em><\/a> in two successive competitive calls (2016-2019, 2019-2021). His scholarship has been published in <em>German Law Journal<\/em>, <em>Review of\u00a0European Administrative Law<\/em>, <em>European Journal of Risk Regulation<\/em>, <em>European Public Law<\/em>, <em>Journal on European Environmental and Planning Law<\/em>, <em>Revista de Administraci\u00f3n P\u00fablica<\/em>, <em>Revista de Derecho P\u00fablico<\/em>, and <em>Revista Espa\u00f1ola de Derecho Constitutional<\/em>.<\/p>\n\n\n<div class=\"wp-block-file\"><a href=\"https:\/\/blog.uclm.es\/luisarroyo\/files\/2022\/02\/Resume-LAJ-2022-2.pdf\">Resume<\/a><\/div>\n\n\n\n<p><\/p>\n","protected":false},"excerpt":{"rendered":"<p>Catedr\u00e1tico de Derecho administrativo en la Universidad de Castilla-La Mancha, Luis ha sido Letrado del Tribunal Constitucional espa\u00f1ol (2008-2011),\u00a0titular de una C\u00e1tedra Jean Monnet de Derecho administrativo europeo y global otorgada por la Uni\u00f3n Europea, as\u00ed como investigador invitado en varias Universidades europeas (Oxford, K\u00f6ln, Bochum, Lisbon, Torino) y americanas (American University, Georgetown). Tambi\u00e9n ha [&hellip;]<\/p>\n","protected":false},"author":11,"featured_media":0,"parent":0,"menu_order":1,"comment_status":"closed","ping_status":"open","template":"","meta":{"footnotes":""},"class_list":["post-116","page","type-page","status-publish","hentry"],"_links":{"self":[{"href":"https:\/\/blog.uclm.es\/luisarroyo\/wp-json\/wp\/v2\/pages\/116","targetHints":{"allow":["GET"]}}],"collection":[{"href":"https:\/\/blog.uclm.es\/luisarroyo\/wp-json\/wp\/v2\/pages"}],"about":[{"href":"https:\/\/blog.uclm.es\/luisarroyo\/wp-json\/wp\/v2\/types\/page"}],"author":[{"embeddable":true,"href":"https:\/\/blog.uclm.es\/luisarroyo\/wp-json\/wp\/v2\/users\/11"}],"replies":[{"embeddable":true,"href":"https:\/\/blog.uclm.es\/luisarroyo\/wp-json\/wp\/v2\/comments?post=116"}],"version-history":[{"count":2,"href":"https:\/\/blog.uclm.es\/luisarroyo\/wp-json\/wp\/v2\/pages\/116\/revisions"}],"predecessor-version":[{"id":865,"href":"https:\/\/blog.uclm.es\/luisarroyo\/wp-json\/wp\/v2\/pages\/116\/revisions\/865"}],"wp:attachment":[{"href":"https:\/\/blog.uclm.es\/luisarroyo\/wp-json\/wp\/v2\/media?parent=116"}],"curies":[{"name":"wp","href":"https:\/\/api.w.org\/{rel}","templated":true}]}}