{"id":115,"date":"2013-06-04T09:22:29","date_gmt":"2013-06-04T09:22:29","guid":{"rendered":"http:\/\/blog.uclm.es\/luisarroyo\/?page_id=115"},"modified":"2025-09-26T13:17:27","modified_gmt":"2025-09-26T11:17:27","slug":"publicaciones","status":"publish","type":"page","link":"https:\/\/blog.uclm.es\/luisarroyo\/publicaciones\/","title":{"rendered":"Publicaciones \/ Publications"},"content":{"rendered":"<p><strong>Books<\/strong><\/p>\n<p><a href=\"https:\/\/blog.uclm.es\/luisarroyo\/wp-content\/uploads\/sites\/90\/2016\/05\/9788491230601.pdf\">Empat\u00eda Constitucional. Derecho de la Uni\u00f3n Europea y Constituci\u00f3n Espa\u00f1ola<\/a>, Marcial Pons, 2016.<\/p>\n<p><a href=\"http:\/\/www.marcialpons.es\/libros\/la-revision-de-las-tecnicas-de-conservacion-urbanistica\/9788447025718\/\">La revisi\u00f3n de las t\u00e9cnicas de conservaci\u00f3n urban\u00edstica<\/a>, Civitas, Madrid, 2006.<\/p>\n<p><a href=\"http:\/\/www.marcialpons.es\/libros\/libre-empresa-y-titulos-habilitantes\/9788425912696\/\">Libre empresa y t\u00edtulos habilitantes<\/a>, CEPC, Madrid, 2004.<\/p>\n<p><strong>Books<\/strong> <strong>(editor)<\/strong><\/p>\n<p><a href=\"https:\/\/www.e-elgar.com\/shop\/gbp\/the-legal-effects-of-eu-soft-law-9781802208900.html\">The legal effects of EU soft law<\/a>, P. L. Lancos, N. Xanthoulis, L. Arroyo (eds.), Edward Elgar, Cheltenham, 2023.<\/p>\n<p><a href=\"https:\/\/www.marcialpons.es\/libros\/tratado-de-derecho-administrativo\/9788413810300\/\">Tratado de Derecho administrativo<\/a>, Tomo I, J.M. Rodr\u00edguez de Santiago, G. Dom\u00e9nech y L. Arroyo (dirs.), Marcial Pons, Madrid, 2021.<\/p>\n<p><a href=\"https:\/\/www.iustel.com\/editorial\/?ficha=1&amp;referencia=90120168\" target=\"_blank\" rel=\"noopener noreferrer\">Derecho p\u00fablico global. Fundamentos, actores, procesos<\/a>, L. Arroyo, I. Mart\u00edn, P. Meix (dirs.), Iustel, Madrid, 2020.<\/p>\n<p><a href=\"https:\/\/www.marcialpons.es\/libros\/el-reconocimiento-mutuo-en-el-derecho-espanol-y-europeo\/9788491235149\/\" target=\"_blank\" rel=\"noopener noreferrer\">El reconocimiento mutuo en el Derecho espa\u00f1ol y europeo<\/a>, L. Arroyo y A. Nieto (dirs.), Marcial Pons, Madrid, 2018.<\/p>\n<p><a href=\"http:\/\/www.tirant.com\/editorial\/libro\/la-adjudicacion-administrativa-de-recursos-escasos-luis-arroyo-9788491691761?busqueda=Adjudicacion&amp;\" target=\"_blank\" rel=\"noopener noreferrer\">La adjudicaci\u00f3n administrativa de recursos escasos. Ordenaci\u00f3n sectorial y reconstrucci\u00f3n sistem\u00e1tica<\/a>, L. Arroyo y D. Utrilla (dirs.), Tirant lo Blanch, Valencia, 2018.<\/p>\n<p><a href=\"http:\/\/www.marcialpons.es\/libros\/autorregulacion-y-sanciones\/9788490988183\/\">Autorregulaci\u00f3n y sanciones<\/a>, L. Arroyo y A. Nieto (dirs.), Aranzadi, 2015 (2\u00aa. edici\u00f3n).<\/p>\n<p><a href=\"http:\/\/www.marcialpons.es\/libros\/la-administracion-de-la-escasez\/9788416212927\/\">La administraci\u00f3n de la escasez. Los fundamentos de la actividad administrativa de adjudicaci\u00f3n de derechos limitados en n\u00famero<\/a>, L. Arroyo y D. Utrilla (dirs.), Marcial Pons, 2015, 259 p\u00e1gs.<\/p>\n<p><a href=\"http:\/\/www.marcialpons.es\/libros\/el-juez-del-derecho-administrativo\/9788416212873\/\">El juez del Derecho administrativo. Libro homenaje a Javier Delgado Barrio<\/a>, L. Arroyo, C. Ortega, M. Beladiez y J. M. Rodr\u00edguez de Santiago (coords.), Marcial Pons, 2015.<\/p>\n<p><a href=\"http:\/\/www.europalawpublishing.com\/EN\/webshop\/european-administrative-law-series\/0\/1\/8330\">Spanish Administrative Law under European Influence<\/a>, L. Ortega, L. Arroyo, C. Plaza (eds.), Europa Law Publishing, Groningen, 2010, 205 p\u00e1gs.<\/p>\n<p><strong>Papers (selection)<\/strong><\/p>\n<p><span lang=\"EN-US\">\u00ab<a href=\"https:\/\/revistasmarcialpons.es\/revistaderechopublico\/article\/view\/arroyo-control-judicial-y-deferencia-en-el-derecho-administrativ\/2722\">Control judicial y deferencia en el Derecho administrativo<\/a>\u00bb, <em>Revista de Derecho P\u00fablico: Teor\u00eda y M\u00e9todo<\/em>, Vol. 9, 2024, pp. 125-169<\/span><\/p>\n<p><span lang=\"EN-US\">\u00ab<a href=\"https:\/\/www.bloomsbury.com\/uk\/article-47-of-the-eu-charter-and-effective-judicial-protection-volume-2-9781509948000\/\">Article 47 of the Charter of Fundamental Rights before Spanish Courts. Reasonable Accommodations without Structural Changes<\/a>\u00bb (con Ra\u00fal Cancio), en M. Bonelli, M. Eliantonio, G. Genitile (eds.), <i>Article 47 of the EU Charter and Effective Judicial Protection<\/i>, Volume 2, Hart, Oxford, 2023, pp. 201-219.<\/span><\/p>\n<p>\u00ab<a href=\"https:\/\/www.e-elgar.com\/shop\/gbp\/the-legal-effects-of-eu-soft-law-9781802208900.html\">Beyond bindingness: A typology of EU soft law legal effects<\/a>\u00bb, en P. L. Lancos, N. Xanthoulis, L. Arroyo (eds.), <em>The legal effects of EU soft law<\/em>, Edward Elgar, Cheltenham, 2023, pp. 9-33.<\/p>\n<p>\u00ab<a href=\"https:\/\/recyt.fecyt.es\/index.php\/RAP\/article\/view\/96030\">Las caras del Derecho administrativo transnacional<\/a>\u00bb, en <em>Revista de Administraci\u00f3n P\u00fablica<\/em>, n\u00fam. 218, 2022, pp. 101-122. Versi\u00f3n en franc\u00e9s en:\u00a0\u00abLes visages de la transnationalit\u00e9\u00bb, en J.-B. Auby, O. Dubos (eds.), <em>Trait\u00e9 de<\/em><em> Droit Administratif Transnational<\/em>, Bruxelles, Bruylant (en prensa).<\/p>\n<p>\u00ab<a href=\"https:\/\/eplopublications.eu\/publications\/european-review-public-law\/all-editions\">Administrative Procedures and Emergencies under Spanish and EU law<\/a>\u00bb, <em>European Review of Public Law<\/em>, Vol. 34, Issue 1, 2022, pp. 255-276.<\/p>\n<p><span data-rich-text-format-boundary=\"true\">\u00ab<a href=\"https:\/\/www.marcialpons.es\/libros\/tratado-de-derecho-administrativo\/9788413810300\/\">Las bases constitucionales del Derecho administrativo<\/a>\u00bb, en J.M. Rodr\u00edguez de Santiago, G. Dom\u00e9nech y L. Arroyo (dirs.), <em>Tratado de Derecho administrativo<\/em>, Tomo I, Marcial Pons, Madrid, 2021.<\/span><\/p>\n<p><span data-rich-text-format-boundary=\"true\">\u00ab<\/span><a href=\"https:\/\/www.cambridge.org\/core\/journals\/german-law-journal\/article\/effective-judicial-protection-and-mutual-recognition-in-the-european-administrative-space\/A64263BA0E4A196662CD18311AC75A36\">Effective Judicial Protection and Mutual Recognition in the European Administrative Space<\/a><span data-rich-text-format-boundary=\"true\">\u00bb, <i>German Law Journal<\/i>, vol. 22-3, 3-2021, pp. 344-370.<\/span><\/p>\n<p><span data-rich-text-format-boundary=\"true\">\u00ab<a href=\"https:\/\/realaw.blog\/journal\/latest-issues\/\">Mutual Recognition in the Spanish Multi-level Administrative State<\/a>\u00bb, <em>Review of<\/em><\/span><em>\u00a0European Administrative Law<\/em>, 3-2020, pp. 161-187.<\/p>\n<p style=\"text-align: left\">\u00ab<a href=\"https:\/\/realaw.blog\/journal\/latest-issues\/\">The Europeanisation of Spanish Administrative Law through the Principle of Legitimate Expectations<\/a>\u00bb (con G. Domenech),\u00a0<em>Review of European Administrative Law<\/em>, 2-2020, pp. 55-86.<\/p>\n<p>\u00ab<a href=\"https:\/\/www.cambridge.org\/core\/journals\/european-journal-of-risk-regulation\/article\/masks-gloves-exports-licences-and-composite-procedures-implementing-regulation-2020402-and-the-limelight-of-accountability\/11824FE31A09D790854B43A677FB93D9\" target=\"_blank\" rel=\"noopener noreferrer\">Masks, gloves, exports licences and composite procedures: Implementing Regulation 2020\/402 and the limelight of accountability<\/a>\u00bb (con M. Eliantonio), n\u00famero especial de <em>European Journal of Risk Regulation<\/em>, April 2020.<\/p>\n<p>\u00ab<a href=\"http:\/\/www.revistasmarcialpons.es\/revistaderechopublico\/issue\/view\/2\/3\" target=\"_blank\" rel=\"noopener noreferrer\">El Derecho administrativo europeo como sistema<\/a>\u00bb, 1 <em>Revista de Derecho P\u00fablico: Teor\u00eda y M\u00e9todo<\/em>, 2020, pp. 175-205. Versi\u00f3n en franc\u00e9s en:\u00a0\u00abQuelle th\u00e9orie pour le droit administratif europ\u00e9en?\u00bb, en J.-B. Auby, J. Dutheil de la Roch\u00e8re (eds.), <a href=\"https:\/\/www.larcier-intersentia.com\/fr\/traite-droit-administratif-europeen-9782802764281.html\"><em>Trait\u00e9 de Droit Administratif Europeen<\/em><\/a>, Bruxelles, Bruylant, 2022.<\/p>\n<p>\u00ab<a href=\"http:\/\/plataforma2030.org\/index.php\/revista-diecisiete-1\/item\/la-justificacion-normativa-de-la-renta-basica-universal?category_id=177\" target=\"_blank\" rel=\"noopener noreferrer\">La justificaci\u00f3n normativa de la renta b\u00e1sica desde la filosof\u00eda pol\u00edtica y el Derecho<\/a>\u00bb (con B. Barragu\u00e9 y C. Fern\u00e1ndez), 1 <em>Revista Diecisiete<\/em>, 2019.<\/p>\n<p><span lang=\"ES-TRAD\">\u00ab<a href=\"https:\/\/dialnet.unirioja.es\/servlet\/articulo?codigo=7016119\" target=\"_blank\" rel=\"noopener noreferrer\">Derecho administrativo y Constituci\u00f3n Espa\u00f1ola<\/a>\u00bb, <i>Revista de Administraci\u00f3n P\u00fablica<\/i>, n\u00fam. 209, 2019, pp. 93-122.<\/span><\/p>\n<p><span lang=\"ES-TRAD\">\u00abUn a\u00f1o de doctrina constitucional\u00bb, en VV.AA., <i>El art\u00edculo 155 de la Constituci\u00f3n. Actas de las XXIV Jornadas de la Asociaci\u00f3n de Letrados del Tribunal Constitucional<\/i>, CEPC, Madrid, 2019. <\/span><\/p>\n<p>\u00abEl reconocimiento mutuo en el Derecho secundario del mercado interior\u00bb (con D. Utrilla), en<em> El reconocimiento mutuo en el Derecho espa\u00f1ol y europeo<\/em>, L. Arroyo &amp; A. Nieto eds., Marcial Pons, Madrid, 2018.<\/p>\n<p>\u00abReconocimiento mutuo y modelos de regulaci\u00f3n\u00bb, en <em>El reconocimiento mutuo en el Derecho espa\u00f1ol y europeo<\/em>, L. Arroyo &amp; A. Nieto eds., Marcial Pons, Madrid, 2018.<\/p>\n<p>\u00abArt\u00edculo 128\u00bb, en VV.AA., <em>Comentario breve a la Constituci\u00f3n Espa\u00f1ola<\/em>, Critica, Madrid, 2018.<\/p>\n<p>\u00ab<a href=\"https:\/\/www.boe.es\/biblioteca_juridica\/abrir_pdf.php?id=PUB-PB-2018-94_2\" target=\"_blank\" rel=\"noopener noreferrer\">Comentarios al art\u00edculo 128<\/a>\u00bb (con Luis Ortega \u00c1lvarez), en VV.AA., <em>Comentarios a la Constituci\u00f3n Espa\u00f1ola<\/em>, La Ley, Madrid, 2018.<\/p>\n<p>\u00ab<a href=\"https:\/\/www.academia.edu\/35813449\/Constitutional_Empathy_and_Judicial_Dialogue_in_the_European_Union\" target=\"_blank\" rel=\"noopener noreferrer\">Constitutional Empathy and Judicial Dialogue in the European Union<\/a>\u00bb, 24-1 <em>European Public Law<\/em>, 2018, pp. 57-72.<\/p>\n<p>\u00abReconstrucci\u00f3n sistem\u00e1tia de la actividad administratica de recursos escasos\u00bb, en <em>La adjudicaci\u00f3n administrativa de recursos escasos. Ordenaci\u00f3n sectorial y reconstrucci\u00f3n sistem\u00e1tica<\/em>, L. Arroyo y D. Utrilla (dirs.), Tirant lo Blanch, Valencia, 2018.<\/p>\n<p>\u00abLa adjudicaci\u00f3n de decisiones administrativas habilitantes\u00bb, en <em>La adjudicaci\u00f3n administrativa de recursos escasos. Ordenaci\u00f3n sectorial y reconstrucci\u00f3n sistem\u00e1tica<\/em>, L. Arroyo y D. Utrilla (dirs.), Tirant lo Blanch, Valencia, 2018.<\/p>\n<p>\u00ab<a href=\"https:\/\/www.academia.edu\/29409136\/Participaci%C3%B3n_electr%C3%B3nica_y_elaboraci%C3%B3n_de_normas_en_Espa%C3%B1a_y_en_los_Estados_Unidos_de_Am%C3%A9rica_eRulemaking_in_Spain_and_in_the_USA_\" target=\"_blank\" rel=\"noopener noreferrer\">Participaci\u00f3n electr\u00f3nica y elaboraci\u00f3n de normas administrativa en Espa\u00f1a y en los Estados Unidos de Am\u00e9rica<\/a>\u00bb, en <em>La reforma de la administraci\u00f3n electr\u00f3nica: una oportunidad para la innovaci\u00f3n desde el Derecho<\/em>, I. Mart\u00edn Delgado (Dir.), INAP, Madrid, 2017, pp. 231-258.<\/p>\n<p>\u00ab<a href=\"https:\/\/www.academia.edu\/29852140\/Especial_trascendencia_constitucional\" target=\"_blank\" rel=\"noopener noreferrer\">Especial trascendencia constitucional del recurso de amparo<\/a>\u00bb, 68 <em>El Cronista del Estado Social y Democr\u00e1tico de Derecho<\/em>, n\u00fam. 68, 2017, pp. 36-43.<\/p>\n<p>\u00ab<a href=\"https:\/\/www.academia.edu\/17174724\/Luis_Arroyo_Dolores_Utrilla_Administrative_Allocation_of_Limited_Public_Rights_Some_Keystones_for_a_General_Theory._En_Ius_Publicum_Network_Review_num._2_2015\">The Allocation of Limited Public Rights: An Analytical and Constitutional Approach<\/a>\u00bb (con D. Utrilla), en <em>Scarcity and the State I<\/em>, P. Adriaanse, F. van Ommeren, W. den Ouden y J. Wolswinkel (eds.), Intersentia, Cambridge, 2016, pp. 27 ss.<\/p>\n<p>\u00ab<a href=\"http:\/\/www.eplopublications.eu\/component\/virtuemart\/digital-downloads\/digitaldownload-eplscxiv2014-detail.html\">Public Participation and Infrastructure Planning in Spain<\/a>\u00bb (con D. Utrilla), en\u00a0<em>Public Participation in Infrastructure Planning<\/em>, Thomas Gross (ed), EPLS Esperia 2015.<\/p>\n<p>\u00ab<a href=\"https:\/\/www.academia.edu\/25665303\/Luis_Arroyo_Dolores_Utrilla_La_actividad_administrativa_de_adjudicaci%C3%B3n_de_derechos_limitados_en_n%C3%BAmero._Bases_conceptuales_y_metodol%C3%B3gicas_en_La_administraci%C3%B3n_de_la_escasez_L._Arroyo_D._Utrilla_dirs._Marcial_Pons_2015\">La actividad administrativa de adjudicaci\u00f3n de derechos limitados en n\u00famero. Bases conceptuales y metodol\u00f3gicas<\/a>\u00bb (con Dolores Utrilla), en\u00a0<em>La administraci\u00f3n de la escasez. Los fundamentos de la actividad administrativa de adjudicaci\u00f3n de derechos limitados en n\u00famero<\/em>, L. Arroyo y D. Utrilla (dirs.), Marcial Pons, 2015.<\/p>\n<p>\u00ab<a href=\"https:\/\/www.academia.edu\/25665341\/Las_bases_constitucionales_de_la_actividad_administrativa_de_adjudicaci%C3%B3n_de_derechos_limitados_en_n%C3%BAmero_en_La_administraci%C3%B3n_de_la_escasez_L._Arroyo_D._Utrilla_dirs._Marcial_Pons_2015\">Las bases constitucionales de la actividad administrativa de adjudicaci\u00f3n de derechos limitados en n\u00famero<\/a>\u00bb, en\u00a0<em>La administraci\u00f3n de la escasez. Los fundamentos de la actividad administrativa de adjudicaci\u00f3n de derechos limitados en n\u00famero<\/em>, L. Arroyo y D. Utrilla(dirs.), Marcial Pons, 2015.<\/p>\n<p>\u00ab<a href=\"https:\/\/www.academia.edu\/10389407\/Luis_Arroyo_Jim%C3%A9nez_La_adjudicaci%C3%B3n_administrativa_de_recursos_escasos_Administrative_allocation_of_Scarce_Rights_InDret_1_2015\">La adjudicaci\u00f3n administrativa de recursos escasos<\/a>\u201c,\u00a0<em>InDret<\/em>\u00a01\/2015.<\/p>\n<p>\u00ab<a href=\"https:\/\/www.academia.edu\/9823741\/Luis_Arroyo_Jim%C3%A9nez_La_aplicaci%C3%B3n_judicial_del_Derecho_de_la_Uni%C3%B3n_Europea_y_el_derecho_a_la_tutela_judicial_efectiva_Judicial_Implementation_of_EU_Law_and_the_Right_to_Effective_Judicial_Protection_102_REDC_2014\">La aplicaci\u00f3n judicial del Derecho de la Uni\u00f3n Europea y el derecho a la tutela judicial efectiva. Una propuesta de sistematizaci\u00f3n<\/a>\u00bb, 102\u00a0<em>Revista Espa\u00f1ola de Derecho Constitucional<\/em>, 2014, 296-316. Tambi\u00e9n en\u00a0<em>El juez del Derecho administrativo. Libro homenaje a Javier Delgado Barrio<\/em>, L. Arroyo, C. Ortega, M. Beladiez y J. M. Rodr\u00edguez de Santiago (coords.), Marcial Pons, 2015.<\/p>\n<p>\u00ab<a href=\"https:\/\/www.academia.edu\/8327132\/Luis_Arroyo_Jim%C3%A9nez_Infrastructure_Planning_in_Spain_-_Public_Participation_and_Legal_Protection_11_JEEPL_2014\">Infrastructure Planning in Spain \u2013 Public Participation and Legal Protection<\/a>\u00bb,\u00a0<em>Journal for European Environmental and Planning Law<\/em>, 11 (2014) 232-248.<\/p>\n<p>\u00ab<a href=\"https:\/\/www.academia.edu\/8327814\/Luis_Arroyo_Jim%C3%A9nez_and_Carlos_Ortega_Carballo_Towards_the_Modernization_of_the_Appeal_for_Constitutional_Protection_of_Fundamental_Rights_in_Spain_20_EPL_2014\">Towards the modernization of the appeal for constitutional protection of fundamental rights in Spain<\/a>\u00bb (con Carlos Ortega),\u00a0<em>European Public Law<\/em>, vol. 20, No 1, 2014.<\/p>\n<p>\u00ab<a href=\"https:\/\/www.academia.edu\/8327814\/Luis_Arroyo_Jim%C3%A9nez_and_Carlos_Ortega_Carballo_Towards_the_Modernization_of_the_Appeal_for_Constitutional_Protection_of_Fundamental_Rights_in_Spain_20_EPL_2014\">Hacia la normalizaci\u00f3n constitucional del Derecho de la Uni\u00f3n Europea (a prop\u00f3sito de la STC 145\/2012, de 2 de junio)<\/a>\u00bb, 45\u00a0<em>Revista Espa\u00f1ola de Derecho Europeo<\/em>, 2013, pp. 139-169.<\/p>\n<p>\u00abPuig Panella c. Espa\u00f1a. La presunci\u00f3n de inocencia y la responsabilidad patrimonial del\u00a0Estado por prisi\u00f3n provisional\u00bb, en\u00a0<a href=\"http:\/\/www.marcialpons.es\/libros\/conflicto-y-dialogo-con-europa\/9788447038701\/\" target=\"_blank\" rel=\"noopener noreferrer\"><em>Di\u00e1logo y conflicto con Europa. Las condenas a Espa\u00f1a del Tribunal Europeo de Derechos Humanos<\/em><\/a>, Rafael Alcacer, Jos\u00e9 M. S\u00e1nchez Tom\u00e1s, Margarita Belad\u00edez (eds.), Aranzadi, Pamplona, 2013, pp. 313-351.<\/p>\n<p>\u00abComunidades Aut\u00f3nomas y Municipios en la gesti\u00f3n del Sistema de Autonom\u00eda y Atenci\u00f3n a la Dependencia\u00bb (con M\u00f3nica Dom\u00ednguez Mart\u00edn), en\u00a0<a href=\"http:\/\/www.marcialpons.es\/libros\/la-administracion-de-la-ley-de-dependencia\/9788497689427\/\" target=\"_blank\" rel=\"noopener noreferrer\"><em>La Administraci\u00f3n de la Ley de Dependencia<\/em><\/a>, J. M\u00aa. Rodr\u00edguez de Santiago y S. D\u00edez Sastre (Coords.), Marcial Pons, 2012, Madrid\/Barcelona, pp. 53-94.<\/p>\n<p>\u00ab<a href=\"https:\/\/www.academia.edu\/1085337\/Luis_Arroyo_Jimenez_Sobre_la_primera_cuesti%C3%B3n_prejudicial_planteada_por_el_Tribunal_Constitucional_de_Espa%C3%B1a_On_the_First_Reference_for_a_Preliminary_Ruling_made_by_the_Constitutional_Court_of_Spain_InDret_4_2011\">Sobre la primera cuesti\u00f3n prejudicial planteada por el Tribunal Constitucional. Bases, contenido y consecuencias<\/a>\u00bb,\u00a0<em>InDret<\/em>\u00a04\/2011,\u00a0www.indret.com.<\/p>\n<p>\u00abLa STC 31\/2010, de 28 de junio, sobre el Estatuto de Autonom\u00eda de Catalu\u00f1a\u00bb, en\u00a0<em>Informe Comunidades Aut\u00f3nomas 2010<\/em>, Instituto de Derecho P\u00fablico, Barcelona, 2011, pp. 41-73.<\/p>\n<p><span style=\"line-height: 1.71429;font-size: 1rem\">\u00ab<\/span><a style=\"line-height: 1.71429;font-size: 1rem\" href=\"https:\/\/blog.uclm.es\/luisarroyo\/wp-content\/uploads\/sites\/90\/2013\/06\/L.-Arroyo-Sobre-la-estructura-normativa-de-la-libertad-de-empresa.pdf\">Sobre la estructura normativa de la libertad de empresa<\/a><span style=\"line-height: 1.71429;font-size: 1rem\">\u00bb, en\u00a0<\/span><em style=\"line-height: 1.71429;font-size: 1rem\">V Congreso de la Asociaci\u00f3n Espa\u00f1ola de Profesores de Derecho Administrativo<\/em><span style=\"line-height: 1.71429;font-size: 1rem\">, M. Zambonino (coord.), IAAP, Sevilla, 2011, pp. 377-387.<\/span><\/p>\n<p>\u00abLas resoluciones del Tribunal Constitucional en los procesos de control de constitucionalidad de la ley\u00bb (con Eva Nieto),\u00a0<a href=\"http:\/\/www.cepc.gob.es\/publicaciones\/libros\/colecciones?IDP=0&amp;I=1&amp;BA=SI&amp;rqIDC=0&amp;BCA=%20Asociaci%C3%B3n%20de%20Letrados%20del%20Tribunal%20Constitucional\" target=\"_blank\" rel=\"noopener noreferrer\"><em>XVI Jornadas de la Asociaci\u00f3n de Letrados del Tribunal Constitucional<\/em><\/a>. CEPC, Madrid, 2010, pp. 281-382.<\/p>\n<p>\u00ab<a href=\"https:\/\/www.academia.edu\/425711\/Luis_Arroyo_Jim%C3%A9nez_Public_Services_in_Spanish_Administrative_Law_under_European_Influence_L._Ortega_L._Arroyo_C._Plaza_eds._Europa_Law_Publishing_Groningen_2010\">Public Services<\/a>\u00bb, en\u00a0<em>Spanish Administrative Law under European Influence<\/em>, L. Ortega, L. Arroyo, C. Plaza (eds.), Europa Law Publishing, Groningen, 2010, pp. 145-166; tambi\u00e9n en\u00a0<em>The changing legal framework for services of general interest in Europe. Between competition and solidarity<\/em>, M. Krajewski, U. Neergaard y J. van de Gronden (eds.), T. M. C. Asser Press, The Haghe, 2009, pp. 309-325.<\/p>\n<p>\u00ab<a href=\"https:\/\/www.academia.edu\/425710\/Luis_Arroyo_Jimenez_Ponderaci%C3%B3n_proporcionalidad_y_Derecho_administrativo_Balancing_Proportionality_and_Administrative_Law_InDret_2_2009\">Ponderaci\u00f3n, proporcionalidad y Derecho administrativo<\/a>\u00bb,\u00a0<em>InDret<\/em>\u00a02\/09, www.indret.com; tambi\u00e9n en L. Ortega y S. de la Sierra (Coords.),\u00a0<em>Ponderaci\u00f3n y Derecho administrativo<\/em>, Marcial Pons, Madrid, 2009, pp. 19-49.<\/p>\n<p>\u00abConservaci\u00f3n y ruina\u00bb, en S. Jimenez y J. A. Carrillo (Dirs.),\u00a0<em>Derecho de la Ordenaci\u00f3n del Territorio y Urban\u00edstico de Castilla-La Mancha<\/em>, Aranzadi, 2009.<\/p>\n<p>\u00abLos usuarios de las telecomunicaciones\u00bb (con Ana I. Mendoza Losana), en\u00a0<em>Telecomunicaciones<\/em>, T. de la Quadra-Salcedo (Dir.),\u00a0Iustel, Madrid, 2009, pp. 233-296.<\/p>\n<p>\u00abIntroducci\u00f3n a la autorregulaci\u00f3n\u00bb, en\u00a0<em>Autorregulaci\u00f3n y sanciones<\/em>, L. Arroyo Jim\u00e9nez y A. Nieto Mart\u00edn (Dirs.), Lex Nova, Valladolid, 2008, pp. 17-35.<\/p>\n<p>\u00abPolicemen, Soldiers and Secret Services \u2013 A look at the Situation in Spain and Europe\u00bb (con Nuria Garrido Cuenca), 20-1\u00a0<em>European Review of Public Law<\/em>, 2008, pp. 583-620.<\/p>\n<p>\u00abConstitucionalismo europeo y Europa social\u00bb (con Luis Ortega \u00c1lvarez), en 23\u00a0<em>Revista Espa\u00f1ola de Derecho Europeo<\/em>, 2007, pp. 339-370.<\/p>\n<p>\u00abLa externalizaci\u00f3n de los servicios p\u00fablicos econ\u00f3micos: formas, principios y l\u00edmites\u00bb (con Luis Ortega \u00c1lvarez), en VV. AA.,\u00a0<em>La esternalizzazioni. Atti del XVI Convengo degli amministrativisti italo-spagnoli<\/em>, BUP, Bologna, 2007, pp. 123-157.<\/p>\n","protected":false},"excerpt":{"rendered":"<p>Books Empat\u00eda Constitucional. Derecho de la Uni\u00f3n Europea y Constituci\u00f3n Espa\u00f1ola, Marcial Pons, 2016. La revisi\u00f3n de las t\u00e9cnicas de conservaci\u00f3n urban\u00edstica, Civitas, Madrid, 2006. Libre empresa y t\u00edtulos habilitantes, CEPC, Madrid, 2004. Books (editor) The legal effects of EU soft law, P. L. Lancos, N. Xanthoulis, L. Arroyo (eds.), Edward Elgar, Cheltenham, 2023. Tratado [&hellip;]<\/p>\n","protected":false},"author":11,"featured_media":0,"parent":0,"menu_order":2,"comment_status":"closed","ping_status":"open","template":"","meta":{"footnotes":""},"class_list":["post-115","page","type-page","status-publish","hentry"],"_links":{"self":[{"href":"https:\/\/blog.uclm.es\/luisarroyo\/wp-json\/wp\/v2\/pages\/115","targetHints":{"allow":["GET"]}}],"collection":[{"href":"https:\/\/blog.uclm.es\/luisarroyo\/wp-json\/wp\/v2\/pages"}],"about":[{"href":"https:\/\/blog.uclm.es\/luisarroyo\/wp-json\/wp\/v2\/types\/page"}],"author":[{"embeddable":true,"href":"https:\/\/blog.uclm.es\/luisarroyo\/wp-json\/wp\/v2\/users\/11"}],"replies":[{"embeddable":true,"href":"https:\/\/blog.uclm.es\/luisarroyo\/wp-json\/wp\/v2\/comments?post=115"}],"version-history":[{"count":5,"href":"https:\/\/blog.uclm.es\/luisarroyo\/wp-json\/wp\/v2\/pages\/115\/revisions"}],"predecessor-version":[{"id":861,"href":"https:\/\/blog.uclm.es\/luisarroyo\/wp-json\/wp\/v2\/pages\/115\/revisions\/861"}],"wp:attachment":[{"href":"https:\/\/blog.uclm.es\/luisarroyo\/wp-json\/wp\/v2\/media?parent=115"}],"curies":[{"name":"wp","href":"https:\/\/api.w.org\/{rel}","templated":true}]}}