{"id":114,"date":"2013-06-04T09:22:17","date_gmt":"2013-06-04T09:22:17","guid":{"rendered":"http:\/\/blog.uclm.es\/luisarroyo\/?page_id=114"},"modified":"2013-06-04T09:22:17","modified_gmt":"2013-06-04T09:22:17","slug":"docencia-2","status":"publish","type":"page","link":"https:\/\/blog.uclm.es\/luisarroyo\/docencia-2\/","title":{"rendered":"Docencia \/ Courses"},"content":{"rendered":"<p class=\"wp-smiley\"><strong><span style=\"font-size: 11.0pt;font-family: Arial;color: #444444\">Grado \/ Undergraduate<\/span><\/strong><\/p>\n<p class=\"wp-smiley\">Derecho de la Uni\u00f3n Europea<\/p>\n<p class=\"wp-smiley\">Derecho Auton\u00f3mico y Local<\/p>\n<p>Derecho P\u00fablico de la Econom\u00eda<\/p>\n<p class=\"wp-smiley\"><strong><span style=\"font-size: 11.0pt;font-family: Arial;color: #444444\">Postgrado \/ Postgraduate<\/span><\/strong><\/p>\n<p class=\"wp-smiley\">Pr\u00e1ctica Jurisdiccional Administrativa (MUAB-UCLM)<\/p>\n<p>Fundamentos de Derecho P\u00fablico (MIEPP-UIMP)<\/p>\n","protected":false},"excerpt":{"rendered":"<p>Grado \/ Undergraduate Derecho de la Uni\u00f3n Europea Derecho Auton\u00f3mico y Local Derecho P\u00fablico de la Econom\u00eda Postgrado \/ Postgraduate Pr\u00e1ctica Jurisdiccional Administrativa (MUAB-UCLM) Fundamentos de Derecho P\u00fablico (MIEPP-UIMP)<\/p>\n","protected":false},"author":11,"featured_media":0,"parent":0,"menu_order":3,"comment_status":"closed","ping_status":"open","template":"","meta":{"footnotes":""},"class_list":["post-114","page","type-page","status-publish","hentry"],"_links":{"self":[{"href":"https:\/\/blog.uclm.es\/luisarroyo\/wp-json\/wp\/v2\/pages\/114","targetHints":{"allow":["GET"]}}],"collection":[{"href":"https:\/\/blog.uclm.es\/luisarroyo\/wp-json\/wp\/v2\/pages"}],"about":[{"href":"https:\/\/blog.uclm.es\/luisarroyo\/wp-json\/wp\/v2\/types\/page"}],"author":[{"embeddable":true,"href":"https:\/\/blog.uclm.es\/luisarroyo\/wp-json\/wp\/v2\/users\/11"}],"replies":[{"embeddable":true,"href":"https:\/\/blog.uclm.es\/luisarroyo\/wp-json\/wp\/v2\/comments?post=114"}],"version-history":[{"count":0,"href":"https:\/\/blog.uclm.es\/luisarroyo\/wp-json\/wp\/v2\/pages\/114\/revisions"}],"wp:attachment":[{"href":"https:\/\/blog.uclm.es\/luisarroyo\/wp-json\/wp\/v2\/media?parent=114"}],"curies":[{"name":"wp","href":"https:\/\/api.w.org\/{rel}","templated":true}]}}