{"id":218,"date":"2020-07-03T09:40:54","date_gmt":"2020-07-03T08:40:54","guid":{"rendered":"http:\/\/blog.uclm.es\/lrodriguezaragon\/?page_id=218"},"modified":"2023-09-28T09:15:21","modified_gmt":"2023-09-28T09:15:21","slug":"index","status":"publish","type":"page","link":"https:\/\/blog.uclm.es\/lrodriguezaragon\/","title":{"rendered":"Inicio"},"content":{"rendered":"\n<h4 class=\"wp-block-heading\"><a href=\"https:\/\/directorio.uclm.es\/persona.aspx?cod=UhO4n+eLH2qFtxrrs6VgBH6Eb2nvsyBF4lOoNAiu1LA=\">Dr. Licesio J. Rodr\u00edguez-Arag\u00f3n<\/a><\/h4>\n\n\n\n<h6 class=\"wp-block-heading\"><a href=\"https:\/\/www.uclm.es\/departamentos\/matematicas\/areas_conocimiento#estadistica_io\">\u00c1rea de Estad\u00edstica e Investigaci\u00f3n Operativa,\u00a0<br><\/a><a href=\"https:\/\/www.uclm.es\/departamentos\/matematicas\">Departamento de Matem\u00e1ticas,\u00a0<\/a><br><a href=\"https:\/\/www.uclm.es\/centros-investigacion\/imaci\">Instituto de Matem\u00e1tica Aplicada a la Ciencia y a la Ingenier\u00eda,\u00a0<br><\/a><a href=\"https:\/\/www.uclm.es\/grupos\/oed\">Optimum Experimental Design group,\u00a0<\/a><br><a href=\"https:\/\/www.uclm.es\/toledo\/eiia\">Escuela de Ingenier\u00eda Industrial Y AEROESPACIAL DE TOLEDO,\u00a0<br><\/a><a rel=\"noopener noreferrer\" href=\"http:\/\/www.uclm.es\/\" target=\"_blank\">Universidad de Castilla-La Mancha.<\/a><\/h6>\n","protected":false},"excerpt":{"rendered":"<p>Dr. Licesio J. Rodr\u00edguez-Arag\u00f3n \u00c1rea de Estad\u00edstica e Investigaci\u00f3n Operativa,\u00a0Departamento de Matem\u00e1ticas,\u00a0Instituto de Matem\u00e1tica Aplicada a la Ciencia y a la Ingenier\u00eda,\u00a0Optimum Experimental Design group,\u00a0Escuela de Ingenier\u00eda Industrial Y AEROESPACIAL DE TOLEDO,\u00a0Universidad de Castilla-La Mancha.<\/p>\n","protected":false},"author":143,"featured_media":0,"parent":0,"menu_order":0,"comment_status":"closed","ping_status":"closed","template":"","meta":{"footnotes":""},"class_list":["post-218","page","type-page","status-publish","hentry"],"_links":{"self":[{"href":"https:\/\/blog.uclm.es\/lrodriguezaragon\/wp-json\/wp\/v2\/pages\/218","targetHints":{"allow":["GET"]}}],"collection":[{"href":"https:\/\/blog.uclm.es\/lrodriguezaragon\/wp-json\/wp\/v2\/pages"}],"about":[{"href":"https:\/\/blog.uclm.es\/lrodriguezaragon\/wp-json\/wp\/v2\/types\/page"}],"author":[{"embeddable":true,"href":"https:\/\/blog.uclm.es\/lrodriguezaragon\/wp-json\/wp\/v2\/users\/143"}],"replies":[{"embeddable":true,"href":"https:\/\/blog.uclm.es\/lrodriguezaragon\/wp-json\/wp\/v2\/comments?post=218"}],"version-history":[{"count":3,"href":"https:\/\/blog.uclm.es\/lrodriguezaragon\/wp-json\/wp\/v2\/pages\/218\/revisions"}],"predecessor-version":[{"id":363,"href":"https:\/\/blog.uclm.es\/lrodriguezaragon\/wp-json\/wp\/v2\/pages\/218\/revisions\/363"}],"wp:attachment":[{"href":"https:\/\/blog.uclm.es\/lrodriguezaragon\/wp-json\/wp\/v2\/media?parent=218"}],"curies":[{"name":"wp","href":"https:\/\/api.w.org\/{rel}","templated":true}]}}