{"id":22,"date":"2021-03-01T19:59:38","date_gmt":"2021-03-01T18:59:38","guid":{"rendered":"http:\/\/blog.uclm.es\/lidiasanchis\/?page_id=22"},"modified":"2023-02-22T18:17:44","modified_gmt":"2023-02-22T17:17:44","slug":"contacto","status":"publish","type":"page","link":"https:\/\/blog.uclm.es\/lidiasanchis\/contacto\/","title":{"rendered":"CONTACTO"},"content":{"rendered":"\n<ul class=\"wp-block-list\">\n<li><strong>Direcci\u00f3n Postal:<\/strong> Facultad de Ciencias Jur\u00eddicas y Sociales de Toledo,&nbsp; C\/ San Pedro M\u00e1rtir s\/n, 45071. Departamento de An\u00e1lisis Econ\u00f3mico y Finanzas. \u00c1rea de Econom\u00eda Financiera. Universidad de Castilla-La Mancha.<\/li>\n\n\n\n<li><strong>Tel\u00e9fono:<\/strong> 926051688&nbsp;<\/li>\n\n\n\n<li><strong>Correo electr\u00f3nico:&nbsp;<\/strong> lidia.sanchis@uclm.es.<\/li>\n\n\n\n<li><strong>LinkedIn<\/strong>: Lidia Sanchis-Marco<\/li>\n<\/ul>\n\n\n\n<figure class=\"wp-block-image size-full\"><img loading=\"lazy\" decoding=\"async\" width=\"807\" height=\"388\" src=\"https:\/\/blog.uclm.es\/lidiasanchis\/wp-content\/uploads\/sites\/185\/2023\/02\/linkedin.png\" alt=\"\" class=\"wp-image-438\" srcset=\"https:\/\/blog.uclm.es\/lidiasanchis\/wp-content\/uploads\/sites\/185\/2023\/02\/linkedin.png 807w, https:\/\/blog.uclm.es\/lidiasanchis\/wp-content\/uploads\/sites\/185\/2023\/02\/linkedin-300x144.png 300w, https:\/\/blog.uclm.es\/lidiasanchis\/wp-content\/uploads\/sites\/185\/2023\/02\/linkedin-768x369.png 768w, https:\/\/blog.uclm.es\/lidiasanchis\/wp-content\/uploads\/sites\/185\/2023\/02\/linkedin-500x240.png 500w\" sizes=\"auto, (max-width: 807px) 100vw, 807px\" \/><\/figure>\n\n\n\n<figure class=\"wp-block-image size-large\"><img loading=\"lazy\" decoding=\"async\" width=\"600\" height=\"361\" src=\"https:\/\/blog.uclm.es\/lidiasanchis\/files\/2021\/03\/depositphotos_74468913-stock-photo-contact-us-icons-on-cubes.jpg\" alt=\"\" class=\"wp-image-75\" srcset=\"https:\/\/blog.uclm.es\/lidiasanchis\/wp-content\/uploads\/sites\/185\/2021\/03\/depositphotos_74468913-stock-photo-contact-us-icons-on-cubes.jpg 600w, https:\/\/blog.uclm.es\/lidiasanchis\/wp-content\/uploads\/sites\/185\/2021\/03\/depositphotos_74468913-stock-photo-contact-us-icons-on-cubes-300x181.jpg 300w, https:\/\/blog.uclm.es\/lidiasanchis\/wp-content\/uploads\/sites\/185\/2021\/03\/depositphotos_74468913-stock-photo-contact-us-icons-on-cubes-500x300.jpg 500w\" sizes=\"auto, (max-width: 600px) 100vw, 600px\" \/><\/figure>\n","protected":false},"excerpt":{"rendered":"","protected":false},"author":261,"featured_media":75,"parent":0,"menu_order":7,"comment_status":"closed","ping_status":"closed","template":"","meta":{"footnotes":""},"class_list":["post-22","page","type-page","status-publish","has-post-thumbnail","hentry"],"_links":{"self":[{"href":"https:\/\/blog.uclm.es\/lidiasanchis\/wp-json\/wp\/v2\/pages\/22","targetHints":{"allow":["GET"]}}],"collection":[{"href":"https:\/\/blog.uclm.es\/lidiasanchis\/wp-json\/wp\/v2\/pages"}],"about":[{"href":"https:\/\/blog.uclm.es\/lidiasanchis\/wp-json\/wp\/v2\/types\/page"}],"author":[{"embeddable":true,"href":"https:\/\/blog.uclm.es\/lidiasanchis\/wp-json\/wp\/v2\/users\/261"}],"replies":[{"embeddable":true,"href":"https:\/\/blog.uclm.es\/lidiasanchis\/wp-json\/wp\/v2\/comments?post=22"}],"version-history":[{"count":4,"href":"https:\/\/blog.uclm.es\/lidiasanchis\/wp-json\/wp\/v2\/pages\/22\/revisions"}],"predecessor-version":[{"id":436,"href":"https:\/\/blog.uclm.es\/lidiasanchis\/wp-json\/wp\/v2\/pages\/22\/revisions\/436"}],"wp:featuredmedia":[{"embeddable":true,"href":"https:\/\/blog.uclm.es\/lidiasanchis\/wp-json\/wp\/v2\/media\/75"}],"wp:attachment":[{"href":"https:\/\/blog.uclm.es\/lidiasanchis\/wp-json\/wp\/v2\/media?parent=22"}],"curies":[{"name":"wp","href":"https:\/\/api.w.org\/{rel}","templated":true}]}}