{"id":18,"date":"2021-03-01T19:59:19","date_gmt":"2021-03-01T18:59:19","guid":{"rendered":"http:\/\/blog.uclm.es\/lidiasanchis\/?page_id=18"},"modified":"2025-09-04T18:21:20","modified_gmt":"2025-09-04T16:21:20","slug":"gestion","status":"publish","type":"page","link":"https:\/\/blog.uclm.es\/lidiasanchis\/gestion\/","title":{"rendered":"GESTI\u00d3N"},"content":{"rendered":"\n<p><strong>Considero que el PDI universitario debe desempe\u00f1ar un papel fundamental en la dimensi\u00f3n institucional<\/strong>, no solo en el \u00e1mbito docente e investigador, sino tambi\u00e9n en diferentes contextos como el internacional, social, cultural o de emprendimiento. Por ejemplo, como&nbsp;<strong>coordinadora de estancias ERASMUS<\/strong>&nbsp;y&nbsp;<strong>responsable de convenios internacionales<\/strong>, se puede facilitar el intercambio educativo y cultural, enriqueciendo la experiencia universitaria.<\/p>\n\n\n\n<p>En el plano social, la\u00a0<strong>presidencia de la Comisi\u00f3n de Igualdad y Diversidad<\/strong>\u00a0refleja un compromiso activo con la creaci\u00f3n de un entorno inclusivo y equitativo, promoviendo pol\u00edticas y acciones que favorezcan la igualdad de oportunidades. Culturalmente, desde las\u00a0<strong>comisiones de cultura<\/strong>, se puede fomentar la diversidad y el enriquecimiento intelectual, integrando la dimensi\u00f3n art\u00edstica y patrimonial en la vida universitaria.<\/p>\n\n\n\n<p>Adem\u00e1s, como&nbsp;<strong>directora acad\u00e9mica de Proyecci\u00f3n Universitaria<\/strong>, se contribuye a la visibilidad institucional de la universidad, participando en la&nbsp;<strong>difusi\u00f3n de la oferta educativa de la UCLM<\/strong>, represent\u00e1ndola en&nbsp;<strong>ferias internacionales<\/strong>&nbsp;y tambi\u00e9n de forma m\u00e1s local, en&nbsp;<strong>visitas a institutos<\/strong>, lo que ayuda a atraer talento de todo el mundo y a dar a conocer a la UCLM a todo el alumnado potencial.<\/p>\n\n\n\n<p>La participaci\u00f3n en las&nbsp;<strong>comisiones de Investigaci\u00f3n, Cultura e Internacionalizaci\u00f3n de la facultad<\/strong>&nbsp;permite integrar la docencia con la generaci\u00f3n de conocimiento, la apertura al mundo y el desarrollo de una comunidad acad\u00e9mica plural y din\u00e1mica. Por \u00faltimo, es importante tambi\u00e9n dar un impulso al&nbsp;<strong>emprendimiento en las aulas<\/strong>, ya que fomenta una mentalidad innovadora y empresarial entre el alumnado, prepar\u00e1ndolo para los desaf\u00edos del futuro.<\/p>\n\n\n\n<p> Los principales cargos de gesti\u00f3n y actividades de participaci\u00f3n institucional que realizo se resumen a continuaci\u00f3n: <\/p>\n\n\n<p>-Directora Acad\u00e9mica del Vicerrectorado de Proyecci\u00f3n Universitaria desde septiembre de 2025.\u00a0<\/p>\n<p>-Coordinadora del \u00e1rea de Finanzas del M\u00e1ster de Consultor\u00eda y Asesoramiento Fiscal, Mercantil y Financiero desde 2014. Ver detalles del m\u00e1ster oficial en la p\u00e1gina oficial de la UCLM:\u00a0 <a href=\"https:\/\/www.uclm.es\/estudios\/masteres\/master-consultoria-financiera\">M\u00e1ster Universitario en Consultor\u00eda y Asesor\u00eda Financiera y Fiscal (uclm.es)<\/a><\/p>\n<p>-Miembro de la red de profesores emprendedores de la UCLM desde 2020. Ver m\u00e1s informaci\u00f3n sobre las actividades de la red en: <a href=\"https:\/\/www.uclm.es\/empresas\/emprende\/reddeprofesoresemprendedores\">UCLMEmprende : Red de profesores emprendedores<\/a>.\u00a0<\/p>\n<p>-Coordinadora de Relaciones Internacionales de la Facultad de Ciencias Jur\u00eddicas y Sociales de Toledo (2016-2021). Ver informaci\u00f3n sobre internacionalizaci\u00f3n en la UCLM en: <a href=\"https:\/\/www.uclm.es\/misiones\/Internacional\">international (uclm.es)<\/a>.\u00a0<\/p>\n<p>-Miembro institucional de la UCLM que represent\u00f3 a la UCLM en la feria internacional de docencia celebrada en Kazajst\u00e1n (<a href=\"https:\/\/www.uclm.es\/noticias\/noticias2018\/noviembre\/toledo\/feriakazajistan\">La UCLM presenta su oferta formativa en la International Educational Exhibition celebrada en Kazajist\u00e1n<\/a>).\u00a0<\/p>\n<p>-Presidenta de la comisi\u00f3n de igualdad y diversidad de la Facultad de Ciencias Jur\u00eddicas y Sociales de Toledo (julio 2025-actualidad). Link BLOG:<a href=\"https:\/\/blog.uclm.es\/igualdadfcjsto\/wp-admin\/post.php?post=45&amp;action=edit\"> COMISI\u00d3N DE IGUALDAD Y DE DIVERSIDAD.\u00a0<\/a><\/p>\n<p>-Miembro de la comisi\u00f3n de igualdad del Departamento de Fundamentos del An\u00e1lisis Econ\u00f3mico\u00a0<\/p>\n<p>-Miembro de la comisi\u00f3n de cultura de la Facultad de Ciencias Jur\u00eddicas y Sociales de Toledo.\u00a0<\/p>\n<p>-Promotora de diferentes convenios de movilidad ERASMUS y programas propios.\u00a0<\/p>\n<p>-Tutor\u00edas personalizadas<\/p>\n<p>-Visitas a institutos<\/p>\n<p>&#8211;<strong>Academic Director of the Vice-Rectorate for UCLM since September 2025.<\/strong><\/p>\n<p><strong>-Coordinator of the Finance area of the Master&#8217;s Degree in Tax, Commercial and Financial Consultancy and Advice since 2014. See details of the official master&#8217;s degree at the official website of the UCLM: M\u00e1ster Universitario en Consultor\u00eda y Asesor\u00eda Financiera y Fiscal (uclm.es).<\/strong><\/p>\n<p><strong>-Member of the network of entrepreneurial professors of the UCLM since 2020. See more information about the activities of the network at: UCLMEmprende : Entrepreneurial teachers network.<\/strong><\/p>\n<p><strong>-Coordinator of International Relations of the Faculty of Law and Social Sciences of Toledo (2016-2021). See information on internationalization at UCLM at: international (uclm.es).<\/strong><\/p>\n<p>&#8211;<strong>Institutional member of the UCLM who represented the UCLM at the International Educational Exhibition held in Kazakhstan (UCLM presents its educational offerings at the International Educational Exhibition held in Kazakhstan).<\/strong><\/p>\n<p><strong>-President of the equality and diversity committe of the FCSJ Toledo.\u00a0<\/strong><\/p>\n<p><strong>-Member of the equality committee of the Department of Fundamentals of Economic Analysis.<\/strong><\/p>\n<p><strong>-Member of the culture committee of the Faculty of Legal and Social Sciences of Toledo.<\/strong><\/p>\n\n\n<figure class=\"wp-block-image size-large\"><img loading=\"lazy\" decoding=\"async\" width=\"1024\" height=\"485\" src=\"https:\/\/blog.uclm.es\/lidiasanchis\/wp-content\/uploads\/sites\/185\/2023\/02\/image-6-1024x485.png\" alt=\"\" class=\"wp-image-328\" srcset=\"https:\/\/blog.uclm.es\/lidiasanchis\/wp-content\/uploads\/sites\/185\/2023\/02\/image-6-1024x485.png 1024w, https:\/\/blog.uclm.es\/lidiasanchis\/wp-content\/uploads\/sites\/185\/2023\/02\/image-6-300x142.png 300w, https:\/\/blog.uclm.es\/lidiasanchis\/wp-content\/uploads\/sites\/185\/2023\/02\/image-6-768x364.png 768w, https:\/\/blog.uclm.es\/lidiasanchis\/wp-content\/uploads\/sites\/185\/2023\/02\/image-6-1536x728.png 1536w, https:\/\/blog.uclm.es\/lidiasanchis\/wp-content\/uploads\/sites\/185\/2023\/02\/image-6-500x237.png 500w, https:\/\/blog.uclm.es\/lidiasanchis\/wp-content\/uploads\/sites\/185\/2023\/02\/image-6.png 1538w\" sizes=\"auto, (max-width: 1024px) 100vw, 1024px\" \/><\/figure>\n\n\n\n<figure class=\"wp-block-image size-full\"><img loading=\"lazy\" decoding=\"async\" width=\"474\" height=\"189\" src=\"https:\/\/blog.uclm.es\/lidiasanchis\/files\/2021\/03\/gestion.jpg\" alt=\"\" class=\"wp-image-51\" srcset=\"https:\/\/blog.uclm.es\/lidiasanchis\/wp-content\/uploads\/sites\/185\/2021\/03\/gestion.jpg 474w, https:\/\/blog.uclm.es\/lidiasanchis\/wp-content\/uploads\/sites\/185\/2021\/03\/gestion-300x120.jpg 300w\" sizes=\"auto, (max-width: 474px) 100vw, 474px\" \/><\/figure>\n","protected":false},"excerpt":{"rendered":"<p>Considero que el PDI universitario debe desempe\u00f1ar un papel fundamental en la dimensi\u00f3n institucional, no solo en el \u00e1mbito docente e investigador, sino tambi\u00e9n en diferentes contextos como el internacional, social, cultural o de emprendimiento. Por ejemplo, como&nbsp;coordinadora de estancias &hellip; <a href=\"https:\/\/blog.uclm.es\/lidiasanchis\/gestion\/\">Sigue leyendo <span class=\"meta-nav\">&rarr;<\/span><\/a><\/p>\n","protected":false},"author":261,"featured_media":51,"parent":0,"menu_order":4,"comment_status":"closed","ping_status":"closed","template":"","meta":{"footnotes":""},"class_list":["post-18","page","type-page","status-publish","has-post-thumbnail","hentry"],"_links":{"self":[{"href":"https:\/\/blog.uclm.es\/lidiasanchis\/wp-json\/wp\/v2\/pages\/18","targetHints":{"allow":["GET"]}}],"collection":[{"href":"https:\/\/blog.uclm.es\/lidiasanchis\/wp-json\/wp\/v2\/pages"}],"about":[{"href":"https:\/\/blog.uclm.es\/lidiasanchis\/wp-json\/wp\/v2\/types\/page"}],"author":[{"embeddable":true,"href":"https:\/\/blog.uclm.es\/lidiasanchis\/wp-json\/wp\/v2\/users\/261"}],"replies":[{"embeddable":true,"href":"https:\/\/blog.uclm.es\/lidiasanchis\/wp-json\/wp\/v2\/comments?post=18"}],"version-history":[{"count":13,"href":"https:\/\/blog.uclm.es\/lidiasanchis\/wp-json\/wp\/v2\/pages\/18\/revisions"}],"predecessor-version":[{"id":941,"href":"https:\/\/blog.uclm.es\/lidiasanchis\/wp-json\/wp\/v2\/pages\/18\/revisions\/941"}],"wp:featuredmedia":[{"embeddable":true,"href":"https:\/\/blog.uclm.es\/lidiasanchis\/wp-json\/wp\/v2\/media\/51"}],"wp:attachment":[{"href":"https:\/\/blog.uclm.es\/lidiasanchis\/wp-json\/wp\/v2\/media?parent=18"}],"curies":[{"name":"wp","href":"https:\/\/api.w.org\/{rel}","templated":true}]}}