{"id":131,"date":"2021-03-02T14:50:51","date_gmt":"2021-03-02T13:50:51","guid":{"rendered":"http:\/\/blog.uclm.es\/lidiasanchis\/?page_id=131"},"modified":"2026-01-21T09:51:20","modified_gmt":"2026-01-21T08:51:20","slug":"presentacion","status":"publish","type":"page","link":"https:\/\/blog.uclm.es\/lidiasanchis\/presentacion\/","title":{"rendered":"PRESENTACI\u00d3N"},"content":{"rendered":"<div class=\"wp-block-image\">\n<figure class=\"aligncenter size-full\"><img loading=\"lazy\" decoding=\"async\" width=\"238\" height=\"317\" src=\"https:\/\/blog.uclm.es\/lidiasanchis\/wp-content\/uploads\/sites\/185\/2023\/06\/image-4.png\" alt=\"\" class=\"wp-image-478\" srcset=\"https:\/\/blog.uclm.es\/lidiasanchis\/wp-content\/uploads\/sites\/185\/2023\/06\/image-4.png 238w, https:\/\/blog.uclm.es\/lidiasanchis\/wp-content\/uploads\/sites\/185\/2023\/06\/image-4-225x300.png 225w\" sizes=\"auto, (max-width: 238px) 100vw, 238px\" \/><\/figure>\n<\/div>\n\n\n<p>Bienvenidos al blog personal de Lidia Sanchis-Marco. Soy profesora titular en el Departamento de An\u00e1lisis Econ\u00f3mico y Finanzas de la Universidad de Castilla-La Mancha (UCLM) desde octubre de 2022, siendo previamente profesora ayudante, ayudante doctor y contratado doctor desde septiembre de 2009. Obtuve el doctorado en Finanzas Cuantitativas por la Universidad de Castilla-La Mancha en 2014. <\/p>\n\n\n\n<p><strong>Welcome to Lidia Sanchis-Marco&#8217;s personal blog. I am a full professor in the Department of Economic Analysis and Finance at the University of Castilla-La Mancha (UCLM) since September 2009. I obtained my PhD in Quantitative Finance from the University of Castilla-La Mancha in 2014. <\/strong><\/p>\n\n\n\n<p>Actualmente imparto docencia en diversos programas de grado y m\u00e1ster de la UCLM. En concreto, soy responsable del \u00e1rea de finanzas en el M\u00e1ster de Consultor\u00eda y Asesoramiento Fiscal , Mercantil y Financiero de la UCLM. Tambi\u00e9n coordino la docencia de matem\u00e1ticas financieras e inversi\u00f3n y financiaci\u00f3n del Grado de ADE de UCLM. He sido durante 5 a\u00f1os (desde 2016-2021) Coordinadora de Relaciones Internacionales de la Facultad de Ciencias Jur\u00eddicas y Sociales de Toledo en la UCLM y soy miembro de la red de profesores emprendedores de la UCLM. He realizado estancias de investigaci\u00f3n en las Universidades de Cass Business School (London) y Carlos III de Madrid (Madrid). Actualmente soy presidenta de la comisi\u00f3n de igualdad y diversidad de la facultad de ciencias jur\u00eddicas y sociales y Directora Acad\u00e9mica del Vicerrectorado de Proyecci\u00f3n Universitaria. <\/p>\n\n\n\n<p><strong>I currently teach in various undergraduate and master&#8217;s degree programs at the UCLM. Specifically, I am responsible for the area of finance in the Master of Consulting and Tax, Commercial and Financial Advice of the UCLM. I also coordinate the teaching of financial mathematics and investment and financing of the Degree of ADE of UCLM. I have been for 5 years (from 2016-2021) Coordinator of International Relations of the Faculty of Law and Social Sciences of Toledo in the UCLM and I am a member of the network of entrepreneurial teachers of the UCLM. I have done research stays at the Universities of Cass Business School (London) and Carlos III de Madrid (Madrid). I am currently the Chair of the Faculty of Law and Social Sciences\u2019 Equality and Diversity Committee and Academic Director at the Vice\u2011Rectorate for University Outreach.<\/strong><\/p>\n\n\n<div class=\"wp-block-image\">\n<figure class=\"aligncenter size-full is-resized\"><img loading=\"lazy\" decoding=\"async\" width=\"381\" height=\"316\" src=\"https:\/\/blog.uclm.es\/lidiasanchis\/wp-content\/uploads\/sites\/185\/2024\/03\/image-3.png\" alt=\"\" class=\"wp-image-559\" style=\"width:287px;height:auto\" srcset=\"https:\/\/blog.uclm.es\/lidiasanchis\/wp-content\/uploads\/sites\/185\/2024\/03\/image-3.png 381w, https:\/\/blog.uclm.es\/lidiasanchis\/wp-content\/uploads\/sites\/185\/2024\/03\/image-3-300x249.png 300w, https:\/\/blog.uclm.es\/lidiasanchis\/wp-content\/uploads\/sites\/185\/2024\/03\/image-3-362x300.png 362w\" sizes=\"auto, (max-width: 381px) 100vw, 381px\" \/><\/figure>\n<\/div>\n\n\n<p>Mis intereses se centran en las finanzas cuantitativas, especialmente en la modelizaci\u00f3n y econometr\u00eda financiera. Asimismo he trabajado en la valoraci\u00f3n de riesgos y contagio financiero y medici\u00f3n del riesgo aplicado a diferentes mercados. Mis art\u00edculos de investigaci\u00f3n han sido presentados en numerosos congresos nacionales e internacionales. Tambi\u00e9n he colaborado con diversas entidades privadas en el asesoramiento de riesgos financieros.<\/p>\n\n\n\n<p><strong>My interests are in quantitative finance, especially in financial modeling and econometrics. I have also worked on risk assessment and financial contagion and risk measurement in general. My research papers have been presented at numerous national and international conferences. I have also collaborated with several private entities in financial risk assessment.<\/strong><\/p>\n\n\n\n<p>En este blog he resumido los principales m\u00e9ritos de docencia, gesti\u00f3n e investigaci\u00f3n de mi CV, comparto algunos de los principales recursos docentes que utilizo en el aula y otros recursos interesantes, as\u00ed como otros logros y publicaciones relevantes con el fin de dar a conocer los principales resultados de mis l\u00edneas de investigaci\u00f3n y mis tareas docentes a toda la sociedad. <\/p>\n\n\n\n<p><strong>In this blog I have summarized the main teaching, management and research merits of my CV, I share some of the main teaching resources I use in the classroom and other interesting resources, as well as other relevant achievements and publications in order to make known the main results of my research lines to the whole society.<\/strong><\/p>\n\n\n<div class=\"wp-block-image\">\n<figure class=\"aligncenter size-full is-resized\"><img loading=\"lazy\" decoding=\"async\" width=\"553\" height=\"549\" src=\"https:\/\/blog.uclm.es\/lidiasanchis\/wp-content\/uploads\/sites\/185\/2023\/02\/image-25.png\" alt=\"\" class=\"wp-image-389\" style=\"width:248px;height:auto\" srcset=\"https:\/\/blog.uclm.es\/lidiasanchis\/wp-content\/uploads\/sites\/185\/2023\/02\/image-25.png 553w, https:\/\/blog.uclm.es\/lidiasanchis\/wp-content\/uploads\/sites\/185\/2023\/02\/image-25-300x298.png 300w, https:\/\/blog.uclm.es\/lidiasanchis\/wp-content\/uploads\/sites\/185\/2023\/02\/image-25-150x150.png 150w, https:\/\/blog.uclm.es\/lidiasanchis\/wp-content\/uploads\/sites\/185\/2023\/02\/image-25-302x300.png 302w\" sizes=\"auto, (max-width: 553px) 100vw, 553px\" \/><\/figure>\n<\/div>\n\n<div class=\"wp-block-image\">\n<figure class=\"aligncenter size-full is-resized\"><img loading=\"lazy\" decoding=\"async\" width=\"638\" height=\"451\" src=\"https:\/\/blog.uclm.es\/lidiasanchis\/wp-content\/uploads\/sites\/185\/2023\/02\/image-24.png\" alt=\"\" class=\"wp-image-387\" style=\"width:300px;height:auto\" srcset=\"https:\/\/blog.uclm.es\/lidiasanchis\/wp-content\/uploads\/sites\/185\/2023\/02\/image-24.png 638w, https:\/\/blog.uclm.es\/lidiasanchis\/wp-content\/uploads\/sites\/185\/2023\/02\/image-24-300x212.png 300w, https:\/\/blog.uclm.es\/lidiasanchis\/wp-content\/uploads\/sites\/185\/2023\/02\/image-24-424x300.png 424w\" sizes=\"auto, (max-width: 638px) 100vw, 638px\" \/><\/figure>\n<\/div>\n\n\n<p><\/p>\n","protected":false},"excerpt":{"rendered":"<p>Bienvenidos al blog personal de Lidia Sanchis-Marco. Soy profesora titular en el Departamento de An\u00e1lisis Econ\u00f3mico y Finanzas de la Universidad de Castilla-La Mancha (UCLM) desde octubre de 2022, siendo previamente profesora ayudante, ayudante doctor y contratado doctor desde septiembre &hellip; <a href=\"https:\/\/blog.uclm.es\/lidiasanchis\/presentacion\/\">Sigue leyendo <span class=\"meta-nav\">&rarr;<\/span><\/a><\/p>\n","protected":false},"author":261,"featured_media":0,"parent":0,"menu_order":0,"comment_status":"closed","ping_status":"closed","template":"","meta":{"footnotes":""},"class_list":["post-131","page","type-page","status-publish","hentry"],"_links":{"self":[{"href":"https:\/\/blog.uclm.es\/lidiasanchis\/wp-json\/wp\/v2\/pages\/131","targetHints":{"allow":["GET"]}}],"collection":[{"href":"https:\/\/blog.uclm.es\/lidiasanchis\/wp-json\/wp\/v2\/pages"}],"about":[{"href":"https:\/\/blog.uclm.es\/lidiasanchis\/wp-json\/wp\/v2\/types\/page"}],"author":[{"embeddable":true,"href":"https:\/\/blog.uclm.es\/lidiasanchis\/wp-json\/wp\/v2\/users\/261"}],"replies":[{"embeddable":true,"href":"https:\/\/blog.uclm.es\/lidiasanchis\/wp-json\/wp\/v2\/comments?post=131"}],"version-history":[{"count":37,"href":"https:\/\/blog.uclm.es\/lidiasanchis\/wp-json\/wp\/v2\/pages\/131\/revisions"}],"predecessor-version":[{"id":1021,"href":"https:\/\/blog.uclm.es\/lidiasanchis\/wp-json\/wp\/v2\/pages\/131\/revisions\/1021"}],"wp:attachment":[{"href":"https:\/\/blog.uclm.es\/lidiasanchis\/wp-json\/wp\/v2\/media?parent=131"}],"curies":[{"name":"wp","href":"https:\/\/api.w.org\/{rel}","templated":true}]}}