{"id":11,"date":"2021-03-01T19:56:22","date_gmt":"2021-03-01T18:56:22","guid":{"rendered":"http:\/\/blog.uclm.es\/lidiasanchis\/?page_id=11"},"modified":"2025-05-11T17:51:41","modified_gmt":"2025-05-11T15:51:41","slug":"cv","status":"publish","type":"page","link":"https:\/\/blog.uclm.es\/lidiasanchis\/cv\/","title":{"rendered":"CV"},"content":{"rendered":"\n<p>En esta apartado resumo mi CV en el que destaca mi trayectoria profesional como analista de riesgos financieros desde 2004 a 2007 y mi carrera acad\u00e9mica como profesora del \u00e1rea de finanzas del Departamento de An\u00e1lisis Econ\u00f3mico y Finanzas desarrollada en la UCLM desde 2009.<\/p>\n\n\n\n<p>&#8211;<strong>RESUMEN TRAYECTORIA PROFESIONAL Y ACAD\u00c9MICA<\/strong>:<\/p>\n\n\n\n<figure class=\"wp-block-image size-full\"><img loading=\"lazy\" decoding=\"async\" width=\"816\" height=\"371\" src=\"https:\/\/blog.uclm.es\/lidiasanchis\/wp-content\/uploads\/sites\/185\/2024\/07\/image-6.png\" alt=\"\" class=\"wp-image-670\" srcset=\"https:\/\/blog.uclm.es\/lidiasanchis\/wp-content\/uploads\/sites\/185\/2024\/07\/image-6.png 816w, https:\/\/blog.uclm.es\/lidiasanchis\/wp-content\/uploads\/sites\/185\/2024\/07\/image-6-300x136.png 300w, https:\/\/blog.uclm.es\/lidiasanchis\/wp-content\/uploads\/sites\/185\/2024\/07\/image-6-768x349.png 768w, https:\/\/blog.uclm.es\/lidiasanchis\/wp-content\/uploads\/sites\/185\/2024\/07\/image-6-500x227.png 500w\" sizes=\"auto, (max-width: 816px) 100vw, 816px\" \/><\/figure>\n\n\n\n<p>&#8211;<strong>RESUMEN GR\u00c1FICO DE LOS MOMENTOS M\u00c1S RELEVANTES DE MI CARRERA ACAD\u00c9MICA: <\/strong><\/p>\n\n\n\n<figure class=\"wp-block-image size-large\"><img loading=\"lazy\" decoding=\"async\" width=\"1024\" height=\"511\" src=\"https:\/\/blog.uclm.es\/lidiasanchis\/wp-content\/uploads\/sites\/185\/2023\/02\/image-23-1024x511.png\" alt=\"\" class=\"wp-image-374\" srcset=\"https:\/\/blog.uclm.es\/lidiasanchis\/wp-content\/uploads\/sites\/185\/2023\/02\/image-23-1024x511.png 1024w, https:\/\/blog.uclm.es\/lidiasanchis\/wp-content\/uploads\/sites\/185\/2023\/02\/image-23-300x150.png 300w, https:\/\/blog.uclm.es\/lidiasanchis\/wp-content\/uploads\/sites\/185\/2023\/02\/image-23-768x383.png 768w, https:\/\/blog.uclm.es\/lidiasanchis\/wp-content\/uploads\/sites\/185\/2023\/02\/image-23-500x249.png 500w, https:\/\/blog.uclm.es\/lidiasanchis\/wp-content\/uploads\/sites\/185\/2023\/02\/image-23.png 1127w\" sizes=\"auto, (max-width: 1024px) 100vw, 1024px\" \/><\/figure>\n\n\n<p>&#8211;<strong>Formaci\u00f3n:<\/strong> Doctora en Banca y Finanzas Cuantitativas, UCLM, 2014. M\u00e1ster en Banca y Finanzas Cuantitativas, UCLM, 2009. Certificado de Aptitud Pedag\u00f3gica, Universidad de Alicante, 2004. Licenciada en Administraci\u00f3n y Direcci\u00f3n de Empresas, Universidad de Alicante, 2003.<\/p>\n<p><strong>-Experiencia profesional:<\/strong> Objetivo 500 (2003\/04), ASEFECO (2004-07), CAM (2009), UCLM (2009-actualidad)<\/p>\n<p>&#8211;<strong>Puestos Acad\u00e9micos: <\/strong>Profesora Titular de Universidad desde el 17 de Octubre de 2022 hasta la actualidad. \u00a0Profesora Contratada Doctor Interino desde septiembre de 2017 hasta octubre de 2022. Profesora Ayudante Doctora de 2015 a 2017 y Ayudante de Facultad de 2009 a 2015, Departamento de An\u00e1lisis Econ\u00f3mico y Finanzas, UCLM. Acreditaci\u00f3n de profesor Titular en diciembre de 2021.\u00a0<\/p>\n<p><strong>-Gesti\u00f3n:<\/strong> Coordinadora de Relaciones Internacionales de la Facultad de Ciencias Jur\u00eddicas y Sociales desde 2016 hasta 2021 (UCLM); Coordinadora del \u00e1rea de Finanzas en el M\u00e1ster de Consultor\u00eda y Asesoramiento Financiero y Fiscal (UCLM). Coordinadora de Calidad del M\u00e1ster de Consultor\u00eda y Asesoramiento Financiero y Fiscal (UCLM).<\/p>\n<p><strong>-L\u00edneas de investigaci\u00f3n<\/strong>: Econometr\u00eda Financiera, gesti\u00f3n de riesgo de mercado y de cr\u00e9dito, contagio financiero, riesgo sistem\u00e1tico y sist\u00e9mico.<\/p>\n<p><strong>-Trayectoria Investigadora:<\/strong><br \/>Autora de la Tesis Doctoral titulada <strong>\u201cMarket crises and the conditional distribution of financial returns: a downside risk and pricing errors analysis\u201d<\/strong> bajo la direcci\u00f3n del Profesor Titular de la Universidad de Alicante, D. Antonio Rubia Serrano. La trayectoria cient\u00edfica se debe al desarrollo de la citada\u00a0 tesis doctoral, de la cual se derivan diversos trabajos de investigaci\u00f3n que han sido presentados en diversos Congresos nacionales e internacionales de reconocido prestigio:\u00a0<\/p>\n<ul>\n<li>\u201cOn downside risk predictability through liquidity and trading activity: A dynamic quantile approach\u201d publicado en la revista International Journal of Forecasting en 2013. Otros trabajos, relacionados con este cap\u00edtulo de la Tesis, han sido publicados como Working Paper y cap\u00edtulo de libro en el Instituto Valenciano de Investigaciones Econ\u00f3micas y en la editorial Palgrave McMillan respectivamente.<\/li>\n<li class=\"workspace-title leftBuffer\"><span id=\"work.title\">\u00abMarket frictions and the pricing of sovereign credit default swaps\u00bb publicado en l<\/span>a revista Journal of International Money and Finance en 2016.<\/li>\n<li class=\"workspace-title leftBuffer\">\u00abMeasuring Tail-Risk Cross-Country Exposures in the Banking Industry\u00bb publicado en la Revista de Economia Aplicada en 2017.<\/li>\n<\/ul>\n<p>De forma adicional, otros trabajos de investigaci\u00f3n derivados de <strong>otras l\u00edneas de investigaci\u00f3n<\/strong> han sido publicados posteriormente a la defensa de la tesis doctoral.\u00a0 El primero de ellos titulado \u00abOn multicollinearity and the value of the shape parameter in the term structure Nelson-Siegel model\u201d publicado en Aestimatio, the ieb international journal of finance en 2018, otro titulado \u00abMeasuring Financial Risk Co-movement in Commodity Markets\u00bb como cap\u00edtulo de libro de la editorial Springer en 2018 y un art\u00edculo titulado \u00abExtreme downside risk co-movement in commodity markets during distress periods. A Multidimensional scaling approach\u00bb ha sido publicado en la revista European Journal of Finance en 2020. M\u00e1s recientemente, se han publicado dos art\u00edculos relacionados con el riesgo sist\u00e9mico. El primero de ellos,\u00a0 titulado \u201cMeasuring systemic risk using multivariate quantile-located ES models\u201d en la revista Journal of Financial Econometrics publicado en febrero de 2021. El segundo, titulado \u00abSystemic-systematic risk in financial system: A dynamic ranking based on expectiles\u00bb, en la revista International Review of Economics and Finance publicado en abril de 2021. Esta l\u00ednea de investigaci\u00f3n se centra en el estudio de riesgo sist\u00e9mico y sistem\u00e1tico entre diferentes sectores financieros internacionales con el objetivo de crear rankings de instituciones sist\u00e9micas y sistem\u00e1ticas. La evidencia obtenida hasta el momento muestra la necesidad de estrategias de pol\u00edtica macro y microprudencial para lograr la estabilidad financiera, no s\u00f3lo en el sector bancario, sino tambi\u00e9n en el sector de las aseguradoras.\u00a0<\/p>\n<p>Otra l\u00ednea de investigaci\u00f3n derivada del segundo cap\u00edtulo de la tesis ahonda en el contagio de p\u00e9rdidas en el mercado de commodities, cuyos resultados fueron publicados en el art\u00edculo titulado \u00abSpillovers effects between commodity and stock markets. A SDES approach\u00bb en la revista\u00a0 Resources Policy en 2022.\u00a0<\/p>\n<p>Como a<strong>ctuales\u00a0l\u00edneas de investigaci\u00f3n<\/strong> destacar el estudio de la aplicaci\u00f3n de modelos de medici\u00f3n de riesgo financiero a variables relacionadas con el cambio clim\u00e1tico.\u00a0 Como resultado de esta l\u00ednea de investigaci\u00f3n se han publicado todos art\u00edculos. En el primero de ellos, se analiza el poder predictivo de variables meteorol\u00f3gicas en la contaminaci\u00f3n mediante modelos de riesgo de mercado y ha dado lugar a la publicaci\u00f3n de 2022 titulada \u00abAn extended CAViaR model for early-warning of exceedances of the air pollution standards. The case of PM10 in the city of Madrid\u00bb en la revista Atmospheric Pollution Research en 2022. En el segundo se modelizan las variaciones de las medias del nivel mal con modelos de riesgo de mercado basados en EVT y se analiza su poder predictivo en el riesgo financiero de diferente sectores. Este segundo trabajo, ha dado lugar a la publicaci\u00f3n titulada \u00abForecasting the effect of extreme sea-level rise on financial market risk\u00bb en <span class=\"anchor-text\">International Review of Economics &amp; Finance en 2024.\u00a0<\/span><\/p>\n<p>Por \u00faltimo, dos nuevas l\u00ednea de investigaci\u00f3n se centrar\u00edan en analizar y medir el impacto en los mercados financieros derivado de la pandemia del COVID-19 u otros episodios de crisis as\u00ed como del cambio clim\u00e1tico y la biodiversidad, en este caso para analizar y medir la transmisi\u00f3n de riesgo entre diferentes mercados.<\/p>\n\n\n<figure class=\"wp-block-gallery has-nested-images columns-default is-cropped wp-block-gallery-1 is-layout-flex wp-block-gallery-is-layout-flex\">\n<figure class=\"wp-block-image size-large\"><img loading=\"lazy\" decoding=\"async\" width=\"1000\" height=\"595\" data-id=\"98\" src=\"https:\/\/blog.uclm.es\/lidiasanchis\/wp-content\/uploads\/sites\/185\/2021\/03\/cropped-libros.jpg\" alt=\"\" class=\"wp-image-98\" srcset=\"https:\/\/blog.uclm.es\/lidiasanchis\/wp-content\/uploads\/sites\/185\/2021\/03\/cropped-libros.jpg 1000w, https:\/\/blog.uclm.es\/lidiasanchis\/wp-content\/uploads\/sites\/185\/2021\/03\/cropped-libros-300x179.jpg 300w, https:\/\/blog.uclm.es\/lidiasanchis\/wp-content\/uploads\/sites\/185\/2021\/03\/cropped-libros-768x457.jpg 768w, https:\/\/blog.uclm.es\/lidiasanchis\/wp-content\/uploads\/sites\/185\/2021\/03\/cropped-libros-500x298.jpg 500w\" sizes=\"auto, (max-width: 1000px) 100vw, 1000px\" \/><\/figure>\n<\/figure>\n","protected":false},"excerpt":{"rendered":"<p>En esta apartado resumo mi CV en el que destaca mi trayectoria profesional como analista de riesgos financieros desde 2004 a 2007 y mi carrera acad\u00e9mica como profesora del \u00e1rea de finanzas del Departamento de An\u00e1lisis Econ\u00f3mico y Finanzas desarrollada &hellip; <a href=\"https:\/\/blog.uclm.es\/lidiasanchis\/cv\/\">Sigue leyendo <span class=\"meta-nav\">&rarr;<\/span><\/a><\/p>\n","protected":false},"author":261,"featured_media":82,"parent":0,"menu_order":2,"comment_status":"closed","ping_status":"closed","template":"","meta":{"footnotes":""},"class_list":["post-11","page","type-page","status-publish","has-post-thumbnail","hentry"],"_links":{"self":[{"href":"https:\/\/blog.uclm.es\/lidiasanchis\/wp-json\/wp\/v2\/pages\/11","targetHints":{"allow":["GET"]}}],"collection":[{"href":"https:\/\/blog.uclm.es\/lidiasanchis\/wp-json\/wp\/v2\/pages"}],"about":[{"href":"https:\/\/blog.uclm.es\/lidiasanchis\/wp-json\/wp\/v2\/types\/page"}],"author":[{"embeddable":true,"href":"https:\/\/blog.uclm.es\/lidiasanchis\/wp-json\/wp\/v2\/users\/261"}],"replies":[{"embeddable":true,"href":"https:\/\/blog.uclm.es\/lidiasanchis\/wp-json\/wp\/v2\/comments?post=11"}],"version-history":[{"count":10,"href":"https:\/\/blog.uclm.es\/lidiasanchis\/wp-json\/wp\/v2\/pages\/11\/revisions"}],"predecessor-version":[{"id":829,"href":"https:\/\/blog.uclm.es\/lidiasanchis\/wp-json\/wp\/v2\/pages\/11\/revisions\/829"}],"wp:featuredmedia":[{"embeddable":true,"href":"https:\/\/blog.uclm.es\/lidiasanchis\/wp-json\/wp\/v2\/media\/82"}],"wp:attachment":[{"href":"https:\/\/blog.uclm.es\/lidiasanchis\/wp-json\/wp\/v2\/media?parent=11"}],"curies":[{"name":"wp","href":"https:\/\/api.w.org\/{rel}","templated":true}]}}