{"id":93,"date":"2016-10-11T20:14:51","date_gmt":"2016-10-11T19:14:51","guid":{"rendered":"http:\/\/blog.uclm.es\/lcf\/?page_id=93"},"modified":"2016-10-11T20:14:51","modified_gmt":"2016-10-11T19:14:51","slug":"journee-du-1er-decembre-2016","status":"publish","type":"page","link":"https:\/\/blog.uclm.es\/lcf\/congresos-coloquios-seminarios-jornadas\/journee-du-1er-decembre-2016\/","title":{"rendered":"Journ\u00e9e du 1er d\u00e9cembre 2016"},"content":{"rendered":"<header class=\"entry-header\">\n<h1 class=\"entry-title\">Culture et litt\u00e9rature f\u00e9minines francophones et leur relation avec l\u2019Am\u00e9rique (du nord et du sud) au XX\u00e8me et XXI\u00e8me si\u00e8cle<\/h1>\n<p><strong>Publication pr\u00e9vue pour 2019<\/strong><\/p>\n<p><a href=\"http:\/\/blog.uclm.es\/lcf\/calendrier__trashed\/congresos-coloquios-seminarios-jornadas\/calendrier\/\"><strong><u><span style=\"color: #0066cc\">Calendrier<\/span><\/u><\/strong><\/a>\u00a0\u00a0\u00a0\u00a0\u00a0\u00a0\u00a0\u00a0 <strong><a href=\"http:\/\/blog.uclm.es\/lcf\/les-propositions\/\"><u><span style=\"color: #0066cc\">Les propositions<\/span><\/u><\/a>\u00a0\u00a0\u00a0\u00a0\u00a0 <a href=\"http:\/\/blog.uclm.es\/lcf\/inscriptions\/\"><u><span style=\"color: #0066cc\">Inscriptions<\/span><\/u><\/a>\u00a0\u00a0 <a href=\"http:\/\/blog.uclm.es\/lcf\/programme\/\"><u><span style=\"color: #0066cc\">Programme<\/span><\/u><\/a>\u00a0\u00a0 <\/strong><\/p>\n<\/header>\n<p><u><!-- .entry-header --><\/u><\/p>\n<div class=\"entry-content\">\n<p>Cette <strong>Journ\u00e9e d\u2019Etudes<\/strong> qui aura lieu le 1<sup><span style=\"font-size: small\">er<\/span><\/sup> d\u00e9cembre 2016 \u00e0 la Facult\u00e9 de Lettres de l\u2019Universit\u00e9 de Castille-La Manche (Ciudad Real) entend proposer un espace et un rendez-vous de r\u00e9flexion en fran\u00e7ais focalis\u00e9e sur la <strong>culture et la litt\u00e9rature f\u00e9minines francophones en Am\u00e9rique pendant le XX\u00e8me et le XXI\u00e8me si\u00e8cle<\/strong>.<\/p>\n<p>Nous entendons par f\u00e9minines des <strong>auteurs femmes ou hommes<\/strong> qui traitent du <strong>r\u00f4le et de la figure des femmes<\/strong> dans leurs \u0153uvres, ainsi que des courants f\u00e9ministes (vision culturelle, politique et sociale de la femme).<\/p>\n<p>Nous admettons des \u00e9tudes sur des auteurs francophones <strong>n\u00e9s en Am\u00e9rique ou qui habitent en Am\u00e9rique<\/strong> qui abordent les probl\u00e9matiques expos\u00e9es plus haut.<\/p>\n<p>Dans ce sens, l\u2019Organisation de cette Journ\u00e9e restreindra l\u2019\u00e9ventail des approches possibles \u00e0 2 axes centraux et exclusifs, \u00e0 savoir\u00a0:<\/p>\n<ol>\n<li>L\u2019\u00e9tude des auteurs (romanciers, po\u00e8tes, dramaturges, illustrateurs et artistes) dont les \u0153uvres refl\u00e8tent une vision f\u00e9minine du monde, de la soci\u00e9t\u00e9, de l\u2019actualit\u00e9.<\/li>\n<li>L\u2019\u00e9tude d\u2019essayistes, hommes ou femmes, qui accordent une place centrale \u00e0 l\u2019interpr\u00e9tation de la figure de la femme dans la soci\u00e9t\u00e9 contemporaine.<\/li>\n<\/ol>\n<\/div>\n","protected":false},"excerpt":{"rendered":"<p>Culture et litt\u00e9rature f\u00e9minines francophones et leur relation avec l\u2019Am\u00e9rique (du nord et du sud) au XX\u00e8me et XXI\u00e8me si\u00e8cle Publication pr\u00e9vue pour 2019 Calendrier\u00a0\u00a0\u00a0\u00a0\u00a0\u00a0\u00a0\u00a0 Les propositions\u00a0\u00a0\u00a0\u00a0\u00a0 Inscriptions\u00a0\u00a0 Programme\u00a0\u00a0 Cette Journ\u00e9e d\u2019Etudes qui aura lieu le 1er d\u00e9cembre 2016 \u00e0 la Facult\u00e9 de Lettres de l\u2019Universit\u00e9 de Castille-La Manche (Ciudad Real) entend proposer un espace &hellip; <a href=\"https:\/\/blog.uclm.es\/lcf\/congresos-coloquios-seminarios-jornadas\/journee-du-1er-decembre-2016\/\" class=\"more-link\">Continuar leyendo<span class=\"screen-reader-text\"> \u00abJourn\u00e9e du 1er d\u00e9cembre 2016\u00bb<\/span><\/a><\/p>\n","protected":false},"author":249,"featured_media":0,"parent":15,"menu_order":0,"comment_status":"closed","ping_status":"closed","template":"","meta":{"footnotes":""},"class_list":["post-93","page","type-page","status-publish","hentry"],"_links":{"self":[{"href":"https:\/\/blog.uclm.es\/lcf\/wp-json\/wp\/v2\/pages\/93","targetHints":{"allow":["GET"]}}],"collection":[{"href":"https:\/\/blog.uclm.es\/lcf\/wp-json\/wp\/v2\/pages"}],"about":[{"href":"https:\/\/blog.uclm.es\/lcf\/wp-json\/wp\/v2\/types\/page"}],"author":[{"embeddable":true,"href":"https:\/\/blog.uclm.es\/lcf\/wp-json\/wp\/v2\/users\/249"}],"replies":[{"embeddable":true,"href":"https:\/\/blog.uclm.es\/lcf\/wp-json\/wp\/v2\/comments?post=93"}],"version-history":[{"count":0,"href":"https:\/\/blog.uclm.es\/lcf\/wp-json\/wp\/v2\/pages\/93\/revisions"}],"up":[{"embeddable":true,"href":"https:\/\/blog.uclm.es\/lcf\/wp-json\/wp\/v2\/pages\/15"}],"wp:attachment":[{"href":"https:\/\/blog.uclm.es\/lcf\/wp-json\/wp\/v2\/media?parent=93"}],"curies":[{"name":"wp","href":"https:\/\/api.w.org\/{rel}","templated":true}]}}