{"id":43,"date":"2016-09-15T17:40:39","date_gmt":"2016-09-15T16:40:39","guid":{"rendered":"http:\/\/blog.uclm.es\/lcf\/?page_id=43"},"modified":"2016-09-15T17:40:39","modified_gmt":"2016-09-15T16:40:39","slug":"inscriptions","status":"publish","type":"page","link":"https:\/\/blog.uclm.es\/lcf\/congresos-coloquios-seminarios-jornadas\/pagina-ejemplo-2\/inscriptions\/","title":{"rendered":"Inscriptions"},"content":{"rendered":"<p><strong>Inscription<\/strong><\/p>\n<p><strong>Participants non-doctorant<\/strong><strong>\u00a0: 60,00\u20ac<\/strong><\/p>\n<p>Participants doctorants<strong>\u00a0: 30,00\u20ac<\/strong><\/p>\n<p>Le montant sera \u00e0 payer sur place et en esp\u00e8ces. Ce montant assurera l\u2019inscription, le dossier, le certificat, la pause-caf\u00e9 et le d\u00e9jeuner.<\/p>\n<p>Une soir\u00e9e (d\u00eener ou concert) sera pr\u00e9vue.<\/p>\n<p>Les textes des communications feront l\u2019objet d\u2019une publication. Les articles devront \u00e0 leur tour passer une \u00e9valuation stricte.<\/p>\n","protected":false},"excerpt":{"rendered":"<p>Inscription Participants non-doctorant\u00a0: 60,00\u20ac Participants doctorants\u00a0: 30,00\u20ac Le montant sera \u00e0 payer sur place et en esp\u00e8ces. Ce montant assurera l\u2019inscription, le dossier, le certificat, la pause-caf\u00e9 et le d\u00e9jeuner. Une soir\u00e9e (d\u00eener ou concert) sera pr\u00e9vue. Les textes des communications feront l\u2019objet d\u2019une publication. Les articles devront \u00e0 leur tour passer une \u00e9valuation stricte.<\/p>\n","protected":false},"author":249,"featured_media":0,"parent":436,"menu_order":0,"comment_status":"closed","ping_status":"closed","template":"","meta":{"footnotes":""},"class_list":["post-43","page","type-page","status-publish","hentry"],"_links":{"self":[{"href":"https:\/\/blog.uclm.es\/lcf\/wp-json\/wp\/v2\/pages\/43","targetHints":{"allow":["GET"]}}],"collection":[{"href":"https:\/\/blog.uclm.es\/lcf\/wp-json\/wp\/v2\/pages"}],"about":[{"href":"https:\/\/blog.uclm.es\/lcf\/wp-json\/wp\/v2\/types\/page"}],"author":[{"embeddable":true,"href":"https:\/\/blog.uclm.es\/lcf\/wp-json\/wp\/v2\/users\/249"}],"replies":[{"embeddable":true,"href":"https:\/\/blog.uclm.es\/lcf\/wp-json\/wp\/v2\/comments?post=43"}],"version-history":[{"count":0,"href":"https:\/\/blog.uclm.es\/lcf\/wp-json\/wp\/v2\/pages\/43\/revisions"}],"up":[{"embeddable":true,"href":"https:\/\/blog.uclm.es\/lcf\/wp-json\/wp\/v2\/pages\/436"}],"wp:attachment":[{"href":"https:\/\/blog.uclm.es\/lcf\/wp-json\/wp\/v2\/media?parent=43"}],"curies":[{"name":"wp","href":"https:\/\/api.w.org\/{rel}","templated":true}]}}