{"id":39,"date":"2016-09-15T17:39:17","date_gmt":"2016-09-15T16:39:17","guid":{"rendered":"http:\/\/blog.uclm.es\/lcf\/?page_id=39"},"modified":"2016-09-15T17:39:17","modified_gmt":"2016-09-15T16:39:17","slug":"les-propositions","status":"publish","type":"page","link":"https:\/\/blog.uclm.es\/lcf\/congresos-coloquios-seminarios-jornadas\/pagina-ejemplo-2\/les-propositions\/","title":{"rendered":"Les propositions"},"content":{"rendered":"<p>Les propositions de communication seront soumises \u00e0 une minutieuse \u00e9valuation th\u00e9matique. Vous devrez indiquer l\u2019axe d\u2019approche retenu. Les communications ne pourront pas d\u00e9passer 20 minutes.<\/p>\n<p>Afin de soumettre votre proposition de communication, sous forme d\u2019un <strong>r\u00e9sum\u00e9<\/strong> de 150 mots accompagn\u00e9 d\u2019un <strong>court CV<\/strong>, nous vous prions de nous joindre \u00e0 l\u2019adresse \u00e9lectronique suivante\u00a0: <strong>gilenguasyculturasfrancofonia@gmail.com.<\/strong> L\u2019intitul\u00e9 du courriel devra \u00eatre\u00a0: <strong>Culture et litt\u00e9rature f\u00e9minines.<\/strong><\/p>\n","protected":false},"excerpt":{"rendered":"<p>Les propositions de communication seront soumises \u00e0 une minutieuse \u00e9valuation th\u00e9matique. Vous devrez indiquer l\u2019axe d\u2019approche retenu. Les communications ne pourront pas d\u00e9passer 20 minutes. Afin de soumettre votre proposition de communication, sous forme d\u2019un r\u00e9sum\u00e9 de 150 mots accompagn\u00e9 d\u2019un court CV, nous vous prions de nous joindre \u00e0 l\u2019adresse \u00e9lectronique suivante\u00a0: gilenguasyculturasfrancofonia@gmail.com. L\u2019intitul\u00e9 &hellip; <a href=\"https:\/\/blog.uclm.es\/lcf\/congresos-coloquios-seminarios-jornadas\/pagina-ejemplo-2\/les-propositions\/\" class=\"more-link\">Continuar leyendo<span class=\"screen-reader-text\"> \u00abLes propositions\u00bb<\/span><\/a><\/p>\n","protected":false},"author":249,"featured_media":0,"parent":436,"menu_order":0,"comment_status":"closed","ping_status":"closed","template":"","meta":{"footnotes":""},"class_list":["post-39","page","type-page","status-publish","hentry"],"_links":{"self":[{"href":"https:\/\/blog.uclm.es\/lcf\/wp-json\/wp\/v2\/pages\/39","targetHints":{"allow":["GET"]}}],"collection":[{"href":"https:\/\/blog.uclm.es\/lcf\/wp-json\/wp\/v2\/pages"}],"about":[{"href":"https:\/\/blog.uclm.es\/lcf\/wp-json\/wp\/v2\/types\/page"}],"author":[{"embeddable":true,"href":"https:\/\/blog.uclm.es\/lcf\/wp-json\/wp\/v2\/users\/249"}],"replies":[{"embeddable":true,"href":"https:\/\/blog.uclm.es\/lcf\/wp-json\/wp\/v2\/comments?post=39"}],"version-history":[{"count":0,"href":"https:\/\/blog.uclm.es\/lcf\/wp-json\/wp\/v2\/pages\/39\/revisions"}],"up":[{"embeddable":true,"href":"https:\/\/blog.uclm.es\/lcf\/wp-json\/wp\/v2\/pages\/436"}],"wp:attachment":[{"href":"https:\/\/blog.uclm.es\/lcf\/wp-json\/wp\/v2\/media?parent=39"}],"curies":[{"name":"wp","href":"https:\/\/api.w.org\/{rel}","templated":true}]}}