{"id":350,"date":"2021-10-12T11:37:25","date_gmt":"2021-10-12T10:37:25","guid":{"rendered":"https:\/\/blog.uclm.es\/lcf\/?page_id=350"},"modified":"2025-04-24T08:44:27","modified_gmt":"2025-04-24T08:44:27","slug":"projets","status":"publish","type":"page","link":"https:\/\/blog.uclm.es\/lcf\/projets\/","title":{"rendered":"Projets"},"content":{"rendered":"<p>Voici les projets de recherche et d&#8217;innovation p\u00e9dagogique sur lesquels nous travaillons ou avons travaill\u00e9:<br \/>\n&#8211; Enriqueciendo el entorno de ense\u00f1anza de la gram\u00e1tica francesa mediante el desarrollo de una aplicaci\u00f3n para su uso en dispositivos m\u00f3viles que incluya t\u00e9cnicas de gamificaci\u00f3n (junto a la Escuela Superior de inform\u00e1tica de la UCLM)- 2021-2023<br \/>\n&#8211; Enseignement immersif des langues \u00e9trang\u00e8res par technologies virtuelles ( jeux vid\u00e9o, r\u00e9alit\u00e9 virtuelle, vid\u00e9os interactives, etc.). 2024-2025<br \/>\n&#8211; <a href=\"https:\/\/blog.uclm.es\/lcf\/category\/proyecto-jccm-2024-2027\/\">Aprendizaje y tecnolog\u00edas inmersivas en FLE\/Apprentissage et technologies immersives en FLE<\/a>.<\/p>\n","protected":false},"excerpt":{"rendered":"<p>Voici les projets de recherche et d&#8217;innovation p\u00e9dagogique sur lesquels nous travaillons ou avons travaill\u00e9: &#8211; Enriqueciendo el entorno de ense\u00f1anza de la gram\u00e1tica francesa mediante el desarrollo de una aplicaci\u00f3n para su uso en dispositivos m\u00f3viles que incluya t\u00e9cnicas de gamificaci\u00f3n (junto a la Escuela Superior de inform\u00e1tica de la UCLM)- 2021-2023 &#8211; Enseignement &hellip; <a href=\"https:\/\/blog.uclm.es\/lcf\/projets\/\" class=\"more-link\">Continuar leyendo<span class=\"screen-reader-text\"> \u00abProjets\u00bb<\/span><\/a><\/p>\n","protected":false},"author":248,"featured_media":0,"parent":0,"menu_order":0,"comment_status":"closed","ping_status":"closed","template":"","meta":{"footnotes":""},"class_list":["post-350","page","type-page","status-publish","hentry"],"_links":{"self":[{"href":"https:\/\/blog.uclm.es\/lcf\/wp-json\/wp\/v2\/pages\/350","targetHints":{"allow":["GET"]}}],"collection":[{"href":"https:\/\/blog.uclm.es\/lcf\/wp-json\/wp\/v2\/pages"}],"about":[{"href":"https:\/\/blog.uclm.es\/lcf\/wp-json\/wp\/v2\/types\/page"}],"author":[{"embeddable":true,"href":"https:\/\/blog.uclm.es\/lcf\/wp-json\/wp\/v2\/users\/248"}],"replies":[{"embeddable":true,"href":"https:\/\/blog.uclm.es\/lcf\/wp-json\/wp\/v2\/comments?post=350"}],"version-history":[{"count":3,"href":"https:\/\/blog.uclm.es\/lcf\/wp-json\/wp\/v2\/pages\/350\/revisions"}],"predecessor-version":[{"id":590,"href":"https:\/\/blog.uclm.es\/lcf\/wp-json\/wp\/v2\/pages\/350\/revisions\/590"}],"wp:attachment":[{"href":"https:\/\/blog.uclm.es\/lcf\/wp-json\/wp\/v2\/media?parent=350"}],"curies":[{"name":"wp","href":"https:\/\/api.w.org\/{rel}","templated":true}]}}