{"id":35,"date":"2016-09-15T17:32:52","date_gmt":"2016-09-15T16:32:52","guid":{"rendered":"http:\/\/blog.uclm.es\/lcf\/?page_id=35"},"modified":"2016-09-15T17:32:52","modified_gmt":"2016-09-15T16:32:52","slug":"calendrier","status":"publish","type":"page","link":"https:\/\/blog.uclm.es\/lcf\/congresos-coloquios-seminarios-jornadas\/calendrier\/","title":{"rendered":"Calendrier"},"content":{"rendered":"<p><strong>03 octobre 2016\u00a0: <\/strong>date limite pour pr\u00e9senter des propositions de communication (20 minutes maximum) (r\u00e9sum\u00e9 de 150 mots).<\/p>\n<p><strong>28 octobre 2016<\/strong>: date limite pour la r\u00e9ponse de l\u2019Organisation.<\/p>\n<p><strong>21 novembre 2016<\/strong>\u00a0: programme d\u00e9finitif.<\/p>\n<p><strong>1<sup>er<\/sup> d\u00e9cembre 2016\u00a0:<\/strong> journ\u00e9e d&#8217;\u00e9tude.<\/p>\n","protected":false},"excerpt":{"rendered":"<p>03 octobre 2016\u00a0: date limite pour pr\u00e9senter des propositions de communication (20 minutes maximum) (r\u00e9sum\u00e9 de 150 mots). 28 octobre 2016: date limite pour la r\u00e9ponse de l\u2019Organisation. 21 novembre 2016\u00a0: programme d\u00e9finitif. 1er d\u00e9cembre 2016\u00a0: journ\u00e9e d&#8217;\u00e9tude.<\/p>\n","protected":false},"author":249,"featured_media":0,"parent":15,"menu_order":0,"comment_status":"closed","ping_status":"closed","template":"","meta":{"footnotes":""},"class_list":["post-35","page","type-page","status-publish","hentry"],"_links":{"self":[{"href":"https:\/\/blog.uclm.es\/lcf\/wp-json\/wp\/v2\/pages\/35","targetHints":{"allow":["GET"]}}],"collection":[{"href":"https:\/\/blog.uclm.es\/lcf\/wp-json\/wp\/v2\/pages"}],"about":[{"href":"https:\/\/blog.uclm.es\/lcf\/wp-json\/wp\/v2\/types\/page"}],"author":[{"embeddable":true,"href":"https:\/\/blog.uclm.es\/lcf\/wp-json\/wp\/v2\/users\/249"}],"replies":[{"embeddable":true,"href":"https:\/\/blog.uclm.es\/lcf\/wp-json\/wp\/v2\/comments?post=35"}],"version-history":[{"count":0,"href":"https:\/\/blog.uclm.es\/lcf\/wp-json\/wp\/v2\/pages\/35\/revisions"}],"up":[{"embeddable":true,"href":"https:\/\/blog.uclm.es\/lcf\/wp-json\/wp\/v2\/pages\/15"}],"wp:attachment":[{"href":"https:\/\/blog.uclm.es\/lcf\/wp-json\/wp\/v2\/media?parent=35"}],"curies":[{"name":"wp","href":"https:\/\/api.w.org\/{rel}","templated":true}]}}