{"id":252,"date":"2019-11-14T18:58:01","date_gmt":"2019-11-14T17:58:01","guid":{"rendered":"http:\/\/blog.uclm.es\/lcf\/?page_id=252"},"modified":"2025-02-04T11:45:16","modified_gmt":"2025-02-04T11:45:16","slug":"publications","status":"publish","type":"page","link":"https:\/\/blog.uclm.es\/lcf\/recherches\/publications\/","title":{"rendered":"Publications"},"content":{"rendered":"\n<h2 class=\"wp-block-heading\">Livres publi\u00e9s<\/h2>\n\n\n\n<p><a href=\"https:\/\/blog.uclm.es\/lcf\/2024\/09\/28\/aprendizaje-activo-de-las-lenguas-extrajeras-en-la-era-digital-la-contribucion-de-las-tecnologias-emergentes\/\">APRENDIZAJE ACTIVO DE LAS LENGUAS EXTRAJERAS EN LA ERA DIGITAL: LA CONTRIBUCI\u00d3N DE LAS TECNOLOG\u00cdAS EMERGENTES<\/a> (en cours)<\/p>\n\n\n\n<p><a href=\"https:\/\/blog.uclm.es\/lcf\/2023\/01\/24\/tecnologias-integradas-en-la-didactica-de-las-lenguas-extranjeras-tidle-volumen-ii\/\">TECNOLOG\u00cdAS INTEGRADAS EN LA DID\u00c1CTICA DE LAS LENGUAS EXTRANJERAS TIDLE VOLUMEN II<\/a> (en cours)<\/p>\n\n\n\n<p><a href=\"https:\/\/ruidera.uclm.es\/xmlui\/bitstream\/handle\/10578\/30426\/ENSEGNEIMENT%20IMMERSIF_%20COMPLETO-WEB.pdf?sequence=1&amp;isAllowed=y\">ENSEIGNEMENT IMMERSIF DES LANGUES \u00c9TRANG\u00c8RES AU MOYEN DES TECHNOLOGIES VIRTUELLES<\/a>. Claude Du\u00e9e et Justine Martin (2022).<\/p>\n\n\n\n<p><a href=\"https:\/\/www.editions-harmattan.fr\/livre-approches_de_la_culture_feminine_dans_l_asie_et_l_oceanie_francophones_julie_corsin_paola_carrion_gonzalez_laura_gonzalez_rufo-9782352605997-73080.html\">APPROCHE DE LA CULTURE FEMININE DANS L&#8217;ASIE ET L&#8217;OC\u00c9ANIE FRANCOPHONES<\/a> Paola Carri\u00f3n Gonz\u00e1lez, Julie Corsin et Laura Gonzalez Rufo (2022), \u00c9ditions L&#8217;Harmattan.&nbsp;<\/p>\n\n\n\n<p><a href=\"https:\/\/www.editions-harmattan.fr\/livre-approche_de_la_culture_feminine_dans_l_afrique_francophone-9782352600039-70301.html\">APPROCHE DE LA CULTURE FEMININE DANS L AFRIQUE FRANCOPHONE<\/a> Justine Martin y Claude Du\u00e9e (2021), \u00c9ditions L&#8217;Harmattan.<\/p>\n\n\n\n<p><a href=\"https:\/\/www.bubok.es\/libros\/262515\/Tecnologias-integradas-en-la-didactica-de-lenguas-extranjeras-TIDLE\">Tecnolog\u00edas integradas en la did\u00e1ctica de lenguas extranjeras (TIDLE)<\/a> Justine Martin, Mar\u00eda Isabel Jim\u00e9nez Gonz\u00e1lez, Alicia Fern\u00e1ndez Barrera y Claude Du\u00e9e (2019), Ministerio de Educaci\u00f3n.<\/p>\n\n\n\n<p><a href=\"https:\/\/www.editions-harmattan.fr\/index.asp?navig=catalogue&amp;obj=livre&amp;no=62267\">Approche de la culture et litt\u00e9rature f\u00e9minines francophones sur le continent am\u00e9ricain aux XX\u00e8me et XXI\u00e8me si\u00e8cles<\/a> Julie Corsin, Claude Du\u00e9e, Mar\u00eda Teresa Pisa Ca\u00f1ete (2019), \u00c9ditions L&#8217;Harmattan.<\/p>\n\n\n\n<h1 class=\"wp-block-heading\"><strong>Coordination de monographiques (revues scientifiques)<\/strong><\/h1>\n\n\n\n<p><a href=\"https:\/\/papiro.unizar.es\/ojs\/index.php\/eiit\/announcement\/view\/117\">APPRENTISSAGE ET TECHNOLOGIES IMMERSIVES EN FLE<\/a>. Julie Corsin et Jose Adolfo Almansa Polo (en cours). <\/p>\n\n\n\n<p><a href=\"https:\/\/gerflint.fr\/synergies-espagne\/103-pages-synergies\/320-synergies-espagne-17\">TECHNOLOGIES IMMERSIVES, INTERACTIVES ET APPLICATIONS MOBILES: UNE VALEUR AJOUT\u00c9E POUR L&#8217;ENSEIGNEMENT-APPRENTISSAGE DU FRAN\u00c7AIS<\/a>. Justine Martin et Claude Du\u00e9e (2024).<\/p>\n\n\n\n<h2 class=\"wp-block-heading\"><strong>Articles scientifiques en lien avec les projets du GI<\/strong><\/h2>\n\n\n\n<p>Du\u00e9e, C. (2024):<a href=\"https:\/\/gerflint.fr\/images\/revues\/Espagne\/Espagne17\/duee.pdf\">R\u00e9flexion sur les outils pour l\u2019enseignement du fran\u00e7ais langue \u00e9trang\u00e8re<\/a>. Synergies Espagne, 17. <\/p>\n\n\n\n<p>Martin, J. (2024): <a href=\"https:\/\/gerflint.fr\/images\/revues\/Espagne\/Espagne17\/martin.pdf\">Technologies et pratiques enseignantes en fran\u00e7ais langue \u00e9trang\u00e8re : applications mobiles et apprentissage immersif<\/a>. Synergies Espagne, 17.<\/p>\n\n\n\n<p>Corsin, J. (2024): <a href=\"https:\/\/gerflint.fr\/images\/revues\/Espagne\/Espagne17\/corsin.pdf\">Analyse de deux r\u00e9cits interactifs, immersifs et num\u00e9riques<\/a>. Synergies Espagne, 17.<\/p>\n\n\n\n<p>Almansa Polo, J.A. et Smet, C. (2024): <a href=\"https:\/\/gerflint.fr\/images\/revues\/Espagne\/Espagne17\/almansa_smet.pdf\">Exploration de m\u00e9thodes d&#8217;enseignement de la prononciation du fran\u00e7ais langue \u00e9trang\u00e8re \u00e0 travers une s\u00e9lection d\u2019applications mobiles<\/a>. Synergies Espagne, 17.<\/p>\n\n\n\n<p>Caron, J. (2024): <a href=\"https:\/\/www.languagemagazine.com\/2024\/08\/22\/is-the-best-form-of-input-interactive\/\">Is th Best form of inpout interactive? <\/a>Language Magazine (revista educativa de divulgaci\u00f3n). <\/p>\n\n\n\n<p><\/p>\n","protected":false},"excerpt":{"rendered":"<p>Livres publi\u00e9s APRENDIZAJE ACTIVO DE LAS LENGUAS EXTRAJERAS EN LA ERA DIGITAL: LA CONTRIBUCI\u00d3N DE LAS TECNOLOG\u00cdAS EMERGENTES (en cours) TECNOLOG\u00cdAS INTEGRADAS EN LA DID\u00c1CTICA DE LAS LENGUAS EXTRANJERAS TIDLE VOLUMEN II (en cours) ENSEIGNEMENT IMMERSIF DES LANGUES \u00c9TRANG\u00c8RES AU MOYEN DES TECHNOLOGIES VIRTUELLES. Claude Du\u00e9e et Justine Martin (2022). APPROCHE DE LA CULTURE FEMININE &hellip; <a href=\"https:\/\/blog.uclm.es\/lcf\/recherches\/publications\/\" class=\"more-link\">Continuar leyendo<span class=\"screen-reader-text\"> \u00abPublications\u00bb<\/span><\/a><\/p>\n","protected":false},"author":248,"featured_media":0,"parent":218,"menu_order":0,"comment_status":"closed","ping_status":"closed","template":"","meta":{"footnotes":""},"class_list":["post-252","page","type-page","status-publish","hentry"],"_links":{"self":[{"href":"https:\/\/blog.uclm.es\/lcf\/wp-json\/wp\/v2\/pages\/252","targetHints":{"allow":["GET"]}}],"collection":[{"href":"https:\/\/blog.uclm.es\/lcf\/wp-json\/wp\/v2\/pages"}],"about":[{"href":"https:\/\/blog.uclm.es\/lcf\/wp-json\/wp\/v2\/types\/page"}],"author":[{"embeddable":true,"href":"https:\/\/blog.uclm.es\/lcf\/wp-json\/wp\/v2\/users\/248"}],"replies":[{"embeddable":true,"href":"https:\/\/blog.uclm.es\/lcf\/wp-json\/wp\/v2\/comments?post=252"}],"version-history":[{"count":10,"href":"https:\/\/blog.uclm.es\/lcf\/wp-json\/wp\/v2\/pages\/252\/revisions"}],"predecessor-version":[{"id":583,"href":"https:\/\/blog.uclm.es\/lcf\/wp-json\/wp\/v2\/pages\/252\/revisions\/583"}],"up":[{"embeddable":true,"href":"https:\/\/blog.uclm.es\/lcf\/wp-json\/wp\/v2\/pages\/218"}],"wp:attachment":[{"href":"https:\/\/blog.uclm.es\/lcf\/wp-json\/wp\/v2\/media?parent=252"}],"curies":[{"name":"wp","href":"https:\/\/api.w.org\/{rel}","templated":true}]}}