{"id":249,"date":"2019-11-14T18:48:07","date_gmt":"2019-11-14T17:48:07","guid":{"rendered":"http:\/\/blog.uclm.es\/lcf\/?page_id=249"},"modified":"2019-11-14T18:48:07","modified_gmt":"2019-11-14T17:48:07","slug":"journee-detude-approche-de-la-culture-feminine-dans-lafrique-francophone","status":"publish","type":"page","link":"https:\/\/blog.uclm.es\/lcf\/congresos-coloquios-seminarios-jornadas\/journee-detude-approche-de-la-culture-feminine-dans-lafrique-francophone\/","title":{"rendered":"Journ\u00e9e d&#8217;\u00e9tude \u00abApproche de la culture f\u00e9minine dans l&#8217;Afrique francophone\u00bb"},"content":{"rendered":"<p>28 novembre 2019<br \/>\nSal\u00f3n de Grados (Facultad de Letras &#8211; UCLM, CIUDAD REAL)<\/p>\n<p>Publication pr\u00e9vue pour 2020<\/p>\n<p>Cette Journ\u00e9e d\u2019Etudes qui aura lieu le 28 novembre 2019 \u00e0 la Facult\u00e9 de Lettres de l\u2019Universit\u00e9 de Castille-La Manche (Ciudad Real) entend proposer un espace et un rendez-vous de r\u00e9flexion en fran\u00e7ais focalis\u00e9e sur la culture f\u00e9minine dans l&#8217;Afrique francophone.<br \/>\nL\u2019objet d\u2019\u00e9tude sera donc La culture f\u00e9minine, des femmes artistes africaines ou la repr\u00e9sentation de la femme dans la culture africaine. Nous comprenons culture au sens large : cin\u00e9ma, musique, litt\u00e9rature, photographie, etc.<\/p>\n<p>Programme<\/p>\n","protected":false},"excerpt":{"rendered":"<p>28 novembre 2019 Sal\u00f3n de Grados (Facultad de Letras &#8211; UCLM, CIUDAD REAL) Publication pr\u00e9vue pour 2020 Cette Journ\u00e9e d\u2019Etudes qui aura lieu le 28 novembre 2019 \u00e0 la Facult\u00e9 de Lettres de l\u2019Universit\u00e9 de Castille-La Manche (Ciudad Real) entend proposer un espace et un rendez-vous de r\u00e9flexion en fran\u00e7ais focalis\u00e9e sur la culture f\u00e9minine &hellip; <a href=\"https:\/\/blog.uclm.es\/lcf\/congresos-coloquios-seminarios-jornadas\/journee-detude-approche-de-la-culture-feminine-dans-lafrique-francophone\/\" class=\"more-link\">Continuar leyendo<span class=\"screen-reader-text\"> \u00abJourn\u00e9e d&#8217;\u00e9tude \u00abApproche de la culture f\u00e9minine dans l&#8217;Afrique francophone\u00bb\u00bb<\/span><\/a><\/p>\n","protected":false},"author":248,"featured_media":0,"parent":15,"menu_order":0,"comment_status":"closed","ping_status":"closed","template":"","meta":{"footnotes":""},"class_list":["post-249","page","type-page","status-publish","hentry"],"_links":{"self":[{"href":"https:\/\/blog.uclm.es\/lcf\/wp-json\/wp\/v2\/pages\/249","targetHints":{"allow":["GET"]}}],"collection":[{"href":"https:\/\/blog.uclm.es\/lcf\/wp-json\/wp\/v2\/pages"}],"about":[{"href":"https:\/\/blog.uclm.es\/lcf\/wp-json\/wp\/v2\/types\/page"}],"author":[{"embeddable":true,"href":"https:\/\/blog.uclm.es\/lcf\/wp-json\/wp\/v2\/users\/248"}],"replies":[{"embeddable":true,"href":"https:\/\/blog.uclm.es\/lcf\/wp-json\/wp\/v2\/comments?post=249"}],"version-history":[{"count":0,"href":"https:\/\/blog.uclm.es\/lcf\/wp-json\/wp\/v2\/pages\/249\/revisions"}],"up":[{"embeddable":true,"href":"https:\/\/blog.uclm.es\/lcf\/wp-json\/wp\/v2\/pages\/15"}],"wp:attachment":[{"href":"https:\/\/blog.uclm.es\/lcf\/wp-json\/wp\/v2\/media?parent=249"}],"curies":[{"name":"wp","href":"https:\/\/api.w.org\/{rel}","templated":true}]}}