{"id":218,"date":"2018-11-30T13:35:43","date_gmt":"2018-11-30T12:35:43","guid":{"rendered":"http:\/\/blog.uclm.es\/lcf\/?page_id=218"},"modified":"2023-12-02T11:40:45","modified_gmt":"2023-12-02T11:40:45","slug":"recherches","status":"publish","type":"page","link":"https:\/\/blog.uclm.es\/lcf\/recherches\/","title":{"rendered":"Recherches"},"content":{"rendered":"<p>Este grupo de investigaci\u00f3n tiene como objetivo reunir a investigadores interesados en la lengua francesa y lo que concierne a la lengua de una manera u otra.<br \/>\nLas l\u00edneas de investigaci\u00f3n ser\u00e1n pues las siguientes:<br \/>\n1. GRAMATICA FRANCESA Y CONTRASTIVA<br \/>\n2. METODOLOG\u00cdA, TECNOLOG\u00cdA Y APRENDIZAJE DE LA LENGUA FRANCESA COMO LENGUA EXTRANJERA<br \/>\n3. LA FRANCOFON\u00cdA EN TODOS SUS ASPECTOS (LENGUA, SOCIOLOG\u00cdA, LITERATURA, ETC.) Y LA INTERRELACI\u00d3N DE ESTOS ASPECTOS.<\/p>\n<p><strong>MIEMBROS:<\/strong><br \/>\nCLAUDE DUEE <a href=\"https:\/\/orcid.org\/0000-0003-0546-6312\">ORCID<\/a><br \/>\nMAITE PISA <a href=\"https:\/\/orcid.org\/0000-0001-8477-4545\">ORCID<\/a><br \/>\nJUSTINE MARTIN <a href=\"https:\/\/scholar.google.fr\/citations?user=l_P4PcEAAAAJ&amp;hl=fr&amp;authuser=1\">Google Scholar<\/a> <a href=\"https:\/\/orcid.org\/\n0000-0002-0384-6488\">ORCID<\/a><br \/>\nANTONIO GARCIA CALERO <a href=\"https:\/\/orcid.org\/0000-0002-9570-3459\">ORCID<\/a><br \/>\nJULIE CORSIN <a href=\"https:\/\/orcid.org\/0000-0003-1260-7232\">ORCID<\/a><br \/>\nLAURA GONZ\u00c1LEZ RUFO <a href=\"https:\/\/orcid.org\/0000-0002-7990-3995\">ORCID<\/a><br \/>\nJOSE ADOLFO ALMANSA POLO <a href=\"https:\/\/orcid.org\/0000-0002-7844-001X\">ORCID<\/a><br \/>\nJOFFREY CARON <a href=\"https:\/\/orcid.org\/0000-0002-5810-7092\">ORCID<\/a><\/p>\n<p><strong>COLABORADORES:<br \/>\n<\/strong>PAOLA CARRI\u00d3N GONZ\u00c1LEZ <a href=\"https:\/\/orcid.org\/0000-0001-8081-1089\">ORCID<\/a><br \/>\nALFREDO SEGURA TORNERO <a href=\"https:\/\/orcid.org\/0000-0003-0818-517X\">ORCID<\/a><br \/>\nCHARLOTTE SMET <a href=\"https:\/\/orcid.org\/0009-0003-1323-1887\">ORCID<\/a><br \/>\nNADINE N\u00da\u00d1EZ MORINI<br \/>\nROSARIO MONTORO<strong><br \/>\n<\/strong><\/p>\n<p>Les Corpus des recherches se trouvent <a href=\"https:\/\/blog.uclm.es\/lcf\/recherches\/corpus\/\">au lien suivant<\/a><br \/>\nLes publications du groupe de recherche se trouvent <a href=\"https:\/\/blog.uclm.es\/lcf\/recherches\/publications\/\">au lien suivant<\/a><br \/>\nLes projets en cours ou pass\u00e9s du groupe de recherche se trouvent <a href=\"https:\/\/blog.uclm.es\/lcf\/projets\/\">au lien suivant<\/a><\/p>\n","protected":false},"excerpt":{"rendered":"<p>Este grupo de investigaci\u00f3n tiene como objetivo reunir a investigadores interesados en la lengua francesa y lo que concierne a la lengua de una manera u otra. Las l\u00edneas de investigaci\u00f3n ser\u00e1n pues las siguientes: 1. GRAMATICA FRANCESA Y CONTRASTIVA 2. METODOLOG\u00cdA, TECNOLOG\u00cdA Y APRENDIZAJE DE LA LENGUA FRANCESA COMO LENGUA EXTRANJERA 3. LA FRANCOFON\u00cdA &hellip; <a href=\"https:\/\/blog.uclm.es\/lcf\/recherches\/\" class=\"more-link\">Continuar leyendo<span class=\"screen-reader-text\"> \u00abRecherches\u00bb<\/span><\/a><\/p>\n","protected":false},"author":248,"featured_media":0,"parent":0,"menu_order":0,"comment_status":"closed","ping_status":"closed","template":"","meta":{"footnotes":""},"class_list":["post-218","page","type-page","status-publish","hentry"],"_links":{"self":[{"href":"https:\/\/blog.uclm.es\/lcf\/wp-json\/wp\/v2\/pages\/218","targetHints":{"allow":["GET"]}}],"collection":[{"href":"https:\/\/blog.uclm.es\/lcf\/wp-json\/wp\/v2\/pages"}],"about":[{"href":"https:\/\/blog.uclm.es\/lcf\/wp-json\/wp\/v2\/types\/page"}],"author":[{"embeddable":true,"href":"https:\/\/blog.uclm.es\/lcf\/wp-json\/wp\/v2\/users\/248"}],"replies":[{"embeddable":true,"href":"https:\/\/blog.uclm.es\/lcf\/wp-json\/wp\/v2\/comments?post=218"}],"version-history":[{"count":3,"href":"https:\/\/blog.uclm.es\/lcf\/wp-json\/wp\/v2\/pages\/218\/revisions"}],"predecessor-version":[{"id":532,"href":"https:\/\/blog.uclm.es\/lcf\/wp-json\/wp\/v2\/pages\/218\/revisions\/532"}],"wp:attachment":[{"href":"https:\/\/blog.uclm.es\/lcf\/wp-json\/wp\/v2\/media?parent=218"}],"curies":[{"name":"wp","href":"https:\/\/api.w.org\/{rel}","templated":true}]}}