{"id":204,"date":"2018-11-30T13:13:50","date_gmt":"2018-11-30T12:13:50","guid":{"rendered":"http:\/\/blog.uclm.es\/lcf\/?page_id=204"},"modified":"2018-11-30T13:13:50","modified_gmt":"2018-11-30T12:13:50","slug":"culture-francophone-nouvelles-tendances","status":"publish","type":"page","link":"https:\/\/blog.uclm.es\/lcf\/congresos-coloquios-seminarios-jornadas\/culture-francophone-nouvelles-tendances\/","title":{"rendered":"Culture francophone: nouvelles tendances"},"content":{"rendered":"<p><a href=\"https:\/\/blog.uclm.es\/lcf\/wp-content\/uploads\/sites\/179\/2018\/11\/cartel_francophonie.pdf\">Affiche journ\u00e9e Nouvelles tendances<\/a><\/p>\n<p>Dans le cadre des Journ\u00e9es \u201cCulture francophone: Nouvelles tendances\u201d, le groupe de recherche Langues et Cultures Francophones souhaite engager une r\u00e9flexion avec les \u00e9tudiants de l\u2019UCLM sur les derni\u00e8res tendances en mati\u00e8re de litt\u00e9rature, musique, cin\u00e9ma et didactique dans les pays membres de la francophonie.<\/p>\n<h1>Programme:<\/h1>\n<p><strong>24 NOVEMBRE 2015<\/strong><br \/>\n9h30 : Introduction aux journ\u00e9es<br \/>\nCONF\u00c9RENCES<br \/>\n10h.00 : Julie Corsin \u00ab Pas Pleurer: un roman baroque ? \u00bb<br \/>\n11h.00 : Maite Pisa \u00ab Le th\u00e9\u00e2tre et les arts sc\u00e9niques du Qu\u00e9bec en Espagne \u00bb<br \/>\n12h.00 : Antonio G. Calero \u00ab Les musiques actuelles \u00bb<br \/>\nPETITE INTRODUCTION \u00c0 LA SORTIE DU 25 NOVEMBRE<br \/>\n13h.00 : \u00ab Comprendre le fonctionnement de la bande dessin\u00e9e. Les quatre fleuves d&#8217;Edmond Baudoin et Fred Vargas \u00bb et \u00ab Petite introduction au film Timbuctu.<br \/>\n13h.30 : Petite pr\u00e9sentation de la visite \u00e0 l&#8217;Institut Fran\u00e7ais de Madrid<\/p>\n<p><strong>25 NOVEMBRE 2015<\/strong><br \/>\nSortie \u00e0 Madrid:<br \/>\n&#8211; 11h.00 Visite \u00e0 l&#8217;Institut Fran\u00e7ais de Madrid<br \/>\n&#8211; 16h.00 Cin\u00e9ma V.O.S.<br \/>\n&#8211; 20h.00 Concert ALEXANDRE LACAZE, Sala Fotomat\u00f3n. Plaza Conde Toreno, 2, Madrid.<\/p>\n<p><strong>26 NOVEMBRE 2015<\/strong><br \/>\n11h.30 : Justine Martin \u00ab Nouvelles tendances en didactique des langues. D\u00e9bat sur les nouvelles technologies \u00bb<br \/>\n12h.45 : Claude Du\u00e9e \u00ab D\u00e9bat sur le film vu le 25 novembre \u00bb<br \/>\n14h.00 : Cl\u00f4ture<\/p>\n","protected":false},"excerpt":{"rendered":"<p>Affiche journ\u00e9e Nouvelles tendances Dans le cadre des Journ\u00e9es \u201cCulture francophone: Nouvelles tendances\u201d, le groupe de recherche Langues et Cultures Francophones souhaite engager une r\u00e9flexion avec les \u00e9tudiants de l\u2019UCLM sur les derni\u00e8res tendances en mati\u00e8re de litt\u00e9rature, musique, cin\u00e9ma et didactique dans les pays membres de la francophonie. Programme: 24 NOVEMBRE 2015 9h30 : &hellip; <a href=\"https:\/\/blog.uclm.es\/lcf\/congresos-coloquios-seminarios-jornadas\/culture-francophone-nouvelles-tendances\/\" class=\"more-link\">Continuar leyendo<span class=\"screen-reader-text\"> \u00abCulture francophone: nouvelles tendances\u00bb<\/span><\/a><\/p>\n","protected":false},"author":248,"featured_media":0,"parent":15,"menu_order":0,"comment_status":"closed","ping_status":"closed","template":"","meta":{"footnotes":""},"class_list":["post-204","page","type-page","status-publish","hentry"],"_links":{"self":[{"href":"https:\/\/blog.uclm.es\/lcf\/wp-json\/wp\/v2\/pages\/204","targetHints":{"allow":["GET"]}}],"collection":[{"href":"https:\/\/blog.uclm.es\/lcf\/wp-json\/wp\/v2\/pages"}],"about":[{"href":"https:\/\/blog.uclm.es\/lcf\/wp-json\/wp\/v2\/types\/page"}],"author":[{"embeddable":true,"href":"https:\/\/blog.uclm.es\/lcf\/wp-json\/wp\/v2\/users\/248"}],"replies":[{"embeddable":true,"href":"https:\/\/blog.uclm.es\/lcf\/wp-json\/wp\/v2\/comments?post=204"}],"version-history":[{"count":0,"href":"https:\/\/blog.uclm.es\/lcf\/wp-json\/wp\/v2\/pages\/204\/revisions"}],"up":[{"embeddable":true,"href":"https:\/\/blog.uclm.es\/lcf\/wp-json\/wp\/v2\/pages\/15"}],"wp:attachment":[{"href":"https:\/\/blog.uclm.es\/lcf\/wp-json\/wp\/v2\/media?parent=204"}],"curies":[{"name":"wp","href":"https:\/\/api.w.org\/{rel}","templated":true}]}}