{"id":15,"date":"2016-09-15T16:54:40","date_gmt":"2016-09-15T15:54:40","guid":{"rendered":"http:\/\/blog.uclm.es\/lcf\/?page_id=15"},"modified":"2025-07-21T09:58:25","modified_gmt":"2025-07-21T09:58:25","slug":"congresos-coloquios-seminarios-jornadas","status":"publish","type":"page","link":"https:\/\/blog.uclm.es\/lcf\/congresos-coloquios-seminarios-jornadas\/","title":{"rendered":"Colloques, journ\u00e9es, s\u00e9minaires"},"content":{"rendered":"<header class=\"entry-header\">\n<h1 class=\"entry-title\"><strong>Colloques:<\/strong><\/h1>\n<p><a href=\"https:\/\/blog.uclm.es\/lcf\/2025\/07\/21\/iii-coloquio-internacional-tidle\/\" data-wplink-edit=\"true\">III Coloquio internacional TIDLE (11-12 de diciembre 2025)<\/a><\/p>\n<p><a href=\"https:\/\/eventos.uclm.es\/108472\/detail\/coloquio-internacional-hibrido-llenguas-extranjeras-ensenanza-superior-y-tecnologias-desarrollo-de-.html\">Colloque internacional: <em>Langues \u00e9trang\u00e8res, enseignement sup\u00e9rieur et technologies emergentes : d\u00e9veloppement des comp\u00e9tences face au march\u00e9 du travail actuel\u00a0<\/em>(en collaboration avec l&#8217;<em>Instituto Polit\u00e9cnico de Viseu\/ CI&amp;DEI\/ Escola Superior de Educa\u00e7\u00e3o de Viseu<\/em> du Portugal)- (15 f\u00e9vrier 2024)<\/a><\/p>\n<p><a href=\"https:\/\/blog.uclm.es\/lcf\/2022\/10\/27\/coloquio-tidle\/\">II Coloquio TIDLE (15-16 de diciembre 2022)<\/a><\/p>\n<h1 class=\"entry-title\"><strong>Journ\u00e9es:<\/strong><\/h1>\n<p><a href=\"https:\/\/blog.uclm.es\/lcf\/2022\/02\/13\/jeux-video-tice-et-didactique-des-langues-etrangeres\/&quot;\">Journ\u00e9e \u00abJeux vid\u00e9o, TICE et didactique des langues \u00e9trang\u00e8res\u00bb (diciembre 2021-febrero 2022)<\/a><br \/>\n<a href=\"https:\/\/blog.uclm.es\/lcf\/congresos-coloquios-seminarios-jornadas\/journee-detude-approche-de-la-culture-feminine-dans-lafrique-francophone\/\">Journ\u00e9e \u00abApproche de la culture f\u00e9minine dans l\u2019Afrique francophone\u00bb (novembre 2019)<\/a><br \/>\n<a href=\"http:\/\/blog.uclm.es\/lcf\/jornada-tidle\/\">Journ\u00e9e TIDLE (diciembre 2017)<\/a><\/p>\n<p><a href=\"http:\/\/blog.uclm.es\/lcf\/congresos-coloquios-seminarios-jornadas\/journee-du-1er-decembre-2016\/\">Journ\u00e9e Culture et Litt\u00e9rature f\u00e9minines (d\u00e9cembre 2016)<\/a><br \/>\n<a href=\"http:\/\/blog.uclm.es\/lcf\/congresos-coloquios-seminarios-jornadas\/culture-francophone-nouvelles-tendances\/\">Journ\u00e9e Culture francophone: nouvelles tendances novembre-d\u00e9cembre 2015)<\/a><\/p>\n<h1 class=\"entry-title\"><strong>S\u00e9minaires:<\/strong><\/h1>\n<p>S\u00e9minaire <em>T\u00e9cnicas de an\u00e1lisis de datos cuantitativos y cualitativos para la investigaci\u00f3n en did\u00e1ctica.<\/em> 05 f\u00e9vrier &#8211; 05 mars 2024 (Facultad de Letras)<\/p>\n<p>S\u00e9minaire <em>Desde el dise\u00f1o de una unidad de programaci\u00f3n en LE hasta la evaluaci\u00f3n seg\u00fan los principios de la LOMLOE y de los referenciales<\/em>. 11 mars &#8211; 11 avril 2024 (Facultad de Letras)<\/p>\n<p><a href=\"http:\/\/blog.uclm.es\/lcf\/congresos-coloquios-seminarios-jornadas\/seminaires-de-decembre-2016\/\">S\u00e9minaire Analyse du discours informatif dans la presse francophone<\/a><br \/>\n<a href=\"http:\/\/blog.uclm.es\/lcf\/congresos-coloquios-seminarios-jornadas\/did\/\">S\u00e9minaire <em>Did\u00e1ctica de las LE en la era digital<\/em><\/a><\/p>\n<\/header>\n","protected":false},"excerpt":{"rendered":"<p>Colloques: III Coloquio internacional TIDLE (11-12 de diciembre 2025) Colloque internacional: Langues \u00e9trang\u00e8res, enseignement sup\u00e9rieur et technologies emergentes : d\u00e9veloppement des comp\u00e9tences face au march\u00e9 du travail actuel\u00a0(en collaboration avec l&#8217;Instituto Polit\u00e9cnico de Viseu\/ CI&amp;DEI\/ Escola Superior de Educa\u00e7\u00e3o de Viseu du Portugal)- (15 f\u00e9vrier 2024) II Coloquio TIDLE (15-16 de diciembre 2022) Journ\u00e9es: Journ\u00e9e &hellip; <a href=\"https:\/\/blog.uclm.es\/lcf\/congresos-coloquios-seminarios-jornadas\/\" class=\"more-link\">Continuar leyendo<span class=\"screen-reader-text\"> \u00abColloques, journ\u00e9es, s\u00e9minaires\u00bb<\/span><\/a><\/p>\n","protected":false},"author":249,"featured_media":0,"parent":0,"menu_order":2,"comment_status":"closed","ping_status":"closed","template":"","meta":{"footnotes":""},"class_list":["post-15","page","type-page","status-publish","hentry"],"_links":{"self":[{"href":"https:\/\/blog.uclm.es\/lcf\/wp-json\/wp\/v2\/pages\/15","targetHints":{"allow":["GET"]}}],"collection":[{"href":"https:\/\/blog.uclm.es\/lcf\/wp-json\/wp\/v2\/pages"}],"about":[{"href":"https:\/\/blog.uclm.es\/lcf\/wp-json\/wp\/v2\/types\/page"}],"author":[{"embeddable":true,"href":"https:\/\/blog.uclm.es\/lcf\/wp-json\/wp\/v2\/users\/249"}],"replies":[{"embeddable":true,"href":"https:\/\/blog.uclm.es\/lcf\/wp-json\/wp\/v2\/comments?post=15"}],"version-history":[{"count":5,"href":"https:\/\/blog.uclm.es\/lcf\/wp-json\/wp\/v2\/pages\/15\/revisions"}],"predecessor-version":[{"id":594,"href":"https:\/\/blog.uclm.es\/lcf\/wp-json\/wp\/v2\/pages\/15\/revisions\/594"}],"wp:attachment":[{"href":"https:\/\/blog.uclm.es\/lcf\/wp-json\/wp\/v2\/media?parent=15"}],"curies":[{"name":"wp","href":"https:\/\/api.w.org\/{rel}","templated":true}]}}