{"id":116,"date":"2016-11-23T16:15:34","date_gmt":"2016-11-23T15:15:34","guid":{"rendered":"http:\/\/blog.uclm.es\/lcf\/?page_id=116"},"modified":"2016-11-23T16:15:34","modified_gmt":"2016-11-23T15:15:34","slug":"programme","status":"publish","type":"page","link":"https:\/\/blog.uclm.es\/lcf\/congresos-coloquios-seminarios-jornadas\/pagina-ejemplo-2\/programme\/","title":{"rendered":"Programme"},"content":{"rendered":"<p><em>9.30-9.40 : Pr\u00e9sentation<\/em><\/p>\n<p><em>9.40-10.20 : Margarita Alfaro Amieiro, Laura Alcoba ou la rem\u00e9moration des origines en langue fran\u00e7aise (Universidad Aut\u00f3noma de Madrid)<\/em><\/p>\n<p><em>10.20-10.40 : Interview de Silvia Baron Supervielle (Auteur)<\/em><\/p>\n<p><em>10.40-11.20 : Julie Corsin, La femme dans l\u2019\u0153uvre de Silvia Baron Supervielle (Universidad de Castilla-La Mancha)<\/em><\/p>\n<p><em>11.20-11.50 : Pause Caf\u00e9<\/em><\/p>\n<p>11.50-12.30: Mat\u00edas Barchino P\u00e9rez, <em>La cultura francesa en dos escritoras hispanoamericanas: Victoria Ocampo y Gabriela Mistral.<\/em> (Universidad de Castilla-La Mancha)<\/p>\n<p>12.30-13.10: Luisa Ballesteros Rosa, <em>Escribir y cambiar el mundo. Las escritoras latino-americanas<\/em> (universit\u00e9 de Cergy-Pontoise)<\/p>\n<p>13.10- 13.50 : Maite Pisa Ca\u00f1ete, <em>Interview a Dulcin\u00e9e Langfelder: Comprendre le monde \u00e0 travers le th\u00e9\u00e2tre<\/em> (Universidad de Castilla-La Mancha)<\/p>\n<p>16.00-16.40 : Beatriz Mangada Ca\u00f1as, <em>L\u2019\u00e9criture au f\u00e9minin en Ontario fran\u00e7ais: le cas d\u2019H\u00e9l\u00e8ne Brodeur et de Marguerite Andersen<\/em> (Universidad Aut\u00f3noma de Madrid)<\/p>\n<p>16.40-17.20 : Mar\u00eda Jos\u00e9 Sueza Espejo, <em>Les h\u00e9ro\u00efnes actives dans la litt\u00e9rature de Dominique Demers<\/em> (Universidad de Ja\u00e9n)<\/p>\n<p>17.20-17.40 : Pause Caf\u00e9<\/p>\n<p>17.40-18.20 : Esther Zaplana Rodr\u00edguez, <em>La mujer en la filmograf\u00eda de Julie Delpy<\/em> (Universidad de Castilla-La Mancha)<\/p>\n<p>18.20-19.00 : Isaac David Cremades Cano, <em>M\u00e9moire de la femme postcoloniale chez Marie-C\u00e9lie Agnant : la blessure identitaire dans la litt\u00e9rature ha\u00eftienne<\/em> (Universidad de Murcia)<\/p>\n<p>19.00- 19.40 : Milagros Palma, <em>La cr\u00e9ation au f\u00e9minin<\/em> (Universit\u00e9 d\u2019Amiens)<\/p>\n<p>19.40- 20.00 : Conclusion<\/p>\n","protected":false},"excerpt":{"rendered":"<p>9.30-9.40 : Pr\u00e9sentation 9.40-10.20 : Margarita Alfaro Amieiro, Laura Alcoba ou la rem\u00e9moration des origines en langue fran\u00e7aise (Universidad Aut\u00f3noma de Madrid) 10.20-10.40 : Interview de Silvia Baron Supervielle (Auteur) 10.40-11.20 : Julie Corsin, La femme dans l\u2019\u0153uvre de Silvia Baron Supervielle (Universidad de Castilla-La Mancha) 11.20-11.50 : Pause Caf\u00e9 11.50-12.30: Mat\u00edas Barchino P\u00e9rez, La &hellip; <a href=\"https:\/\/blog.uclm.es\/lcf\/congresos-coloquios-seminarios-jornadas\/pagina-ejemplo-2\/programme\/\" class=\"more-link\">Continuar leyendo<span class=\"screen-reader-text\"> \u00abProgramme\u00bb<\/span><\/a><\/p>\n","protected":false},"author":249,"featured_media":0,"parent":436,"menu_order":1,"comment_status":"closed","ping_status":"closed","template":"","meta":{"footnotes":""},"class_list":["post-116","page","type-page","status-publish","hentry"],"_links":{"self":[{"href":"https:\/\/blog.uclm.es\/lcf\/wp-json\/wp\/v2\/pages\/116","targetHints":{"allow":["GET"]}}],"collection":[{"href":"https:\/\/blog.uclm.es\/lcf\/wp-json\/wp\/v2\/pages"}],"about":[{"href":"https:\/\/blog.uclm.es\/lcf\/wp-json\/wp\/v2\/types\/page"}],"author":[{"embeddable":true,"href":"https:\/\/blog.uclm.es\/lcf\/wp-json\/wp\/v2\/users\/249"}],"replies":[{"embeddable":true,"href":"https:\/\/blog.uclm.es\/lcf\/wp-json\/wp\/v2\/comments?post=116"}],"version-history":[{"count":0,"href":"https:\/\/blog.uclm.es\/lcf\/wp-json\/wp\/v2\/pages\/116\/revisions"}],"up":[{"embeddable":true,"href":"https:\/\/blog.uclm.es\/lcf\/wp-json\/wp\/v2\/pages\/436"}],"wp:attachment":[{"href":"https:\/\/blog.uclm.es\/lcf\/wp-json\/wp\/v2\/media?parent=116"}],"curies":[{"name":"wp","href":"https:\/\/api.w.org\/{rel}","templated":true}]}}