{"id":1329,"date":"2018-11-21T14:00:40","date_gmt":"2018-11-21T14:00:40","guid":{"rendered":"http:\/\/blog.uclm.es\/lahoradelcodigo\/?page_id=2"},"modified":"2022-12-16T10:04:29","modified_gmt":"2022-12-16T09:04:29","slug":"horadelcodigo","status":"publish","type":"page","link":"https:\/\/blog.uclm.es\/lahoradelcodigo\/","title":{"rendered":"La Hora del C\u00f3digo"},"content":{"rendered":"\n<div class=\"wp-block-group\"><div class=\"wp-block-group__inner-container is-layout-constrained wp-block-group-is-layout-constrained\">\n<figure class=\"wp-block-image size-large\"><img loading=\"lazy\" decoding=\"async\" width=\"1024\" height=\"702\" src=\"https:\/\/blog.uclm.es\/lahoradelcodigo\/wp-content\/uploads\/sites\/228\/2018\/12\/DSC8807-1024x702.jpg\" alt=\"\" class=\"wp-image-599\" srcset=\"https:\/\/blog.uclm.es\/lahoradelcodigo\/wp-content\/uploads\/sites\/228\/2018\/12\/DSC8807-1024x702.jpg 1024w, https:\/\/blog.uclm.es\/lahoradelcodigo\/wp-content\/uploads\/sites\/228\/2018\/12\/DSC8807-300x206.jpg 300w, https:\/\/blog.uclm.es\/lahoradelcodigo\/wp-content\/uploads\/sites\/228\/2018\/12\/DSC8807-768x527.jpg 768w, https:\/\/blog.uclm.es\/lahoradelcodigo\/wp-content\/uploads\/sites\/228\/2018\/12\/DSC8807-1536x1054.jpg 1536w, https:\/\/blog.uclm.es\/lahoradelcodigo\/wp-content\/uploads\/sites\/228\/2018\/12\/DSC8807-2048x1405.jpg 2048w\" sizes=\"auto, (max-width: 709px) 85vw, (max-width: 909px) 67vw, (max-width: 1362px) 62vw, 840px\" \/><\/figure>\n\n\n\n<p>Si es tu primera vez con la programaci\u00f3n, \u00e9ste es tu nivel, <a href=\"http:\/\/blog.uclm.es\/lahoradelcodigo\/basico\/\" data-type=\"URL\" data-id=\"http:\/\/blog.uclm.es\/lahoradelcodigo\/basico\/\" target=\"_blank\" rel=\"noreferrer noopener\">Empieza aqu\u00ed<\/a>.<\/p>\n<\/div><\/div>\n\n\n\n<div class=\"wp-block-group\"><div class=\"wp-block-group__inner-container is-layout-constrained wp-block-group-is-layout-constrained\">\n<figure class=\"wp-block-image size-large\"><img loading=\"lazy\" decoding=\"async\" width=\"1024\" height=\"576\" src=\"https:\/\/blog.uclm.es\/lahoradelcodigo\/wp-content\/uploads\/sites\/228\/2018\/12\/P1010641-1024x576.jpg\" alt=\"\" class=\"wp-image-608\" srcset=\"https:\/\/blog.uclm.es\/lahoradelcodigo\/wp-content\/uploads\/sites\/228\/2018\/12\/P1010641-1024x576.jpg 1024w, https:\/\/blog.uclm.es\/lahoradelcodigo\/wp-content\/uploads\/sites\/228\/2018\/12\/P1010641-300x169.jpg 300w, https:\/\/blog.uclm.es\/lahoradelcodigo\/wp-content\/uploads\/sites\/228\/2018\/12\/P1010641-768x432.jpg 768w, https:\/\/blog.uclm.es\/lahoradelcodigo\/wp-content\/uploads\/sites\/228\/2018\/12\/P1010641-1536x864.jpg 1536w, https:\/\/blog.uclm.es\/lahoradelcodigo\/wp-content\/uploads\/sites\/228\/2018\/12\/P1010641-2048x1152.jpg 2048w\" sizes=\"auto, (max-width: 709px) 85vw, (max-width: 909px) 67vw, (max-width: 1362px) 62vw, 840px\" \/><\/figure>\n\n\n\n<p>\u00bfConoces Scratch, Blockly, \u2026? <a href=\"http:\/\/blog.uclm.es\/lahoradelcodigo\/intermedio\/\" target=\"_blank\" rel=\"noreferrer noopener\">\u00e9ste es tu nivel<\/a><\/p>\n<\/div><\/div>\n\n\n\n<div class=\"wp-block-group\"><div class=\"wp-block-group__inner-container is-layout-constrained wp-block-group-is-layout-constrained\">\n<figure class=\"wp-block-image size-large\"><img loading=\"lazy\" decoding=\"async\" width=\"1024\" height=\"576\" src=\"https:\/\/blog.uclm.es\/lahoradelcodigo\/wp-content\/uploads\/sites\/228\/2018\/12\/P1010679-1024x576.jpg\" alt=\"\" class=\"wp-image-613\" srcset=\"https:\/\/blog.uclm.es\/lahoradelcodigo\/wp-content\/uploads\/sites\/228\/2018\/12\/P1010679-1024x576.jpg 1024w, https:\/\/blog.uclm.es\/lahoradelcodigo\/wp-content\/uploads\/sites\/228\/2018\/12\/P1010679-300x169.jpg 300w, https:\/\/blog.uclm.es\/lahoradelcodigo\/wp-content\/uploads\/sites\/228\/2018\/12\/P1010679-768x432.jpg 768w, https:\/\/blog.uclm.es\/lahoradelcodigo\/wp-content\/uploads\/sites\/228\/2018\/12\/P1010679-1536x864.jpg 1536w, https:\/\/blog.uclm.es\/lahoradelcodigo\/wp-content\/uploads\/sites\/228\/2018\/12\/P1010679-2048x1152.jpg 2048w\" sizes=\"auto, (max-width: 709px) 85vw, (max-width: 909px) 67vw, (max-width: 1362px) 62vw, 840px\" \/><\/figure>\n\n\n\n<p>\u00bfYa has hecho tus primeras l\u00edneas de c\u00f3digo? <a href=\"http:\/\/blog.uclm.es\/lahoradelcodigo\/avanzado\/\" target=\"_blank\" rel=\"noreferrer noopener\">\u00e9ste es tu nivel<\/a><\/p>\n<\/div><\/div>\n\n\n<p><strong>\u00bfQu\u00e9 es la Hora del C\u00f3digo?<\/strong><\/p>\n<p>La Hora del C\u00f3digo es una introducci\u00f3n de una hora de duraci\u00f3n a las Ciencias de la Computaci\u00f3n, dise\u00f1ada para mostrar que todo el mundo puede aprender a programar y as\u00ed comprender los fundamentos b\u00e1sicos de la disciplina.<\/p>\n<p><strong>\u00bfCu\u00e1ndo es la Hora del C\u00f3digo?<\/strong><\/p>\n<p>Contacta con la Escuela Superior de Ingenier\u00eda Inform\u00e1tica y ven a participar con nosotros de una hora de programaci\u00f3n. Las actividades aqu\u00ed disponibles han sido desarrolladas por Code.org.<\/p>\n<p><strong>\u00bfPor qu\u00e9 Ciencias de la computaci\u00f3n?<\/strong><\/p>\n<p>Todos los estudiantes deben tener la oportunidad de aprender Ciencias de la Computaci\u00f3n. Ayuda a fomentar las habilidades de resoluci\u00f3n de problemas, la l\u00f3gica y la creatividad. Introducir a los estudiantes de forma temprana en las ciencias de la computaci\u00f3n, les permitir\u00e1 disponer de conocimientos imprescindibles en el s.XXI; fundamentales sea cual sea su futuro desarrollo profesional.<\/p>","protected":false},"excerpt":{"rendered":"<p>Si es tu primera vez con la programaci\u00f3n, \u00e9ste es tu nivel, Empieza aqu\u00ed. \u00bfConoces Scratch, Blockly, \u2026? \u00e9ste es tu nivel \u00bfYa has hecho tus primeras l\u00edneas de c\u00f3digo? \u00e9ste es tu nivel \u00bfQu\u00e9 es la Hora del C\u00f3digo? La Hora del C\u00f3digo es una introducci\u00f3n de una hora de duraci\u00f3n a las Ciencias &hellip; <a href=\"https:\/\/blog.uclm.es\/lahoradelcodigo\/\" class=\"more-link\">Continuar leyendo<span class=\"screen-reader-text\"> \u00abLa Hora del C\u00f3digo\u00bb<\/span><\/a><\/p>\n","protected":false},"author":110,"featured_media":0,"parent":0,"menu_order":0,"comment_status":"closed","ping_status":"open","template":"page-full.php","meta":{"footnotes":""},"class_list":["post-1329","page","type-page","status-publish","hentry"],"_links":{"self":[{"href":"https:\/\/blog.uclm.es\/lahoradelcodigo\/wp-json\/wp\/v2\/pages\/1329","targetHints":{"allow":["GET"]}}],"collection":[{"href":"https:\/\/blog.uclm.es\/lahoradelcodigo\/wp-json\/wp\/v2\/pages"}],"about":[{"href":"https:\/\/blog.uclm.es\/lahoradelcodigo\/wp-json\/wp\/v2\/types\/page"}],"author":[{"embeddable":true,"href":"https:\/\/blog.uclm.es\/lahoradelcodigo\/wp-json\/wp\/v2\/users\/110"}],"replies":[{"embeddable":true,"href":"https:\/\/blog.uclm.es\/lahoradelcodigo\/wp-json\/wp\/v2\/comments?post=1329"}],"version-history":[{"count":1,"href":"https:\/\/blog.uclm.es\/lahoradelcodigo\/wp-json\/wp\/v2\/pages\/1329\/revisions"}],"predecessor-version":[{"id":1357,"href":"https:\/\/blog.uclm.es\/lahoradelcodigo\/wp-json\/wp\/v2\/pages\/1329\/revisions\/1357"}],"wp:attachment":[{"href":"https:\/\/blog.uclm.es\/lahoradelcodigo\/wp-json\/wp\/v2\/media?parent=1329"}],"curies":[{"name":"wp","href":"https:\/\/api.w.org\/{rel}","templated":true}]}}