{"id":1201,"date":"2019-10-21T15:40:09","date_gmt":"2019-10-21T14:40:09","guid":{"rendered":"http:\/\/blog.uclm.es\/lahoradelcodigo\/?page_id=1201"},"modified":"2019-10-21T15:40:09","modified_gmt":"2019-10-21T14:40:09","slug":"eu-esii-codeweek","status":"publish","type":"page","link":"https:\/\/blog.uclm.es\/lahoradelcodigo\/eu-esii-codeweek\/","title":{"rendered":"EU CodeWeek en Escuela Superior de Ingenier\u00eda Inform\u00e1tica de Albacete"},"content":{"rendered":"<p>[et_pb_section fb_built=\u00bb1&#8243; admin_label=\u00bbHero\u00bb _builder_version=\u00bb3.22.6&#8243; use_background_color_gradient=\u00bbon\u00bb background_color_gradient_start=\u00bbrgba(0,0,0,0.5)\u00bb background_color_gradient_end=\u00bbrgba(0,0,0,0)\u00bb background_color_gradient_type=\u00bbradial\u00bb background_color_gradient_direction_radial=\u00bbbottom left\u00bb background_color_gradient_overlays_image=\u00bbon\u00bb background_image=\u00bbhttps:\/\/blog.uclm.es\/lahoradelcodigo\/wp-content\/uploads\/sites\/228\/2019\/10\/CodeWeek.png\u00bb background_size=\u00bbcontain\u00bb custom_margin=\u00bb|||\u00bb custom_padding=\u00bb180px||0px|\u00bb bottom_divider_style=\u00bbslant\u00bb bottom_divider_color=\u00bb#ffffff\u00bb bottom_divider_flip=\u00bbhorizontal\u00bb animation_style=\u00bbslide\u00bb animation_direction=\u00bbtop\u00bb animation_intensity_slide=\u00bb5%\u00bb animation_starting_opacity=\u00bb100%\u00bb][et_pb_row custom_padding=\u00bb27px|0px|0px|0px\u00bb _builder_version=\u00bb3.22.6&#8243; background_size=\u00bbinitial\u00bb background_position=\u00bbtop_left\u00bb background_repeat=\u00bbrepeat\u00bb][et_pb_column type=\u00bb3_4&#8243; _builder_version=\u00bb3.0.47&#8243;][et_pb_text admin_label=\u00bbTitle\u00bb _builder_version=\u00bb3.0.105&#8243; text_font=\u00bb||||||||\u00bb header_font=\u00bbMontserrat|600|||||||\u00bb header_font_size=\u00bb80px\u00bb header_font_size_phone=\u00bb72px\u00bb header_font_size_last_edited=\u00bbon|phone\u00bb header_line_height=\u00bb1.2em\u00bb background_layout=\u00bbdark\u00bb animation_style=\u00bbzoom\u00bb animation_direction=\u00bbleft\u00bb animation_intensity_zoom=\u00bb10%\u00bb]<\/p>\n<h1>EU Code Week<\/h1>\n<p>[\/et_pb_text][et_pb_divider color=\u00bbrgba(255,255,255,0.7)\u00bb divider_weight=\u00bb3px\u00bb _builder_version=\u00bb3.2&#8243; max_width=\u00bb120px\u00bb animation_style=\u00bbzoom\u00bb animation_direction=\u00bbleft\u00bb][\/et_pb_divider][et_pb_text _builder_version=\u00bb3.22.6&#8243; text_font=\u00bbMontserrat|300|||||||\u00bb text_font_size=\u00bb20px\u00bb text_line_height=\u00bb1.8em\u00bb background_layout=\u00bbdark\u00bb animation_style=\u00bbzoom\u00bb animation_direction=\u00bbleft\u00bb animation_delay=\u00bb100ms\u00bb animation_intensity_zoom=\u00bb10%\u00bb]<\/p>\n<p><b>28 de Noviembre, 2019, Albacete, Spain<\/b><br \/>Celebraremos EU Code Week en la Escuela Superior de Ingenier\u00eda Inform\u00e1tica de Albacete (Universidad de Castilla-La Mancha) con una actividad de introducci\u00f3n a la programaci\u00f3n y el pensamiento computacional mediante actividades de la Hora del C\u00f3digo y el lenguaje de Programaci\u00f3n Scratch<\/p>\n<p>[\/et_pb_text][et_pb_button url_new_window=\u00bbon\u00bb custom_button=\u00bbon\u00bb button_text_size=\u00bb38px\u00bb button_text_color=\u00bb#FFFFFF\u00bb button_bg_color=\u00bb#7a7a7a\u00bb button_border_radius=\u00bb23px\u00bb button_text_shadow_style=\u00bbpreset1&#8243; _builder_version=\u00bb3.22.6&#8243; button_url=\u00bbhttps:\/\/forms.gle\/VwsvmngBwSBtAPZa9&#8243; button_text=\u00bbHaz tu encuesta\u00bb button_font=\u00bb||||||||\u00bb][\/et_pb_button][et_pb_button _builder_version=\u00bb3.22.6&#8243;][\/et_pb_button][\/et_pb_column][et_pb_column type=\u00bb1_4&#8243; _builder_version=\u00bb3.0.47&#8243;][\/et_pb_column][\/et_pb_row][\/et_pb_section][et_pb_section fb_built=\u00bb1&#8243; admin_label=\u00bbAbout\u00bb _builder_version=\u00bb3.22.3&#8243; custom_padding=\u00bb90px||90px|\u00bb][et_pb_row custom_padding=\u00bb|||\u00bb custom_margin=\u00bb|||\u00bb _builder_version=\u00bb3.22.3&#8243;][et_pb_column type=\u00bb4_4&#8243; _builder_version=\u00bb3.0.47&#8243;][et_pb_blurb _builder_version=\u00bb3.22.6&#8243;][\/et_pb_blurb][et_pb_text _builder_version=\u00bb3.22.6&#8243;]<\/p>\n<p><H1>Actividades<\/H1>Busca tu personaje favorito y aprende a programar.<\/p>\n<p>[\/et_pb_text][\/et_pb_column][\/et_pb_row][et_pb_row custom_padding=\u00bb|||\u00bb custom_margin=\u00bb|||\u00bb _builder_version=\u00bb3.22.3&#8243;][et_pb_column type=\u00bb1_3&#8243; _builder_version=\u00bb3.0.47&#8243;][et_pb_blurb title=\u00bbFlappy\u00bb url=\u00bbhttps:\/\/studio.code.org\/flappy\/1&#8243; url_new_window=\u00bbon\u00bb image=\u00bbhttps:\/\/blog.uclm.es\/lahoradelcodigo\/wp-content\/uploads\/sites\/228\/2018\/11\/flappy-e1574944494586.jpg\u00bb _builder_version=\u00bb3.22.6&#8243; link_option_url=\u00bbhttps:\/\/studio.code.org\/flappy\/1&#8243; link_option_url_new_window=\u00bbon\u00bb]<\/p>\n<p>Crea   tu   propio   juego   como   aquel   tan   popular   para   m\u00f3viles   con   Flappy,   para   niveles   b\u00e1sicos.<\/p>\n<p>[\/et_pb_blurb][et_pb_blurb _builder_version=\u00bb3.22.6&#8243;][\/et_pb_blurb][\/et_pb_column][et_pb_column type=\u00bb1_3&#8243; _builder_version=\u00bb3.0.47&#8243;][et_pb_blurb title=\u00bbMinecraft\u00bb url=\u00bbhttps:\/\/studio.code.org\/s\/mc\/reset\u00bb url_new_window=\u00bbon\u00bb image=\u00bbhttps:\/\/blog.uclm.es\/lahoradelcodigo\/wp-content\/uploads\/sites\/228\/2018\/12\/logo_tall_minecraft.jpg\u00bb _builder_version=\u00bb3.22.6&#8243; link_option_url=\u00bbhttps:\/\/studio.code.org\/s\/mc\/reset\u00bb]<\/p>\n<p>Construye   tu   propia   versi\u00f3n   de   Minecraft.   Crea   tus   propias   versiones   de   las   gallinas,   ovejas,   Creepers,   zombis   y   m\u00e1s.<\/p>\n<p>[\/et_pb_blurb][\/et_pb_column][et_pb_column type=\u00bb1_3&#8243; _builder_version=\u00bb3.0.47&#8243;][et_pb_blurb title=\u00bbStar   Wars\u00bb url=\u00bbhttps:\/\/code.org\/api\/hour\/begin\/starwarsblocks\u00bb url_new_window=\u00bbon\u00bb image=\u00bbhttps:\/\/blog.uclm.es\/lahoradelcodigo\/wp-content\/uploads\/sites\/228\/2018\/12\/logo_tall_starwars.jpg\u00bb _builder_version=\u00bb3.22.6&#8243; link_option_url=\u00bbhttps:\/\/code.org\/api\/hour\/begin\/starwarsblocks\u00bb link_option_url_new_window=\u00bbon\u00bb]<\/p>\n<p>Aprende   a   programar   droides   y   crear   tu   propio   juego   de   Star   Wars   en   una   galaxia   muy,   muy   lejana.<\/p>\n<p>[\/et_pb_blurb][\/et_pb_column][\/et_pb_row][et_pb_row custom_padding=\u00bb|||\u00bb custom_margin=\u00bb|||\u00bb _builder_version=\u00bb3.22.3&#8243;][et_pb_column type=\u00bb1_3&#8243; _builder_version=\u00bb3.0.47&#8243;][et_pb_blurb title=\u00bbPlantas contra Zombies\u00bb url=\u00bbhttps:\/\/studio.code.org\/s\/course3\/stage\/2\/puzzle\/1&#8243; url_new_window=\u00bbon\u00bb image=\u00bbhttps:\/\/blog.uclm.es\/lahoradelcodigo\/wp-content\/uploads\/sites\/228\/2018\/12\/plantszombis.jpg\u00bb _builder_version=\u00bb3.22.6&#8243; link_option_url=\u00bbhttps:\/\/studio.code.org\/s\/course3\/stage\/2\/puzzle\/1&#8243; link_option_url_new_window=\u00bbon\u00bb]<\/p>\n<p>Utiliza   la   programaci\u00f3n   de   bloques   para   completar   este   juego   de   Plantas   contra   Zombis.<\/p>\n<p>[\/et_pb_blurb][et_pb_blurb _builder_version=\u00bb3.22.6&#8243;][\/et_pb_blurb][\/et_pb_column][et_pb_column type=\u00bb1_3&#8243; _builder_version=\u00bb3.0.47&#8243;][et_pb_blurb title=\u00bbDance Party\u00bb url=\u00bbhttps:\/\/studio.code.org\/s\/dance\/stage\/1\/puzzle\/1&#8243; url_new_window=\u00bbon\u00bb image=\u00bbhttps:\/\/blog.uclm.es\/lahoradelcodigo\/wp-content\/uploads\/sites\/228\/2019\/11\/party_2-e1574946161763.png\u00bb _builder_version=\u00bb3.22.6&#8243; link_option_url=\u00bbhttps:\/\/studio.code.org\/s\/dance\/stage\/1\/puzzle\/1&#8243;]<\/p>\n<p>Crea   tu   propia   fiesta   de   baile   para   poder   compartir   con   tus   amigos.   Con   Katy   Perry,   Madonna,   J. Balvin,   Sia,   y   muchos   m\u00e1s.<\/p>\n<p>[\/et_pb_blurb][\/et_pb_column][et_pb_column type=\u00bb1_3&#8243; _builder_version=\u00bb3.0.47&#8243;][et_pb_blurb title=\u00bbMoana\u00bb url=\u00bbhttps:\/\/partners.disney.com\/hour-of-code\/wayfinding-with-code?cds\u00bb url_new_window=\u00bbon\u00bb image=\u00bbhttps:\/\/blog.uclm.es\/lahoradelcodigo\/wp-content\/uploads\/sites\/228\/2018\/12\/moana.jpg\u00bb _builder_version=\u00bb3.22.6&#8243; link_option_url=\u00bbhttps:\/\/partners.disney.com\/hour-of-code\/wayfinding-with-code?cds\u00bb link_option_url_new_window=\u00bbon\u00bb]<\/p>\n<p>Encuentra   el   camino   que   debe   seguir   Moana   en   su   viaje   utilizando   programaci\u00f3n   con   bloques.<\/p>\n<p>[\/et_pb_blurb][\/et_pb_column][\/et_pb_row][et_pb_row custom_padding=\u00bb|||\u00bb custom_margin=\u00bb|||\u00bb _builder_version=\u00bb3.22.3&#8243;][et_pb_column type=\u00bb4_4&#8243; _builder_version=\u00bb3.0.47&#8243;][et_pb_text admin_label=\u00bbTitle\u00bb _builder_version=\u00bb3.22.6&#8243; text_font=\u00bbMontserrat|300|||||||\u00bb text_font_size=\u00bb16px\u00bb text_line_height=\u00bb1.8em\u00bb header_font=\u00bb||||||||\u00bb header_2_font=\u00bbMontserrat|500|||||||\u00bb header_2_text_align=\u00bbcenter\u00bb header_2_font_size=\u00bb30px\u00bb header_2_line_height=\u00bb1.4em\u00bb text_orientation=\u00bbcenter\u00bb max_width=\u00bb700px\u00bb module_alignment=\u00bbcenter\u00bb animation_direction=\u00bbright\u00bb]<\/p>\n<h2>Europe Code Week<\/h2>\n<p>La Semana de la Programaci\u00f3n de la UE es una iniciativa de base que tiene como objetivo acercar la programaci\u00f3n y el alfabetismo digital de una forma divertida e interesante.<\/p>\n<p>[\/et_pb_text][et_pb_button button_url=\u00bbhttps:\/\/codeweek.eu\/\u00bb button_text=\u00bbM\u00e1s informaci\u00f3n de la iniciativa\u00bb button_alignment=\u00bbcenter\u00bb _builder_version=\u00bb3.22.6&#8243; custom_button=\u00bbon\u00bb button_bg_color=\u00bb#0c71c3&#8243; button_bg_use_color_gradient=\u00bbon\u00bb button_bg_color_gradient_start=\u00bb#4968ff\u00bb button_bg_color_gradient_end=\u00bb#6fe5f3&#8243; button_bg_color_gradient_direction=\u00bb90deg\u00bb button_bg_color_gradient_direction_radial=\u00bbleft\u00bb button_border_width=\u00bb0px\u00bb button_font=\u00bb||||||||\u00bb button_icon_color=\u00bb#FFFFFF\u00bb background_layout=\u00bbdark\u00bb][\/et_pb_button][et_pb_button _builder_version=\u00bb3.22.6&#8243;][\/et_pb_button][\/et_pb_column][\/et_pb_row][et_pb_row custom_padding=\u00bb40px|0px|40px|0px\u00bb custom_margin=\u00bb100px||100px|\u00bb use_background_color_gradient_1=\u00bboff\u00bb use_background_color_gradient_2=\u00bbon\u00bb background_color_gradient_start_1=\u00bb#ff6a88&#8243; background_color_gradient_start_2=\u00bb#4866ff\u00bb background_color_gradient_end_1=\u00bb#ff99ac\u00bb background_color_gradient_end_2=\u00bb#6fe5f3&#8243; background_color_gradient_direction_1=\u00bb35deg\u00bb background_color_gradient_end_position_1=\u00bb100%\u00bb padding_right_1=\u00bb60px\u00bb padding_bottom_1=\u00bb60px\u00bb padding_1_tablet=\u00bb|0px||\u00bb padding_1_last_edited=\u00bbon|desktop\u00bb _builder_version=\u00bb3.22.3&#8243; module_alignment=\u00bbcenter\u00bb custom_margin_tablet=\u00bb0px|||\u00bb custom_margin_phone=\u00bb0px|||\u00bb custom_margin_last_edited=\u00bboff|desktop\u00bb][et_pb_column type=\u00bb1_2&#8243; _builder_version=\u00bb3.0.47&#8243;][et_pb_text admin_label=\u00bbSubtitle\u00bb _builder_version=\u00bb3.0.105&#8243; text_font=\u00bbMontserrat|500||on|||||\u00bb text_text_color=\u00bbrgba(0,0,0,0.25)\u00bb header_font=\u00bb||||||||\u00bb animation_style=\u00bbslide\u00bb animation_direction=\u00bbright\u00bb animation_intensity_slide=\u00bb5%\u00bb animation_starting_opacity=\u00bb100%\u00bb]<\/p>\n<p>About Us<\/p>\n<p>[\/et_pb_text][et_pb_text admin_label=\u00bbTitle\u00bb _builder_version=\u00bb3.22.6&#8243; text_font=\u00bb||||||||\u00bb header_font=\u00bb||||||||\u00bb header_2_font=\u00bbMontserrat|500|||||||\u00bb header_2_font_size=\u00bb30px\u00bb header_2_line_height=\u00bb1.4em\u00bb animation_style=\u00bbfade\u00bb animation_direction=\u00bbright\u00bb animation_starting_opacity=\u00bb100%\u00bb]<\/p>\n<h2>\u00a1Participa!<\/h2>\n<p>[\/et_pb_text][et_pb_divider color=\u00bb#4866ff\u00bb divider_weight=\u00bb3px\u00bb _builder_version=\u00bb3.2&#8243; max_width=\u00bb80px\u00bb animation_style=\u00bbslide\u00bb animation_direction=\u00bbright\u00bb animation_intensity_slide=\u00bb5%\u00bb animation_starting_opacity=\u00bb100%\u00bb][\/et_pb_divider][et_pb_text _builder_version=\u00bb3.22.6&#8243; text_font=\u00bbMontserrat|300|||||||\u00bb text_font_size=\u00bb16px\u00bb text_line_height=\u00bb1.8em\u00bb animation_style=\u00bbslide\u00bb animation_direction=\u00bbright\u00bb animation_intensity_slide=\u00bb5%\u00bb animation_starting_opacity=\u00bb100%\u00bb]<\/p>\n<p>We will celebrate EU Code Week at the Faculty of Computer Science Engineering in Albacete (University of Castilla-La Mancha) with an activity of introduction to programming and computational thinking through activities of the Hour of Code and Scratch programming language.<\/p>\n<p>Celebraremos EU Code Week en la Escuela Superior de Ingenier\u00eda Inform\u00e1tica de Albacete (Universidad de Castilla-La Mancha) con una actividad de introducci\u00f3n a la programaci\u00f3n y el pensamiento computacional mediante actividades de la Hora del C\u00f3digo y el lenguaje de Programaci\u00f3n Scratch. Invitamos a los colegios de educaci\u00f3n primaria de la ciudad de Albacete para que se unan a esta actividad. La actividad est\u00e1 dirigida a alumnos de 6\u00ba de primaria. \u00c1nimo! Apuntaros, que os esperamos en la ESII en el campus universitario para pasar un d\u00eda divertido programando.<\/p>\n<p>[\/et_pb_text][et_pb_button button_url=\u00bbhttps:\/\/forms.gle\/3RbexgoxBFmarRyv8&#8243; url_new_window=\u00bbon\u00bb button_text=\u00bbReg\u00edstrate\u00bb button_alignment=\u00bbleft\u00bb _builder_version=\u00bb3.22.6&#8243; custom_button=\u00bbon\u00bb button_text_size=\u00bb14px\u00bb button_bg_color=\u00bb#4866ff\u00bb button_border_width=\u00bb0px\u00bb button_border_radius=\u00bb50px\u00bb button_font=\u00bbMontserrat|500||on|||||\u00bb button_use_icon=\u00bboff\u00bb background_layout=\u00bbdark\u00bb custom_padding=\u00bb20px|45px|20px|45px\u00bb animation_style=\u00bbfade\u00bb locked=\u00bboff\u00bb button_text_size__hover_enabled=\u00bboff\u00bb button_one_text_size__hover_enabled=\u00bboff\u00bb button_two_text_size__hover_enabled=\u00bboff\u00bb button_text_color__hover_enabled=\u00bboff\u00bb button_one_text_color__hover_enabled=\u00bboff\u00bb button_two_text_color__hover_enabled=\u00bboff\u00bb button_border_width__hover_enabled=\u00bboff\u00bb button_one_border_width__hover_enabled=\u00bboff\u00bb button_two_border_width__hover_enabled=\u00bboff\u00bb button_border_color__hover_enabled=\u00bboff\u00bb button_one_border_color__hover_enabled=\u00bboff\u00bb button_two_border_color__hover_enabled=\u00bboff\u00bb button_border_radius__hover_enabled=\u00bboff\u00bb button_one_border_radius__hover_enabled=\u00bboff\u00bb button_two_border_radius__hover_enabled=\u00bboff\u00bb button_letter_spacing__hover_enabled=\u00bboff\u00bb button_one_letter_spacing__hover_enabled=\u00bboff\u00bb button_two_letter_spacing__hover_enabled=\u00bboff\u00bb button_bg_color__hover_enabled=\u00bboff\u00bb button_one_bg_color__hover_enabled=\u00bboff\u00bb button_two_bg_color__hover_enabled=\u00bboff\u00bb][\/et_pb_button][\/et_pb_column][et_pb_column type=\u00bb1_2&#8243; _builder_version=\u00bb3.0.47&#8243;][et_pb_image src=\u00bbhttps:\/\/blog.uclm.es\/lahoradelcodigo\/wp-content\/uploads\/sites\/228\/2019\/10\/codeweek2.png\u00bb align=\u00bbcenter\u00bb force_fullwidth=\u00bbon\u00bb always_center_on_mobile=\u00bboff\u00bb _builder_version=\u00bb3.22.6&#8243; border_color_all=\u00bb#\u00bb box_shadow_style=\u00bbpreset3&#8243; box_shadow_horizontal=\u00bb13px\u00bb box_shadow_vertical=\u00bb42px\u00bb box_shadow_blur=\u00bb45px\u00bb box_shadow_spread=\u00bb-3px\u00bb box_shadow_color=\u00bbrgba(0,0,0,0.1)\u00bb custom_margin=\u00bb-40px|40px|40px|-40px\u00bb custom_padding=\u00bb|||\u00bb animation_direction=\u00bbright\u00bb][\/et_pb_image][\/et_pb_column][\/et_pb_row][et_pb_row _builder_version=\u00bb3.22.3&#8243;][et_pb_column type=\u00bb4_4&#8243; _builder_version=\u00bb3.0.47&#8243;][et_pb_countdown_timer date_time=\u00bb2019-11-29 10:00&#8243; _builder_version=\u00bb3.22.6&#8243; numbers_font=\u00bbMontserrat|500|||||||\u00bb numbers_text_color=\u00bb#4866ff\u00bb numbers_font_size=\u00bb60px\u00bb numbers_letter_spacing=\u00bb8px\u00bb label_font=\u00bbMontserrat||||||||\u00bb use_background_color=\u00bboff\u00bb background_layout=\u00bblight\u00bb][\/et_pb_countdown_timer][\/et_pb_column][\/et_pb_row][\/et_pb_section][et_pb_section fb_built=\u00bb1&#8243; admin_label=\u00bbBlog\u00bb _builder_version=\u00bb3.22.3&#8243;][et_pb_row _builder_version=\u00bb3.22.3&#8243;][et_pb_column type=\u00bb4_4&#8243; _builder_version=\u00bb3.0.47&#8243;][et_pb_blog fullwidth=\u00bboff\u00bb posts_number=\u00bb3&#8243; include_categories=\u00bb72&#8243; show_more=\u00bbon\u00bb show_author=\u00bboff\u00bb show_date=\u00bboff\u00bb show_categories=\u00bboff\u00bb show_pagination=\u00bboff\u00bb _builder_version=\u00bb3.0.105&#8243; header_font=\u00bbMontserrat||||||||\u00bb header_font_size=\u00bb16px\u00bb header_line_height=\u00bb1.4em\u00bb body_font=\u00bbMontserrat|300|||||||\u00bb body_line_height=\u00bb2em\u00bb border_width_all=\u00bb0px\u00bb box_shadow_style=\u00bbpreset3&#8243; box_shadow_vertical=\u00bb45px\u00bb box_shadow_blur=\u00bb62px\u00bb box_shadow_color=\u00bbrgba(18,47,100,0.06)\u00bb][\/et_pb_blog][et_pb_button button_text=\u00bbRead More\u00bb button_alignment=\u00bbcenter\u00bb _builder_version=\u00bb3.16&#8243; custom_button=\u00bbon\u00bb button_text_size=\u00bb14px\u00bb button_text_color=\u00bb#4866ff\u00bb button_border_width=\u00bb1px\u00bb button_border_color=\u00bb#e0e0e0&#8243; button_border_radius=\u00bb50px\u00bb button_font=\u00bbMontserrat|500||on|||||\u00bb button_use_icon=\u00bboff\u00bb custom_padding=\u00bb15px|35px|15px|35px\u00bb animation_style=\u00bbfade\u00bb button_text_color_hover=\u00bb#ffffff\u00bb button_border_color_hover=\u00bb#4866ff\u00bb button_bg_color_hover=\u00bb#4866ff\u00bb button_text_size__hover_enabled=\u00bboff\u00bb button_one_text_size__hover_enabled=\u00bboff\u00bb button_two_text_size__hover_enabled=\u00bboff\u00bb button_text_color__hover_enabled=\u00bbon\u00bb button_text_color__hover=\u00bb#ffffff\u00bb button_one_text_color__hover_enabled=\u00bboff\u00bb button_two_text_color__hover_enabled=\u00bboff\u00bb button_border_width__hover_enabled=\u00bboff\u00bb button_one_border_width__hover_enabled=\u00bboff\u00bb button_two_border_width__hover_enabled=\u00bboff\u00bb button_border_color__hover_enabled=\u00bbon\u00bb button_border_color__hover=\u00bb#4866ff\u00bb button_one_border_color__hover_enabled=\u00bboff\u00bb button_two_border_color__hover_enabled=\u00bboff\u00bb button_border_radius__hover_enabled=\u00bboff\u00bb button_one_border_radius__hover_enabled=\u00bboff\u00bb button_two_border_radius__hover_enabled=\u00bboff\u00bb button_letter_spacing__hover_enabled=\u00bboff\u00bb button_one_letter_spacing__hover_enabled=\u00bboff\u00bb button_two_letter_spacing__hover_enabled=\u00bboff\u00bb button_bg_color__hover_enabled=\u00bbon\u00bb button_bg_color__hover=\u00bb#4866ff\u00bb button_one_bg_color__hover_enabled=\u00bboff\u00bb button_two_bg_color__hover_enabled=\u00bboff\u00bb][\/et_pb_button][\/et_pb_column][\/et_pb_row][\/et_pb_section]<\/p>\n","protected":false},"excerpt":{"rendered":"<p>[et_pb_section fb_built=\u00bb1&#8243; admin_label=\u00bbHero\u00bb _builder_version=\u00bb3.22.6&#8243; use_background_color_gradient=\u00bbon\u00bb background_color_gradient_start=\u00bbrgba(0,0,0,0.5)\u00bb background_color_gradient_end=\u00bbrgba(0,0,0,0)\u00bb background_color_gradient_type=\u00bbradial\u00bb background_color_gradient_direction_radial=\u00bbbottom left\u00bb background_color_gradient_overlays_image=\u00bbon\u00bb background_image=\u00bbhttps:\/\/blog.uclm.es\/lahoradelcodigo\/wp-content\/uploads\/sites\/228\/2019\/10\/CodeWeek.png\u00bb background_size=\u00bbcontain\u00bb custom_margin=\u00bb|||\u00bb custom_padding=\u00bb180px||0px|\u00bb bottom_divider_style=\u00bbslant\u00bb bottom_divider_color=\u00bb#ffffff\u00bb bottom_divider_flip=\u00bbhorizontal\u00bb animation_style=\u00bbslide\u00bb animation_direction=\u00bbtop\u00bb animation_intensity_slide=\u00bb5%\u00bb animation_starting_opacity=\u00bb100%\u00bb][et_pb_row custom_padding=\u00bb27px|0px|0px|0px\u00bb _builder_version=\u00bb3.22.6&#8243; background_size=\u00bbinitial\u00bb background_position=\u00bbtop_left\u00bb background_repeat=\u00bbrepeat\u00bb][et_pb_column type=\u00bb3_4&#8243; _builder_version=\u00bb3.0.47&#8243;][et_pb_text admin_label=\u00bbTitle\u00bb _builder_version=\u00bb3.0.105&#8243; text_font=\u00bb||||||||\u00bb header_font=\u00bbMontserrat|600|||||||\u00bb header_font_size=\u00bb80px\u00bb header_font_size_phone=\u00bb72px\u00bb header_font_size_last_edited=\u00bbon|phone\u00bb header_line_height=\u00bb1.2em\u00bb background_layout=\u00bbdark\u00bb animation_style=\u00bbzoom\u00bb animation_direction=\u00bbleft\u00bb animation_intensity_zoom=\u00bb10%\u00bb] EU Code Week [\/et_pb_text][et_pb_divider color=\u00bbrgba(255,255,255,0.7)\u00bb divider_weight=\u00bb3px\u00bb _builder_version=\u00bb3.2&#8243; max_width=\u00bb120px\u00bb animation_style=\u00bbzoom\u00bb animation_direction=\u00bbleft\u00bb][\/et_pb_divider][et_pb_text _builder_version=\u00bb3.22.6&#8243; text_font=\u00bbMontserrat|300|||||||\u00bb text_font_size=\u00bb20px\u00bb text_line_height=\u00bb1.8em\u00bb &hellip; <a href=\"https:\/\/blog.uclm.es\/lahoradelcodigo\/eu-esii-codeweek\/\" class=\"more-link\">Continuar leyendo<span class=\"screen-reader-text\"> \u00abEU CodeWeek en Escuela Superior de Ingenier\u00eda Inform\u00e1tica de Albacete\u00bb<\/span><\/a><\/p>\n","protected":false},"author":110,"featured_media":0,"parent":0,"menu_order":0,"comment_status":"closed","ping_status":"closed","template":"page-full.php","meta":{"footnotes":""},"class_list":["post-1201","page","type-page","status-publish","hentry"],"_links":{"self":[{"href":"https:\/\/blog.uclm.es\/lahoradelcodigo\/wp-json\/wp\/v2\/pages\/1201","targetHints":{"allow":["GET"]}}],"collection":[{"href":"https:\/\/blog.uclm.es\/lahoradelcodigo\/wp-json\/wp\/v2\/pages"}],"about":[{"href":"https:\/\/blog.uclm.es\/lahoradelcodigo\/wp-json\/wp\/v2\/types\/page"}],"author":[{"embeddable":true,"href":"https:\/\/blog.uclm.es\/lahoradelcodigo\/wp-json\/wp\/v2\/users\/110"}],"replies":[{"embeddable":true,"href":"https:\/\/blog.uclm.es\/lahoradelcodigo\/wp-json\/wp\/v2\/comments?post=1201"}],"version-history":[{"count":0,"href":"https:\/\/blog.uclm.es\/lahoradelcodigo\/wp-json\/wp\/v2\/pages\/1201\/revisions"}],"wp:attachment":[{"href":"https:\/\/blog.uclm.es\/lahoradelcodigo\/wp-json\/wp\/v2\/media?parent=1201"}],"curies":[{"name":"wp","href":"https:\/\/api.w.org\/{rel}","templated":true}]}}