{"id":37,"date":"2017-05-03T12:23:50","date_gmt":"2017-05-03T12:23:50","guid":{"rendered":"http:\/\/blogdev.uclm.es\/juliocorral\/?page_id=2"},"modified":"2022-11-04T12:50:33","modified_gmt":"2022-11-04T11:50:33","slug":"inicio","status":"publish","type":"page","link":"https:\/\/blog.uclm.es\/juliocorral\/","title":{"rendered":"Inicio"},"content":{"rendered":"\n<div class=\"wp-block-columns is-layout-flex wp-container-core-columns-is-layout-9d6595d7 wp-block-columns-is-layout-flex\">\n<div class=\"wp-block-column is-layout-flow wp-block-column-is-layout-flow\" style=\"flex-basis:33.33%\">\n<figure class=\"wp-block-image size-full\"><img loading=\"lazy\" decoding=\"async\" width=\"371\" height=\"1000\" src=\"https:\/\/blog.uclm.es\/juliocorral\/wp-content\/uploads\/sites\/98\/2017\/05\/Imagen2.jpg\" alt=\"\" class=\"wp-image-367\" srcset=\"https:\/\/blog.uclm.es\/juliocorral\/wp-content\/uploads\/sites\/98\/2017\/05\/Imagen2.jpg 371w, https:\/\/blog.uclm.es\/juliocorral\/wp-content\/uploads\/sites\/98\/2017\/05\/Imagen2-111x300.jpg 111w\" sizes=\"auto, (max-width: 371px) 100vw, 371px\" \/><\/figure>\n<\/div>\n\n\n\n<div class=\"wp-block-column is-layout-flow wp-block-column-is-layout-flow\" style=\"flex-basis:66.66%\">\n<p>Bienvenido a mi web. Mi nombre es Julio del Corral y soy Catedr\u00e1tico de Universidad desde el 9 de noviembre 2020 (39 a\u00f1os) de Econom\u00eda en la Facultad de Derecho y Ciencias Sociales en Ciudad Real de la Universidad de Castilla-La Mancha.\u00a0 Obtuve la licenciatura (2002) y el doctorado (2009) en Econom\u00eda por la Universidad de Oviedo. Desde septiembre de 2009\u00a0 ando suspendiendo gente en Ciudad Real en la UCLM.<\/p>\n\n\n\n<p>Mis \u00e1reas de especializaci\u00f3n son Econometr\u00eda Aplicada, Medici\u00f3n de Eficiencia y Productividad y Econom\u00eda del Deporte.<\/p>\n\n\n\n<p>En la pesta\u00f1a de CV podr\u00e1s encontrar un archivo pdf con toda la informaci\u00f3n de mi trayectoria acad\u00e9mica e investigadora. En dicho archivo pdf podr\u00e1s acceder a los art\u00edculos, trabajos dirigidos, powerpoints de congresos, apariciones en prensa, etc.<\/p>\n\n\n\n<p>En mi blog encontrar\u00e1s muchos art\u00edculos breves. La mayor\u00eda de Econom\u00eda del Deporte.<\/p>\n\n\n\n<p>Para contactar conmigo:<\/p>\n\n\n\n<p>E-mail:&nbsp;<a href=\"mailto:julio.corral@uclm.es?=&amp;subject=Contacto%20via%20web\">julio.corral@uclm.es<\/a><\/p>\n\n\n\n<p>Tel\u00e9fono: 926 295 300 ext. 3549<\/p>\n\n\n\n<p>Direcci\u00f3n:&nbsp;Facultad de Derecho y Ciencias Sociales, Ronda de Toledo s\/n, 13071, Ciudad Real (Espa\u00f1a).<\/p>\n\n\n\n<p>Tambi\u00e9n puedes encontrarme en:<\/p>\n\n\n\n<p>Twitter: <a href=\"https:\/\/twitter.com\/jdelcorraltm\">@jdelcorraltm<\/a><\/p>\n\n\n\n<p><a href=\"https:\/\/scholar.google.es\/citations?user=TTpmJLwAAAAJ&amp;hl=es&amp;oi=ao\">Google Scholar<\/a><\/p>\n\n\n\n<p><a href=\"http:\/\/orcid.org\/0000-0002-6068-0525\">Orcid<\/a><\/p>\n\n\n\n<p><a href=\"https:\/\/www.linkedin.com\/in\/julio-del-corral-cuervo-37695480\/\">Linked in<\/a><\/p>\n\n\n\n<p><a href=\"https:\/\/www.researchgate.net\/profile\/Julio_Del_Corral2\">Researchgate<\/a><\/p>\n\n\n\n<p><a href=\"https:\/\/www.scopus.com\/authid\/detail.uri?authorId=24460709600\">Scopus Author ID<\/a><\/p>\n<\/div>\n<\/div>\n\n\n\n<ul class=\"wp-block-social-links is-layout-flex wp-block-social-links-is-layout-flex\"><li class=\"wp-social-link wp-social-link-linkedin  wp-block-social-link\"><a href=\"https:\/\/www.linkedin.com\/in\/julio-del-corral-cuervo-37695480\/\" class=\"wp-block-social-link-anchor\"><svg width=\"24\" height=\"24\" viewBox=\"0 0 24 24\" version=\"1.1\" xmlns=\"http:\/\/www.w3.org\/2000\/svg\" aria-hidden=\"true\" focusable=\"false\"><path d=\"M19.7,3H4.3C3.582,3,3,3.582,3,4.3v15.4C3,20.418,3.582,21,4.3,21h15.4c0.718,0,1.3-0.582,1.3-1.3V4.3 C21,3.582,20.418,3,19.7,3z M8.339,18.338H5.667v-8.59h2.672V18.338z M7.004,8.574c-0.857,0-1.549-0.694-1.549-1.548 c0-0.855,0.691-1.548,1.549-1.548c0.854,0,1.547,0.694,1.547,1.548C8.551,7.881,7.858,8.574,7.004,8.574z M18.339,18.338h-2.669 v-4.177c0-0.996-0.017-2.278-1.387-2.278c-1.389,0-1.601,1.086-1.601,2.206v4.249h-2.667v-8.59h2.559v1.174h0.037 c0.356-0.675,1.227-1.387,2.526-1.387c2.703,0,3.203,1.779,3.203,4.092V18.338z\"><\/path><\/svg><span class=\"wp-block-social-link-label screen-reader-text\">LinkedIn<\/span><\/a><\/li>\n\n<li class=\"wp-social-link wp-social-link-twitter  wp-block-social-link\"><a href=\"https:\/\/twitter.com\/jdelcorraltm\" class=\"wp-block-social-link-anchor\"><svg width=\"24\" height=\"24\" viewBox=\"0 0 24 24\" version=\"1.1\" xmlns=\"http:\/\/www.w3.org\/2000\/svg\" aria-hidden=\"true\" focusable=\"false\"><path d=\"M22.23,5.924c-0.736,0.326-1.527,0.547-2.357,0.646c0.847-0.508,1.498-1.312,1.804-2.27 c-0.793,0.47-1.671,0.812-2.606,0.996C18.324,4.498,17.257,4,16.077,4c-2.266,0-4.103,1.837-4.103,4.103 c0,0.322,0.036,0.635,0.106,0.935C8.67,8.867,5.647,7.234,3.623,4.751C3.27,5.357,3.067,6.062,3.067,6.814 c0,1.424,0.724,2.679,1.825,3.415c-0.673-0.021-1.305-0.206-1.859-0.513c0,0.017,0,0.034,0,0.052c0,1.988,1.414,3.647,3.292,4.023 c-0.344,0.094-0.707,0.144-1.081,0.144c-0.264,0-0.521-0.026-0.772-0.074c0.522,1.63,2.038,2.816,3.833,2.85 c-1.404,1.1-3.174,1.756-5.096,1.756c-0.331,0-0.658-0.019-0.979-0.057c1.816,1.164,3.973,1.843,6.29,1.843 c7.547,0,11.675-6.252,11.675-11.675c0-0.178-0.004-0.355-0.012-0.531C20.985,7.47,21.68,6.747,22.23,5.924z\"><\/path><\/svg><span class=\"wp-block-social-link-label screen-reader-text\">Twitter<\/span><\/a><\/li><\/ul>\n","protected":false},"excerpt":{"rendered":"<p>Bienvenido a mi web. Mi nombre es Julio del Corral y soy Catedr\u00e1tico de Universidad desde el 9 de noviembre 2020 (39 a\u00f1os) de Econom\u00eda en la Facultad de Derecho y Ciencias Sociales en Ciudad Real de la Universidad de Castilla-La Mancha.\u00a0 Obtuve la licenciatura (2002) y el doctorado (2009) en Econom\u00eda por la Universidad &hellip; <\/p>\n<p class=\"link-more\"><a href=\"https:\/\/blog.uclm.es\/juliocorral\/\" class=\"more-link\">Continuar leyendo<span class=\"screen-reader-text\"> \u00abInicio\u00bb<\/span><\/a><\/p>\n","protected":false},"author":69,"featured_media":0,"parent":0,"menu_order":0,"comment_status":"closed","ping_status":"open","template":"","meta":{"footnotes":""},"class_list":["post-37","page","type-page","status-publish","hentry"],"_links":{"self":[{"href":"https:\/\/blog.uclm.es\/juliocorral\/wp-json\/wp\/v2\/pages\/37","targetHints":{"allow":["GET"]}}],"collection":[{"href":"https:\/\/blog.uclm.es\/juliocorral\/wp-json\/wp\/v2\/pages"}],"about":[{"href":"https:\/\/blog.uclm.es\/juliocorral\/wp-json\/wp\/v2\/types\/page"}],"author":[{"embeddable":true,"href":"https:\/\/blog.uclm.es\/juliocorral\/wp-json\/wp\/v2\/users\/69"}],"replies":[{"embeddable":true,"href":"https:\/\/blog.uclm.es\/juliocorral\/wp-json\/wp\/v2\/comments?post=37"}],"version-history":[{"count":2,"href":"https:\/\/blog.uclm.es\/juliocorral\/wp-json\/wp\/v2\/pages\/37\/revisions"}],"predecessor-version":[{"id":840,"href":"https:\/\/blog.uclm.es\/juliocorral\/wp-json\/wp\/v2\/pages\/37\/revisions\/840"}],"wp:attachment":[{"href":"https:\/\/blog.uclm.es\/juliocorral\/wp-json\/wp\/v2\/media?parent=37"}],"curies":[{"name":"wp","href":"https:\/\/api.w.org\/{rel}","templated":true}]}}