{"id":44,"date":"2022-07-21T12:51:42","date_gmt":"2022-07-21T11:51:42","guid":{"rendered":"https:\/\/blogdev.uclm.es\/fullsite\/?page_id=44"},"modified":"2025-11-29T14:59:43","modified_gmt":"2025-11-29T13:59:43","slug":"docencia","status":"publish","type":"page","link":"https:\/\/blog.uclm.es\/juliocesarcisneros\/docencia\/","title":{"rendered":"Docencia"},"content":{"rendered":"\n<div class=\"wp-block-media-text alignwide is-stacked-on-mobile\" style=\"grid-template-columns:42% auto\"><figure class=\"wp-block-media-text__media\"><img loading=\"lazy\" decoding=\"async\" width=\"1024\" height=\"747\" src=\"https:\/\/blog.uclm.es\/juliocesarcisneros\/wp-content\/uploads\/sites\/329\/2025\/11\/31d_ac05cfc5-f12c-452e-8df2-5a56fa604ab7-1024x747.png\" alt=\"\" class=\"wp-image-475 size-full\" srcset=\"https:\/\/blog.uclm.es\/juliocesarcisneros\/wp-content\/uploads\/sites\/329\/2025\/11\/31d_ac05cfc5-f12c-452e-8df2-5a56fa604ab7-1024x747.png 1024w, https:\/\/blog.uclm.es\/juliocesarcisneros\/wp-content\/uploads\/sites\/329\/2025\/11\/31d_ac05cfc5-f12c-452e-8df2-5a56fa604ab7-300x219.png 300w, https:\/\/blog.uclm.es\/juliocesarcisneros\/wp-content\/uploads\/sites\/329\/2025\/11\/31d_ac05cfc5-f12c-452e-8df2-5a56fa604ab7-768x560.png 768w, https:\/\/blog.uclm.es\/juliocesarcisneros\/wp-content\/uploads\/sites\/329\/2025\/11\/31d_ac05cfc5-f12c-452e-8df2-5a56fa604ab7.png 1184w\" sizes=\"auto, (max-width: 1024px) 100vw, 1024px\" \/><\/figure><div class=\"wp-block-media-text__content\">\n<h4 class=\"wp-block-heading has-text-align-left has-text-color\" style=\"color:#000000\"><strong>Trayectoria docente<\/strong><\/h4>\n\n\n\n<p class=\"has-small-font-size\">Soy Profesor (Docente Investigador) (Tenured) en la Universidad de Castilla-La Mancha (UCLM), donde he desarrollado una extensa trayectoria docente en la Facultad de Educaci\u00f3n de Toledo y en el Centro Universitario de Talavera de la Reina. He mpartido asignaturas como\u00a0<strong>Sociolog\u00eda de la Educaci\u00f3n<\/strong>,\u00a0<strong>Educaci\u00f3n y Sociedad<\/strong>\u00a0(2\u00ba curso del Grado de Maestro) y\u00a0<strong>Comunidades Virtuales y Redes Sociales en Educaci\u00f3n<\/strong>\u00a0(4\u00ba curso), integrando innovaci\u00f3n educativa, TIC y perspectiva sociol\u00f3gica. He dirigido tesis doctorales y trabajos de fin de m\u00e1ster, y he participado activamente en proyectos de innovaci\u00f3n docente. Asimismo, he colaborado como profesor y conferenciante en la Universidad Aut\u00f3noma de Madrid (UAM) y en los Cursos de Verano de El Escorial (UCM), abordando temas como la alfabetizaci\u00f3n digital, la educaci\u00f3n inclusiva y la gesti\u00f3n de recursos naturales. Mi labor refleja un compromiso constante con la calidad educativa y la formaci\u00f3n del profesorado.<\/p>\n<\/div><\/div>\n\n\n\n<div class=\"wp-block-group alignfull is-layout-constrained wp-block-group-is-layout-constrained\" style=\"padding-top:0px;padding-bottom:var(--wp--custom--spacing--small, 1.25rem)\">\n<div class=\"wp-block-columns alignwide is-layout-flex wp-container-core-columns-is-layout-28f84493 wp-block-columns-is-layout-flex\">\n<div class=\"wp-block-column is-layout-flow wp-block-column-is-layout-flow\">\n<ul class=\"wp-block-list has-small-font-size\">\n<li><strong>2000 &#8211; 2003:<\/strong>&nbsp;Profesor Invitado en los Cursos de Verano de El Escorial (UCM), dedicados a la formaci\u00f3n del profesorado de Educaci\u00f3n Secundaria.<\/li>\n\n\n\n<li><strong>2004 &#8211; 2005:<\/strong>&nbsp;Profesor Asociado en la Universidad de Castilla-La Mancha (UCLM), impartiendo docencia en:\n<ul class=\"wp-block-list\">\n<li><em>Sociolog\u00eda<\/em>&nbsp;(Grado en Ciencias Empresariales).<\/li>\n\n\n\n<li><em>M\u00e9todos y T\u00e9cnicas de Investigaci\u00f3n Social<\/em>&nbsp;(Grado en Pedagog\u00eda Terap\u00e9utica).<\/li>\n\n\n\n<li><em>Sociolog\u00eda<\/em>&nbsp;(Grado en Educaci\u00f3n Social).<\/li>\n<\/ul>\n<\/li>\n\n\n\n<li><strong>2005 &#8211; 2008:<\/strong>&nbsp;Profesor Invitado en la Universidad Aut\u00f3noma de Madrid (UAM) para diversos cursos de especializaci\u00f3n en el Grado de Hidrogeolog\u00eda. Simult\u00e1neamente, en la UCLM, imparti\u00f3 docencia en el Grado de Trabajo Social y en el programa universitario para mayores \u00abJos\u00e9 Saramago\u00bb.<\/li>\n\n\n\n<li><strong>2008 &#8211; 2010:<\/strong>&nbsp;Profesor en la Escuela de Magisterio de Toledo (UCLM), responsable de la asignatura&nbsp;<em>Teor\u00edas e Instituciones Contempor\u00e1neas de la Educaci\u00f3n<\/em>.<\/li>\n\n\n\n<li><strong>2010 &#8211; 2016:<\/strong>&nbsp;Profesor en la Facultad de Educaci\u00f3n de Toledo (UCLM), impartiendo docencia en:\n<ul class=\"wp-block-list\">\n<li>Distintas asignaturas del Grado de Maestro en Educaci\u00f3n Infantil y Primaria.<\/li>\n\n\n\n<li><em>Seminario de Sociolog\u00eda de la Educaci\u00f3n<\/em>&nbsp;en el M\u00e1ster de Formaci\u00f3n del Profesorado de Educaci\u00f3n Secundaria.<\/li>\n<\/ul>\n<\/li>\n\n\n\n<li><strong>2016 &#8211; Actualidad:<\/strong>&nbsp;Profesor en la Facultad de Educaci\u00f3n de Toledo (UCLM), responsable de la asignatura&nbsp;<em>Sociolog\u00eda de la Educaci\u00f3n<\/em>&nbsp;en los Grados de Maestro en Educaci\u00f3n Infantil y Maestro en Educaci\u00f3n Primaria. Coordinador del Seminario de Sociolog\u00eda de la Educaci\u00f3n del m\u00e1ster habilitante para la formaci\u00f3n del profesorado de secundaria, bachillerato, F.P. e Idiomas. (MUSFP)<\/li>\n<\/ul>\n<\/div>\n<\/div>\n\n\n\n<div class=\"wp-block-columns alignwide is-layout-flex wp-container-core-columns-is-layout-28f84493 wp-block-columns-is-layout-flex\">\n<div class=\"wp-block-column is-layout-flow wp-block-column-is-layout-flow\">\n<div class=\"wp-block-buttons is-layout-flex wp-block-buttons-is-layout-flex\"><\/div>\n<\/div>\n\n\n\n<div class=\"wp-block-column is-layout-flow wp-block-column-is-layout-flow\">\n<div class=\"wp-block-buttons is-layout-flex wp-block-buttons-is-layout-flex\"><\/div>\n<\/div>\n\n\n\n<div class=\"wp-block-column is-layout-flow wp-block-column-is-layout-flow\">\n<div class=\"wp-block-buttons is-layout-flex wp-block-buttons-is-layout-flex\"><\/div>\n<\/div>\n<\/div>\n\n\n\n<div style=\"height:50px\" aria-hidden=\"true\" class=\"wp-block-spacer\"><\/div>\n\n\n\n<ul class=\"wp-block-social-links has-icon-color is-style-logos-only is-content-justification-center is-layout-flex wp-container-core-social-links-is-layout-a89b3969 wp-block-social-links-is-layout-flex\"><li style=\"color:#b30033;\" class=\"wp-social-link wp-social-link-wordpress  wp-block-social-link\"><a href=\"#\" class=\"wp-block-social-link-anchor\"><svg width=\"24\" height=\"24\" viewBox=\"0 0 24 24\" version=\"1.1\" xmlns=\"http:\/\/www.w3.org\/2000\/svg\" aria-hidden=\"true\" focusable=\"false\"><path d=\"M12.158,12.786L9.46,20.625c0.806,0.237,1.657,0.366,2.54,0.366c1.047,0,2.051-0.181,2.986-0.51 c-0.024-0.038-0.046-0.079-0.065-0.124L12.158,12.786z M3.009,12c0,3.559,2.068,6.634,5.067,8.092L3.788,8.341 C3.289,9.459,3.009,10.696,3.009,12z M18.069,11.546c0-1.112-0.399-1.881-0.741-2.48c-0.456-0.741-0.883-1.368-0.883-2.109 c0-0.826,0.627-1.596,1.51-1.596c0.04,0,0.078,0.005,0.116,0.007C16.472,3.904,14.34,3.009,12,3.009 c-3.141,0-5.904,1.612-7.512,4.052c0.211,0.007,0.41,0.011,0.579,0.011c0.94,0,2.396-0.114,2.396-0.114 C7.947,6.93,8.004,7.642,7.52,7.699c0,0-0.487,0.057-1.029,0.085l3.274,9.739l1.968-5.901l-1.401-3.838 C9.848,7.756,9.389,7.699,9.389,7.699C8.904,7.67,8.961,6.93,9.446,6.958c0,0,1.484,0.114,2.368,0.114 c0.94,0,2.397-0.114,2.397-0.114c0.485-0.028,0.542,0.684,0.057,0.741c0,0-0.488,0.057-1.029,0.085l3.249,9.665l0.897-2.996 C17.841,13.284,18.069,12.316,18.069,11.546z M19.889,7.686c0.039,0.286,0.06,0.593,0.06,0.924c0,0.912-0.171,1.938-0.684,3.22 l-2.746,7.94c2.673-1.558,4.47-4.454,4.47-7.771C20.991,10.436,20.591,8.967,19.889,7.686z M12,22C6.486,22,2,17.514,2,12 C2,6.486,6.486,2,12,2c5.514,0,10,4.486,10,10C22,17.514,17.514,22,12,22z\"><\/path><\/svg><span class=\"wp-block-social-link-label screen-reader-text\">WordPress<\/span><\/a><\/li>\n\n<li style=\"color:#b30033;\" class=\"wp-social-link wp-social-link-facebook  wp-block-social-link\"><a href=\"#\" class=\"wp-block-social-link-anchor\"><svg width=\"24\" height=\"24\" viewBox=\"0 0 24 24\" version=\"1.1\" xmlns=\"http:\/\/www.w3.org\/2000\/svg\" aria-hidden=\"true\" focusable=\"false\"><path d=\"M12 2C6.5 2 2 6.5 2 12c0 5 3.7 9.1 8.4 9.9v-7H7.9V12h2.5V9.8c0-2.5 1.5-3.9 3.8-3.9 1.1 0 2.2.2 2.2.2v2.5h-1.3c-1.2 0-1.6.8-1.6 1.6V12h2.8l-.4 2.9h-2.3v7C18.3 21.1 22 17 22 12c0-5.5-4.5-10-10-10z\"><\/path><\/svg><span class=\"wp-block-social-link-label screen-reader-text\">Facebook<\/span><\/a><\/li>\n\n<li style=\"color:#b30033;\" class=\"wp-social-link wp-social-link-twitter  wp-block-social-link\"><a href=\"#\" class=\"wp-block-social-link-anchor\"><svg width=\"24\" height=\"24\" viewBox=\"0 0 24 24\" version=\"1.1\" xmlns=\"http:\/\/www.w3.org\/2000\/svg\" aria-hidden=\"true\" focusable=\"false\"><path d=\"M22.23,5.924c-0.736,0.326-1.527,0.547-2.357,0.646c0.847-0.508,1.498-1.312,1.804-2.27 c-0.793,0.47-1.671,0.812-2.606,0.996C18.324,4.498,17.257,4,16.077,4c-2.266,0-4.103,1.837-4.103,4.103 c0,0.322,0.036,0.635,0.106,0.935C8.67,8.867,5.647,7.234,3.623,4.751C3.27,5.357,3.067,6.062,3.067,6.814 c0,1.424,0.724,2.679,1.825,3.415c-0.673-0.021-1.305-0.206-1.859-0.513c0,0.017,0,0.034,0,0.052c0,1.988,1.414,3.647,3.292,4.023 c-0.344,0.094-0.707,0.144-1.081,0.144c-0.264,0-0.521-0.026-0.772-0.074c0.522,1.63,2.038,2.816,3.833,2.85 c-1.404,1.1-3.174,1.756-5.096,1.756c-0.331,0-0.658-0.019-0.979-0.057c1.816,1.164,3.973,1.843,6.29,1.843 c7.547,0,11.675-6.252,11.675-11.675c0-0.178-0.004-0.355-0.012-0.531C20.985,7.47,21.68,6.747,22.23,5.924z\"><\/path><\/svg><span class=\"wp-block-social-link-label screen-reader-text\">Twitter<\/span><\/a><\/li>\n\n<li style=\"color:#b30033;\" class=\"wp-social-link wp-social-link-instagram  wp-block-social-link\"><a href=\"#\" class=\"wp-block-social-link-anchor\"><svg width=\"24\" height=\"24\" viewBox=\"0 0 24 24\" version=\"1.1\" xmlns=\"http:\/\/www.w3.org\/2000\/svg\" aria-hidden=\"true\" focusable=\"false\"><path d=\"M12,4.622c2.403,0,2.688,0.009,3.637,0.052c0.877,0.04,1.354,0.187,1.671,0.31c0.42,0.163,0.72,0.358,1.035,0.673 c0.315,0.315,0.51,0.615,0.673,1.035c0.123,0.317,0.27,0.794,0.31,1.671c0.043,0.949,0.052,1.234,0.052,3.637 s-0.009,2.688-0.052,3.637c-0.04,0.877-0.187,1.354-0.31,1.671c-0.163,0.42-0.358,0.72-0.673,1.035 c-0.315,0.315-0.615,0.51-1.035,0.673c-0.317,0.123-0.794,0.27-1.671,0.31c-0.949,0.043-1.233,0.052-3.637,0.052 s-2.688-0.009-3.637-0.052c-0.877-0.04-1.354-0.187-1.671-0.31c-0.42-0.163-0.72-0.358-1.035-0.673 c-0.315-0.315-0.51-0.615-0.673-1.035c-0.123-0.317-0.27-0.794-0.31-1.671C4.631,14.688,4.622,14.403,4.622,12 s0.009-2.688,0.052-3.637c0.04-0.877,0.187-1.354,0.31-1.671c0.163-0.42,0.358-0.72,0.673-1.035 c0.315-0.315,0.615-0.51,1.035-0.673c0.317-0.123,0.794-0.27,1.671-0.31C9.312,4.631,9.597,4.622,12,4.622 M12,3 C9.556,3,9.249,3.01,8.289,3.054C7.331,3.098,6.677,3.25,6.105,3.472C5.513,3.702,5.011,4.01,4.511,4.511 c-0.5,0.5-0.808,1.002-1.038,1.594C3.25,6.677,3.098,7.331,3.054,8.289C3.01,9.249,3,9.556,3,12c0,2.444,0.01,2.751,0.054,3.711 c0.044,0.958,0.196,1.612,0.418,2.185c0.23,0.592,0.538,1.094,1.038,1.594c0.5,0.5,1.002,0.808,1.594,1.038 c0.572,0.222,1.227,0.375,2.185,0.418C9.249,20.99,9.556,21,12,21s2.751-0.01,3.711-0.054c0.958-0.044,1.612-0.196,2.185-0.418 c0.592-0.23,1.094-0.538,1.594-1.038c0.5-0.5,0.808-1.002,1.038-1.594c0.222-0.572,0.375-1.227,0.418-2.185 C20.99,14.751,21,14.444,21,12s-0.01-2.751-0.054-3.711c-0.044-0.958-0.196-1.612-0.418-2.185c-0.23-0.592-0.538-1.094-1.038-1.594 c-0.5-0.5-1.002-0.808-1.594-1.038c-0.572-0.222-1.227-0.375-2.185-0.418C14.751,3.01,14.444,3,12,3L12,3z M12,7.378 c-2.552,0-4.622,2.069-4.622,4.622S9.448,16.622,12,16.622s4.622-2.069,4.622-4.622S14.552,7.378,12,7.378z M12,15 c-1.657,0-3-1.343-3-3s1.343-3,3-3s3,1.343,3,3S13.657,15,12,15z M16.804,6.116c-0.596,0-1.08,0.484-1.08,1.08 s0.484,1.08,1.08,1.08c0.596,0,1.08-0.484,1.08-1.08S17.401,6.116,16.804,6.116z\"><\/path><\/svg><span class=\"wp-block-social-link-label screen-reader-text\">Instagram<\/span><\/a><\/li><\/ul>\n<\/div>\n\n\n\n<p><\/p>\n","protected":false},"excerpt":{"rendered":"<p>Trayectoria docente Soy Profesor (Docente Investigador) (Tenured) en la Universidad de Castilla-La Mancha (UCLM), donde he desarrollado una extensa trayectoria docente en la Facultad de Educaci\u00f3n de Toledo y en el Centro Universitario de Talavera de la Reina. He mpartido asignaturas como\u00a0Sociolog\u00eda de la Educaci\u00f3n,\u00a0Educaci\u00f3n y Sociedad\u00a0(2\u00ba curso del Grado de Maestro) y\u00a0Comunidades Virtuales y [&hellip;]<\/p>\n","protected":false},"author":387,"featured_media":0,"parent":0,"menu_order":0,"comment_status":"closed","ping_status":"closed","template":"","meta":{"footnotes":""},"class_list":["post-44","page","type-page","status-publish","hentry"],"_links":{"self":[{"href":"https:\/\/blog.uclm.es\/juliocesarcisneros\/wp-json\/wp\/v2\/pages\/44","targetHints":{"allow":["GET"]}}],"collection":[{"href":"https:\/\/blog.uclm.es\/juliocesarcisneros\/wp-json\/wp\/v2\/pages"}],"about":[{"href":"https:\/\/blog.uclm.es\/juliocesarcisneros\/wp-json\/wp\/v2\/types\/page"}],"author":[{"embeddable":true,"href":"https:\/\/blog.uclm.es\/juliocesarcisneros\/wp-json\/wp\/v2\/users\/387"}],"replies":[{"embeddable":true,"href":"https:\/\/blog.uclm.es\/juliocesarcisneros\/wp-json\/wp\/v2\/comments?post=44"}],"version-history":[{"count":10,"href":"https:\/\/blog.uclm.es\/juliocesarcisneros\/wp-json\/wp\/v2\/pages\/44\/revisions"}],"predecessor-version":[{"id":578,"href":"https:\/\/blog.uclm.es\/juliocesarcisneros\/wp-json\/wp\/v2\/pages\/44\/revisions\/578"}],"wp:attachment":[{"href":"https:\/\/blog.uclm.es\/juliocesarcisneros\/wp-json\/wp\/v2\/media?parent=44"}],"curies":[{"name":"wp","href":"https:\/\/api.w.org\/{rel}","templated":true}]}}