{"id":286,"date":"2018-06-14T16:07:22","date_gmt":"2018-06-14T15:07:22","guid":{"rendered":"http:\/\/blog.uclm.es\/juanrromero\/?page_id=286"},"modified":"2022-11-25T10:38:50","modified_gmt":"2022-11-25T10:38:50","slug":"industrial-oriented-projects","status":"publish","type":"page","link":"https:\/\/blog.uclm.es\/juanrromero\/research\/industrial-oriented-projects\/","title":{"rendered":"Industrial Oriented Projects"},"content":{"rendered":"\n<figure class=\"wp-block-table\"><table><thead><tr><th>CONTRATO PARA EL DESARROLLO DEL PROYECTO DE INVESTIGACIO\u0301N DESARROLLO DE LA SI\u0301NTESIS QUI\u0301MICA Y DE LOS ME\u0301TODOS ANALI\u0301TICOS ASOCIADOS A PROYECTOS BD 18-19 EN CURSO DE INVESTIGACIO\u0301N.<\/th><\/tr><\/thead><tbody><tr><td><strong>Geographical scope:<\/strong> Nacional<br><strong>Principal investigator names (IP, Co-IP,&#8230;):<\/strong> Juan Francisco Rodriguez Romero<br><strong>Participating entities:<\/strong> LABORATORIOS SERVIER, S.A.<br><strong>Financing entities:<\/strong> LABORATORIOS SERVIER, S.A.<br><strong>Entity Type:<\/strong> Organismo, Otros<br><strong>Start date:<\/strong> 01\/04\/2018<br><strong>Duration:<\/strong> 12 months &#8211; 4 days<br><strong>Total Amount:<\/strong> 145.494,39 \u20ac<\/td><\/tr><\/tbody><\/table><\/figure>\n\n\n\n<figure class=\"wp-block-table\"><table><thead><tr><th>ESTUDIO Y DESARROLLO DE EXTRACTOS DE AJO NATURAL PARA DIFERENTES APLICACIONES TERAPE\u0301UTICAS.<\/th><\/tr><\/thead><tbody><tr><td><strong>Geographical scope:<\/strong> Nacional<br><strong>Principal investigator names (IP, Co-IP,&#8230;):<\/strong> Juan Francisco Rodriguez Romero Participating entities: &#8212;EXPAL<br><strong>Financing entities:<\/strong>\u00a0ALVENCE SALUD, S.L<br><strong>Participating entities:<\/strong>\u00a0\u00a0ALVENCE SALUD, S.L<br><strong>Entity Type:<\/strong> Organismo, Otros<br><strong>Start date:<\/strong> 01\/05\/2017<br><strong>Duration:<\/strong> 8 months &#8211; 5 days<br><strong>Total Amount:<\/strong> 13.177 \u20ac<\/td><\/tr><\/tbody><\/table><\/figure>\n\n\n\n<figure class=\"wp-block-table\"><table><thead><tr><th>DESARROLLO ANALITICO DEL PROYECTO EN FASE II DE INVESTIGACION SOBRE FARMACO 47445 CONTRA EL ALZHEIMER (04 SEP 2015).<\/th><\/tr><\/thead><tbody><tr><td><strong>Geographical scope:<\/strong> Nacional<br><strong>Principal investigator names (IP, Co-IP,&#8230;):<\/strong> Juan Francisco Rodriguez Romero<br><strong>Participating entities:<\/strong> LABORATORIOS SERVIER, S.A.<br><strong>Financing entities:<\/strong> LABORATORIOS SERVIER, S.A.<br><strong>Entity Type:<\/strong> Organismo, Otros<br><strong>Start date:<\/strong> 01\/11\/2015<br><strong>Duration:<\/strong> 1 a\u00f1o<br><strong>Total Amount:<\/strong> 49.543 \u20ac<\/td><\/tr><\/tbody><\/table><\/figure>\n\n\n\n<figure class=\"wp-block-table\"><table><thead><tr><th>DESARROLLO ANALITICO PARA LA PREPARACION DE ANTIDEPRESIVOS Y PRODUCTOS DE ONCOLOGIA EN LABORATORIO Y PLANTA PILOTO (24 JUL 2015).<\/th><\/tr><\/thead><tbody><tr><td><strong>Geographical scope:<\/strong> Nacional<br><strong>Principal investigator names (IP, Co-IP,&#8230;):<\/strong> Juan Francisco Rodr\u00edguez Romero; Ignacio Gracia Fern\u00e1ndez; Mar\u00eda Teresa Garc\u00eda Gonz\u00e1lez; Mar\u00eda Jes\u00fas Ramos Marcos<br><strong>Participating entities:<\/strong> LABORATORIOS SERVIER, S.A.<br><strong>Financing entities:<\/strong> LABORATORIOS SERVIER, S.A.<br><strong>Entity Type:<\/strong> Organismo, Otros<br><strong>Start date:<\/strong> 24\/07\/2015<br><strong>Duration:<\/strong> 1 a\u00f1o &#8211; 1 d\u00eda<br><strong>Total Amount:<\/strong> 0 \u20ac<\/td><\/tr><\/tbody><\/table><\/figure>\n\n\n\n<figure class=\"wp-block-table\"><table><thead><tr><th>ANA\u0301LISIS DE BTX EN DOS MUESTRAS DE AGUA.<\/th><\/tr><\/thead><tbody><tr><td><strong>Geographical scope:<\/strong> Nacional<br><strong>Principal investigator names (IP, Co-IP,&#8230;):<\/strong> Juan Francisco Rodriguez Romero<br><strong>Participating entities:<\/strong> SLOGA INGENIEROS<br><strong>Financing entities:<\/strong> SLOGA INGENIEROS<br><strong>Entity Type:<\/strong> Organismo, Otros<br><strong>Start date:<\/strong> 02\/06\/2015<br><strong>Duration:<\/strong> 1 mes<br><strong>Total Amount:<\/strong> 0 \u20ac<\/td><\/tr><\/tbody><\/table><\/figure>\n\n\n\n<figure class=\"wp-block-table\"><table><thead><tr><th>Desarrollo de un modelo tecnol\u00f3gico para el aislamiento selectivo y eliminaci\u00f3n de bilirrubina plasm\u00e1tica no conjugada durante hemofiltracio\u0301n-ultrafiltracio\u0301n continua en enfermos con insuficiencia hep\u00e1tica.<\/th><\/tr><\/thead><tbody><tr><td><strong>Geographical scope:<\/strong> Uni\u00f3n Europea<br><strong>Principal investigator names (IP, Co-IP,&#8230;):<\/strong> Antonio Alberto Leon Martin; David Padilla Valverde; Ignacio Gracia Fernandez; Juan Francisco Rodriguez Romero<br><strong>Participating entities:<\/strong> ITQUIMA Y LA UNIDAD DE INVESTIGACI\u00d3N TRASLACIONAL DEL HOSPITAL GENERAL DE CIUDAD REAL<br><strong>Start date:<\/strong> 26\/05\/2015<br><strong>Duration:<\/strong> 1 a\u00f1o &#8211; 1 d\u00eda<br><strong>Total Amount:<\/strong> 0 \u20ac<\/td><\/tr><\/tbody><\/table><\/figure>\n\n\n\n<figure class=\"wp-block-table\"><table><thead><tr><th>Estudio traslacional de la alicina en tres escenarios cl\u00ednicos diferentes: sepsis, c\u00e1ncer colorectal y alteraciones dermatol\u00f3gicas.<\/th><\/tr><\/thead><tbody><tr><td><strong>Geographical scope:<\/strong> Nacional<br><strong>Principal investigator names (IP, Co-IP,&#8230;):<\/strong> Jose Manuel Perez Ortiz; David Padilla; Pedro Villarejo; Javier Redondo; Luis Antonio Gomez Fernandez; Ignacio Gracia Fernandez; Juan Francisco Rodriguez Romero<br><strong>Participating entities:<\/strong> HGGUCR E ITQUIMA<br><strong>Financing entities: \u00a0<\/strong>Unidad de investigaci\u00f3n traslacional del Hospital General Universitario de Ciudad Real<br><strong>Start date:<\/strong> 15\/10\/2014<br><strong>Entity Type:<\/strong> Organismo, Otros<br><strong>Duration:<\/strong> 1 a\u00f1o<br><strong>Total Amount:<\/strong> 0 \u20ac<\/td><\/tr><\/tbody><\/table><\/figure>\n\n\n\n<figure class=\"wp-block-table\"><table><thead><tr><th>DESARROLLO ANALITICO Y PREPARACION DEPRINCIPIOS ACTIVOS FARMACEUTICOS EN LABORATORIO Y PLANTA PILOTO (01 SEP 2013).<\/th><\/tr><\/thead><tbody><tr><td><strong>Geographical scope:<\/strong> Nacional<br><strong>Principal investigator names (IP, Co-IP,&#8230;):<\/strong> Juan Francisco Rodriguez Romero Participating entities: LABORATORIOS SERVIER, S.A.<br><strong>Financing entities:<\/strong> LABORATORIOS SERVIER, S.A.<br><strong>Entity Type:<\/strong> Organismo, Otros<br><strong>Start date:<\/strong> 15\/10\/2013<br><strong>Duration:<\/strong> 1 a\u00f1o<br><strong>Total Amount:<\/strong> 70.191 \u20ac<\/td><\/tr><\/tbody><\/table><\/figure>\n\n\n\n<figure class=\"wp-block-table\"><table><thead><tr><th>AISLAMIENTO Y PREPARACION DE ANTIOXIDANTES DE ORIGEN NATURAL EN LABORATORIO Y PLANTA PILOTO (01 SEP 2013)(OBSV).<\/th><\/tr><\/thead><tbody><tr><td><strong>Geographical scope: <\/strong>Nacional<br><strong>Principal investigator names (IP, Co-IP,&#8230;):<\/strong> Juan Francisco Rodriguez Romero<br><strong>Participating entities:<\/strong> LABORATORIOS SERVIER, S.A.<br><strong>Financing entities:<\/strong> LABORATORIOS SERVIER, S.A.<br><strong>Entity Type:<\/strong> Organismo, Otros<br><strong>Start date:<\/strong> 15\/10\/2013<br><strong>Duration:<\/strong> 2 a\u00f1os<br><strong>Total Amount:<\/strong> 73.576 \u20ac<\/td><\/tr><\/tbody><\/table><\/figure>\n\n\n\n<figure class=\"wp-block-table\"><table><thead><tr><th>MODELIZACION DEL PROCESO DE FABRICACION DE POLIOLES DE ALTA RESILENCIA (03 OCT 2013).<\/th><\/tr><\/thead><tbody><tr><td><strong>Geographical scope:<\/strong> Nacional<br><strong>Principal investigator names (IP, Co-IP,&#8230;):<\/strong> Juan Francisco Rodr\u00edguez Romero<br><strong>Participating entities:<\/strong> REPSOL YPF, S.A.<br><strong>Financing entities:<\/strong> REPSOL YPF, S.A.<br><strong>Entity Type:<\/strong> Organismo, Otros<br><strong>Start date:<\/strong> 03\/10\/2013<br><strong>Duration:<\/strong> 1 a\u00f1o<br><strong>Total Amount:<\/strong> 86.000 \u20ac<\/td><\/tr><\/tbody><\/table><\/figure>\n\n\n\n<figure class=\"wp-block-table\"><table><thead><tr><th>DESARROLLO ANALITICO DE PRECURSORES PARA FARMACOS ANTICANCERIGENOS (01 SEP 2013)(OBSV).<\/th><\/tr><\/thead><tbody><tr><td><strong>Geographical scope:<\/strong> Nacional<br><strong>Principal investigator names (IP, Co-IP,&#8230;):<\/strong> Juan Francisco Rodr\u00edguez Romero<br><strong>Participating entities:<\/strong> LABORATORIOS SERVIER, S.A.<br><strong>Financing entities:<\/strong> LABORATORIOS SERVIER, S.A.<br><strong>Entity Type: <\/strong>Organismo, Otros<br><strong>Start date:<\/strong> 01\/09\/2013<br><strong>Duration:<\/strong> 1 mes &#8211; 14 days<br><strong>Total Amount:<\/strong> 90.508 \u20ac<\/td><\/tr><\/tbody><\/table><\/figure>\n\n\n\n<figure class=\"wp-block-table\"><table><thead><tr><th>DESARROLLO ANALI\u0301TICO DEL COMPUESTOS 78454API (ANTICANCEROSO) FASE II (15 ENE 2013).<\/th><\/tr><\/thead><tbody><tr><td><strong>Geographical scope:<\/strong> Nacional<br><strong>Principal investigator names (IP, Co-IP,&#8230;):<\/strong> Juan Francisco Rodr\u00edguez Romero<br><strong>Participating entities:<\/strong> LABORATORIOS SERVIER, S.A.<br><strong>Financing entities:<\/strong> LABORATORIOS SERVIER, S.A.<br><strong>Entity Type:<\/strong> Organismo, Otros<br><strong>Start date:<\/strong> 01\/03\/2013<br><strong>Duration:<\/strong> 1 a\u00f1o<br><strong>Total Amount:<\/strong> 70.191 \u20ac<\/td><\/tr><\/tbody><\/table><\/figure>\n\n\n\n<figure class=\"wp-block-table\"><table><thead><tr><th>DETERMINACIO\u0301N DE LA DISTRIBUCIO\u0301N DE TAMAN\u0303OS DE PARTI\u0301CULA DE PREPARADOS FARMACEU\u0301TICOS (01 SEP 2012).<\/th><\/tr><\/thead><tbody><tr><td><strong>Geographical scope:<\/strong> Nacional<br><strong>Principal investigator names (IP, Co-IP,&#8230;):<\/strong> Juan Francisco Rodr\u00edguez Romero<br><strong>Participating entities: <\/strong>LABORATORIO REIG JOFRE, SA \u2013 RJ<br><strong>Financing entities:<\/strong> LABORATORIO REIG JOFRE, SA &#8211; RJ<br><strong>Entity Type:<\/strong> Organismo, Otros<br><strong>Start date:<\/strong> 01\/09\/2012<br><strong>Duration:<\/strong> 1 a\u00f1o<br><strong>Total Amount:<\/strong> 2.420 \u20ac<\/td><\/tr><\/tbody><\/table><\/figure>\n\n\n\n<figure class=\"wp-block-table\"><table><thead><tr><th>AISLAMIENTO DE HESPERIDINA DE LA CORTEZA DE CI\u0301TRICOS(15ABR 2012).<\/th><\/tr><\/thead><tbody><tr><td><strong>Geographical scope:<\/strong> Nacional<br><strong>Principal investigator names (IP, Co-IP,&#8230;):<\/strong> Juan Francisco Rodr\u00edguez Romero<br><strong>Participating entities:<\/strong> LABORATORIOS SERVIER, S.A.<br><strong>Financing entities:<\/strong> LABORATORIOS SERVIER, S.A.<br><strong>Entity Type:<\/strong> Organismo, Otros<br><strong>Start date:<\/strong> 01\/06\/2012<br><strong>Duration:<\/strong> 1 a\u00f1o<br><strong>Total Amount:<\/strong> 46.728 \u20ac<\/td><\/tr><\/tbody><\/table><\/figure>\n\n\n\n<figure class=\"wp-block-table\"><table><thead><tr><th>INVESTIGATION OF NEW RAW MATERIALS FOR ADHESIVE FOR MULATIONS (01 ABR 2012).<\/th><\/tr><\/thead><tbody><tr><td><strong>Geographical scope:<\/strong> Nacional<br><strong>Principal investigator names (IP, Co-IP,&#8230;):<\/strong> Juan Francisco Rodr\u00edguez Romero<br><strong>Participating entities:<\/strong> HENKEL IB\u00c9RICA<br><strong>Financing entities:<\/strong>\u00a0HENKEL IB\u00c9RICA<br><strong>Entity Type:<\/strong> Organismo, Otros<br><strong>Start date:<\/strong> 01\/04\/2012<br><strong>Duration:<\/strong> 1 a\u00f1o &#8211; 2 months<br><strong>Total Amount:<\/strong> 1.050 \u20ac<\/td><\/tr><\/tbody><\/table><\/figure>\n","protected":false},"excerpt":{"rendered":"<p>CONTRATO PARA EL DESARROLLO DEL PROYECTO DE INVESTIGACIO\u0301N DESARROLLO DE LA SI\u0301NTESIS QUI\u0301MICA Y DE LOS ME\u0301TODOS ANALI\u0301TICOS ASOCIADOS A PROYECTOS BD 18-19 EN CURSO DE INVESTIGACIO\u0301N. Geographical scope: NacionalPrincipal investigator names (IP, Co-IP,&#8230;): Juan Francisco Rodriguez RomeroParticipating entities: LABORATORIOS SERVIER, S.A.Financing entities: LABORATORIOS SERVIER, S.A.Entity Type: Organismo, OtrosStart date: 01\/04\/2018Duration: 12 months &#8211; 4 &hellip; <\/p>\n<p class=\"link-more\"><a href=\"https:\/\/blog.uclm.es\/juanrromero\/research\/industrial-oriented-projects\/\" class=\"more-link\">Continuar leyendo<span class=\"screen-reader-text\"> \u00abIndustrial Oriented Projects\u00bb<\/span><\/a><\/p>\n","protected":false},"author":311,"featured_media":0,"parent":129,"menu_order":4,"comment_status":"closed","ping_status":"closed","template":"","meta":{"footnotes":""},"class_list":["post-286","page","type-page","status-publish","hentry"],"_links":{"self":[{"href":"https:\/\/blog.uclm.es\/juanrromero\/wp-json\/wp\/v2\/pages\/286","targetHints":{"allow":["GET"]}}],"collection":[{"href":"https:\/\/blog.uclm.es\/juanrromero\/wp-json\/wp\/v2\/pages"}],"about":[{"href":"https:\/\/blog.uclm.es\/juanrromero\/wp-json\/wp\/v2\/types\/page"}],"author":[{"embeddable":true,"href":"https:\/\/blog.uclm.es\/juanrromero\/wp-json\/wp\/v2\/users\/311"}],"replies":[{"embeddable":true,"href":"https:\/\/blog.uclm.es\/juanrromero\/wp-json\/wp\/v2\/comments?post=286"}],"version-history":[{"count":2,"href":"https:\/\/blog.uclm.es\/juanrromero\/wp-json\/wp\/v2\/pages\/286\/revisions"}],"predecessor-version":[{"id":742,"href":"https:\/\/blog.uclm.es\/juanrromero\/wp-json\/wp\/v2\/pages\/286\/revisions\/742"}],"up":[{"embeddable":true,"href":"https:\/\/blog.uclm.es\/juanrromero\/wp-json\/wp\/v2\/pages\/129"}],"wp:attachment":[{"href":"https:\/\/blog.uclm.es\/juanrromero\/wp-json\/wp\/v2\/media?parent=286"}],"curies":[{"name":"wp","href":"https:\/\/api.w.org\/{rel}","templated":true}]}}