{"id":147,"date":"2017-09-14T17:04:53","date_gmt":"2017-09-14T16:04:53","guid":{"rendered":"http:\/\/blog.uclm.es\/juanrromero\/?page_id=147&#038;lang=en"},"modified":"2022-11-25T08:22:41","modified_gmt":"2022-11-25T08:22:41","slug":"phd-thesis-supervised","status":"publish","type":"page","link":"https:\/\/blog.uclm.es\/juanrromero\/research\/phd-thesis-supervised\/","title":{"rendered":"PhD Thesis Supervised"},"content":{"rendered":"\n<figure class=\"wp-block-table\"><table class=\"has-white-background-color has-background\"><thead><tr><th>S\u00edntesis e Industrializaci\u00f3n de Desencofrante Hidrof\u00f3bico Conteniendo SiO2-CH3 para Impermeabilizaci\u00f3n de Estructuras Civiles.<\/th><\/tr><\/thead><tbody><tr><td><strong>Thesis co-director:<\/strong> Manuel Carmona; Juan Francisco Rodriguez Romero<br><strong>Execution entity:<\/strong> Universidad de Castilla-La Mancha<br><strong>Student:<\/strong> Jaime Jos\u00e9 Cubillo Capuz<br><strong>Grade obtained:<\/strong>SOBRESALIENTE<br><strong>Defense date:<\/strong> 23\/10\/2019<\/td><\/tr><\/tbody><\/table><\/figure>\n\n\n\n<figure class=\"wp-block-table\"><table><thead><tr><th>Passive Energy Storage Materials for Building Applications.<\/th><\/tr><\/thead><tbody><tr><td><strong>Execution entity:<\/strong> Universidad de Castilla-La Mancha<br><strong>Student:<\/strong> \u00c1ngel Serrano Casero<br><strong>Grade obtained:<\/strong> SOBRESALIENTE CUM LAUDE<br><strong>Defense date:<\/strong> 05\/11\/2018<\/td><\/tr><\/tbody><\/table><\/figure>\n\n\n\n<figure class=\"wp-block-table\"><table><thead><tr><th>Development of microcapsules with thermal energy storage capability for concrete applications.<\/th><\/tr><\/thead><tbody><tr><td><strong>Execution entity:<\/strong> Universidad de Castilla-La Mancha<br><strong>Student:<\/strong> Anna Maria Szczotok-Piechaczek<br><strong>Grade obtained:<\/strong> SOBRESALIENTE CUM LAUDE<br><strong>Defense date:<\/strong> 11\/06\/2018<\/td><\/tr><\/tbody><\/table><\/figure>\n\n\n\n<figure class=\"wp-block-table\"><table><thead><tr><th>Synthesis of Microcapsules containing Extractant Agents for the Selective Removal of Heavy Metals From Wastewaters.<\/th><\/tr><\/thead><tbody><tr><td><strong>Project type:<\/strong> Tesis Doctoral<br><strong>Thesis co-director:<\/strong> Juan Francisco Rodriguez Romero; Manuel Salvador Carmona Franco<br><strong>Execution entity:<\/strong> Universidad de Castilla la Mancha<br><strong>Student:<\/strong> Angela Alc\u00e1zar Rom\u00e1n<br><strong>Grade obtained:<\/strong> Sobresaliente Cum laude<br><strong>Defense date:<\/strong> 17\/12\/2015<\/td><\/tr><\/tbody><\/table><\/figure>\n\n\n\n<figure class=\"wp-block-table\"><table><thead><tr><th>VALORIZATION OF POLYSTYRENE WASTES USING NATURAL TERPENES AND HIGH PRESSURE CO2.<\/th><\/tr><\/thead><tbody><tr><td><strong>Project type:<\/strong> Tesis Doctoral<br><strong>Thesis co-director:<\/strong> Juan Francisco Rodriguez Romero; Maria Teresa Garcia Gonzalez<br><strong>Execution entity:<\/strong> UNIVERSIDAD DE CASTILLA-LA MANCHA<br><strong>Student:<\/strong> Cristina Guti\u00e9rrez Mu\u00f1oz<br><strong>Grade obtained:<\/strong> SOBRESALIENTE CUM AUDE<br><strong>Defense date:<\/strong> 27\/06\/2014<\/td><\/tr><\/tbody><\/table><\/figure>\n\n\n\n<figure class=\"wp-block-table\"><table><thead><tr><th>\u00abSYNTHESIS OF IMPREGNATED BIODEGRADABLE SCAFFOLDS IN SUPERCRITICAL CARBON DIOXIDE.<\/th><\/tr><\/thead><tbody><tr><td><strong>Project type:<\/strong> Tesis Doctoral<br><strong>Thesis co-director:<\/strong> Ignacio Gracia Fernandez; Juan Francisco Rodriguez Romero<br><strong>Execution entity:<\/strong> UNIVERSIDAD DE CASTILLA-LA MANCHA<br><strong>Student:<\/strong> Leticia Isabel Cabezas Bermejo<br><strong>Grade obtained:<\/strong> SOBRESALIENTE CUM LAUDE<br><strong>Defense date:<\/strong> 08\/01\/2014<\/td><\/tr><\/tbody><\/table><\/figure>\n\n\n\n<figure class=\"wp-block-table\"><table><thead><tr><th>SINTESIS DE MICROCAPSULAS TERMORREGULADORAS Y SU APLICACI\u00d3N A MATERIALES DE CONSTRUCCI\u00d3N.<\/th><\/tr><\/thead><tbody><tr><td><strong>Project type:<\/strong> Tesis Doctoral<br><strong>Thesis co-director:<\/strong> Juan Francisco Rodriguez Romero; Manuel Salvador Carmona Franco<br><strong>Execution entity:<\/strong> UNIVERSIDAD DE CASTILLA-LA MANCHA<br><strong>Student:<\/strong> Ana Mar\u00eda Borreguero Sim\u00f3n<br><strong>Grade obtained:<\/strong> SOBRESALIENTE CUM LAUDE<br><strong>Defense date:<\/strong> 10\/05\/2011<\/td><\/tr><\/tbody><\/table><\/figure>\n\n\n\n<figure class=\"wp-block-table\"><table><thead><tr><th>SINTESIS DE MATERIALES POLIM\u00c9RICOS BIOCOMPATIBLES PARA LA LIBERACI\u00d3N CONTROLADA DE F\u00c1RMACO MEDIANTE TECNOLOG\u00cdA SUPERCR\u00cdTICA.<\/th><\/tr><\/thead><tbody><tr><td><strong>Project type:<\/strong> Tesis Doctoral<br><strong>Thesis co-director:<\/strong> Juan Francisco Rodriguez Romero; Ignacio Gracia Fernandez<br><strong>Execution<\/strong> <strong>entity:<\/strong> UNIVERSIDAD DE CASTILLA-LA MANCHA<br><strong>Student:<\/strong> Rosario Mazarro Berdonces<br><strong>Grade obtained:<\/strong> SOBRESALIENTE CUM LAUDE<br><strong>Defense date:<\/strong> 06\/07\/2009<\/td><\/tr><\/tbody><\/table><\/figure>\n\n\n\n<figure class=\"wp-block-table\"><table><thead><tr><th>MICROENCAPSULACI\u00d3N DE MATERIALES DE CAMBIO DE FASE PARA SU APLICACI\u00d3N TEXTIL.<\/th><\/tr><\/thead><tbody><tr><td><strong>Project type:<\/strong> Tesis Doctoral<br><strong>Thesis co-director:<\/strong> Paula Sanchez Paredes; Juan Francisco Rodriguez Romero<br><strong>Execution entity:<\/strong> UNIVERSIDAD DE CASTILLA-LA MANCHA<br><strong>Student:<\/strong> Mar\u00eda Luz S\u00e1nchez Silva<br><strong>Grade obtained:<\/strong> SOBRESALIENTE CUM LAUDE<br><strong>Defense date:<\/strong> 01\/04\/2009<\/td><\/tr><\/tbody><\/table><\/figure>\n\n\n\n<figure class=\"wp-block-table\"><table><thead><tr><th>RECUPERACI\u00d3N DE POLIOLES A PARTIR DE ESPUMAS FLEXIBLES DE POLIURETANO MEDIANTE GLICOLISIS.<\/th><\/tr><\/thead><tbody><tr><td><strong>Project type<\/strong>: Tesis Doctoral<br><strong>Thesis co-director:<\/strong> Juan Francisco Rodriguez Romero; Antonio de Lucas Martinez<br><strong>Execution entity:<\/strong> UNIVERSIDAD DE CASTILLA-LA MANCHA<br><strong>Student:<\/strong> Carolina Molero Cerezo<br><strong>Grade obtained:<\/strong> SOBRESALIENTE CUM LAUDE<br><strong>Defense date:<\/strong> 27\/06\/2007<\/td><\/tr><\/tbody><\/table><\/figure>\n\n\n\n<figure class=\"wp-block-table\"><table><thead><tr><th>An\u00e1lisis de la viabilidad de nuevos productos alternativos para su utilizaci\u00f3n como absorbentes en m\u00e1quinas enfriadoras de l\u00edquido por absorci\u00f3n.<\/th><\/tr><\/thead><tbody><tr><td><strong>Project type:<\/strong> Tesis Doctoral<br><strong>Thesis co-director:<\/strong> Antonio de Lucas Martinez; Juan Francisco Rodriguez Romero<br><strong>Execution entity:<\/strong> UNIVERSIDAD DE CASTILLA-LA MANCHA<br><strong>Student:<\/strong> Marina Donate Leon<br><strong>Grade obtained:<\/strong> sobresaliente cum laude<br><strong>Defense date:<\/strong> 01\/11\/2005<\/td><\/tr><\/tbody><\/table><\/figure>\n\n\n\n<figure class=\"wp-block-table\"><table><thead><tr><th>ESTUDIO DEL INTERCAMBIO I\u00d3NICO DE LA RESINA AMBERLITA IR-120 CON METALES DE TRANSICI\u00d3N. COMPARACI\u00d3N DE SU COMPORTAMIENTO CON LA RESINA LEWATIT TP-207.<\/th><\/tr><\/thead><tbody><tr><td><strong>Project type:<\/strong> Tesis Doctoral<br><strong>Thesis co-director:<\/strong> Juan Francisco Rodriguez Romero; Jose Luis Valverde Palomino<br><strong>Execution entity:<\/strong> UNIVERSIDAD DE CASTILLA-LA MANCHA<br><strong>Student:<\/strong> Marcela Gonz\u00e1lez Quiroa<br><strong>Grade obtained:<\/strong> SOBRESALIENTE CUM LAUDE<br><strong>Defense date:<\/strong> 18\/07\/2003<\/td><\/tr><\/tbody><\/table><\/figure>\n\n\n\n<figure class=\"wp-block-table\"><table><thead><tr><th>OBTENCI\u00d3N DE BIOMATERIALES A TRAV\u00c9S DE LA POLIMERIZACI\u00d3N HETEROG\u00c9NEA.<\/th><\/tr><\/thead><tbody><tr><td><strong>Project type:<\/strong> Tesis Doctoral<br><strong>Thesis co-director:<\/strong> Juan Francisco Rodriguez Romero<br><strong>Execution entity:<\/strong> UNIVERSIDAD DE LA HABANA<br><strong>Student:<\/strong> Carlos Cordovi Felipe<br><strong>Grade obtained:<\/strong> SOBRESALIENTE<\/td><\/tr><\/tbody><\/table><\/figure>\n","protected":false},"excerpt":{"rendered":"<p>S\u00edntesis e Industrializaci\u00f3n de Desencofrante Hidrof\u00f3bico Conteniendo SiO2-CH3 para Impermeabilizaci\u00f3n de Estructuras Civiles. Thesis co-director: Manuel Carmona; Juan Francisco Rodriguez RomeroExecution entity: Universidad de Castilla-La ManchaStudent: Jaime Jos\u00e9 Cubillo CapuzGrade obtained:SOBRESALIENTEDefense date: 23\/10\/2019 Passive Energy Storage Materials for Building Applications. Execution entity: Universidad de Castilla-La ManchaStudent: \u00c1ngel Serrano CaseroGrade obtained: SOBRESALIENTE CUM LAUDEDefense date: 05\/11\/2018 &hellip; <\/p>\n<p class=\"link-more\"><a href=\"https:\/\/blog.uclm.es\/juanrromero\/research\/phd-thesis-supervised\/\" class=\"more-link\">Continuar leyendo<span class=\"screen-reader-text\"> \u00abPhD Thesis Supervised\u00bb<\/span><\/a><\/p>\n","protected":false},"author":313,"featured_media":0,"parent":129,"menu_order":1,"comment_status":"closed","ping_status":"closed","template":"","meta":{"footnotes":""},"class_list":["post-147","page","type-page","status-publish","hentry"],"_links":{"self":[{"href":"https:\/\/blog.uclm.es\/juanrromero\/wp-json\/wp\/v2\/pages\/147","targetHints":{"allow":["GET"]}}],"collection":[{"href":"https:\/\/blog.uclm.es\/juanrromero\/wp-json\/wp\/v2\/pages"}],"about":[{"href":"https:\/\/blog.uclm.es\/juanrromero\/wp-json\/wp\/v2\/types\/page"}],"author":[{"embeddable":true,"href":"https:\/\/blog.uclm.es\/juanrromero\/wp-json\/wp\/v2\/users\/313"}],"replies":[{"embeddable":true,"href":"https:\/\/blog.uclm.es\/juanrromero\/wp-json\/wp\/v2\/comments?post=147"}],"version-history":[{"count":2,"href":"https:\/\/blog.uclm.es\/juanrromero\/wp-json\/wp\/v2\/pages\/147\/revisions"}],"predecessor-version":[{"id":734,"href":"https:\/\/blog.uclm.es\/juanrromero\/wp-json\/wp\/v2\/pages\/147\/revisions\/734"}],"up":[{"embeddable":true,"href":"https:\/\/blog.uclm.es\/juanrromero\/wp-json\/wp\/v2\/pages\/129"}],"wp:attachment":[{"href":"https:\/\/blog.uclm.es\/juanrromero\/wp-json\/wp\/v2\/media?parent=147"}],"curies":[{"name":"wp","href":"https:\/\/api.w.org\/{rel}","templated":true}]}}