{"id":141,"date":"2017-09-14T16:59:17","date_gmt":"2017-09-14T15:59:17","guid":{"rendered":"http:\/\/blog.uclm.es\/juanrromero\/?page_id=141&#038;lang=en"},"modified":"2022-11-25T08:30:10","modified_gmt":"2022-11-25T08:30:10","slug":"patents","status":"publish","type":"page","link":"https:\/\/blog.uclm.es\/juanrromero\/research\/patents\/","title":{"rendered":"Patents"},"content":{"rendered":"\n<figure class=\"wp-block-table\"><table><thead><tr><th>Poliol Fosfatado y procedimiento de obtenci\u00f3n.<\/th><\/tr><\/thead><tbody><tr><td><strong>Inventors\/authors\/breeders:\u00a0<\/strong>Juan Francisco Rodriguez Romero; M\u00aa Jesus Ramos Marcos; Joaquin\u00a0Calixto Garcia Martinez; Maria Martinez Velencoso; Antonio de Lucas Martinez<br><strong>Entity holder of rights:\u00a0<\/strong>UCLM<br><strong>Reference\/registration code:\u00a0<\/strong>201031985<br><strong>Registration country:\u00a0<\/strong>Espa\u00f1a<br><strong>Registration date:\u00a0<\/strong>2010<br><strong>Spanish patent:\u00a0<\/strong>Si<\/td><\/tr><\/tbody><\/table><\/figure>\n\n\n\n<figure class=\"wp-block-table\"><table><thead><tr><th>Process for microencapsulation of phase change materials by spray drying.<\/th><\/tr><\/thead><tbody><tr><td><strong>Inventors\/authors\/breeders:\u00a0<\/strong>Ana Maria Borreguero Simon; Manuel Salvador Carmona Franco; Juan\u00a0Francisco Rodriguez Romero; Jose Luis Valverde Palomino; Javier Gravalos Moreno; Jaime Cubillo Capuz;\u00a0Juan Mieres Royo; Ignacio Calvo Herrera<br><strong>Entity holder of rights:\u00a0<\/strong>Acciona Infraestructuras S.A.<br><strong>Reference\/registration code:\u00a0<\/strong>EP2119498 (A1)<br><strong>Registration country:\u00a0<\/strong>Espa\u00f1a<br><strong>Registration date:\u00a0<\/strong>2009<br><strong>EU patent:\u00a0<\/strong>Si<\/td><\/tr><\/tbody><\/table><\/figure>\n\n\n\n<figure class=\"wp-block-table\"><table><thead><tr><th>PROCEDIMIENTO PARA EL MICROENCAPSULADO DE MATERIALES DE CAMBIO DE FASE MEDIANTE SECADO POR PULVERIZACI\u00d3N.<\/th><\/tr><\/thead><tbody><tr><td><strong>Inventors\/authors\/breeders:\u00a0<\/strong>Ana Maria Borreguero Simon; Manuel Salvador Carmona Franco; Juan\u00a0Francisco Rodriguez Romero; Jose Luis Valverde Palomino<br><strong>Reference\/registration code:\u00a0<\/strong>P200801360<br><strong>Registration country:\u00a0<\/strong>Espa\u00f1a<br><strong>Registration date:\u00a0<\/strong>2008<br><strong>Spanish patent:\u00a0<\/strong>Si<\/td><\/tr><\/tbody><\/table><\/figure>\n\n\n\n<figure class=\"wp-block-table\"><table><thead><tr><th>Process for microencapsulation of phase change materials, microcapsules obtained and uses thereof.<\/th><\/tr><\/thead><tbody><tr><td><strong>Inventors\/authors\/breeders:\u00a0<\/strong>Juan Francisco Rodriguez Romero; Maria Luz Sanchez Silva; Paula\u00a0Sanchez Paredes; Antonio de Lucas Martinez; Martha Liliana Torres<br><strong>Entity holder of rights:\u00a0<\/strong>ASINTEC-UCLM<br><strong>Reference\/registration code:\u00a0<\/strong>06723646.3-2109 PCT\/EP200<br><strong>Registration country:\u00a0<\/strong>Espa\u00f1a<br><strong>Registration date:\u00a0<\/strong>2006<br><strong>EU patent:\u00a0<\/strong>Si<br><strong>Companies:\u00a0<\/strong>ASINTEC<\/td><\/tr><\/tbody><\/table><\/figure>\n\n\n\n<figure class=\"wp-block-table\"><table><thead><tr><th>A PROCESS FOR THE RECOVERY OF REUSABLE POLYOLS FROM POLYURETHANE FOAMS USING A NOVEL CATALYST.<\/th><\/tr><\/thead><tbody><tr><td><strong>Inventors\/authors\/breeders:\u00a0<\/strong>Antonio de Lucas Martinez; Juan Francisco Rodriguez Romero; Mariano\u00a0Malaga Mellado; Carolina Molero Cerezo<br><strong>Entity holder of rights:\u00a0<\/strong>REPSOL QUIMICA S.A.<br><strong>Reference\/registration code:\u00a0<\/strong>05380026.4<br><strong>Registration country:\u00a0<\/strong>Desconocido<br><strong>Registration date:\u00a0<\/strong>2005<br><strong>EU patent:\u00a0<\/strong>Si<br><strong>Companies:\u00a0<\/strong>REPSOL QUIMICA S.A.<\/td><\/tr><\/tbody><\/table><\/figure>\n\n\n\n<figure class=\"wp-block-table\"><table><thead><tr><th>PROCEDIMIENTO DISCONTINUO DE INTERCAMBIO I\u00d3NICO PARA LA PURIFICACI\u00d3N DE LOS POLIOLES POLI\u00c9TERES BRUTOS.<\/th><\/tr><\/thead><tbody><tr><td><strong>Inventors\/authors\/breeders:\u00a0<\/strong>Antonio de Lucas Martinez; Pablo Ca\u00f1izares Ca\u00f1izares; Juan Francisco\u00a0Rodriguez Romero; E Costa<br><strong>Entity holder of rights:\u00a0<\/strong>REPSOL QU\u00cdMICA S.A.\/DPTO. DE INGENIER\u00cdA QU\u00cdMICA DE LA UCLM<br><strong>Reference\/registration code:\u00a0<\/strong>P9401514<br><strong>Registration country:\u00a0<\/strong>Espa\u00f1a<br><strong>Registration date:\u00a0<\/strong>1994<br><strong>Spanish patent:\u00a0<\/strong>Si<\/td><\/tr><\/tbody><\/table><\/figure>\n","protected":false},"excerpt":{"rendered":"<p>Poliol Fosfatado y procedimiento de obtenci\u00f3n. Inventors\/authors\/breeders:\u00a0Juan Francisco Rodriguez Romero; M\u00aa Jesus Ramos Marcos; Joaquin\u00a0Calixto Garcia Martinez; Maria Martinez Velencoso; Antonio de Lucas MartinezEntity holder of rights:\u00a0UCLMReference\/registration code:\u00a0201031985Registration country:\u00a0Espa\u00f1aRegistration date:\u00a02010Spanish patent:\u00a0Si Process for microencapsulation of phase change materials by spray drying. Inventors\/authors\/breeders:\u00a0Ana Maria Borreguero Simon; Manuel Salvador Carmona Franco; Juan\u00a0Francisco Rodriguez Romero; Jose Luis Valverde &hellip; <\/p>\n<p class=\"link-more\"><a href=\"https:\/\/blog.uclm.es\/juanrromero\/research\/patents\/\" class=\"more-link\">Continuar leyendo<span class=\"screen-reader-text\"> \u00abPatents\u00bb<\/span><\/a><\/p>\n","protected":false},"author":313,"featured_media":0,"parent":129,"menu_order":2,"comment_status":"closed","ping_status":"closed","template":"","meta":{"footnotes":""},"class_list":["post-141","page","type-page","status-publish","hentry"],"_links":{"self":[{"href":"https:\/\/blog.uclm.es\/juanrromero\/wp-json\/wp\/v2\/pages\/141","targetHints":{"allow":["GET"]}}],"collection":[{"href":"https:\/\/blog.uclm.es\/juanrromero\/wp-json\/wp\/v2\/pages"}],"about":[{"href":"https:\/\/blog.uclm.es\/juanrromero\/wp-json\/wp\/v2\/types\/page"}],"author":[{"embeddable":true,"href":"https:\/\/blog.uclm.es\/juanrromero\/wp-json\/wp\/v2\/users\/313"}],"replies":[{"embeddable":true,"href":"https:\/\/blog.uclm.es\/juanrromero\/wp-json\/wp\/v2\/comments?post=141"}],"version-history":[{"count":1,"href":"https:\/\/blog.uclm.es\/juanrromero\/wp-json\/wp\/v2\/pages\/141\/revisions"}],"predecessor-version":[{"id":736,"href":"https:\/\/blog.uclm.es\/juanrromero\/wp-json\/wp\/v2\/pages\/141\/revisions\/736"}],"up":[{"embeddable":true,"href":"https:\/\/blog.uclm.es\/juanrromero\/wp-json\/wp\/v2\/pages\/129"}],"wp:attachment":[{"href":"https:\/\/blog.uclm.es\/juanrromero\/wp-json\/wp\/v2\/media?parent=141"}],"curies":[{"name":"wp","href":"https:\/\/api.w.org\/{rel}","templated":true}]}}