{"id":136,"date":"2017-09-14T16:52:54","date_gmt":"2017-09-14T15:52:54","guid":{"rendered":"http:\/\/blog.uclm.es\/juanrromero\/?page_id=136&#038;lang=en"},"modified":"2022-11-25T07:14:28","modified_gmt":"2022-11-25T07:14:28","slug":"lines-of-research","status":"publish","type":"page","link":"https:\/\/blog.uclm.es\/juanrromero\/home\/lines-of-research\/","title":{"rendered":"Research lines"},"content":{"rendered":"\n<p><strong>FUNCTIONALISED POLYETHER POLYOLS FOR SMART POLYURETHANES <\/strong><\/p>\n\n\n\n<p>From comfort to insulation plus the sealant, coating and adhesive applications, few families of products based in a common chemistry like the polyurethanes can find such a wide range of applications.<\/p>\n\n\n\n<p>Our research group is investigating in the incorporation of different functionalities that provides the polyol with intrinsic fire retardancy, antibacterial, self-reconformation or dye properties.<\/p>\n\n\n\n<p>For instance phosphorylated glycerol was used as initiator for the synthesis of polyether polyols. Also, functionalization based in Click Chemistry (1,3-dipolar cycloaddition of azides and alkynes) has been used to synthesize polyols with fluorescent properties or high thermal stability.<\/p>\n\n\n\n<p>Also, copolymers from ethylene oxide (EO) and propylene oxide (PO) functionalized with glycidyl propargyl ether (GPE) are being synthesized. The GPE allows further attachment of drugs based in Click Chemistry (1,3-dipolar cycloaddition of azides and alkynes).<\/p>\n\n\n<div class=\"wp-block-image\">\n<figure class=\"aligncenter\"><img decoding=\"async\" src=\"https:\/\/blog.uclm.es\/juanrromero\/wp-content\/uploads\/sites\/202\/2020\/09\/1.png\" alt=\"\" \/><\/figure>\n<\/div>\n\n<div class=\"wp-block-image\">\n<figure class=\"aligncenter\"><img decoding=\"async\" src=\"https:\/\/blog.uclm.es\/juanrromero\/wp-content\/uploads\/sites\/202\/2020\/09\/2.jpg\" alt=\"\" \/><\/figure>\n<\/div>\n\n\n<p><br><strong>Selected Publications:&nbsp;<\/strong><\/p>\n\n\n\n<ul class=\"wp-block-list\">\n<li>Borreguero, A.M., Velencoso, M.M., Rodr\u00edguez, J.F., Serrano, \u00c1., Carrero, M.J. &amp; Ramos, M.J. 2019, \u00abSynthesis of aminophosphonate polyols and polyurethane foams with improved fire retardant properties\u00bb, Journal of Applied Polymer Science, vol. 136, no. 29.<\/li>\n\n\n\n<li>Carrero, M.J., Borreguero, A.M., Rodr\u00edguez, J.F. &amp; Ramos, M.J. 2020, \u00abDifferent drug incorporation routes in ethylene oxide based copolymers\u00bb, Polymer International, vol. 69, no. 4, pp. 387-396.<\/li>\n\n\n\n<li>de Haro, J.C., Rodr\u00edguez, J.F., P\u00e9rez, \u00c1. &amp; Carmona, M. 2016, \u00abIncorporation of azide groups into bio-polyols\u00bb, Journal of Cleaner Production, vol. 138, pp. 77-82.<\/li>\n\n\n\n<li>M. Velencoso, M. J. Ramos, A. Serrano, A. de Lucas, J. F. Rodr\u00edguez. Fire retardant functionalized polyol by phosphonate monomer insertion. Polymer International. 2015. 54(12), 1706-1714.<\/li>\n\n\n\n<li>M. Borreguero, P. Sharma, C. Spiteri, M. M. Velencoso, M. S. Carmona, J. E. Moses, J. F. Rodr\u00edguez. A novel click-chemistry approach to flame retardant polyurethanes. Reactive and Functional Polymers. 2013. 73(9), 1207-1212.<\/li>\n<\/ul>\n\n\n\n<p><strong>Patents:&nbsp;<\/strong><\/p>\n\n\n\n<ul class=\"wp-block-list\">\n<li>M. Velencoso, M. J. Ramos, J. C. Garc\u00eda-Mart\u00ednez, A. de Lucas y J. F. Rodr\u00edguez. Phosphate polyol and method of obtaining. Application number: 201031958. Spain. 2010. University of Castilla-La Mancha.<\/li>\n<\/ul>\n\n\n\n<hr class=\"wp-block-separator has-alpha-channel-opacity\" \/>\n\n\n\n<p><strong>RECYCLING OF POLYURETHANE FOAMS BY GLYCOLYSIS&nbsp;&nbsp;<\/strong><\/p>\n\n\n\n<p>The main objective of this research line is the study and development of processes for the chemical recovery of the materials composing the polyurethane wastes.<\/p>\n\n\n\n<p>Our research efforts in the PU recycling has been mainly based on using glycols as deploying agents, in such a way that the hydroxyl groups of the glycol cause an exchange in the urethane bond, the polyol being released into the reaction medium, generating \u201csplit phase\u201d by using an excess of glycol. With very simple further treatments high quality recovered polyol can be obtained in the upper phase, being possible to take advantage of the rich isocyanate by-products accumulated in the bottom phase.<\/p>\n\n\n\n<p>The group is involved from 2019 in the H2020 EU-funded project PUReSmart, PolyUrethane Recycling towards a Smart Circular Economy that unlocks methods of transforming polyurethane into a more sustainable material. The PUReSmart project aims to go one step further the previous advancements. By introducing new building blocks into the chemical backbone of polyurethane, a novel material will be created: covalently adaptable polyurethanes, or CAPUs.<\/p>\n\n\n<div class=\"wp-block-image\">\n<figure class=\"aligncenter\"><img decoding=\"async\" src=\"https:\/\/blog.uclm.es\/juanrromero\/wp-content\/uploads\/sites\/202\/2020\/09\/3.jpg\" alt=\"\" \/><\/figure>\n<\/div>\n\n\n<p><\/p>\n\n\n\n<p><strong>Selected Publications:&nbsp;<\/strong><\/p>\n\n\n\n<ul class=\"wp-block-list\">\n<li>Sim\u00f3n, D., Borreguero, A.M., de Lucas, A. &amp; Rodr\u00edguez, J.F. 2018, \u00abRecycling of polyurethanes from laboratory to industry, a journey towards the sustainability\u00bb, Waste Management, vol. 76, pp. 147-171.<\/li>\n\n\n\n<li>Sim\u00f3n, D., de Lucas, A., Rodr\u00edguez, J.F. &amp; Borreguero, A.M. 2017, \u00abFlexible polyurethane foams synthesized employing recovered polyols from glycolysis: Physical and structural properties\u00bb, Journal of Applied Polymer Science, vol. 134, no. 32<\/li>\n\n\n\n<li>Sim\u00f3n, D., de Lucas, A., Rodr\u00edguez, J.F. &amp; Borreguero, A.M. 2016, \u00abGlycolysis of high resilience flexible polyurethane foams containing polyurethane dispersion polyol\u00bb, Polymer Degradation and Stability, vol. 133, pp. 119-130.<\/li>\n\n\n\n<li>Sim\u00f3n, D., Rodr\u00edguez, J.F., Carmona, M., Serrano, A. &amp; Borreguero, A.M. 2018, \u00abGlycolysis of advanced polyurethanes composites containing thermoregulating microcapsules\u00bb, Chemical Engineering Journal, vol. 350, pp. 300-311.<\/li>\n\n\n\n<li>Sim\u00f3n, M. T. Garc\u00eda, A. de Lucas, A. M. Borreguero, J. F. Rodr\u00edguez. Glycolysis of flexible polyurethane wastes using stannous octoate as the catalyst: Study on the influence of reaction parameters. Polymer Degradation and Stability. 2013. 98, 144-149.<\/li>\n<\/ul>\n\n\n\n<p><strong>Patents:&nbsp;<\/strong><\/p>\n\n\n\n<ul class=\"wp-block-list\">\n<li>Process for The Recovery of Reusable Polyols from Polyurethane Foams using a Novel Catalyst. de Lucas, C. Molero, J.F. Rodr\u00edguez y M. Malaga. EP 05380026, European Union. 2005. Propietary: REPSOL QUIMICA S.A.<\/li>\n<\/ul>\n\n\n\n<hr class=\"wp-block-separator has-alpha-channel-opacity\" \/>\n\n\n\n<p><strong>FROM PASSIVE HOUSE CONCEPT TO ACTIVE ENERGY STORAGE AT HOME BY USING MICRO\/NANOCAPSULES WITH THERMAL STORAGE CAPACITY <\/strong><\/p>\n\n\n\n<p>The use of renewable energy systems for energy saving applications is very important due to ecological considerations. In order to reduce environmental problems caused by high energy consumption, it is necessary to develop alternative energy saving systems. Phase-change materials (PCMs) can reversibly absorb and release energy corresponding with their latent heat and can therefore be utilized to reduce the energy demand. This way, their incorporation into buildings presents economic and environmental advantages and can contribute to the development of zero-energy houses.<\/p>\n\n\n\n<p>There are different alternatives for the PCMs incorporation, being their previous microencapsulation and further mixture with the building materials one best options. Among the microencapsulation techniques, suspension polymerization is one of the most commonly used, being a well-known and robust technique. On the other hand, the physical microencapsulation technique of spray-drying minimizes the waste generation and the loss of the raw material and allows to obtain a product with the desired particle size.<\/p>\n\n\n\n<p>Typical building envelope materials such as gypsum, concrete or rigid polyurethane foams have been additivated with both types of microcapsules. Suitable performance of these materials was obtained even with microcapsules contents around 50 wt%.<\/p>\n\n\n\n<p>Beyond the concept of the incorporation of TES materials into the building envelope materials would be the concept of active energy accumulation in slurries with improved heat storage capacity with respect to pure water. Slurries containing microencapsulated PCM (MPCS) can be implemented as Heat Transfer Fluid in solar thermal collectors and\/or hybrid photovoltaic-solarthermal (PV\/T). Our group has developed highly concentrated slurries with nanocapsules containing phase change (NPCSs) in just one step where the whole reactant mass constitutes the thermal fluid. The slurry owns a large particle concentration greater than 35%, large stability and low viscosity. A prototype of solar plant has been built at our Institute flat roof to demonstrate the thermal abilities of such<strong> slurries.<\/strong><\/p>\n\n\n<div class=\"wp-block-image\">\n<figure class=\"aligncenter\"><img decoding=\"async\" src=\"https:\/\/blog.uclm.es\/juanrromero\/wp-content\/uploads\/sites\/202\/2020\/09\/4.jpg\" alt=\"\" \/><\/figure>\n<\/div>\n\n\n<p><\/p>\n\n\n\n<p><strong>Selected Publications:&nbsp;<\/strong><\/p>\n\n\n\n<ul class=\"wp-block-list\">\n<li>Pilehvar, S., Sanfelix, S.G., Szczotok, A.M., Rodr\u00edguez, J.F., Valentini, L., Lanz\u00f3n, M., Pamies, R. &amp; Kj\u00f8niksen, A.-. 2020, \u00abEffect of temperature on geopolymer and Portland cement composites modified with Micro-encapsulated Phase Change materials\u00bb,&nbsp;<em>Construction and Building Materials,&nbsp;<\/em> 252.<\/li>\n\n\n\n<li>Cao, V.D., Pilehvar, S., Salas-Bringas, C., Szczotok, A.M., Bui, T.Q., Carmona, M., Rodriguez, J.F. &amp; Kj\u00f8niksen, A.-. 2019, \u00abThermal analysis of geopolymer concrete walls containing microencapsulated phase change materials for building applications\u00bb,&nbsp;<em>Solar Energy,&nbsp;<\/em> 178, pp. 295-307.<\/li>\n\n\n\n<li>Cao, V.D., Salas-Bringas, C., Sch\u00fcller, R.B., Szczotok, A.M., Hiorth, M., Carmona, M., Rodriguez, J.F. &amp; Kj\u00f8niksen, A.-. 2018, \u00abRheological and thermal properties of suspensions of microcapsules containing phase change materials\u00bb,&nbsp;<em>Colloid and Polymer Science,&nbsp;<\/em> 296, no. 5, pp. 981-988.<\/li>\n\n\n\n<li>Serrano, A.M. Borreguero, I. Garrido, J.F. Rodr\u00edguez, M. Carmona. Reducing heat loss through the building envelope by using polyurethane foams containing thermoregulating microcapsules. Applied Thermal Engineering. 2016. 103, 226-232.<\/li>\n<\/ul>\n\n\n\n<p><strong>Patents:&nbsp;<\/strong><\/p>\n\n\n\n<ul class=\"wp-block-list\">\n<li>Process for microencapsulation of phase change materials, microcapsules obtained and uses thereof\u201d. F. Rodr\u00edguez, M. L. S\u00e1nchez, P. S\u00e1nchez, A. de Lucas, M. L. Torres. Patente de la Uni\u00f3n Europea. Propietary: ASINTEC-UCLM, WO2007107171A1, EP1994063A1, CN101437854A, (2007).<\/li>\n\n\n\n<li>Procedimiento para el microencapsulado de materiales de cambio de fase mediante secado por pulverizaci\u00f3n. Carmona, A.M. Borreguero, J.L. Valverde, J.F. Rodr\u00edguez. Date of filing: 13-05-2008\/OEPM. Spanish Patent No. P200801360<\/li>\n\n\n\n<li>Procedure for microencapsulation of phase change materials by sparring-drying. Gr\u00e1valos, I. Calvo, J. Mieres, J. Cubillo, A.M. Borreguero, M. Carmona, J.F. Rodr\u00edguez, J.L. Valverde. Date of Filing: 26-02-2009. Priority: ES\/12.05.08\/ESA 200801360. European Patent No. 09153793.6-1213.<\/li>\n<\/ul>\n\n\n\n<hr class=\"wp-block-separator has-alpha-channel-opacity\" \/>\n\n\n\n<p><strong>GREEN SYNTHESIS AND FUNCTIONALIZATION OF BIOPOLYMERS USING SUPERCRITICAL CO<sub>2<\/sub><\/strong><\/p>\n\n\n\n<p>Biobased plastics and composites have gained significant interest during the last years. Compared to petroleum-based synthetic polymers, biobased polymers from renewable resources, such as plants and crops, can be naturally recycled by environmental processes. In this way the limited natural resources are preserved, and greenhouse gas emissions reduced. In addition, most of the biopolymer and biomedical devices are based on bioplastics. The quality and purity specifications of such biomedical purpose plastics are very exigent, so their production must be as clean as possible. For that reason, supercritical CO<sub>2<\/sub> (scCO<sub>2<\/sub>) is finding application in the production of pharmaceutical related products due to their ability to solve difficult process, as particulation, foaming and formulation problems.<\/p>\n\n\n\n<p>The use of scCO<sub>2<\/sub> as polymerization or functionalization media looks very attractive because ideally makes easier the separation of unreacted monomers, allows a clean and complete removal of co-solvents or reaction additives, improves the mass transfer into a high swelled polymer bulk and permits the tuning of the final physical properties of the polymer obtained.<\/p>\n\n\n\n<p>Nevertheless, not everything are advantages, the scCO<sub>2<\/sub> plays a key role into the polymerization process producing multiphase reaction processes of high complexity and also in the case of certain polymers as polylactic takes part in the polymerization process generating side reactions, mainly transesterifications and thermal non-radical random chain scission of difficult control.<\/p>\n\n\n\n<p>Using a polymer synthesized or not in scCO<sub>2<\/sub> a functionalization or impregnation with a drug has to be done to provide the biopolymer with therapeutic abilities. The impregnation of drugs as additional step in the preparation of a polymeric substrate for the controlled delivery of drugs participates also of the same advantages and difficulties than the polymer synthesis in scCO<sub>2<\/sub>. The plastization effect that scCO<sub>2<\/sub> exerts on the polymer favours greatly the homogeneous diffusion of the drug into the polymer matrix. The drug solubility in scCO<sub>2<\/sub> and the drug compatibility with the substrate are parameters that has be known to get a suitable impregnation of the drug into the polymer in scCO<sub>2<\/sub>.<\/p>\n\n\n\n<p>Among different techniques for polymer functionalization where toxic organic solvents are used, click chemistry emerged as one of the most promising reactions because it is classified as a very specific, efficient and versatile reaction which allow to obtain high products yields. When click functionalization is performed in scCO<sub>2<\/sub>, the use of harmful solvents is completely avoided, getting similar reaction rates and yields than in conventional organic solvent. But the complete elimination of the catalyst remained being an unsolved issue. The use of copper wire bits as simple catalyst in a click chemistry reaction using supercritical CO<sub>2<\/sub> allows to remove the whole amount of catalyst in the final product with a simple purification step using a green solvent as scCO<sub>2<\/sub> to synthetize the desired polymer-drugs adducts.<\/p>\n\n\n<div class=\"wp-block-image\">\n<figure class=\"aligncenter\"><img decoding=\"async\" src=\"https:\/\/blog.uclm.es\/juanrromero\/wp-content\/uploads\/sites\/202\/2020\/09\/5.jpg\" alt=\"\" \/><\/figure>\n<\/div>\n\n\n<p><\/p>\n\n\n\n<p><strong>Selected Publications:&nbsp;<\/strong><\/p>\n\n\n\n<ul class=\"wp-block-list\">\n<li>\u00c1lvarez, I., Guti\u00e9rrez, C., de Lucas, A., Rodr\u00edguez, J.F. &amp; Garc\u00eda, M.T. 2020, \u00abMeasurement, correlation and modelling of high-pressure phase equilibrium of PLGA solutions in CO2\u00bb, Journal of Supercritical Fluids, vol. 155.<\/li>\n\n\n\n<li>\u00c1lvarez, I., Guti\u00e9rrez, C., Rodr\u00edguez, J.F., de Lucas, A. &amp; Garc\u00eda, M.T. 2020, \u00abProduction of biodegradable PLGA foams processed with high pressure CO2\u00bb, Journal of Supercritical Fluids, vol. 164.<\/li>\n\n\n\n<li>Gracia, E., Garc\u00eda, M.T., Borreguero, A.M., De Lucas, A., Gracia, I. &amp; Rodr\u00edguez, J.F. 2017, \u00abFunctionalization and optimization of PLA with coumarin via click chemistry in supercritical CO2\u00bb, Journal of CO2 Utilization, vol. 20, pp. 20-26.<\/li>\n\n\n\n<li>Gracia, E., Garc\u00eda, M.T., De Lucas, A., Rodr\u00edguez, J.F. &amp; Gracia, I. 2020, \u00abCopper wire as a clean and efficient catalyst for click chemistry in supercritical CO2\u00bb, Catalysis Today, vol. 346, pp. 65-68.<\/li>\n\n\n\n<li>Gracia, E., Garc\u00eda, M.T., Rodr\u00edguez, J.F., de Lucas, A. &amp; Gracia, I. 2018, \u00abImprovement of PLGA loading and release of curcumin by supercritical technology\u00bb, Journal of Supercritical Fluids, vol. 141, pp. 60-67.<strong>&nbsp;<\/strong><\/li>\n<\/ul>\n\n\n\n<hr class=\"wp-block-separator has-alpha-channel-opacity\" \/>\n\n\n\n<p><strong>DEVELOPMENT OF MICROPARTICLES AND MICROCAPSULES FOR THE SELECTIVE REMOVAL AND SEPARATION OF ACTIVE COMPOUNDS FROM AQUEOUS, NON-AQUEOUS AND BIOLOGICAL FLUIDS&nbsp;&nbsp;<\/strong><\/p>\n\n\n\n<p>Solvent extraction and ion exchange are the most commonly used techniques for industrial separation and recovery of heavy metals. However, these have several advantages and drawbacks. The main objective of this research line is the development of processes based conceptually on traditional mass transfer process as ion exchange and adsorption but improved through the development of specially designed particles for each specific purpose.<\/p>\n\n\n\n<p>Our group has developed a new material concept consisting in microcapsules with the size of an ion exchange resin constituted by a functionalized permeable shell to the ions and containing as core a highly selective extraction agent for the metal of interest. The synthesis of microcapsules is carried out by suspension like polymerization. These \u201cextractioncules\u201d possess the properties of the best selective agent and the best chelating resin with any of the problems of solvent and agent losses and emulsion formation. Such extractioncules were specifically designed for the removal of mercury from surface, drainage and ground waters and the demonstration of their performance in the decontamination of natural waters from Almaden mining area.<\/p>\n\n\n\n<p>On the other hand, traditional ion exchange materials has been applied to the removal of natural compounds from fermentation or waste streams.<\/p>\n\n\n<div class=\"wp-block-image\">\n<figure class=\"aligncenter\"><img decoding=\"async\" src=\"https:\/\/blog.uclm.es\/juanrromero\/wp-content\/uploads\/sites\/202\/2020\/09\/6.png\" alt=\"\" \/><\/figure>\n<\/div>\n\n\n<p><\/p>\n\n\n\n<p><strong>Selected Publications:&nbsp;<\/strong><\/p>\n\n\n\n<ul class=\"wp-block-list\">\n<li>\u00c1. Alc\u00e1zar, A.M, Borreguero, A. de Lucas, F.J. Rodr\u00edguez, M. Carmona. Microencapsulation of TOMAC by suspensi\u00f3n polymerisation: Process optimisation. Chemical Engineering Research and Desing. 2017.117, 1-10.<\/li>\n\n\n\n<li>\u00c1. Alc\u00e1zar, C. Guti\u00e9rrez, A. de Lucas, M. Carmona, J.F. Rodr\u00edguez. Equilibrium treatment for highly selective sulfonated microcapsules containing Di(2-ethylhexyl)phosphoric Acid. Industrial and Engineering Chemistry Research. 2016. 55(4), 1033-1042.<\/li>\n\n\n\n<li>\u00c1. Alc\u00e1zar, I. Garrido, E.M. Garc\u00eda, A. de Lucas, M. Carmona, J.F. Rodr\u00edguez. New type of highly selective microcapsules for the removal of mercury from Surface polluted waters. Separation and Purification Technology. 2015. 154, 55-262.<\/li>\n\n\n\n<li>\u00c1. Alc\u00e1zar, M. Carmona, A.M. Borreguero, A. de Lucas, J.F. Rodr\u00edguez. Synthesis of microcapsules containing different extractant agents. Journal of Microencapsulation. 2015. 32(7), 642-649.<\/li>\n\n\n\n<li>S\u00e1nchez-Silva, \u00c1. Alc\u00e1zar, A. de Lucas, M. Carmona, J.F. Rodr\u00edguez. Functionalization of microcapsules for the removal of heavy metal ions. Journal of Chemical Technology &amp; Biotechnology 2011. 86(3), 437\u2212446.<\/li>\n<\/ul>\n\n\n\n<hr class=\"wp-block-separator has-alpha-channel-opacity\" \/>\n\n\n\n<p><strong>SEPARATION AND CONCENTRATION OF NUTRACEUTICALS, ACTIVE COMPOUNDS AND ESSENTIAL OILS FROM AGRO-FOOD SOURCES USING scCO<sub>2<\/sub><\/strong><\/p>\n\n\n\n<p>Supercritical fluid extraction is an environmentally friendly \u201cgreen\u201d processing technique that replaces the traditional organic solvent based extraction techniques with more benign solvents like carbon dioxide. The use of CO<sub>2<\/sub> as a solvent in pharmaceutical and food industry has advantages over other solvents because CO<sub>2<\/sub> is non-toxic, non-flammable, noncorrosive, inexpensive and readily available in large quantities. In addition, the supercritical fluids instead of conventional organic solvents have several advantages like higher purity extracts, no residual solvent, single step processing, reduced operating costs, selective fractionation, faster separation and physiologically compatible. Also, Supercritical fluid extraction (SFE) has gained increasing attention over the traditional techniques, like steam distillation since protects extracts from thermal degradation.<\/p>\n\n\n\n<p>This technology can be used to increase the competitiveness of the agro-food industries by extraction of high added value substances present in their products and wastes. Agricultural raw materials and their waste products from the wine sector, aromatic herbs and garlic industry (Vitis vinifera, Lavandula sp., Allium sativum) have been extracted and purified by several methods. From these extractions and purifications, compounds with pharmacological activity as antioxidants and anti-inflammatory have been produced in our laboratories.<\/p>\n\n\n<div class=\"wp-block-image\">\n<figure class=\"aligncenter\"><img decoding=\"async\" src=\"https:\/\/blog.uclm.es\/juanrromero\/wp-content\/uploads\/sites\/202\/2020\/09\/7.png\" alt=\"\" \/><\/figure>\n<\/div>\n\n\n<p><\/p>\n\n\n\n<p><strong>Selected Publications:<\/strong><\/p>\n\n\n\n<ul class=\"wp-block-list\">\n<li>Perez-Ortiz, J.M., Galan-Moya, E.M., de la Cruz-Morcillo, M.A., Rodriguez, J.F., Gracia, I., Garcia, M.T. &amp; Redondo-Calvo, F.J. 2020, \u00abCost effective use of a thiosulfinate-enriched allium sativum extract in combination with chemotherapy in colon cancer\u00bb, International Journal of Molecular Sciences, vol. 21, no. 8.<\/li>\n\n\n\n<li>Fern\u00e1ndez-Ronco, M.P., De Lucas, A., Rodr\u00edguez, J.F., Garc\u00eda, M.T., Garcia, I. 2013. New considerations in the economic evaluation of supercritical processes: Separation of bioactive compounds from multicomponent mixtures. Journal of Supercritical Fluids, 79:345-355.<\/li>\n<\/ul>\n\n\n\n<ul class=\"wp-block-list\">\n<li>Fern\u00e1ndez, C.M., Ramos, M.J., P\u00e9rez, \u00c1. &amp; Rodr\u00edguez, J.F. 2010, \u00abProduction of biodiesel from winery waste: Extraction, refining and transesterification of grape seed oil\u00bb,&nbsp;Bioresource technology,&nbsp;vol. 101, no. 18, pp. 7019-7024.<\/li>\n\n\n\n<li>Fern\u00e1ndez, C.M., Solana, M., Fiori, L., Rodr\u00edguez, J.F., Ramos, M.J. &amp; P\u00e9rez, \u00c1. 2015, \u00abFrom seeds to biodiesel: Extraction, esterification, transesterification and blending of Jatropha curcas oil\u00bb,&nbsp;Environmental Engineering and Management Journal,&nbsp;vol. 14, no. 12, pp. 2855-2864.<\/li>\n\n\n\n<li>Fern\u00e1ndez-Ronco, M.P., Gracia, I., Zetzl, C., De Lucas, A., Garc\u00eda, M.T. &amp; Rodr\u00edguez, J.F. 2011, \u00abEquilibrium data for the separation of oleoresin capsicum using supercritical CO2: A theoretical design of a countercurrent gas extraction column\u00bb,&nbsp;Journal of Supercritical Fluids,&nbsp;vol. 57, no. 1, pp. 1-8.<\/li>\n<\/ul>\n","protected":false},"excerpt":{"rendered":"<p>FUNCTIONALISED POLYETHER POLYOLS FOR SMART POLYURETHANES From comfort to insulation plus the sealant, coating and adhesive applications, few families of products based in a common chemistry like the polyurethanes can find such a wide range of applications. Our research group is investigating in the incorporation of different functionalities that provides the polyol with intrinsic fire &hellip; <\/p>\n<p class=\"link-more\"><a href=\"https:\/\/blog.uclm.es\/juanrromero\/home\/lines-of-research\/\" class=\"more-link\">Continuar leyendo<span class=\"screen-reader-text\"> \u00abResearch lines\u00bb<\/span><\/a><\/p>\n","protected":false},"author":313,"featured_media":0,"parent":116,"menu_order":0,"comment_status":"closed","ping_status":"closed","template":"","meta":{"footnotes":""},"class_list":["post-136","page","type-page","status-publish","hentry"],"_links":{"self":[{"href":"https:\/\/blog.uclm.es\/juanrromero\/wp-json\/wp\/v2\/pages\/136","targetHints":{"allow":["GET"]}}],"collection":[{"href":"https:\/\/blog.uclm.es\/juanrromero\/wp-json\/wp\/v2\/pages"}],"about":[{"href":"https:\/\/blog.uclm.es\/juanrromero\/wp-json\/wp\/v2\/types\/page"}],"author":[{"embeddable":true,"href":"https:\/\/blog.uclm.es\/juanrromero\/wp-json\/wp\/v2\/users\/313"}],"replies":[{"embeddable":true,"href":"https:\/\/blog.uclm.es\/juanrromero\/wp-json\/wp\/v2\/comments?post=136"}],"version-history":[{"count":4,"href":"https:\/\/blog.uclm.es\/juanrromero\/wp-json\/wp\/v2\/pages\/136\/revisions"}],"predecessor-version":[{"id":726,"href":"https:\/\/blog.uclm.es\/juanrromero\/wp-json\/wp\/v2\/pages\/136\/revisions\/726"}],"up":[{"embeddable":true,"href":"https:\/\/blog.uclm.es\/juanrromero\/wp-json\/wp\/v2\/pages\/116"}],"wp:attachment":[{"href":"https:\/\/blog.uclm.es\/juanrromero\/wp-json\/wp\/v2\/media?parent=136"}],"curies":[{"name":"wp","href":"https:\/\/api.w.org\/{rel}","templated":true}]}}