{"id":613,"date":"2015-02-19T17:54:17","date_gmt":"2015-02-19T16:54:17","guid":{"rendered":"http:\/\/blog.uclm.es\/juanramontrapero\/?page_id=613"},"modified":"2023-02-17T14:55:03","modified_gmt":"2023-02-17T13:55:03","slug":"projects","status":"publish","type":"page","link":"https:\/\/blog.uclm.es\/juanramontrapero\/projects\/","title":{"rendered":"Projects"},"content":{"rendered":"\n<h2 class=\"has-text-align-center wp-block-heading\">Public funding<\/h2>\n\n\n\n<div class=\"wp-block-columns is-layout-flex wp-container-core-columns-is-layout-28f84493 wp-block-columns-is-layout-flex\">\n<div class=\"wp-block-column is-layout-flow wp-block-column-is-layout-flow\" style=\"flex-basis:33.33%\">\n<figure class=\"wp-block-image size-full\"><img loading=\"lazy\" decoding=\"async\" width=\"275\" height=\"183\" src=\"https:\/\/blog.uclm.es\/juanramontrapero\/wp-content\/uploads\/sites\/220\/2020\/05\/euroflag.png\" alt=\"\" class=\"wp-image-1275\" \/><\/figure>\n<\/div>\n\n\n\n<div class=\"wp-block-column is-layout-flow wp-block-column-is-layout-flow\" style=\"flex-basis:66.66%\">\n<h5 class=\"wp-block-heading\">Supply Chain Demand Forecasting based on Unobserved Components Models<\/h5>\n\n\n\n<ul class=\"wp-block-list\">\n<li><strong>Participants: <\/strong>Marie Curie Intra-European Fellowships for Career Development (IEF)<strong>, \u00a0<\/strong>Lancaster University, European Commision.<\/li>\n<\/ul>\n<\/div>\n<\/div>\n\n\n\n<div class=\"wp-block-columns is-layout-flex wp-container-core-columns-is-layout-28f84493 wp-block-columns-is-layout-flex\">\n<div class=\"wp-block-column is-layout-flow wp-block-column-is-layout-flow\" style=\"flex-basis:33.33%\">\n<figure class=\"wp-block-image size-full\"><img loading=\"lazy\" decoding=\"async\" width=\"259\" height=\"194\" src=\"https:\/\/blog.uclm.es\/juanramontrapero\/wp-content\/uploads\/sites\/220\/2020\/05\/spain.png\" alt=\"\" class=\"wp-image-1276\" \/><\/figure>\n<\/div>\n\n\n\n<div class=\"wp-block-column is-layout-flow wp-block-column-is-layout-flow\" style=\"flex-basis:66.66%\">\n<h5 class=\"wp-block-heading\"><a href=\"http:\/\/blog.uclm.es\/intercol\/\">Mitigation of the bullwhip effect via novel supply Chain forecasting and stock control techniques based on big data obtained from organizations collaborative mechanisms<\/a><\/h5>\n\n\n\n<ul class=\"wp-block-list\">\n<li><strong>Participants<\/strong>: Universidad de Castilla-La Mancha, Universidad Polit\u00e9cnica de Valencia, Lancaster University, CINVESTAV.<\/li>\n\n\n\n<li>Project funded by the European Regional Development Fund and Spanish Government (MINECO\/FEDER, UE) under the reference DPI2015-64133-R,<\/li>\n<\/ul>\n\n\n\n<h5 class=\"wp-block-heading\">Integraci\u00f3n de la seguridad vial en n\u00facleos urbanos en base a par\u00e1metros diferenciales y de accesibilidad: \u00bfCu\u00e1l es el modelo de ciudad?<\/h5>\n\n\n\n<ul class=\"wp-block-list\">\n<li><strong>Participants<\/strong>: Direcci\u00f3n General de Tr\u00e1fico y Universidad de Sevilla.<\/li>\n<\/ul>\n\n\n\n<h5 class=\"wp-block-heading\">Programa de Monitorizaci\u00f3n y control de vibraciones en estructuras flexibles aeroespaciales<\/h5>\n\n\n\n<ul class=\"wp-block-list\">\n<li><strong>Participants:&nbsp;<\/strong>Ministerio de Ciencia y Tecnolog\u00eda,&nbsp;Universidad de Castilla-La Mancha<\/li>\n<\/ul>\n<\/div>\n<\/div>\n\n\n\n<div class=\"wp-block-columns is-layout-flex wp-container-core-columns-is-layout-28f84493 wp-block-columns-is-layout-flex\">\n<div class=\"wp-block-column is-layout-flow wp-block-column-is-layout-flow\" style=\"flex-basis:33.33%\">\n<figure class=\"wp-block-image size-full\"><img loading=\"lazy\" decoding=\"async\" width=\"275\" height=\"183\" src=\"https:\/\/blog.uclm.es\/juanramontrapero\/wp-content\/uploads\/sites\/220\/2020\/05\/calm.png\" alt=\"\" class=\"wp-image-1277\" \/><\/figure>\n<\/div>\n\n\n\n<div class=\"wp-block-column is-layout-flow wp-block-column-is-layout-flow\" style=\"flex-basis:66.66%\">\n<h5 class=\"wp-block-heading\">Desarrollo de nuevas herramientas de an\u00e1lisis de se\u00f1ales basadas en modelos de espacios con aplicaciones en ingenier\u00eda de organizaci\u00f3n<\/h5>\n\n\n\n<ul class=\"wp-block-list\">\n<li><strong>Participants:\u00a0<\/strong>CONSEJERIA DE EDUCACION Y CIENCIA,\u00a0Universidad de Castilla-La Mancha<\/li>\n<\/ul>\n<\/div>\n<\/div>\n\n\n\n<h2 class=\"has-text-align-center wp-block-heading\">Private funding<\/h2>\n\n\n\n<h5 class=\"wp-block-heading\">Colaboraci\u00f3n en el desarrollo de algoritmos en c\u00e1lculo paralelo y con GPU para la predicci\u00f3n y simulaci\u00f3n de sistemas. Aplicaciones en cadenas de suministro y visi\u00f3n por computador<\/h5>\n\n\n\n<ul class=\"wp-block-list\">\n<li><strong>Paticipants: <\/strong>Warden automation S.L, UCLM<\/li>\n<\/ul>\n\n\n\n<h5 class=\"wp-block-heading\">Minimizing the gap between judgmental and statistical forecasting in the presence of promotion<strong>s<\/strong><\/h5>\n\n\n\n<ul class=\"wp-block-list\">\n<li><strong>Paticipants: <\/strong>SAS and International Institute of Forecasters, UCLM, Lancaster University<\/li>\n<\/ul>\n\n\n\n<h5 class=\"wp-block-heading\">An Assesment of the Suitability of the Demand Solution Forecasting System for a Chemical Company<\/h5>\n\n\n\n<ul class=\"wp-block-list\">\n<li><strong>Participants:&nbsp;<\/strong>Private Company (confidential),&nbsp;Lancaster Centre for Forecasting<\/li>\n<\/ul>\n\n\n\n<h5 class=\"wp-block-heading\">Analysis of Real-Time Supply Chain Demand Forecasting Models for an important retailer in UK.<\/h5>\n\n\n\n<ul class=\"wp-block-list\">\n<li><strong>Participants:&nbsp;<\/strong>Private Company (confidential),&nbsp;Lancaster Centre for Forecasting<\/li>\n<\/ul>\n","protected":false},"excerpt":{"rendered":"<p>Public funding Supply Chain Demand Forecasting based on Unobserved Components Models Mitigation of the bullwhip effect via novel supply Chain forecasting and stock control techniques based on big data obtained from organizations collaborative mechanisms Integraci\u00f3n de la seguridad vial en n\u00facleos urbanos en base a par\u00e1metros diferenciales y de accesibilidad: \u00bfCu\u00e1l es el modelo de [&hellip;]<\/p>\n","protected":false},"author":345,"featured_media":1265,"parent":0,"menu_order":0,"comment_status":"open","ping_status":"open","template":"","meta":{"footnotes":""},"class_list":["post-613","page","type-page","status-publish","has-post-thumbnail","hentry"],"_links":{"self":[{"href":"https:\/\/blog.uclm.es\/juanramontrapero\/wp-json\/wp\/v2\/pages\/613","targetHints":{"allow":["GET"]}}],"collection":[{"href":"https:\/\/blog.uclm.es\/juanramontrapero\/wp-json\/wp\/v2\/pages"}],"about":[{"href":"https:\/\/blog.uclm.es\/juanramontrapero\/wp-json\/wp\/v2\/types\/page"}],"author":[{"embeddable":true,"href":"https:\/\/blog.uclm.es\/juanramontrapero\/wp-json\/wp\/v2\/users\/345"}],"replies":[{"embeddable":true,"href":"https:\/\/blog.uclm.es\/juanramontrapero\/wp-json\/wp\/v2\/comments?post=613"}],"version-history":[{"count":2,"href":"https:\/\/blog.uclm.es\/juanramontrapero\/wp-json\/wp\/v2\/pages\/613\/revisions"}],"predecessor-version":[{"id":1836,"href":"https:\/\/blog.uclm.es\/juanramontrapero\/wp-json\/wp\/v2\/pages\/613\/revisions\/1836"}],"wp:featuredmedia":[{"embeddable":true,"href":"https:\/\/blog.uclm.es\/juanramontrapero\/wp-json\/wp\/v2\/media\/1265"}],"wp:attachment":[{"href":"https:\/\/blog.uclm.es\/juanramontrapero\/wp-json\/wp\/v2\/media?parent=613"}],"curies":[{"name":"wp","href":"https:\/\/api.w.org\/{rel}","templated":true}]}}