{"id":607,"date":"2015-02-19T17:49:32","date_gmt":"2015-02-19T17:49:32","guid":{"rendered":"http:\/\/blog.uclm.es\/juanramontrapero\/?page_id=607"},"modified":"2023-02-24T10:35:42","modified_gmt":"2023-02-24T09:35:42","slug":"short-bio","status":"publish","type":"page","link":"https:\/\/blog.uclm.es\/juanramontrapero\/short-bio\/","title":{"rendered":"Biography"},"content":{"rendered":"\n<div class=\"wp-block-group alignwide is-layout-flow wp-block-group-is-layout-flow\">\n<p class=\"has-large-font-size\">Doctor Industrial Engineer, &nbsp;Escuela T\u00e9cnica Superior de Ingenieros Industriales (ETSII), Ciudad Real, Universidad de Castilla-La Mancha&nbsp; (UCLM), european doctorate ( February 2008). Currently, I am working as a Full Professor (Catedr\u00e1tico de Universidad) in business administration at <a title=\"P\u00e1gina web Facultad Qu\u00edmicas\" rel=\"noopener noreferrer\" href=\"http:\/\/www.uclm.es\/cr\/fquimicas\/\" target=\"_blank\">Facultad de Ciencias y Tecnolog\u00edas Qu\u00edmicas<\/a> in Ciudad Real and honorary research fellow at Lancaster University Management School. My research interests are focused on forecasting problems related to:<\/p>\n\n\n\n<div style=\"height:80px\" aria-hidden=\"true\" class=\"wp-block-spacer\"><\/div>\n\n\n\n<div class=\"wp-block-columns is-layout-flex wp-container-core-columns-is-layout-28f84493 wp-block-columns-is-layout-flex\">\n<div class=\"wp-block-column is-layout-flow wp-block-column-is-layout-flow\">\n<h4 class=\"wp-block-heading\">Supply Chain Management:<\/h4>\n\n\n\n<ul class=\"wp-block-list\" style=\"font-size:1.25rem\">\n<li>Supply Chain Demand Forecasting.<\/li>\n\n\n\n<li>Impact of collaborative mechanisms on the Bullwhip Effect.<\/li>\n\n\n\n<li>Assessment of&nbsp;<em>&nbsp;Judgmental forecasting<\/em>.<\/li>\n\n\n\n<li>Calculation of the safety stock.<\/li>\n\n\n\n<li>Supply chain simulation software.<\/li>\n\n\n\n<li>Marketing analytics.<\/li>\n<\/ul>\n\n\n\n<h2 class=\"wp-block-heading\">Academic Positions<\/h2>\n\n\n\n<hr class=\"wp-block-separator aligncenter has-text-color has-cyan-bluish-gray-color has-alpha-channel-opacity has-cyan-bluish-gray-background-color has-background is-style-wide\" \/>\n\n\n\n<div class=\"wp-block-columns is-layout-flex wp-container-core-columns-is-layout-28f84493 wp-block-columns-is-layout-flex\">\n<div class=\"wp-block-column is-layout-flow wp-block-column-is-layout-flow\" style=\"flex-basis:33.33%\">\n<p class=\"has-light-green-cyan-background-color has-background has-small-font-size\"><strong>Present<\/strong><\/p>\n\n\n\n<p class=\"has-vivid-green-cyan-background-color has-background\"><strong>2021<\/strong><\/p>\n<\/div>\n\n\n\n<div class=\"wp-block-column is-layout-flow wp-block-column-is-layout-flow\" style=\"flex-basis:66.66%\">\n<h5 class=\"wp-block-heading\">Catedr\u00e1tico de Universidad<\/h5>\n\n\n\n<p>Facultad de Ciencias y Tecnolog\u00edas Qu\u00edmicas (UCLM)<\/p>\n<\/div>\n<\/div>\n\n\n\n<div class=\"wp-block-columns is-layout-flex wp-container-core-columns-is-layout-28f84493 wp-block-columns-is-layout-flex\">\n<div class=\"wp-block-column is-layout-flow wp-block-column-is-layout-flow\" style=\"flex-basis:33.33%\">\n<p class=\"has-light-green-cyan-background-color has-background has-medium-font-size\"><strong>2021<\/strong><\/p>\n\n\n\n<p class=\"has-vivid-green-cyan-background-color has-background\"><strong>2018<\/strong><\/p>\n<\/div>\n\n\n\n<div class=\"wp-block-column is-layout-flow wp-block-column-is-layout-flow\" style=\"flex-basis:66.66%\">\n<h5 class=\"wp-block-heading\">Profesor Titular de Universidad<\/h5>\n\n\n\n<p>Facultad de Ciencias y Tecnolog\u00edas Qu\u00edmicas (UCLM)<\/p>\n<\/div>\n<\/div>\n\n\n\n<div class=\"wp-block-columns is-layout-flex wp-container-core-columns-is-layout-28f84493 wp-block-columns-is-layout-flex\">\n<div class=\"wp-block-column is-layout-flow wp-block-column-is-layout-flow\" style=\"flex-basis:33.33%\">\n<p class=\"has-light-green-cyan-background-color has-background has-medium-font-size\"><strong>2018<\/strong><\/p>\n\n\n\n<p class=\"has-vivid-green-cyan-background-color has-background\"><strong>2011<\/strong><\/p>\n<\/div>\n\n\n\n<div class=\"wp-block-column is-layout-flow wp-block-column-is-layout-flow\" style=\"flex-basis:66.66%\">\n<h5 class=\"wp-block-heading\">Profesor Contratado Doctor<\/h5>\n\n\n\n<p>Facultad de Ciencias y Tecnolog\u00edas Qu\u00edmicas (UCLM)<\/p>\n<\/div>\n<\/div>\n\n\n\n<div class=\"wp-block-columns is-layout-flex wp-container-core-columns-is-layout-28f84493 wp-block-columns-is-layout-flex\">\n<div class=\"wp-block-column is-layout-flow wp-block-column-is-layout-flow\" style=\"flex-basis:33.33%\">\n<p class=\"has-light-green-cyan-background-color has-background has-medium-font-size\"><strong>2011<\/strong><\/p>\n\n\n\n<p class=\"has-vivid-green-cyan-background-color has-background\"><strong>2010<\/strong><\/p>\n<\/div>\n\n\n\n<div class=\"wp-block-column is-layout-flow wp-block-column-is-layout-flow\" style=\"flex-basis:66.66%\">\n<h5 class=\"wp-block-heading\">Profesor Invitado<\/h5>\n\n\n\n<p>Facultad de Ciencias y Tecnolog\u00edas Qu\u00edmicas (UCLM)<\/p>\n<\/div>\n<\/div>\n\n\n\n<div class=\"wp-block-columns is-layout-flex wp-container-core-columns-is-layout-28f84493 wp-block-columns-is-layout-flex\">\n<div class=\"wp-block-column is-layout-flow wp-block-column-is-layout-flow\" style=\"flex-basis:33.33%\">\n<p class=\"has-light-green-cyan-background-color has-background has-medium-font-size\"><strong>2010<\/strong><\/p>\n\n\n\n<p class=\"has-vivid-green-cyan-background-color has-background\"><strong>2008<\/strong><\/p>\n<\/div>\n\n\n\n<div class=\"wp-block-column is-layout-flow wp-block-column-is-layout-flow\" style=\"flex-basis:66.66%\">\n<h5 class=\"wp-block-heading\">Postdoctoral Researcher (Marie Curie IEF)<\/h5>\n\n\n\n<p>Lancaster University Management School<\/p>\n<\/div>\n<\/div>\n<\/div>\n\n\n\n<div class=\"wp-block-column is-layout-flow wp-block-column-is-layout-flow\" style=\"flex-basis:60px\"><\/div>\n\n\n\n<div class=\"wp-block-column is-layout-flow wp-block-column-is-layout-flow\">\n<h4 class=\"wp-block-heading\">Energy forecasting:<\/h4>\n\n\n\n<ul class=\"wp-block-list\" style=\"font-size:1.2rem\">\n<li>Load electricity forecast at short and mid-term horizons.<\/li>\n\n\n\n<li>Price electricity forecast at short-term .<\/li>\n\n\n\n<li>Solar irradiation forecast.<\/li>\n\n\n\n<li>Battery sizing in renewable energy power plants.<\/li>\n<\/ul>\n\n\n\n<div style=\"height:21px\" aria-hidden=\"true\" class=\"wp-block-spacer\"><\/div>\n\n\n\n<h2 class=\"wp-block-heading\">Education<\/h2>\n\n\n\n<hr class=\"wp-block-separator has-text-color has-cyan-bluish-gray-color has-alpha-channel-opacity has-cyan-bluish-gray-background-color has-background is-style-wide\" \/>\n\n\n\n<div class=\"wp-block-group is-layout-constrained wp-block-group-is-layout-constrained\">\n<p class=\"has-light-green-cyan-background-color has-background has-large-font-size\" style=\"padding-top:var(--wp--preset--spacing--50);padding-right:var(--wp--preset--spacing--50);padding-bottom:var(--wp--preset--spacing--50);padding-left:var(--wp--preset--spacing--50)\"><strong>Ph. D.&nbsp;2008<\/strong><\/p>\n\n\n\n<p><strong>Ph. D. in Industrial Engineering (European Doctorate) <\/strong>ETSI Ingenieros Industriales de Ciudad Real (UCLM)<\/p>\n\n\n\n<hr class=\"wp-block-separator has-alpha-channel-opacity\" \/>\n<\/div>\n\n\n\n<div class=\"wp-block-group is-layout-constrained wp-block-group-is-layout-constrained\">\n<p class=\"has-light-green-cyan-background-color has-background has-large-font-size\" style=\"padding-top:var(--wp--preset--spacing--50);padding-right:var(--wp--preset--spacing--50);padding-bottom:var(--wp--preset--spacing--50);padding-left:var(--wp--preset--spacing--50)\"><strong>Ph. D.\u00a02007<\/strong><\/p>\n\n\n\n<p><strong>Visiting researcher<\/strong><br>Paris Descartes University<\/p>\n\n\n\n<hr class=\"wp-block-separator has-alpha-channel-opacity\" \/>\n<\/div>\n\n\n\n<div class=\"wp-block-group is-layout-constrained wp-block-group-is-layout-constrained\">\n<p class=\"has-light-green-cyan-background-color has-background has-large-font-size\" style=\"padding-top:var(--wp--preset--spacing--50);padding-right:var(--wp--preset--spacing--50);padding-bottom:var(--wp--preset--spacing--50);padding-left:var(--wp--preset--spacing--50)\"><strong>Msc. 2004<\/strong><\/p>\n\n\n\n<p><strong>Master in Business Administration and Engineering<\/strong><br>ETSI Ingenieros de Caminos, Canales y Puertos de Ciudad Real (UCLM)<\/p>\n\n\n\n<hr class=\"wp-block-separator has-alpha-channel-opacity\" \/>\n<\/div>\n\n\n\n<div class=\"wp-block-group is-layout-constrained wp-block-group-is-layout-constrained\">\n<p class=\"has-light-green-cyan-background-color has-background has-large-font-size\" style=\"padding-top:var(--wp--preset--spacing--50);padding-right:var(--wp--preset--spacing--50);padding-bottom:var(--wp--preset--spacing--50);padding-left:var(--wp--preset--spacing--50)\"><strong>Bsc.\u00a02003<\/strong><\/p>\n\n\n\n<p><strong>Industrial Engineer<\/strong><br>ETSI Ingenieros Industriales de Ciudad Real (UCLM)<\/p>\n<\/div>\n<\/div>\n<\/div>\n<\/div>\n\n\n\n<div style=\"height:207px\" aria-hidden=\"true\" class=\"wp-block-spacer\"><\/div>\n","protected":false},"excerpt":{"rendered":"<p>Doctor Industrial Engineer, &nbsp;Escuela T\u00e9cnica Superior de Ingenieros Industriales (ETSII), Ciudad Real, Universidad de Castilla-La Mancha&nbsp; (UCLM), european doctorate ( February 2008). Currently, I am working as a Full Professor (Catedr\u00e1tico de Universidad) in business administration at Facultad de Ciencias y Tecnolog\u00edas Qu\u00edmicas in Ciudad Real and honorary research fellow at Lancaster University Management School. [&hellip;]<\/p>\n","protected":false},"author":345,"featured_media":1236,"parent":0,"menu_order":0,"comment_status":"closed","ping_status":"closed","template":"","meta":{"footnotes":""},"class_list":["post-607","page","type-page","status-publish","has-post-thumbnail","hentry"],"_links":{"self":[{"href":"https:\/\/blog.uclm.es\/juanramontrapero\/wp-json\/wp\/v2\/pages\/607","targetHints":{"allow":["GET"]}}],"collection":[{"href":"https:\/\/blog.uclm.es\/juanramontrapero\/wp-json\/wp\/v2\/pages"}],"about":[{"href":"https:\/\/blog.uclm.es\/juanramontrapero\/wp-json\/wp\/v2\/types\/page"}],"author":[{"embeddable":true,"href":"https:\/\/blog.uclm.es\/juanramontrapero\/wp-json\/wp\/v2\/users\/345"}],"replies":[{"embeddable":true,"href":"https:\/\/blog.uclm.es\/juanramontrapero\/wp-json\/wp\/v2\/comments?post=607"}],"version-history":[{"count":8,"href":"https:\/\/blog.uclm.es\/juanramontrapero\/wp-json\/wp\/v2\/pages\/607\/revisions"}],"predecessor-version":[{"id":1868,"href":"https:\/\/blog.uclm.es\/juanramontrapero\/wp-json\/wp\/v2\/pages\/607\/revisions\/1868"}],"wp:featuredmedia":[{"embeddable":true,"href":"https:\/\/blog.uclm.es\/juanramontrapero\/wp-json\/wp\/v2\/media\/1236"}],"wp:attachment":[{"href":"https:\/\/blog.uclm.es\/juanramontrapero\/wp-json\/wp\/v2\/media?parent=607"}],"curies":[{"name":"wp","href":"https:\/\/api.w.org\/{rel}","templated":true}]}}