{"id":13,"date":"2022-07-20T10:26:46","date_gmt":"2022-07-20T09:26:46","guid":{"rendered":"https:\/\/blogdev.uclm.es\/fullsite\/?page_id=13"},"modified":"2022-12-19T11:11:52","modified_gmt":"2022-12-19T11:11:52","slug":"blog","status":"publish","type":"page","link":"https:\/\/blog.uclm.es\/juanramontrapero\/","title":{"rendered":"Blog"},"content":{"rendered":"\n<p><\/p>\n\n\n\n<div class=\"wp-block-columns alignwide is-layout-flex wp-container-core-columns-is-layout-28f84493 wp-block-columns-is-layout-flex\">\n<div class=\"wp-block-column is-layout-flow wp-block-column-is-layout-flow\" style=\"flex-basis:66.66%\"><ul class=\"wp-block-latest-posts__list has-dates has-author aligncenter wp-block-latest-posts has-medium-font-size\"><li><div class=\"wp-block-latest-posts__featured-image aligncenter\"><img loading=\"lazy\" decoding=\"async\" width=\"1024\" height=\"558\" src=\"https:\/\/blog.uclm.es\/juanramontrapero\/wp-content\/uploads\/sites\/220\/2021\/03\/Captura-de-pantalla-2021-03-06-a-las-19.15.41-1024x558.png\" class=\"attachment-large size-large wp-post-image\" alt=\"\" style=\"\" srcset=\"https:\/\/blog.uclm.es\/juanramontrapero\/wp-content\/uploads\/sites\/220\/2021\/03\/Captura-de-pantalla-2021-03-06-a-las-19.15.41-1024x558.png 1024w, https:\/\/blog.uclm.es\/juanramontrapero\/wp-content\/uploads\/sites\/220\/2021\/03\/Captura-de-pantalla-2021-03-06-a-las-19.15.41-300x163.png 300w, https:\/\/blog.uclm.es\/juanramontrapero\/wp-content\/uploads\/sites\/220\/2021\/03\/Captura-de-pantalla-2021-03-06-a-las-19.15.41-768x418.png 768w, https:\/\/blog.uclm.es\/juanramontrapero\/wp-content\/uploads\/sites\/220\/2021\/03\/Captura-de-pantalla-2021-03-06-a-las-19.15.41-1536x837.png 1536w, https:\/\/blog.uclm.es\/juanramontrapero\/wp-content\/uploads\/sites\/220\/2021\/03\/Captura-de-pantalla-2021-03-06-a-las-19.15.41-2048x1115.png 2048w\" sizes=\"auto, (max-width: 1024px) 100vw, 1024px\" \/><\/div><a class=\"wp-block-latest-posts__post-title\" href=\"https:\/\/blog.uclm.es\/juanramontrapero\/2021\/03\/06\/presentation-at-informs-2020\/\">Presentation at INFORMS 2020<\/a><div class=\"wp-block-latest-posts__post-author\">by JUAN RAMON TRAPERO ARENAS<\/div><time datetime=\"2021-03-06T18:46:47+01:00\" class=\"wp-block-latest-posts__post-date\">6 de March de 2021<\/time><div class=\"wp-block-latest-posts__post-full-content\"><!-- wp:paragraph -->\n<p>In this <a href=\"https:\/\/vimeo.com\/520372037\">link<\/a> you can find my last presentation at INFORMS 2020: <\/p>\n<!-- \/wp:paragraph -->\n\n<!-- wp:paragraph -->\n<p><strong>The Impact Of Undershoots On Determining The Fill-rate For A (s,S) System<\/strong><\/p>\n<!-- \/wp:paragraph -->\n\n<!-- wp:paragraph -->\n<p>The abstract of the presentation is the following:<\/p>\n<!-- \/wp:paragraph -->\n\n<!-- wp:paragraph -->\n<p>The correct sizing of the safety stock is a paramount problem that aims to achieve a compromise between customer service level and inventory investment. Typically, the safety stock can be calculated using the quantile of the future lead time demand distribution. That quantile is selected given a target Cycle Service Level. This approach suffers from different weaknesses. Firstly, on the demand side, how to forecast the lead time demand distribution. To solve that, a well-known alternative is to assume an i.i.d. gaussian distribution. However, recent data-driven\/empirical approaches have overcome that approach, as Kernel Density Estimators (if the demand distribution is unknown) and GARCH models (if the variability time independence assumption is not fulfilled). Nonetheless, even when a good density forecast of the lead time demand is available, still, a second problem from the inventory perspective is present and it is the presence of undershoots. Essentially, an undershoot occurs when the inventory position does not reach exactly the reorder point, but a certain amount below it. If undershoot are not neglected, then the safety stock based on the lead time demand quantile is biased.<\/p>\n<!-- \/wp:paragraph -->\n\n<!-- wp:paragraph -->\n<p>The correct sizing of the safety stock is a problem of paramount importance that aims to achieve a compromise between customer service level and inventory investment. Safety stock can be calculated using the quantile of the future lead time demand distribution. However, that approach ignores the presence of undershoots. In this work, we propose a non-parametric approach based on State Dependent Parameter estimates to correct that bias. \u00a0This data-driven approach is illustrated using a (S-1,S) order up to level inventory policy. Simulations and real data from a manufacturing company is employed to corroborate the results.<\/p>\n<!-- \/wp:paragraph --><\/div><\/li>\n<\/ul>\n\n\t<div id=\"respond\" class=\"comment-respond wp-block-post-comments-form\">\n\t\t<h3 id=\"reply-title\" class=\"comment-reply-title\">Leave a Reply <small><a rel=\"nofollow\" id=\"cancel-comment-reply-link\" href=\"\/juanramontrapero\/wp-json\/wp\/v2\/pages\/13#respond\" style=\"display:none;\">Cancel reply<\/a><\/small><\/h3><form action=\"https:\/\/blog.uclm.es\/juanramontrapero\/wp-comments-post.php\" method=\"post\" id=\"commentform\" class=\"comment-form\"><p class=\"comment-notes\"><span id=\"email-notes\">Your email address will not be published.<\/span> <span class=\"required-field-message\">Required fields are marked <span class=\"required\">*<\/span><\/span><\/p><p class=\"comment-form-comment\"><label for=\"comment\">Comment <span class=\"required\">*<\/span><\/label> <textarea id=\"comment\" name=\"comment\" cols=\"45\" rows=\"8\" maxlength=\"65525\" required><\/textarea><\/p><input name=\"wpml_language_code\" type=\"hidden\" value=\"en\" \/><p class=\"comment-form-author\"><label for=\"author\">Name <span class=\"required\">*<\/span><\/label> <input id=\"author\" name=\"author\" type=\"text\" value=\"\" size=\"30\" maxlength=\"245\" autocomplete=\"name\" required \/><\/p>\n<p class=\"comment-form-email\"><label for=\"email\">Email <span class=\"required\">*<\/span><\/label> <input id=\"email\" name=\"email\" type=\"email\" value=\"\" size=\"30\" maxlength=\"100\" aria-describedby=\"email-notes\" autocomplete=\"email\" required \/><\/p>\n<p class=\"comment-form-url\"><label for=\"url\">Website<\/label> <input id=\"url\" name=\"url\" type=\"url\" value=\"\" size=\"30\" maxlength=\"200\" autocomplete=\"url\" \/><\/p>\n<p class=\"comment-form-cookies-consent\"><input id=\"wp-comment-cookies-consent\" name=\"wp-comment-cookies-consent\" type=\"checkbox\" value=\"yes\" \/> <label for=\"wp-comment-cookies-consent\">Save my name, email, and website in this browser for the next time I comment.<\/label><\/p>\n<p class=\"form-submit wp-block-button\"><input name=\"submit\" type=\"submit\" id=\"submit\" class=\"wp-block-button__link wp-element-button\" value=\"Post Comment\" \/> <input type='hidden' name='comment_post_ID' value='13' id='comment_post_ID' \/>\n<input type='hidden' name='comment_parent' id='comment_parent' value='0' \/>\n<\/p><\/form>\t<\/div><!-- #respond -->\n\t<\/div>\n\n\n\n<div class=\"wp-block-column has-medium-font-size is-layout-flow wp-block-column-is-layout-flow\" style=\"flex-basis:33.33%\"><ul class=\"wp-block-latest-posts__list has-dates aligncenter wp-block-latest-posts\"><li><div class=\"wp-block-latest-posts__featured-image aligncenter\"><img loading=\"lazy\" decoding=\"async\" width=\"150\" height=\"150\" src=\"https:\/\/blog.uclm.es\/juanramontrapero\/wp-content\/uploads\/sites\/220\/2021\/03\/Captura-de-pantalla-2021-03-06-a-las-19.15.41-150x150.png\" class=\"attachment-thumbnail size-thumbnail wp-post-image\" alt=\"\" style=\"\" \/><\/div><a class=\"wp-block-latest-posts__post-title\" href=\"https:\/\/blog.uclm.es\/juanramontrapero\/2021\/03\/06\/presentation-at-informs-2020\/\">Presentation at INFORMS 2020<\/a><time datetime=\"2021-03-06T18:46:47+01:00\" class=\"wp-block-latest-posts__post-date\">6 de March de 2021<\/time><\/li>\n<li><div class=\"wp-block-latest-posts__featured-image aligncenter\"><img loading=\"lazy\" decoding=\"async\" width=\"150\" height=\"150\" src=\"https:\/\/blog.uclm.es\/juanramontrapero\/wp-content\/uploads\/sites\/220\/2020\/08\/hospital-scaled-1-150x150.jpg\" class=\"attachment-thumbnail size-thumbnail wp-post-image\" alt=\"\" style=\"\" \/><\/div><a class=\"wp-block-latest-posts__post-title\" href=\"https:\/\/blog.uclm.es\/juanramontrapero\/2020\/08\/14\/sistemas-de-prediccion-locales-asociados-a-hospitales\/\">Sistemas de predicci\u00f3n locales asociados a hospitales<\/a><time datetime=\"2020-08-14T22:59:27+01:00\" class=\"wp-block-latest-posts__post-date\">14 de August de 2020<\/time><\/li>\n<li><div class=\"wp-block-latest-posts__featured-image aligncenter\"><img loading=\"lazy\" decoding=\"async\" width=\"150\" height=\"150\" src=\"https:\/\/blog.uclm.es\/juanramontrapero\/wp-content\/uploads\/sites\/220\/2020\/08\/SCM_forecast_horizontal_light-150x150.png\" class=\"attachment-thumbnail size-thumbnail wp-post-image\" alt=\"\" style=\"\" \/><\/div><a class=\"wp-block-latest-posts__post-title\" href=\"https:\/\/blog.uclm.es\/juanramontrapero\/2020\/08\/13\/supply-chain-forecasting-special-issue\/\">Supply chain forecasting special issue<\/a><time datetime=\"2020-08-13T09:27:09+01:00\" class=\"wp-block-latest-posts__post-date\">13 de August de 2020<\/time><\/li>\n<li><a class=\"wp-block-latest-posts__post-title\" href=\"https:\/\/blog.uclm.es\/juanramontrapero\/2020\/06\/07\/forecasting-in-techno-economic-analysis\/\">Forecasting in techno-economic analysis.<\/a><time datetime=\"2020-06-07T23:17:47+01:00\" class=\"wp-block-latest-posts__post-date\">7 de June de 2020<\/time><\/li>\n<li><a class=\"wp-block-latest-posts__post-title\" href=\"https:\/\/blog.uclm.es\/juanramontrapero\/2020\/01\/26\/previsiones-macroeconomicas\/\">Previsiones macroecon\u00f3micas<\/a><time datetime=\"2020-01-26T18:48:41+01:00\" class=\"wp-block-latest-posts__post-date\">26 de January de 2020<\/time><\/li>\n<li><a class=\"wp-block-latest-posts__post-title\" href=\"https:\/\/blog.uclm.es\/juanramontrapero\/2020\/01\/08\/new-publication-optimising-forecasting-models-for-inventory-planning\/\">New publication: &#8220;Optimising forecasting models for inventory planning&#8221;<\/a><time datetime=\"2020-01-08T12:56:47+01:00\" class=\"wp-block-latest-posts__post-date\">8 de January de 2020<\/time><\/li>\n<li><a class=\"wp-block-latest-posts__post-title\" href=\"https:\/\/blog.uclm.es\/juanramontrapero\/2019\/10\/04\/presentation-at-isf-2019-greece\/\">Presentation at ISF 2019 (Greece)<\/a><time datetime=\"2019-10-04T11:19:00+01:00\" class=\"wp-block-latest-posts__post-date\">4 de October de 2019<\/time><\/li>\n<li><a class=\"wp-block-latest-posts__post-title\" href=\"https:\/\/blog.uclm.es\/juanramontrapero\/2017\/01\/26\/workshop-forecasting-and-inventory-control\/\">Workshop: Forecasting and inventory control.<\/a><time datetime=\"2017-01-26T10:24:40+01:00\" class=\"wp-block-latest-posts__post-date\">26 de January de 2017<\/time><\/li>\n<li><a class=\"wp-block-latest-posts__post-title\" href=\"https:\/\/blog.uclm.es\/juanramontrapero\/2016\/10\/21\/a-data-driven-approach-to-compute-safety-stocks\/\">A data-driven approach to compute safety stocks.<\/a><time datetime=\"2016-10-21T12:06:07+01:00\" class=\"wp-block-latest-posts__post-date\">21 de October de 2016<\/time><\/li>\n<li><a class=\"wp-block-latest-posts__post-title\" href=\"https:\/\/blog.uclm.es\/juanramontrapero\/2016\/10\/21\/real-time-bullwhip-metric\/\">Real-time bullwhip metric<\/a><time datetime=\"2016-10-21T11:48:07+01:00\" class=\"wp-block-latest-posts__post-date\">21 de October de 2016<\/time><\/li>\n<li><a class=\"wp-block-latest-posts__post-title\" href=\"https:\/\/blog.uclm.es\/juanramontrapero\/2016\/06\/24\/optimal-combination-of-volatility-forecasts-to-enhance-solar-irradiation-prediction-intervals-estimation-2\/\">Optimal combination of volatility forecasts to enhance solar irradiation prediction intervals estimation<\/a><time datetime=\"2016-06-24T10:16:50+01:00\" class=\"wp-block-latest-posts__post-date\">24 de June de 2016<\/time><\/li>\n<li><a class=\"wp-block-latest-posts__post-title\" href=\"https:\/\/blog.uclm.es\/juanramontrapero\/2016\/06\/22\/optimal-combination-of-volatility-forecasts-to-enhance-solar-irradiation-prediction-intervals-estimation\/\">Optimal combination of volatility forecasts to enhance solar irradiation prediction intervals estimation<\/a><time datetime=\"2016-06-22T22:48:08+01:00\" class=\"wp-block-latest-posts__post-date\">22 de June de 2016<\/time><\/li>\n<li><a class=\"wp-block-latest-posts__post-title\" href=\"https:\/\/blog.uclm.es\/juanramontrapero\/2016\/04\/28\/36th-international-symposium-on-forecasting-santander\/\">36th. International Symposium on Forecasting: Santander!<\/a><time datetime=\"2016-04-28T19:35:21+01:00\" class=\"wp-block-latest-posts__post-date\">28 de April de 2016<\/time><\/li>\n<li><a class=\"wp-block-latest-posts__post-title\" href=\"https:\/\/blog.uclm.es\/juanramontrapero\/2015\/11\/26\/seminario-de-direccion-de-operaciones-en-la-industria-quimica\/\">II Seminario de direcci\u00f3n de operaciones en la industria qu\u00edmica<\/a><time datetime=\"2015-11-26T17:40:44+01:00\" class=\"wp-block-latest-posts__post-date\">26 de November de 2015<\/time><\/li>\n<li><a class=\"wp-block-latest-posts__post-title\" href=\"https:\/\/blog.uclm.es\/juanramontrapero\/2015\/03\/02\/how-to-compute-the-safety-stock-shall-i-use-the-demand-distribution-or-the-forecast-demand-error-distribution\/\">How to compute the safety stock, Shall I use the demand distribution or the forecast demand error distribution??<\/a><time datetime=\"2015-03-02T10:23:52+01:00\" class=\"wp-block-latest-posts__post-date\">2 de March de 2015<\/time><\/li>\n<li><a class=\"wp-block-latest-posts__post-title\" href=\"https:\/\/blog.uclm.es\/juanramontrapero\/2015\/02\/19\/call-for-papers-special-session-in-energy-forecasting-euro-2015-2\/\">Call for papers: Special session in Energy Forecasting EURO 2015<\/a><time datetime=\"2015-02-19T12:53:02+01:00\" class=\"wp-block-latest-posts__post-date\">19 de February de 2015<\/time><\/li>\n<li><a class=\"wp-block-latest-posts__post-title\" href=\"https:\/\/blog.uclm.es\/juanramontrapero\/2015\/02\/03\/call-for-papers-special-session-in-energy-forecasting-euro-2015\/\">Call for papers: Special session in Energy Forecasting EURO 2015<\/a><time datetime=\"2015-02-03T12:57:08+01:00\" class=\"wp-block-latest-posts__post-date\">3 de February de 2015<\/time><\/li>\n<li><a class=\"wp-block-latest-posts__post-title\" href=\"https:\/\/blog.uclm.es\/juanramontrapero\/2015\/01\/04\/short-term-solar-irradiation-forecasting-based-on-dynamic-harmonic-regression-2\/\">Short-term Solar Irradiation forecasting based on Dynamic Harmonic Regression<\/a><time datetime=\"2015-01-04T13:47:36+01:00\" class=\"wp-block-latest-posts__post-date\">4 de January de 2015<\/time><\/li>\n<li><div class=\"wp-block-latest-posts__featured-image aligncenter\"><img loading=\"lazy\" decoding=\"async\" width=\"150\" height=\"150\" src=\"https:\/\/blog.uclm.es\/juanramontrapero\/wp-content\/uploads\/sites\/220\/2015\/01\/bulwhipexample-150x150.jpg\" class=\"attachment-thumbnail size-thumbnail wp-post-image\" alt=\"\" style=\"\" \/><\/div><a class=\"wp-block-latest-posts__post-title\" href=\"https:\/\/blog.uclm.es\/juanramontrapero\/2015\/01\/03\/una-nueva-metrica-para-cuantificar-el-efecto-latigo\/\">Una nueva m\u00e9trica para cuantificar el efecto l\u00e1tigo<\/a><time datetime=\"2015-01-03T17:49:01+01:00\" class=\"wp-block-latest-posts__post-date\">3 de January de 2015<\/time><\/li>\n<li><a class=\"wp-block-latest-posts__post-title\" href=\"https:\/\/blog.uclm.es\/juanramontrapero\/2015\/01\/03\/a-novel-time-varying-bullwhip-effect-metric-an-application-to-promotional-sales\/\">A novel time-varying bullwhip effect metric. An application to promotional sales<\/a><time datetime=\"2015-01-03T17:24:41+01:00\" class=\"wp-block-latest-posts__post-date\">3 de January de 2015<\/time><\/li>\n<li><div class=\"wp-block-latest-posts__featured-image aligncenter\"><img loading=\"lazy\" decoding=\"async\" width=\"150\" height=\"150\" src=\"https:\/\/blog.uclm.es\/juanramontrapero\/wp-content\/uploads\/sites\/220\/2015\/01\/sherlock-150x150.png\" class=\"attachment-thumbnail size-thumbnail wp-post-image\" alt=\"\" style=\"\" \/><\/div><a class=\"wp-block-latest-posts__post-title\" href=\"https:\/\/blog.uclm.es\/juanramontrapero\/2015\/01\/02\/el-efecto-latigo-el-marques-de-laplace-sherlock-holmes-y-otras-cavilaciones\/\">El efecto l\u00e1tigo, el marqu\u00e9s de Laplace, Sherlock Holmes y otras cavilaciones&#8230;<\/a><time datetime=\"2015-01-02T13:38:37+01:00\" class=\"wp-block-latest-posts__post-date\">2 de January de 2015<\/time><\/li>\n<li><a class=\"wp-block-latest-posts__post-title\" href=\"https:\/\/blog.uclm.es\/juanramontrapero\/2014\/12\/16\/short-term-solar-irradiation-forecasting-based-on-dynamic-harmonic-regression\/\">Short-term Solar Irradiation forecasting based on Dynamic Harmonic Regression<\/a><time datetime=\"2014-12-16T11:57:26+01:00\" class=\"wp-block-latest-posts__post-date\">16 de December de 2014<\/time><\/li>\n<li><a class=\"wp-block-latest-posts__post-title\" href=\"https:\/\/blog.uclm.es\/juanramontrapero\/2014\/06\/26\/forecasting-society-new-website\/\">Forecasting society new website (http:\/\/www.forsoc.net\/)<\/a><time datetime=\"2014-06-26T09:41:17+01:00\" class=\"wp-block-latest-posts__post-date\">26 de June de 2014<\/time><\/li>\n<li><a class=\"wp-block-latest-posts__post-title\" href=\"https:\/\/blog.uclm.es\/juanramontrapero\/2014\/03\/21\/exploratory-workshop-on-business-forecasting\/\">Exploratory workshop on business forecasting<\/a><time datetime=\"2014-03-21T10:58:22+01:00\" class=\"wp-block-latest-posts__post-date\">21 de March de 2014<\/time><\/li>\n<li><a class=\"wp-block-latest-posts__post-title\" href=\"https:\/\/blog.uclm.es\/juanramontrapero\/2014\/01\/27\/ya-esta-disponible-el-libro-direccion-y-gestion-empresarial\/\">Ya est\u00e1 disponible el libro: Direcci\u00f3n y Gesti\u00f3n Empresarial<\/a><time datetime=\"2014-01-27T11:33:16+01:00\" class=\"wp-block-latest-posts__post-date\">27 de January de 2014<\/time><\/li>\n<li><a class=\"wp-block-latest-posts__post-title\" href=\"https:\/\/blog.uclm.es\/juanramontrapero\/2013\/12\/17\/iii-seminario-de-investigacion\/\">III Seminario de investigaci\u00f3n.<\/a><time datetime=\"2013-12-17T11:42:26+01:00\" class=\"wp-block-latest-posts__post-date\">17 de December de 2013<\/time><\/li>\n<li><a class=\"wp-block-latest-posts__post-title\" href=\"https:\/\/blog.uclm.es\/juanramontrapero\/2013\/11\/23\/articulo-premiado-en-ismsem-2013\/\">Art\u00edculo premiado en ISMSEM 2013<\/a><time datetime=\"2013-11-23T14:28:56+01:00\" class=\"wp-block-latest-posts__post-date\">23 de November de 2013<\/time><\/li>\n<li><div class=\"wp-block-latest-posts__featured-image aligncenter\"><img loading=\"lazy\" decoding=\"async\" width=\"150\" height=\"150\" src=\"https:\/\/blog.uclm.es\/juanramontrapero\/wp-content\/uploads\/sites\/220\/2013\/09\/machote2-150x150.jpg\" class=\"attachment-thumbnail size-thumbnail wp-post-image\" alt=\"\" style=\"\" \/><\/div><a class=\"wp-block-latest-posts__post-title\" href=\"https:\/\/blog.uclm.es\/juanramontrapero\/2013\/10\/17\/presentacion-dr-juan-r-trapero-en-cio-2013\/\">Presentaci\u00f3n Dr. Juan R. Trapero en CIO 2013<\/a><time datetime=\"2013-10-17T12:27:51+01:00\" class=\"wp-block-latest-posts__post-date\">17 de October de 2013<\/time><\/li>\n<li><a class=\"wp-block-latest-posts__post-title\" href=\"https:\/\/blog.uclm.es\/juanramontrapero\/2013\/08\/17\/tecnicas-de-prediccion-de-demanda-de-energia-electrica\/\">T\u00e9cnicas de predicci\u00f3n de demanda de energ\u00eda el\u00e9ctrica<\/a><time datetime=\"2013-08-17T12:20:40+01:00\" class=\"wp-block-latest-posts__post-date\">17 de August de 2013<\/time><\/li>\n<li><a class=\"wp-block-latest-posts__post-title\" href=\"https:\/\/blog.uclm.es\/juanramontrapero\/2013\/02\/05\/call-for-papers-sesion-especial-energy-forecasting-en-el-euro-2013\/\">call for papers: sesi\u00f3n especial Energy Forecasting en el EURO 2013<\/a><time datetime=\"2013-02-05T12:28:12+01:00\" class=\"wp-block-latest-posts__post-date\">5 de February de 2013<\/time><\/li>\n<li><a class=\"wp-block-latest-posts__post-title\" href=\"https:\/\/blog.uclm.es\/juanramontrapero\/2013\/01\/11\/cursos-de-prediccion-para-los-negocios-business-forecasting\/\">Cursos de predicci\u00f3n para los negocios (business forecasting)<\/a><time datetime=\"2013-01-11T14:19:48+01:00\" class=\"wp-block-latest-posts__post-date\">11 de January de 2013<\/time><\/li>\n<li><div class=\"wp-block-latest-posts__featured-image aligncenter\"><img loading=\"lazy\" decoding=\"async\" width=\"150\" height=\"125\" src=\"https:\/\/blog.uclm.es\/juanramontrapero\/wp-content\/uploads\/sites\/220\/2015\/11\/businessman.jpg\" class=\"attachment-thumbnail size-thumbnail wp-post-image\" alt=\"\" style=\"\" \/><\/div><a class=\"wp-block-latest-posts__post-title\" href=\"https:\/\/blog.uclm.es\/juanramontrapero\/2012\/12\/27\/sistema-de-prediccion-de-ventas-sujetas-a-campanas-de-marketing\/\">Sistema De Predicci\u00f3n De Ventas Sujetas A Campa\u00f1as De Marketing<\/a><time datetime=\"2012-12-27T16:51:03+01:00\" class=\"wp-block-latest-posts__post-date\">27 de December de 2012<\/time><\/li>\n<li><a class=\"wp-block-latest-posts__post-title\" href=\"https:\/\/blog.uclm.es\/juanramontrapero\/2012\/12\/21\/hola-mundo-2\/\">Bienvenido a la p\u00e1gina web de Juan Ram\u00f3n Trapero<\/a><time datetime=\"2012-12-21T17:57:31+01:00\" class=\"wp-block-latest-posts__post-date\">21 de December de 2012<\/time><\/li>\n<\/ul><\/div>\n<\/div>\n","protected":false},"excerpt":{"rendered":"","protected":false},"author":7,"featured_media":99,"parent":0,"menu_order":0,"comment_status":"open","ping_status":"closed","template":"","meta":{"footnotes":""},"class_list":["post-13","page","type-page","status-publish","has-post-thumbnail","hentry"],"_links":{"self":[{"href":"https:\/\/blog.uclm.es\/juanramontrapero\/wp-json\/wp\/v2\/pages\/13","targetHints":{"allow":["GET"]}}],"collection":[{"href":"https:\/\/blog.uclm.es\/juanramontrapero\/wp-json\/wp\/v2\/pages"}],"about":[{"href":"https:\/\/blog.uclm.es\/juanramontrapero\/wp-json\/wp\/v2\/types\/page"}],"author":[{"embeddable":true,"href":"https:\/\/blog.uclm.es\/juanramontrapero\/wp-json\/wp\/v2\/users\/7"}],"replies":[{"embeddable":true,"href":"https:\/\/blog.uclm.es\/juanramontrapero\/wp-json\/wp\/v2\/comments?post=13"}],"version-history":[{"count":8,"href":"https:\/\/blog.uclm.es\/juanramontrapero\/wp-json\/wp\/v2\/pages\/13\/revisions"}],"predecessor-version":[{"id":1797,"href":"https:\/\/blog.uclm.es\/juanramontrapero\/wp-json\/wp\/v2\/pages\/13\/revisions\/1797"}],"wp:featuredmedia":[{"embeddable":true,"href":"https:\/\/blog.uclm.es\/juanramontrapero\/wp-json\/"}],"wp:attachment":[{"href":"https:\/\/blog.uclm.es\/juanramontrapero\/wp-json\/wp\/v2\/media?parent=13"}],"curies":[{"name":"wp","href":"https:\/\/api.w.org\/{rel}","templated":true}]}}